{"id":5033,"date":"2024-08-13T13:05:32","date_gmt":"2024-08-13T13:05:32","guid":{"rendered":"https:\/\/rental-car.company\/?page_id=5033"},"modified":"2024-08-13T13:05:32","modified_gmt":"2024-08-13T13:05:32","slug":"louer-une-voiture-pour-un-voyage","status":"publish","type":"page","link":"https:\/\/rental-car.company\/fr\/louer-une-voiture-pour-un-voyage\/","title":{"rendered":"Louer une voiture pour un voyage - Le guide ultime"},"content":{"rendered":"<div class=\"wpb-content-wrapper\"><h2>Les avantages de la location d'une voiture pour votre prochain voyage<\/h2>\n<p>Les voyages en voiture sont une fa\u00e7on populaire et passionnante de voyager, offrant la libert\u00e9 d'explorer \u00e0 son propre rythme et de cr\u00e9er des souvenirs inoubliables en cours de route. Cependant, l'organisation d'un voyage en voiture peut \u00e9galement s'av\u00e9rer d\u00e9courageante, en particulier lorsqu'il s'agit de choisir un moyen de transport. Si certains optent pour leur propre v\u00e9hicule, la location d'une voiture pour votre voyage pr\u00e9sente de nombreux avantages qui m\u00e9ritent d'\u00eatre pris en compte.<\/p>\n<div class=\"vc_row wpb_row vc_row-fluid\"><div class=\"wpb_column vc_column_container vc_col-sm-12\"><div class=\"vc_column-inner\"><div class=\"wpb_wrapper\">\n\t<div class=\"wpb_text_column wpb_content_element\" >\n\t\t<div class=\"wpb_wrapper\">\n\t\t\t<p><script id=\"dchwidget\" src=\"https:\/\/www.discovercars.com\/wg.js\" async=\"\" data-dev-env=\"com\" data-location=\"\" data-lang=\"en\" data-utm-source=\"malina\" data-utm-medium=\"widget\" data-aff-code=\"a_aid\" data-autocomplete=\"on\" data-style-submit-bg-color=\"00A200\" data-style-submit-font-color=\"white\" data-style-form-bg-color=\"FAD130\" data-style-form-font-color=\"333\" data-style-submit-text=\"Search now\"><\/script><\/p>\n\n\t\t<\/div>\n\t<\/div>\n<\/div><\/div><\/div><\/div>\n<p>&nbsp;<\/p>\n<h2>D\u00e9couvrez la location d'une voiture pour votre voyage<\/h2>\n<p><img loading=\"lazy\" decoding=\"async\" class=\"alignleft\" src=\"\/wp-content\/uploads\/images\/rent_car_1346.png\" alt=\"louer une voiture pour un voyage\" width=\"350\" height=\"350\" \/><\/p>\n<p>Louer une voiture pour votre voyage vous permet d'avoir acc\u00e8s \u00e0 un moyen de transport fiable et confortable sans user votre propre v\u00e9hicule. Cela vous donne \u00e9galement la possibilit\u00e9 de choisir parmi une vari\u00e9t\u00e9 de v\u00e9hicules qui r\u00e9pondent le mieux \u00e0 vos besoins, qu'il s'agisse d'un SUV pour les aventures tout-terrain ou d'une voiture compacte pour la conduite en ville.<\/p>\n<p>L'un des principaux avantages de la location d'une voiture pour votre voyage est la flexibilit\u00e9 qu'elle offre. Avec une voiture de location, vous avez la libert\u00e9 de choisir o\u00f9 et quand vous voulez aller sans avoir \u00e0 vous fier aux horaires des transports publics ou \u00e0 \u00eatre limit\u00e9 par les itin\u00e9raires. Cela vous permet de profiter pleinement de tout ce que votre destination a \u00e0 offrir.<\/p>\n<p>Un autre avantage est que la plupart des soci\u00e9t\u00e9s de location de voitures offrent une assistance routi\u00e8re 24 heures sur 24 et 7 jours sur 7 en cas d'urgence pendant votre voyage. Vous avez ainsi l'esprit tranquille, sachant qu'il suffit d'un coup de fil pour obtenir de l'aide.<\/p>\n<h3>Les avantages de la location d'une voiture pour un voyage en voiture<\/h3>\n<ul>\n<li>Flexibilit\u00e9 dans le choix du type et de la taille du v\u00e9hicule<\/li>\n<li>Pas d'usure du v\u00e9hicule personnel<\/li>\n<li>Acc\u00e8s \u00e0 l'assistance routi\u00e8re 24\/7<\/li>\n<li>Options d'efficacit\u00e9 \u00e9nerg\u00e9tique disponibles<\/li>\n<li>Pas de frais d'entretien ni de pannes impr\u00e9vues pendant le voyage<\/li>\n<li>Possibilit\u00e9 d'essayer une autre marque ou un autre mod\u00e8le de voiture<\/li>\n<li>Des lieux de ramassage et de d\u00e9p\u00f4t pratiques<\/li>\n<\/ul>\n<h3>Les inconv\u00e9nients de la location d'une voiture pour un voyage en voiture<\/h3>\n<ul>\n<li>Co\u00fbt suppl\u00e9mentaire par rapport \u00e0 l'utilisation d'un v\u00e9hicule personnel<\/li>\n<li>Possibilit\u00e9 de frais suppl\u00e9mentaires tels que l'assurance ou les frais kilom\u00e9triques<\/li>\n<li>Une carte de cr\u00e9dit peut \u00eatre exig\u00e9e pour la r\u00e9servation et le d\u00e9p\u00f4t de garantie.<\/li>\n<li>Options de kilom\u00e9trage limit\u00e9es pour les longs trajets<\/li>\n<li>Risque de dommages ou d'accidents, bien que les soci\u00e9t\u00e9s de location proposent des options d'assurance pour att\u00e9nuer ce risque.<\/li>\n<\/ul>\n<h4>Questions fr\u00e9quemment pos\u00e9es sur la location d'une voiture pour un voyage en voiture :<\/h4>\n<p><b>Q : Quel \u00e2ge faut-il avoir pour louer une voiture ?<\/b><br \/>\nR : La plupart des soci\u00e9t\u00e9s de location de voitures exigent que les conducteurs aient au moins 21 ans. Cependant, certaines d'entre elles peuvent avoir des exigences plus \u00e9lev\u00e9es en mati\u00e8re d'\u00e2ge et peuvent \u00e9galement facturer des frais suppl\u00e9mentaires pour les conducteurs plus jeunes.<\/p>\n<p><b>Q : Puis-je conduire la voiture de location au-del\u00e0 des fronti\u00e8res de l'\u00c9tat ?<\/b><br \/>\nR : Oui, la plupart des soci\u00e9t\u00e9s de location de voitures vous autorisent \u00e0 conduire la voiture au-del\u00e0 des fronti\u00e8res de l'\u00c9tat. Cependant, il est important de v\u00e9rifier au pr\u00e9alable aupr\u00e8s de la compagnie concern\u00e9e, car il peut y avoir des restrictions ou des frais suppl\u00e9mentaires.<\/p>\n<p><b>Q : Ai-je besoin d'une assurance pour louer une voiture ?<\/b><br \/>\nR : Les voitures de location sont g\u00e9n\u00e9ralement couvertes par une assurance de base. Toutefois, il est recommand\u00e9 de souscrire des options de couverture suppl\u00e9mentaires aupr\u00e8s de la soci\u00e9t\u00e9 de location ou de votre propre assureur automobile pour une protection accrue.<\/p>\n<p><b>Q : Y a-t-il des frais cach\u00e9s lors de la location d'une voiture ?<\/b><br \/>\nR : Il est toujours important de lire attentivement les conditions g\u00e9n\u00e9rales avant de louer une voiture. Parmi les frais cach\u00e9s les plus courants, citons les frais de restitution tardive, les frais de conducteur suppl\u00e9mentaire et les frais pour ne pas avoir rempli le r\u00e9servoir d'essence avant de rendre la voiture.<\/p>\n<h4>R\u00e9flexions finales<\/h4>\n<p><img loading=\"lazy\" decoding=\"async\" class=\"alignright\" src=\"\/wp-content\/uploads\/images\/rent_car_1256.png\" alt=\"louer une voiture pour un voyage\" width=\"350\" height=\"350\" \/><\/p>\n<p>La location d'une voiture pour votre voyage peut grandement am\u00e9liorer votre exp\u00e9rience de voyage et vous apporter commodit\u00e9, flexibilit\u00e9 et tranquillit\u00e9 d'esprit. En planifiant soigneusement et en consid\u00e9rant toutes les options, vous pouvez trouver la voiture de location parfaite pour votre prochaine aventure. Alors, la prochaine fois que vous planifierez un voyage, ne n\u00e9gligez pas les avantages de louer une voiture aupr\u00e8s de rental-car.company. Bon voyage !<\/p>\n<\/div>","protected":false},"excerpt":{"rendered":"<p>Exploring the Benefits of Renting a Car for Your Next Road Trip Road trips are a popular and exciting way to travel, offering the freedom to explore at your own pace and create unforgettable memories along the way. However, planning a road trip can also be daunting, especially when it comes to choosing transportation. While [&hellip;]<\/p>\n","protected":false},"author":1,"featured_media":5035,"parent":0,"menu_order":0,"comment_status":"closed","ping_status":"closed","template":"","meta":{"rs_blank_template":"","rs_page_bg_color":"","slide_template_v7":"","footnotes":""},"categories":[1],"tags":[],"class_list":["post-5033","page","type-page","status-publish","has-post-thumbnail","hentry","category-blog"],"_links":{"self":[{"href":"https:\/\/rental-car.company\/fr\/wp-json\/wp\/v2\/pages\/5033","targetHints":{"allow":["GET"]}}],"collection":[{"href":"https:\/\/rental-car.company\/fr\/wp-json\/wp\/v2\/pages"}],"about":[{"href":"https:\/\/rental-car.company\/fr\/wp-json\/wp\/v2\/types\/page"}],"author":[{"embeddable":true,"href":"https:\/\/rental-car.company\/fr\/wp-json\/wp\/v2\/users\/1"}],"replies":[{"embeddable":true,"href":"https:\/\/rental-car.company\/fr\/wp-json\/wp\/v2\/comments?post=5033"}],"version-history":[{"count":0,"href":"https:\/\/rental-car.company\/fr\/wp-json\/wp\/v2\/pages\/5033\/revisions"}],"wp:featuredmedia":[{"embeddable":true,"href":"https:\/\/rental-car.company\/fr\/wp-json\/wp\/v2\/media\/5035"}],"wp:attachment":[{"href":"https:\/\/rental-car.company\/fr\/wp-json\/wp\/v2\/media?parent=5033"}],"wp:term":[{"taxonomy":"category","embeddable":true,"href":"https:\/\/rental-car.company\/fr\/wp-json\/wp\/v2\/categories?post=5033"},{"taxonomy":"post_tag","embeddable":true,"href":"https:\/\/rental-car.company\/fr\/wp-json\/wp\/v2\/tags?post=5033"}],"curies":[{"name":"wp","href":"https:\/\/api.w.org\/{rel}","templated":true}]}}