{"id":5142,"date":"2024-08-14T12:05:18","date_gmt":"2024-08-14T12:05:18","guid":{"rendered":"https:\/\/rental-car.company\/?page_id=5142"},"modified":"2024-08-14T12:05:18","modified_gmt":"2024-08-14T12:05:18","slug":"conducteur-de-voiture-de-location-emplois","status":"publish","type":"page","link":"https:\/\/rental-car.company\/fr\/conducteur-de-voiture-de-location-emplois\/","title":{"rendered":"Emplois de conducteurs de voitures de location : Un guide pour d\u00e9marrer votre carri\u00e8re sur la route"},"content":{"rendered":"<div class=\"wpb-content-wrapper\"><h2>R\u00e9ussir dans les emplois de conducteurs de voitures de location<\/h2>\n<p>Vous \u00eates \u00e0 la recherche d'une carri\u00e8re qui vous permette d'explorer de nouveaux endroits et de rencontrer des gens diff\u00e9rents chaque jour ? Ne cherchez pas plus loin que les emplois de conducteurs de v\u00e9hicules de location. En tant que conducteur de v\u00e9hicule de location, vous avez la possibilit\u00e9 de travailler pour une entreprise r\u00e9put\u00e9e tout en profitant des avantages d'\u00eatre sur la route. Avec des horaires flexibles, un salaire comp\u00e9titif et des possibilit\u00e9s d'\u00e9volution illimit\u00e9es, il n'est pas \u00e9tonnant que de nombreuses personnes choisissent ce m\u00e9tier comme celui de leurs r\u00eaves.<\/p>\n<div class=\"vc_row wpb_row vc_row-fluid\"><div class=\"wpb_column vc_column_container vc_col-sm-12\"><div class=\"vc_column-inner\"><div class=\"wpb_wrapper\">\n\t<div class=\"wpb_text_column wpb_content_element\" >\n\t\t<div class=\"wpb_wrapper\">\n\t\t\t<p><script id=\"dchwidget\" src=\"https:\/\/www.discovercars.com\/wg.js\" async=\"\" data-dev-env=\"com\" data-location=\"\" data-lang=\"en\" data-utm-source=\"malina\" data-utm-medium=\"widget\" data-aff-code=\"a_aid\" data-autocomplete=\"on\" data-style-submit-bg-color=\"00A200\" data-style-submit-font-color=\"white\" data-style-form-bg-color=\"FAD130\" data-style-form-font-color=\"333\" data-style-submit-text=\"Search now\"><\/script><\/p>\n\n\t\t<\/div>\n\t<\/div>\n<\/div><\/div><\/div><\/div>\n<p>&nbsp;<\/p>\n<h2>Discover Rental Car Driver Jobs<\/h2>\n<p><img loading=\"lazy\" decoding=\"async\" class=\"alignleft\" src=\"\/wp-content\/uploads\/images\/rent_car_232.png\" alt=\"conducteur de voiture de location emplois\" width=\"350\" height=\"350\" \/><\/p>\n<p>Les emplois de conducteurs de v\u00e9hicules de location consistent \u00e0 prendre et \u00e0 livrer des v\u00e9hicules de location \u00e0 des endroits d\u00e9sign\u00e9s. Il peut s'agir d'a\u00e9roports, d'h\u00f4tels ou m\u00eame de domiciles individuels. Certaines entreprises peuvent \u00e9galement demander aux chauffeurs de nettoyer et d'entretenir les v\u00e9hicules selon les besoins. En tant que conducteur de v\u00e9hicule de location, vous devez \u00eatre titulaire d'un permis de conduire valide et avoir un dossier de conduite vierge.<\/p>\n<h3>Exigences du poste<\/h3>\n<p>Pour devenir un bon conducteur de voiture de location, vous devez remplir plusieurs conditions :<\/p>\n<p>- Il faut \u00eatre \u00e2g\u00e9 d'au moins 21 ans<br \/>\n- Poss\u00e9der un permis de conduire valide<br \/>\n- Avoir un dossier de conduite vierge<br \/>\n- Capacit\u00e9 \u00e0 soulever jusqu'\u00e0 50 livres<br \/>\n- Excellentes comp\u00e9tences en mati\u00e8re de service \u00e0 la client\u00e8le<br \/>\n- Solides comp\u00e9tences en mati\u00e8re de communication<\/p>\n<h3>Les avantages des emplois de conducteurs de v\u00e9hicules de location<\/h3>\n<p>Travailler en tant que conducteur de v\u00e9hicule de location pr\u00e9sente de nombreux avantages :<\/p>\n<p><strong>Horaire flexible :<\/strong> L'un des principaux avantages de ce travail est la flexibilit\u00e9 des horaires. De nombreuses entreprises proposent des postes \u00e0 temps partiel ou \u00e0 temps plein avec des horaires variables, ce qui vous permet de cr\u00e9er votre propre emploi du temps.<\/p>\n<p><strong>R\u00e9mun\u00e9ration comp\u00e9titive :<\/strong> Selon Glassdoor.com, le salaire horaire moyen des conducteurs de voitures de location est de $11-$12 par heure. Certaines entreprises offrent \u00e9galement des primes bas\u00e9es sur les performances ou des opportunit\u00e9s de commissions.<\/p>\n<p><strong>Opportunit\u00e9s de croissance :<\/strong> Travailler en tant que conducteur de v\u00e9hicule de location peut \u00e9galement offrir des possibilit\u00e9s d'\u00e9volution au sein de l'entreprise. \u00c0 force de travail et de d\u00e9vouement, vous pourriez acc\u00e9der \u00e0 un poste de direction ou m\u00eame \u00eatre mut\u00e9 dans d'autres sites.<\/p>\n<h3>Les inconv\u00e9nients des emplois de conducteurs de v\u00e9hicules de location<\/h3>\n<p>Si les avantages sont nombreux, le m\u00e9tier de conducteur de v\u00e9hicule de location comporte aussi quelques d\u00e9fis :<\/p>\n<p><strong>Longues heures :<\/strong> En fonction de l'entreprise et du lieu, les conducteurs de voitures de location peuvent \u00eatre amen\u00e9s \u00e0 travailler de longues heures, y compris les week-ends et les jours f\u00e9ri\u00e9s.<\/p>\n<p><strong>Conditions m\u00e9t\u00e9orologiques :<\/strong> En tant que conducteur de voiture de location, vous serez sur la route, qu'il pleuve ou qu'il vente. Cela signifie que vous devrez conduire dans toutes sortes de conditions m\u00e9t\u00e9orologiques, ce qui peut parfois s'av\u00e9rer difficile.<\/p>\n<h4>Questions fr\u00e9quemment pos\u00e9es<\/h4>\n<p><img loading=\"lazy\" decoding=\"async\" class=\"alignright\" src=\"\/wp-content\/uploads\/images\/rent_car_83.png\" alt=\"conducteur de voiture de location emplois\" width=\"350\" height=\"350\" \/><\/p>\n<p><strong>Q : Comment postuler \u00e0 un emploi de conducteur de v\u00e9hicule de location ?<\/strong><br \/>\nR : Vous pouvez postuler directement sur le site web de l'entreprise ou vous rendre sur place pour remplir un dossier de candidature.<\/p>\n<p><strong>Q : Ai-je besoin d'une exp\u00e9rience pr\u00e9alable pour devenir conducteur de v\u00e9hicule de location ?<\/strong><br \/>\nR : Bien qu'une exp\u00e9rience pr\u00e9alable soit toujours b\u00e9n\u00e9fique, elle n'est pas toujours n\u00e9cessaire. De nombreuses entreprises proposent une formation en cours d'emploi aux nouveaux embauch\u00e9s.<\/p>\n<p><strong>Q : Quelles sont les comp\u00e9tences dont j'ai besoin pour r\u00e9ussir en tant que conducteur de v\u00e9hicule de location ?<\/strong><br \/>\nR : De solides comp\u00e9tences en communication, le souci du d\u00e9tail et d'excellentes comp\u00e9tences en mati\u00e8re de service \u00e0 la client\u00e8le sont essentiels pour r\u00e9ussir dans cette fonction.<\/p>\n<p>En conclusion, les emplois de conducteurs de v\u00e9hicules de location offrent une opportunit\u00e9 unique aux personnes \u00e0 la recherche d'une carri\u00e8re passionnante sur la route. Avec un salaire comp\u00e9titif, des horaires flexibles et un potentiel d'\u00e9volution au sein de l'entreprise, il n'est pas \u00e9tonnant que cet emploi devienne de plus en plus populaire. Si vous \u00eates pr\u00eat \u00e0 prendre la route et \u00e0 vous lancer dans une aventure passionnante en travaillant avec des entreprises r\u00e9put\u00e9es telles que <em>Soci\u00e9t\u00e9 de location de voitures<\/em>Postulez d\u00e8s aujourd'hui !<\/p>\n<\/div>","protected":false},"excerpt":{"rendered":"<p>Finding Success in Rental Car Driver Jobs Are you looking for a career that allows you to explore new places and meet different people every day? Look no further than rental car driver jobs. As a rental car driver, you have the opportunity to work for a reputable company while enjoying the perks of being [&hellip;]<\/p>\n","protected":false},"author":1,"featured_media":2535,"parent":0,"menu_order":0,"comment_status":"closed","ping_status":"closed","template":"","meta":{"rs_blank_template":"","rs_page_bg_color":"","slide_template_v7":"","footnotes":""},"categories":[1],"tags":[],"class_list":["post-5142","page","type-page","status-publish","has-post-thumbnail","hentry","category-blog"],"_links":{"self":[{"href":"https:\/\/rental-car.company\/fr\/wp-json\/wp\/v2\/pages\/5142","targetHints":{"allow":["GET"]}}],"collection":[{"href":"https:\/\/rental-car.company\/fr\/wp-json\/wp\/v2\/pages"}],"about":[{"href":"https:\/\/rental-car.company\/fr\/wp-json\/wp\/v2\/types\/page"}],"author":[{"embeddable":true,"href":"https:\/\/rental-car.company\/fr\/wp-json\/wp\/v2\/users\/1"}],"replies":[{"embeddable":true,"href":"https:\/\/rental-car.company\/fr\/wp-json\/wp\/v2\/comments?post=5142"}],"version-history":[{"count":0,"href":"https:\/\/rental-car.company\/fr\/wp-json\/wp\/v2\/pages\/5142\/revisions"}],"wp:featuredmedia":[{"embeddable":true,"href":"https:\/\/rental-car.company\/fr\/wp-json\/wp\/v2\/media\/2535"}],"wp:attachment":[{"href":"https:\/\/rental-car.company\/fr\/wp-json\/wp\/v2\/media?parent=5142"}],"wp:term":[{"taxonomy":"category","embeddable":true,"href":"https:\/\/rental-car.company\/fr\/wp-json\/wp\/v2\/categories?post=5142"},{"taxonomy":"post_tag","embeddable":true,"href":"https:\/\/rental-car.company\/fr\/wp-json\/wp\/v2\/tags?post=5142"}],"curies":[{"name":"wp","href":"https:\/\/api.w.org\/{rel}","templated":true}]}}