{"id":5194,"date":"2024-08-14T23:05:21","date_gmt":"2024-08-14T23:05:21","guid":{"rendered":"https:\/\/rental-car.company\/?page_id=5194"},"modified":"2024-08-14T23:05:21","modified_gmt":"2024-08-14T23:05:21","slug":"location-de-voitures-aeroport-knoxville","status":"publish","type":"page","link":"https:\/\/rental-car.company\/fr\/location-de-voitures-aeroport-knoxville\/","title":{"rendered":"rental cars knoxville airport - Introduction sur le sujet"},"content":{"rendered":"<div class=\"wpb-content-wrapper\"><p>Vous pr\u00e9voyez un voyage \u00e0 Knoxville, Tennessee, et vous avez besoin d'un moyen de transport fiable ? Ne cherchez pas plus loin que la location de voitures \u00e0 l'a\u00e9roport de Knoxville ! Avec des points de ramassage et de d\u00e9p\u00f4t pratiques \u00e0 l'a\u00e9roport, louer une voiture n'a jamais \u00e9t\u00e9 aussi facile. Que vous voyagiez pour les affaires ou pour le plaisir, avoir votre propre voiture de location vous donne la libert\u00e9 et la flexibilit\u00e9 d'explorer tout ce que Knoxville a \u00e0 offrir.<\/p>\n<div class=\"vc_row wpb_row vc_row-fluid\"><div class=\"wpb_column vc_column_container vc_col-sm-12\"><div class=\"vc_column-inner\"><div class=\"wpb_wrapper\">\n\t<div class=\"wpb_text_column wpb_content_element\" >\n\t\t<div class=\"wpb_wrapper\">\n\t\t\t<p><script id=\"dchwidget\" src=\"https:\/\/www.discovercars.com\/wg.js\" async=\"\" data-dev-env=\"com\" data-location=\"\" data-lang=\"en\" data-utm-source=\"malina\" data-utm-medium=\"widget\" data-aff-code=\"a_aid\" data-autocomplete=\"on\" data-style-submit-bg-color=\"00A200\" data-style-submit-font-color=\"white\" data-style-form-bg-color=\"FAD130\" data-style-form-font-color=\"333\" data-style-submit-text=\"Search now\"><\/script><\/p>\n\n\t\t<\/div>\n\t<\/div>\n<\/div><\/div><\/div><\/div>\n<p>&nbsp;<\/p>\n<h2>Location de voitures \u00e0 l'a\u00e9roport de Knoxville<\/h2>\n<p><img loading=\"lazy\" decoding=\"async\" class=\"alignleft\" src=\"\/wp-content\/uploads\/images\/rent_car_632.png\" alt=\"location de voitures a\u00e9roport knoxville\" width=\"350\" height=\"350\" \/><\/p>\n<p>Chez rental-car.company, nous offrons une large s\u00e9lection de voitures de location \u00e0 l'a\u00e9roport de Knoxville pour r\u00e9pondre \u00e0 vos besoins. Des voitures compactes pour les voyageurs solitaires aux SUV spacieux pour les familles, nous avons tout ce qu'il faut. Notre processus de location est simple et sans tracas, de sorte que vous pouvez commencer votre voyage d\u00e8s votre atterrissage.<\/p>\n<h3>Emplacement pratique<\/h3>\n<p>Notre bureau principal est situ\u00e9 \u00e0 quelques minutes du terminal de l'a\u00e9roport, ce qui vous permet de r\u00e9cup\u00e9rer facilement votre voiture de location \u00e0 votre arriv\u00e9e. Pour plus de commodit\u00e9, nous proposons \u00e9galement des services de navette gratuits entre le terminal de l'a\u00e9roport et notre bureau.<\/p>\n<h3>Tarifs abordables<\/h3>\n<p>Nous comprenons que le budget est un facteur important lorsqu'il s'agit de louer une voiture. C'est pourquoi nous proposons des tarifs comp\u00e9titifs sans compromis sur la qualit\u00e9. Notre structure de prix transparente garantit qu'il n'y a pas de frais cach\u00e9s ou de surprises au moment de payer.<\/p>\n<h3>P\u00e9riodes de location flexibles<\/h3>\n<p>Que vous ayez besoin d'une voiture pour une journ\u00e9e ou pour une p\u00e9riode prolong\u00e9e, nous vous proposons des options flexibles. Vous pouvez choisir une location journali\u00e8re, hebdomadaire ou mensuelle en fonction de vos projets de voyage.<\/p>\n<h4>Avantages \/ inconv\u00e9nients<\/h4>\n<p><b>Pour :<\/b><br \/>\n- Situation pratique \u00e0 l'a\u00e9roport<br \/>\n- Des tarifs abordables sans frais cach\u00e9s<br \/>\n- P\u00e9riodes de location flexibles<br \/>\n- Large choix de v\u00e9hicules disponibles<\/p>\n<p><b>Cons :<\/b><br \/>\n- Des frais suppl\u00e9mentaires peuvent \u00eatre appliqu\u00e9s pour les conducteurs de moins de 25 ans.<br \/>\n- Disponibilit\u00e9 limit\u00e9e de certains types de v\u00e9hicules pendant les p\u00e9riodes de pointe<\/p>\n<h4>FAQ<\/h4>\n<p><img loading=\"lazy\" decoding=\"async\" class=\"alignright\" src=\"\/wp-content\/uploads\/images\/rent_car_409.png\" alt=\"location de voitures a\u00e9roport knoxville\" width=\"350\" height=\"350\" \/><\/p>\n<p><b>Q : Ai-je besoin d'une carte de cr\u00e9dit pour louer une voiture \u00e0 l'a\u00e9roport de Knoxville ?<\/b><br \/>\nR : Oui, une carte de cr\u00e9dit valide est n\u00e9cessaire pour le processus de location. Toutefois, certaines soci\u00e9t\u00e9s de location peuvent accepter les cartes de d\u00e9bit avec certaines restrictions.<\/p>\n<p><b>Q : Y a-t-il une condition d'\u00e2ge pour louer une voiture \u00e0 l'a\u00e9roport de Knoxville ?<\/b><br \/>\nR : En g\u00e9n\u00e9ral, l'\u00e2ge minimum pour louer une voiture est de 21 ans. Cependant, les conducteurs de moins de 25 ans peuvent \u00eatre soumis \u00e0 des frais suppl\u00e9mentaires.<\/p>\n<p><b>Q : Puis-je rendre mon v\u00e9hicule de location en dehors des heures d'ouverture ?<\/b><br \/>\nR : Oui, notre point de d\u00e9p\u00f4t \u00e0 l'a\u00e9roport de Knoxville est ouvert 24 heures sur 24 et 7 jours sur 7 pour votre commodit\u00e9.<\/p>\n<p>En conclusion, louer une voiture \u00e0 l'a\u00e9roport de Knoxville avec rental-car.company offre commodit\u00e9, prix abordable et flexibilit\u00e9 pour vos d\u00e9placements. Avec notre large s\u00e9lection de v\u00e9hicules et notre excellent service client, nous nous effor\u00e7ons de rendre votre exp\u00e9rience de location aussi facile que possible. R\u00e9servez votre voiture de location d\u00e8s aujourd'hui et pr\u00e9parez-vous \u00e0 explorer tout ce que Knoxville a \u00e0 offrir !<\/p>\n<\/div>","protected":false},"excerpt":{"rendered":"<p>Are you planning a trip to Knoxville, Tennessee and need a reliable mode of transportation? Look no further than rental cars at Knoxville Airport! With convenient pick-up and drop-off locations at the airport, renting a car has never been easier. Whether you&#8217;re traveling for business or pleasure, having your own rental car gives you the [&hellip;]<\/p>\n","protected":false},"author":1,"featured_media":5196,"parent":0,"menu_order":0,"comment_status":"closed","ping_status":"closed","template":"","meta":{"rs_blank_template":"","rs_page_bg_color":"","slide_template_v7":"","footnotes":""},"categories":[1],"tags":[],"class_list":["post-5194","page","type-page","status-publish","has-post-thumbnail","hentry","category-blog"],"_links":{"self":[{"href":"https:\/\/rental-car.company\/fr\/wp-json\/wp\/v2\/pages\/5194","targetHints":{"allow":["GET"]}}],"collection":[{"href":"https:\/\/rental-car.company\/fr\/wp-json\/wp\/v2\/pages"}],"about":[{"href":"https:\/\/rental-car.company\/fr\/wp-json\/wp\/v2\/types\/page"}],"author":[{"embeddable":true,"href":"https:\/\/rental-car.company\/fr\/wp-json\/wp\/v2\/users\/1"}],"replies":[{"embeddable":true,"href":"https:\/\/rental-car.company\/fr\/wp-json\/wp\/v2\/comments?post=5194"}],"version-history":[{"count":0,"href":"https:\/\/rental-car.company\/fr\/wp-json\/wp\/v2\/pages\/5194\/revisions"}],"wp:featuredmedia":[{"embeddable":true,"href":"https:\/\/rental-car.company\/fr\/wp-json\/wp\/v2\/media\/5196"}],"wp:attachment":[{"href":"https:\/\/rental-car.company\/fr\/wp-json\/wp\/v2\/media?parent=5194"}],"wp:term":[{"taxonomy":"category","embeddable":true,"href":"https:\/\/rental-car.company\/fr\/wp-json\/wp\/v2\/categories?post=5194"},{"taxonomy":"post_tag","embeddable":true,"href":"https:\/\/rental-car.company\/fr\/wp-json\/wp\/v2\/tags?post=5194"}],"curies":[{"name":"wp","href":"https:\/\/api.w.org\/{rel}","templated":true}]}}