{"id":5301,"date":"2024-08-15T21:09:27","date_gmt":"2024-08-15T21:09:27","guid":{"rendered":"https:\/\/rental-car.company\/?page_id=5301"},"modified":"2024-08-15T21:09:27","modified_gmt":"2024-08-15T21:09:27","slug":"location-de-voiture-richmond-va","status":"publish","type":"page","link":"https:\/\/rental-car.company\/fr\/location-de-voiture-richmond-va\/","title":{"rendered":"Location de voiture Richmond VA : Votre guide pour explorer la ville en toute simplicit\u00e9"},"content":{"rendered":"<div class=\"wpb-content-wrapper\"><p>Richmond, en Virginie, est une ville pleine d'histoire, de culture et de beaut\u00e9 naturelle. Avec ses charmants quartiers, son centre-ville anim\u00e9 et sa proximit\u00e9 avec d'autres destinations populaires de l'\u00c9tat, il n'est pas \u00e9tonnant que tant de gens choisissent de visiter ou de vivre dans cette ville dynamique. Que vous soyez ici pour les affaires ou pour le plaisir, une voiture de location \u00e0 Richmond VA peut rendre votre voyage encore plus agr\u00e9able.<\/p>\n<h2>Pourquoi choisir une voiture de location \u00e0 Richmond VA ?<\/h2>\n<p>Bien que les transports en commun soient une option pour se d\u00e9placer dans la ville, avoir votre propre voiture de location vous donne la libert\u00e9 et la flexibilit\u00e9 d'explorer \u00e0 votre propre rythme. Vous n'aurez pas \u00e0 vous fier aux horaires ou aux itin\u00e9raires et vous pourrez facilement visiter toutes les principales attractions que Richmond a \u00e0 offrir. De plus, avec une voiture de location \u00e0 Richmond VA aupr\u00e8s d'entreprises r\u00e9put\u00e9es telles que Enterprise ou Hertz, vous pouvez vous attendre \u00e0 un excellent service et \u00e0 des v\u00e9hicules fiables.<\/p>\n<div class=\"vc_row wpb_row vc_row-fluid\"><div class=\"wpb_column vc_column_container vc_col-sm-12\"><div class=\"vc_column-inner\"><div class=\"wpb_wrapper\">\n\t<div class=\"wpb_text_column wpb_content_element\" >\n\t\t<div class=\"wpb_wrapper\">\n\t\t\t<p><script id=\"dchwidget\" src=\"https:\/\/www.discovercars.com\/wg.js\" async=\"\" data-dev-env=\"com\" data-location=\"\" data-lang=\"en\" data-utm-source=\"malina\" data-utm-medium=\"widget\" data-aff-code=\"a_aid\" data-autocomplete=\"on\" data-style-submit-bg-color=\"00A200\" data-style-submit-font-color=\"white\" data-style-form-bg-color=\"FAD130\" data-style-form-font-color=\"333\" data-style-submit-text=\"Search now\"><\/script><\/p>\n\n\t\t<\/div>\n\t<\/div>\n<\/div><\/div><\/div><\/div>\n<p>&nbsp;<\/p>\n<h2>Discover Rental Car Richmond VA<\/h2>\n<p><img loading=\"lazy\" decoding=\"async\" class=\"alignleft\" src=\"\/wp-content\/uploads\/images\/rent_car_830.png\" alt=\"location de voiture richmond va\" width=\"350\" height=\"350\" \/><\/p>\n<p>Lorsqu'il s'agit de louer une voiture \u00e0 Richmond VA, de nombreuses options sont disponibles. Des voitures compactes parfaites pour naviguer dans les rues anim\u00e9es de la ville aux SUV spacieux pour les grands groupes ou les familles, il y a une voiture de location qui r\u00e9pondra \u00e0 vos besoins. Vous pouvez \u00e9galement choisir parmi diff\u00e9rents lieux de prise en charge dans la ville, y compris \u00e0 l'a\u00e9roport et dans divers endroits du centre-ville.<\/p>\n<h3>Explorer le centre-ville de Richmond<\/h3>\n<p>L'une des meilleures fa\u00e7ons de d\u00e9couvrir cette ville dynamique est d'explorer son centre-ville. Avec votre voiture de location, vous pouvez facilement visiter des sites populaires tels que le Virginia State Capitol, dont Thomas Jefferson a lui-m\u00eame con\u00e7u l'architecture, ou vous promener dans le Shockoe Slip Historic District, o\u00f9 les rues pav\u00e9es sont bord\u00e9es de charmants restaurants et boutiques.<\/p>\n<h3>Prendre une route panoramique<\/h3>\n<p>Richmond est connue pour ses paysages naturels \u00e9poustouflants, alors pourquoi ne pas en profiter pour faire un tour panoramique ? Avec votre voiture de location, vous pouvez vous rendre au James River Park System et rouler tranquillement le long de la rivi\u00e8re, en vous arr\u00eatant \u00e0 diff\u00e9rents points de vue pour admirer des panoramas \u00e0 couper le souffle. Vous pouvez \u00e9galement vous aventurer en dehors de la ville jusqu'au parc national de Shenandoah ou \u00e0 Virginia Beach pour une excursion d'une journ\u00e9e.<\/p>\n<h3>Visiter les attractions \u00e0 proximit\u00e9<\/h3>\n<p>La location d'une voiture \u00e0 Richmond VA vous permet \u00e9galement de visiter facilement les attractions voisines telles que Colonial Williamsburg, Monticello (la plantation de Thomas Jefferson) et le parc d'attractions Busch Gardens. Ces destinations populaires ne sont qu'\u00e0 une courte distance en voiture et le fait d'avoir votre propre moyen de transport vous permet de visiter plusieurs endroits en une seule journ\u00e9e.<\/p>\n<h4>Avantages \/ inconv\u00e9nients<\/h4>\n<p><b>Pour :<\/b><br \/>\n- Commodit\u00e9 et flexibilit\u00e9<br \/>\n- Possibilit\u00e9 de visiter plusieurs destinations en une journ\u00e9e<br \/>\n- V\u00e9hicules fiables provenant d'entreprises r\u00e9put\u00e9es<br \/>\n- Libert\u00e9 des horaires des transports publics<\/p>\n<p><b>Cons :<\/b><br \/>\n- Frais suppl\u00e9mentaires tels que l'essence, l'assurance et les taxes<br \/>\n- Des frais de stationnement peuvent \u00eatre appliqu\u00e9s dans certaines zones de la ville.<br \/>\n- Potentiel de trafic aux heures de pointe<\/p>\n<h4>Foire aux questions (FAQ)<\/h4>\n<p><img loading=\"lazy\" decoding=\"async\" class=\"alignright\" src=\"\/wp-content\/uploads\/images\/rent_car_1046.png\" alt=\"location de voiture richmond va\" width=\"350\" height=\"350\" \/><\/p>\n<p><b>Q : De quoi ai-je besoin pour louer une voiture \u00e0 Richmond VA ?<\/b><br \/>\nR : Pour louer une voiture \u00e0 Richmond VA, vous aurez besoin d'un permis de conduire valide, d'une carte de cr\u00e9dit et d'une preuve d'assurance.<\/p>\n<p><b>Q : Puis-je louer une voiture si j'ai moins de 25 ans ?<\/b><br \/>\nR : La plupart des soci\u00e9t\u00e9s de location de voitures exigent que les conducteurs aient au moins 25 ans. Toutefois, certaines soci\u00e9t\u00e9s peuvent autoriser les conducteurs \u00e2g\u00e9s de 21 \u00e0 24 ans, moyennant des frais suppl\u00e9mentaires pour les mineurs.<\/p>\n<p><b>Q : Puis-je rendre ma voiture de location \u00e0 un endroit diff\u00e9rent de celui o\u00f9 je l'ai prise ?<\/b><br \/>\nR : Oui, la plupart des soci\u00e9t\u00e9s de location de voitures offrent la possibilit\u00e9 de d\u00e9poser votre v\u00e9hicule \u00e0 un autre endroit moyennant un suppl\u00e9ment.<\/p>\n<p>En conclusion, la location d'une voiture \u00e0 Richmond VA est un excellent moyen d'am\u00e9liorer votre exp\u00e9rience dans cette charmante ville. Gr\u00e2ce \u00e0 la libert\u00e9 et \u00e0 la commodit\u00e9 qu'elle procure, vous pouvez facilement explorer tout ce que Richmond a \u00e0 offrir. Lors de la pr\u00e9paration de votre prochain voyage dans cette ville historique, pensez \u00e0 louer une voiture et profitez au maximum de votre visite.<\/p>\n<\/div>","protected":false},"excerpt":{"rendered":"<p>Richmond, Virginia is a city full of history, culture, and natural beauty. With its charming neighborhoods, lively downtown area, and proximity to other popular destinations in the state, it&#8217;s no wonder that so many people choose to visit or live in this vibrant city. Whether you&#8217;re here for business or pleasure, having a rental car [&hellip;]<\/p>\n","protected":false},"author":1,"featured_media":4376,"parent":0,"menu_order":0,"comment_status":"closed","ping_status":"closed","template":"","meta":{"rs_blank_template":"","rs_page_bg_color":"","slide_template_v7":"","footnotes":""},"categories":[1],"tags":[],"class_list":["post-5301","page","type-page","status-publish","has-post-thumbnail","hentry","category-blog"],"_links":{"self":[{"href":"https:\/\/rental-car.company\/fr\/wp-json\/wp\/v2\/pages\/5301","targetHints":{"allow":["GET"]}}],"collection":[{"href":"https:\/\/rental-car.company\/fr\/wp-json\/wp\/v2\/pages"}],"about":[{"href":"https:\/\/rental-car.company\/fr\/wp-json\/wp\/v2\/types\/page"}],"author":[{"embeddable":true,"href":"https:\/\/rental-car.company\/fr\/wp-json\/wp\/v2\/users\/1"}],"replies":[{"embeddable":true,"href":"https:\/\/rental-car.company\/fr\/wp-json\/wp\/v2\/comments?post=5301"}],"version-history":[{"count":0,"href":"https:\/\/rental-car.company\/fr\/wp-json\/wp\/v2\/pages\/5301\/revisions"}],"wp:featuredmedia":[{"embeddable":true,"href":"https:\/\/rental-car.company\/fr\/wp-json\/wp\/v2\/media\/4376"}],"wp:attachment":[{"href":"https:\/\/rental-car.company\/fr\/wp-json\/wp\/v2\/media?parent=5301"}],"wp:term":[{"taxonomy":"category","embeddable":true,"href":"https:\/\/rental-car.company\/fr\/wp-json\/wp\/v2\/categories?post=5301"},{"taxonomy":"post_tag","embeddable":true,"href":"https:\/\/rental-car.company\/fr\/wp-json\/wp\/v2\/tags?post=5301"}],"curies":[{"name":"wp","href":"https:\/\/api.w.org\/{rel}","templated":true}]}}