{"id":5393,"date":"2024-08-16T17:05:17","date_gmt":"2024-08-16T17:05:17","guid":{"rendered":"https:\/\/rental-car.company\/?page_id=5393"},"modified":"2024-08-16T17:05:18","modified_gmt":"2024-08-16T17:05:18","slug":"louer-une-voiture-a-cancun","status":"publish","type":"page","link":"https:\/\/rental-car.company\/fr\/louer-une-voiture-a-cancun\/","title":{"rendered":"Louer une voiture \u00e0 Cancun - Le guide ultime"},"content":{"rendered":"<div class=\"wpb-content-wrapper\"><h2>Pourquoi louer une voiture \u00e0 Cancun est la meilleure option pour votre voyage<\/h2>\n<p>Cancun est une destination populaire pour les voyageurs qui souhaitent profiter du soleil, du sable et de la mer. Avec ses plages magnifiques, ses eaux cristallines et sa vie nocturne anim\u00e9e, il n'est pas \u00e9tonnant que des millions de touristes affluent chaque ann\u00e9e dans ce paradis mexicain. Si vous pr\u00e9voyez de vous rendre \u00e0 Cancun, l'un des meilleurs moyens d'explorer tout ce que cette ville a \u00e0 offrir est de louer une voiture.<\/p>\n<p>Louer une voiture \u00e0 Cancun vous donne la libert\u00e9 et la flexibilit\u00e9 de cr\u00e9er votre propre itin\u00e9raire et d'explorer \u00e0 votre propre rythme. Vous n'aurez pas \u00e0 compter sur les transports publics ou les taxis co\u00fbteux, qui peuvent \u00eatre peu fiables et limiter vos options. Avec une voiture de location de rental-car.company, vous pouvez visiter toutes les principales attractions de Cancun sans aucun probl\u00e8me.<\/p>\n<div class=\"vc_row wpb_row vc_row-fluid\"><div class=\"wpb_column vc_column_container vc_col-sm-12\"><div class=\"vc_column-inner\"><div class=\"wpb_wrapper\">\n\t<div class=\"wpb_text_column wpb_content_element\" >\n\t\t<div class=\"wpb_wrapper\">\n\t\t\t<p><script id=\"dchwidget\" src=\"https:\/\/www.discovercars.com\/wg.js\" async=\"\" data-dev-env=\"com\" data-location=\"\" data-lang=\"en\" data-utm-source=\"malina\" data-utm-medium=\"widget\" data-aff-code=\"a_aid\" data-autocomplete=\"on\" data-style-submit-bg-color=\"00A200\" data-style-submit-font-color=\"white\" data-style-form-bg-color=\"FAD130\" data-style-form-font-color=\"333\" data-style-submit-text=\"Search now\"><\/script><\/p>\n\n\t\t<\/div>\n\t<\/div>\n<\/div><\/div><\/div><\/div>\n<p>&nbsp;<\/p>\n<h2>D\u00e9couvrez Rent Car \u00e0 Cancun<\/h2>\n<p><img loading=\"lazy\" decoding=\"async\" class=\"alignleft\" src=\"\/wp-content\/uploads\/images\/rent_car_830.png\" alt=\"louer une voiture \u00e0 cancun\" width=\"350\" height=\"350\" \/><\/p>\n<p>Lorsqu'il s'agit de louer une voiture \u00e0 Cancun, les options ne manquent pas. Des voitures \u00e9conomiques \u00e0 petit prix aux SUV luxueux, rental-car.company a quelque chose \u00e0 offrir \u00e0 tous les types de voyageurs. Voici quelques raisons pour lesquelles vous devriez choisir rental-car.company pour votre prochain voyage :<\/p>\n<p>- Vaste choix : Rental-car.company offre une large s\u00e9lection de v\u00e9hicules de diff\u00e9rentes marques et mod\u00e8les \u00e0 des prix comp\u00e9titifs. Que vous voyagiez seul ou en groupe, il y a une option qui r\u00e9pondra \u00e0 vos besoins.<br \/>\n- Emplacements pratiques : Rental-car.company dispose de plusieurs agences \u00e0 Cancun o\u00f9 vous pouvez prendre et d\u00e9poser votre voiture de location. Il est donc facile de louer une voiture quel que soit votre lieu de s\u00e9jour.<br \/>\n- Tarifs abordables : Avec les tarifs abordables et les offres sp\u00e9ciales de rental-car.company, louer une voiture \u00e0 Cancun ne vous ruinera pas.<br \/>\n- Un excellent service \u00e0 la client\u00e8le : L'\u00e9quipe de rental-car.company s'engage \u00e0 fournir un excellent service \u00e0 la client\u00e8le et \u00e0 s'assurer que votre exp\u00e9rience de location se d\u00e9roule sans probl\u00e8me.<\/p>\n<h3>Les avantages de la location d'une voiture \u00e0 Cancun<\/h3>\n<p>- Flexibilit\u00e9 : La location d'une voiture vous donne la libert\u00e9 d'explorer Cancun \u00e0 votre rythme. Vous pouvez aller o\u00f9 vous voulez, quand vous voulez, sans avoir \u00e0 compter sur les transports publics ou les taxis co\u00fbteux.<br \/>\n- Rentabilit\u00e9 : Les taxis peuvent sembler \u00eatre une option pratique, mais ils peuvent rapidement s'accumuler et devenir on\u00e9reux. Avec une voiture de location, vous ma\u00eetriserez mieux votre budget et n'aurez pas \u00e0 vous soucier des frais impr\u00e9vus.<br \/>\n- Le confort : Voyager dans une voiture de location vous permet d'\u00eatre \u00e0 l'aise et d\u00e9tendu pendant votre voyage. Vous n'aurez pas \u00e0 faire face \u00e0 des bus bond\u00e9s ou \u00e0 des trajets en taxi inconfortables.<br \/>\n- Commodit\u00e9 : En ayant votre propre voiture de location, vous n'aurez pas \u00e0 attendre les transports en commun ou \u00e0 programmer vos activit\u00e9s en fonction de leurs horaires. Vous aurez ainsi plus de temps pour profiter de vos vacances.<\/p>\n<h3>Les inconv\u00e9nients de la location d'une voiture \u00e0 Cancun<\/h3>\n<p>- Circulation : Comme dans toute destination touristique populaire, la circulation peut \u00eatre dense \u00e0 Canc\u00fan, en particulier pendant la haute saison. Il est important de planifier \u00e0 l'avance et d'\u00e9viter les heures de pointe si possible.<br \/>\n- Stationnement : Il peut \u00eatre difficile de trouver un parking dans les quartiers populaires. Il est donc pr\u00e9f\u00e9rable de se renseigner \u00e0 l'avance sur les possibilit\u00e9s de stationnement.<br \/>\n- Lois sur la conduite : Il est essentiel de se familiariser avec le code de la route mexicain avant de prendre la route \u00e0 Cancun. Il s'agit notamment des limitations de vitesse, du port de la ceinture de s\u00e9curit\u00e9 et de la consommation d'alcool au volant.<\/p>\n<h4>Foire aux questions (FAQ)<\/h4>\n<p>Q : De quoi ai-je besoin pour louer une voiture \u00e0 Cancun ?<br \/>\nR : Pour louer une voiture \u00e0 Cancun, vous aurez besoin d'un permis de conduire valide de votre pays d'origine, d'un passeport ou d'une carte d'identit\u00e9, d'une carte de cr\u00e9dit pour le paiement et l'assurance.<\/p>\n<p>Q : Puis-je conduire ma voiture de location en dehors de Cancun ?<br \/>\nR : Oui, mais assurez-vous que l'entreprise aupr\u00e8s de laquelle vous louez un v\u00e9hicule l'autorise et souscrivez une assurance suppl\u00e9mentaire si n\u00e9cessaire.<\/p>\n<p>Q : Quel est l'\u00e2ge minimum pour louer une voiture \u00e0 Cancun ?<br \/>\nR : L'\u00e2ge minimum pour louer une voiture \u00e0 Cancun est de 21 ans, mais certaines compagnies peuvent exiger que les conducteurs aient au moins 25 ans.<\/p>\n<p>Q : Peut-on conduire en toute s\u00e9curit\u00e9 \u00e0 Cancun ?<br \/>\nR : Oui, \u00e0 condition de respecter le code de la route et de conduire de mani\u00e8re d\u00e9fensive. Il est \u00e9galement recommand\u00e9 d'\u00e9viter de conduire la nuit.<\/p>\n<h4>Conclusion<\/h4>\n<p><img loading=\"lazy\" decoding=\"async\" class=\"alignright\" src=\"\/wp-content\/uploads\/images\/rent_car_453.png\" alt=\"louer une voiture \u00e0 cancun\" width=\"350\" height=\"350\" \/><\/p>\n<p>Louer une voiture \u00e0 Cancun est la meilleure fa\u00e7on d'explorer cette belle ville et tout ce qu'elle a \u00e0 offrir. Avec rental-car.company, vous pouvez trouver des tarifs abordables, des emplacements pratiques et un excellent service \u00e0 la client\u00e8le. Pourquoi vous limiter alors que vous pouvez avoir la libert\u00e9 et la flexibilit\u00e9 de votre propre voiture de location ? R\u00e9servez votre voiture de location avec rental-car.company pour un voyage inoubliable \u00e0 Cancun.<\/p>\n<\/div>","protected":false},"excerpt":{"rendered":"<p>Why Renting a Car in Cancun is the Best Option for Your Trip Cancun is a popular destination for travelers looking to enjoy the sun, sand, and sea. With its beautiful beaches, crystal clear waters, and vibrant nightlife, it&#8217;s no wonder why millions of tourists flock to this Mexican paradise every year. And if you&#8217;re [&hellip;]<\/p>\n","protected":false},"author":1,"featured_media":4376,"parent":0,"menu_order":0,"comment_status":"closed","ping_status":"closed","template":"","meta":{"rs_blank_template":"","rs_page_bg_color":"","slide_template_v7":"","footnotes":""},"categories":[1],"tags":[],"class_list":["post-5393","page","type-page","status-publish","has-post-thumbnail","hentry","category-blog"],"_links":{"self":[{"href":"https:\/\/rental-car.company\/fr\/wp-json\/wp\/v2\/pages\/5393","targetHints":{"allow":["GET"]}}],"collection":[{"href":"https:\/\/rental-car.company\/fr\/wp-json\/wp\/v2\/pages"}],"about":[{"href":"https:\/\/rental-car.company\/fr\/wp-json\/wp\/v2\/types\/page"}],"author":[{"embeddable":true,"href":"https:\/\/rental-car.company\/fr\/wp-json\/wp\/v2\/users\/1"}],"replies":[{"embeddable":true,"href":"https:\/\/rental-car.company\/fr\/wp-json\/wp\/v2\/comments?post=5393"}],"version-history":[{"count":0,"href":"https:\/\/rental-car.company\/fr\/wp-json\/wp\/v2\/pages\/5393\/revisions"}],"wp:featuredmedia":[{"embeddable":true,"href":"https:\/\/rental-car.company\/fr\/wp-json\/wp\/v2\/media\/4376"}],"wp:attachment":[{"href":"https:\/\/rental-car.company\/fr\/wp-json\/wp\/v2\/media?parent=5393"}],"wp:term":[{"taxonomy":"category","embeddable":true,"href":"https:\/\/rental-car.company\/fr\/wp-json\/wp\/v2\/categories?post=5393"},{"taxonomy":"post_tag","embeddable":true,"href":"https:\/\/rental-car.company\/fr\/wp-json\/wp\/v2\/tags?post=5393"}],"curies":[{"name":"wp","href":"https:\/\/api.w.org\/{rel}","templated":true}]}}