{"id":5515,"date":"2024-08-17T19:05:18","date_gmt":"2024-08-17T19:05:18","guid":{"rendered":"https:\/\/rental-car.company\/?page_id=5515"},"modified":"2024-08-17T19:05:18","modified_gmt":"2024-08-17T19:05:18","slug":"entreprise-bogart-ga","status":"publish","type":"page","link":"https:\/\/rental-car.company\/fr\/entreprise-bogart-ga\/","title":{"rendered":"Enterprise Bogart GA : Votre destination ultime pour la location de voitures"},"content":{"rendered":"<div class=\"wpb-content-wrapper\"><h2>D\u00e9couvrez le meilleur de l'entreprise Bogart GA avec une voiture de location fiable<\/h2>\n<p>Vous cherchez un moyen fiable et pratique d'explorer la belle ville de Bogart, en G\u00e9orgie ? Ne cherchez pas plus loin qu'Enterprise Bogart GA - votre destination unique pour tous vos besoins en mati\u00e8re de location de voiture. Avec sa large gamme de v\u00e9hicules, son excellent service client et ses prix comp\u00e9titifs, Enterprise Bogart GA est au service des habitants et des touristes depuis sa cr\u00e9ation.<\/p>\n<p>Faisant partie de la soci\u00e9t\u00e9 mondiale de location de voitures Enterprise Rent-A-Car, cette succursale de Bogart se consacre \u00e0 fournir des services de premier ordre \u00e0 ses clients. Que vous soyez en ville pour les affaires ou pour les loisirs, louer une voiture chez Enterprise vous donnera la libert\u00e9 et la flexibilit\u00e9 de naviguer dans la ville \u00e0 votre propre rythme.<\/p>\n<div class=\"vc_row wpb_row vc_row-fluid\"><div class=\"wpb_column vc_column_container vc_col-sm-12\"><div class=\"vc_column-inner\"><div class=\"wpb_wrapper\">\n\t<div class=\"wpb_text_column wpb_content_element\" >\n\t\t<div class=\"wpb_wrapper\">\n\t\t\t<p><script id=\"dchwidget\" src=\"https:\/\/www.discovercars.com\/wg.js\" async=\"\" data-dev-env=\"com\" data-location=\"\" data-lang=\"en\" data-utm-source=\"malina\" data-utm-medium=\"widget\" data-aff-code=\"a_aid\" data-autocomplete=\"on\" data-style-submit-bg-color=\"00A200\" data-style-submit-font-color=\"white\" data-style-form-bg-color=\"FAD130\" data-style-form-font-color=\"333\" data-style-submit-text=\"Search now\"><\/script><\/p>\n\n\t\t<\/div>\n\t<\/div>\n<\/div><\/div><\/div><\/div>\n<p>&nbsp;<\/p>\n<h2>Discover Enterprise Bogart GA<\/h2>\n<p><img loading=\"lazy\" decoding=\"async\" class=\"alignleft\" src=\"\/wp-content\/uploads\/images\/rent_car_980.png\" alt=\"entreprise bogart ga\" width=\"350\" height=\"350\" \/><\/p>\n<p>Situ\u00e9 \u00e0 seulement 10 miles de l'a\u00e9roport d'Athens-Clarke County, Enterprise Bogart GA est id\u00e9alement situ\u00e9 pour les voyageurs arrivant par avion. L'agence propose une grande vari\u00e9t\u00e9 de v\u00e9hicules, notamment des berlines, des SUV, des fourgonnettes et des camions, tous bien entretenus et \u00e9quip\u00e9s de fonctions modernes telles que des syst\u00e8mes de navigation GPS. Il est donc facile pour vous de choisir le v\u00e9hicule id\u00e9al qui r\u00e9pond \u00e0 vos besoins sp\u00e9cifiques.<\/p>\n<p>En outre, leur personnel amical vous aidera \u00e0 s\u00e9lectionner le v\u00e9hicule ad\u00e9quat et vous fournira toutes les informations n\u00e9cessaires sur la couverture d'assurance et les services suppl\u00e9mentaires tels que l'assistance routi\u00e8re. De plus, gr\u00e2ce \u00e0 leurs options de r\u00e9servation flexibles - y compris les r\u00e9servations en ligne - louer une voiture chez Enterprise Bogart GA ne pourrait pas \u00eatre plus facile.<\/p>\n<h3>Mots-cl\u00e9s connexes : 'Services de location de voitures \u00e0 Enterprise Bogart GA'<\/h3>\n<p>Si vous avez l'intention de d\u00e9couvrir plus que le centre-ville de Bogart pendant votre s\u00e9jour en G\u00e9orgie,<br \/>\nLa location d'une voiture vaut vraiment la peine d'\u00eatre envisag\u00e9e. Avec une voiture de location abordable d'Enterprise,<br \/>\nVous pouvez facilement visiter les attractions voisines telles que Sandy Creek Park, Georgia Museum of Art, et<br \/>\nle zoo de Bear Hollow. Les possibilit\u00e9s sont infinies avec une voiture de location fiable \u00e0 votre disposition.<\/p>\n<h3>Mots-cl\u00e9s connexes : 'Enterprise Bogart GA Location'<\/h3>\n<p>L'agence Enterprise Bogart GA est id\u00e9alement situ\u00e9e pr\u00e8s de l'intersection de l'autoroute Atlanta et de l'US-78,<br \/>\nce qui le rend facilement accessible aux personnes venant des villes voisines. L'emplacement central<br \/>\nvous permet de prendre ou de d\u00e9poser votre voiture de location si vous s\u00e9journez dans l'un des h\u00f4tels situ\u00e9s \u00e0 proximit\u00e9.<br \/>\nDe plus, l'agence est ouverte sept jours sur sept, ce qui vous permet de prendre ou de rendre votre v\u00e9hicule \u00e0 l'heure qui vous convient le mieux.<\/p>\n<h3>Mots-cl\u00e9s li\u00e9s : 'Avantages de la location d'une voiture \u00e0 Enterprise Bogart GA'<\/h3>\n<h4>Pour<\/h4>\n<ul>\n<li>Situation id\u00e9ale \u00e0 proximit\u00e9 des grands axes routiers et de l'a\u00e9roport<\/li>\n<li>Un large choix de v\u00e9hicules bien entretenus<\/li>\n<li>Un personnel amical et comp\u00e9tent pr\u00eat \u00e0 vous aider<\/li>\n<li>Options de r\u00e9servation flexibles, y compris les r\u00e9servations en ligne<\/li>\n<li>Des prix abordables et des tarifs comp\u00e9titifs<\/li>\n<li>Services compl\u00e9mentaires tels que la couverture d'assurance et l'assistance routi\u00e8re disponibles<\/li>\n<\/ul>\n<h4>Cons<\/h4>\n<ul>\n<li>Aucun service de ramassage\/d\u00e9pose n'est disponible en dehors des heures d'ouverture (sauf arrangement pr\u00e9alable).<\/li>\n<li>Peu de places de parking dans l'agence (mais de nombreuses places de parking dans la rue \u00e0 proximit\u00e9).<\/i><\/p>\n<\/ul>\n<h4>Questions fr\u00e9quemment pos\u00e9es :<\/h4>\n<p><img loading=\"lazy\" decoding=\"async\" class=\"alignright\" src=\"\/wp-content\/uploads\/images\/rent_car_1424.png\" alt=\"entreprise bogart ga\" width=\"350\" height=\"350\" \/><\/p>\n<p><strong>Q : De quels documents ai-je besoin pour louer une voiture chez Enterprise Bogart GA ?<\/strong><br \/>\nR : Vous aurez besoin d'un permis de conduire valide, d'une carte de cr\u00e9dit et d'une preuve d'assurance (si vous n'achetez pas par l'interm\u00e9diaire d'Enterprise).<\/p>\n<p><strong>Q : Puis-je rendre ma voiture de location dans une autre agence Enterprise ?<\/strong><br \/>\nR : Oui, vous pouvez rendre votre voiture de location dans n'importe quelle agence Enterprise de l'\u00c9tat de G\u00e9orgie.<\/p>\n<p><strong>Q : Y a-t-il une limite d'\u00e2ge pour louer une voiture chez Enterprise Bogart GA ?<\/strong><br \/>\nR : Oui, l'\u00e2ge minimum requis est de 21 ans. Toutefois, des frais suppl\u00e9mentaires peuvent s'appliquer pour les conducteurs de moins de 25 ans.<\/p>\n<p>Avec ses excellents services et son emplacement pratique, Enterprise Bogart GA est le choix id\u00e9al pour tous ceux qui cherchent \u00e0 louer une voiture en G\u00e9orgie. Alors, pourquoi attendre ? R\u00e9servez votre voiture de location d\u00e8s aujourd'hui et commencez \u00e0 explorer tout ce que cette belle ville a \u00e0 offrir !<\/p>\n<\/div>","protected":false},"excerpt":{"rendered":"<p>Experience the Best of Enterprise Bogart GA with a Reliable Rental Car Looking for a reliable and convenient way to explore the beautiful city of Bogart, Georgia? Look no further than Enterprise Bogart GA \u2013 your one-stop destination for all your rental car needs. With its wide range of vehicles, excellent customer service, and competitive [&hellip;]<\/p>\n","protected":false},"author":1,"featured_media":5517,"parent":0,"menu_order":0,"comment_status":"closed","ping_status":"closed","template":"","meta":{"rs_blank_template":"","rs_page_bg_color":"","slide_template_v7":"","footnotes":""},"categories":[1],"tags":[],"class_list":["post-5515","page","type-page","status-publish","has-post-thumbnail","hentry","category-blog"],"_links":{"self":[{"href":"https:\/\/rental-car.company\/fr\/wp-json\/wp\/v2\/pages\/5515","targetHints":{"allow":["GET"]}}],"collection":[{"href":"https:\/\/rental-car.company\/fr\/wp-json\/wp\/v2\/pages"}],"about":[{"href":"https:\/\/rental-car.company\/fr\/wp-json\/wp\/v2\/types\/page"}],"author":[{"embeddable":true,"href":"https:\/\/rental-car.company\/fr\/wp-json\/wp\/v2\/users\/1"}],"replies":[{"embeddable":true,"href":"https:\/\/rental-car.company\/fr\/wp-json\/wp\/v2\/comments?post=5515"}],"version-history":[{"count":0,"href":"https:\/\/rental-car.company\/fr\/wp-json\/wp\/v2\/pages\/5515\/revisions"}],"wp:featuredmedia":[{"embeddable":true,"href":"https:\/\/rental-car.company\/fr\/wp-json\/wp\/v2\/media\/5517"}],"wp:attachment":[{"href":"https:\/\/rental-car.company\/fr\/wp-json\/wp\/v2\/media?parent=5515"}],"wp:term":[{"taxonomy":"category","embeddable":true,"href":"https:\/\/rental-car.company\/fr\/wp-json\/wp\/v2\/categories?post=5515"},{"taxonomy":"post_tag","embeddable":true,"href":"https:\/\/rental-car.company\/fr\/wp-json\/wp\/v2\/tags?post=5515"}],"curies":[{"name":"wp","href":"https:\/\/api.w.org\/{rel}","templated":true}]}}