{"id":5518,"date":"2024-08-17T20:05:19","date_gmt":"2024-08-17T20:05:19","guid":{"rendered":"https:\/\/rental-car.company\/?page_id=5518"},"modified":"2024-08-17T20:05:19","modified_gmt":"2024-08-17T20:05:19","slug":"entreprise-amherst-ny","status":"publish","type":"page","link":"https:\/\/rental-car.company\/fr\/entreprise-amherst-ny\/","title":{"rendered":"Enterprise Amherst NY : Le meilleur choix pour la location de voitures"},"content":{"rendered":"<div class=\"wpb-content-wrapper\"><h2>D\u00e9couvrez la commodit\u00e9 d'Enterprise Amherst NY<\/h2>\n<p>Vous pr\u00e9voyez un voyage \u00e0 Amherst, New York ? Vous avez besoin d'une voiture de location fiable et abordable pour vous d\u00e9placer dans la ville ? Ne cherchez pas plus loin qu'Enterprise Amherst NY. Cette soci\u00e9t\u00e9 de location de voitures de confiance fournit un service de qualit\u00e9 sup\u00e9rieure \u00e0 ses clients depuis des ann\u00e9es. Avec plusieurs agences dans la ville, Enterprise vous permet de louer facilement une voiture et d'explorer tout ce qu'Amherst a \u00e0 offrir.<\/p>\n<div class=\"vc_row wpb_row vc_row-fluid\"><div class=\"wpb_column vc_column_container vc_col-sm-12\"><div class=\"vc_column-inner\"><div class=\"wpb_wrapper\">\n\t<div class=\"wpb_text_column wpb_content_element\" >\n\t\t<div class=\"wpb_wrapper\">\n\t\t\t<p><script id=\"dchwidget\" src=\"https:\/\/www.discovercars.com\/wg.js\" async=\"\" data-dev-env=\"com\" data-location=\"\" data-lang=\"en\" data-utm-source=\"malina\" data-utm-medium=\"widget\" data-aff-code=\"a_aid\" data-autocomplete=\"on\" data-style-submit-bg-color=\"00A200\" data-style-submit-font-color=\"white\" data-style-form-bg-color=\"FAD130\" data-style-form-font-color=\"333\" data-style-submit-text=\"Search now\"><\/script><\/p>\n\n\t\t<\/div>\n\t<\/div>\n<\/div><\/div><\/div><\/div>\n<p>&nbsp;<\/p>\n<h2>D\u00e9couvrez l'entreprise Amherst NY<\/h2>\n<p><img loading=\"lazy\" decoding=\"async\" class=\"alignleft\" src=\"\/wp-content\/uploads\/images\/rent_car_1152.png\" alt=\"entreprise amherst ny\" width=\"350\" height=\"350\" \/><\/p>\n<p>Enterprise est connu pour son service client\u00e8le exceptionnel et son large choix de v\u00e9hicules. Que vous ayez besoin d'une voiture compacte pour voyager seul ou d'un SUV spacieux pour vos vacances en famille, Enterprise a tout ce qu'il vous faut. De plus, gr\u00e2ce \u00e0 son syst\u00e8me pratique de r\u00e9servation en ligne, il n'a jamais \u00e9t\u00e9 aussi facile de r\u00e9server une voiture de location \u00e0 l'avance.<\/p>\n<p>Chez Enterprise Amherst NY, vous pouvez choisir parmi une vari\u00e9t\u00e9 de v\u00e9hicules, y compris des berlines, des SUV, des camions et des voitures de luxe. Chaque v\u00e9hicule est bien entretenu et r\u00e9guli\u00e8rement r\u00e9vis\u00e9 pour assurer votre s\u00e9curit\u00e9 et votre confort sur la route. Et si vous rencontrez des probl\u00e8mes pendant votre p\u00e9riode de location, l'\u00e9quipe du service client\u00e8le est disponible 24 heures sur 24 et 7 jours sur 7 pour vous aider.<\/p>\n<h3>Les avantages de choisir Enterprise Amherst NY<\/h3>\n<p>- Large choix de v\u00e9hicules bien entretenus<br \/>\n- Syst\u00e8me de r\u00e9servation en ligne pratique<br \/>\n- Plusieurs sites \u00e0 Amherst<br \/>\n- Un service \u00e0 la client\u00e8le exceptionnel<\/p>\n<h3>Les inconv\u00e9nients du choix de l'entreprise Amherst NY<\/h3>\n<p>- Les prix peuvent \u00eatre l\u00e9g\u00e8rement plus \u00e9lev\u00e9s que ceux pratiqu\u00e9s par d'autres soci\u00e9t\u00e9s de location de voitures dans la r\u00e9gion.<\/p>\n<h4>Questions fr\u00e9quemment pos\u00e9es sur Enterprise Amherst NY<\/h4>\n<p><img loading=\"lazy\" decoding=\"async\" class=\"alignright\" src=\"\/wp-content\/uploads\/images\/rent_car_842.png\" alt=\"entreprise amherst ny\" width=\"350\" height=\"350\" \/><\/p>\n<p><strong>Q : Quels sont les modes de paiement accept\u00e9s par Enterprise ?<\/strong><br \/>\nR : Vous pouvez payer avec les principales cartes de cr\u00e9dit ou de d\u00e9bit \u00e0 Enterprise Amherst NY.<\/p>\n<p><strong>Q : Ai-je besoin d'une assurance pour louer une voiture aupr\u00e8s d'Enterprise ?<\/strong><br \/>\nR : Oui, vous devrez fournir une preuve d'assurance ou acheter le plan de protection optionnel au moment de la location.<\/p>\n<p><strong>Q : Puis-je rendre mon v\u00e9hicule de location en dehors des heures d'ouverture ?<\/strong><br \/>\nR : Oui, vous pouvez rendre votre voiture de location en dehors des heures d'ouverture en utilisant leur service de d\u00e9p\u00f4t pratique. Veillez simplement \u00e0 suivre les instructions fournies par l'agence.<\/p>\n<p><strong>Q : Y a-t-il une condition d'\u00e2ge pour louer une voiture chez Enterprise Amherst NY ?<\/strong><br \/>\nR : Oui, vous devez \u00eatre \u00e2g\u00e9 d'au moins 21 ans pour louer une voiture aupr\u00e8s d'Enterprise. Cependant, les conducteurs de moins de 25 ans peuvent \u00eatre soumis \u00e0 des frais de jeune conducteur.<\/p>\n<h2>Variante de \"entreprise amherst ny\".<\/h2>\n<p>Enterprise Amherst NY est \u00e9galement connu sous le nom d'Enterprise Rent-A-Car \u00e0 Amherst. Cette soci\u00e9t\u00e9 de location de voitures de confiance est souvent appel\u00e9e \"Enterprise\" ou \"Enterprise Amherst\" par les habitants et les visiteurs. Quelle que soit la fa\u00e7on dont vous l'appelez, une chose reste la m\u00eame : Enterprise Amherst NY est le meilleur choix pour vos besoins en mati\u00e8re de location de voitures dans la ville.<\/p>\n<p>Alors pourquoi attendre ? R\u00e9servez votre prochaine voiture de location aupr\u00e8s d'Enterprise Amherst NY et faites l'exp\u00e9rience de la commodit\u00e9, de la fiabilit\u00e9 et d'un service exceptionnel. Gr\u00e2ce \u00e0 leur large s\u00e9lection de v\u00e9hicules et \u00e0 leurs nombreuses agences dans toute la ville, votre voyage \u00e0 Amherst sera un jeu d'enfant. Visitez leur site Web d\u00e8s aujourd'hui ou passez \u00e0 l'une de leurs succursales pour r\u00e9server votre v\u00e9hicule d\u00e8s maintenant !<\/p>\n<\/div>","protected":false},"excerpt":{"rendered":"<p>Experience the Convenience of Enterprise Amherst NY Are you planning a trip to Amherst, New York? Do you need a reliable and affordable rental car to get around the city? Look no further than Enterprise Amherst NY. This trusted rental car company has been providing top-quality service to customers for years. With multiple locations throughout [&hellip;]<\/p>\n","protected":false},"author":1,"featured_media":4458,"parent":0,"menu_order":0,"comment_status":"closed","ping_status":"closed","template":"","meta":{"rs_blank_template":"","rs_page_bg_color":"","slide_template_v7":"","footnotes":""},"categories":[1],"tags":[],"class_list":["post-5518","page","type-page","status-publish","has-post-thumbnail","hentry","category-blog"],"_links":{"self":[{"href":"https:\/\/rental-car.company\/fr\/wp-json\/wp\/v2\/pages\/5518","targetHints":{"allow":["GET"]}}],"collection":[{"href":"https:\/\/rental-car.company\/fr\/wp-json\/wp\/v2\/pages"}],"about":[{"href":"https:\/\/rental-car.company\/fr\/wp-json\/wp\/v2\/types\/page"}],"author":[{"embeddable":true,"href":"https:\/\/rental-car.company\/fr\/wp-json\/wp\/v2\/users\/1"}],"replies":[{"embeddable":true,"href":"https:\/\/rental-car.company\/fr\/wp-json\/wp\/v2\/comments?post=5518"}],"version-history":[{"count":0,"href":"https:\/\/rental-car.company\/fr\/wp-json\/wp\/v2\/pages\/5518\/revisions"}],"wp:featuredmedia":[{"embeddable":true,"href":"https:\/\/rental-car.company\/fr\/wp-json\/wp\/v2\/media\/4458"}],"wp:attachment":[{"href":"https:\/\/rental-car.company\/fr\/wp-json\/wp\/v2\/media?parent=5518"}],"wp:term":[{"taxonomy":"category","embeddable":true,"href":"https:\/\/rental-car.company\/fr\/wp-json\/wp\/v2\/categories?post=5518"},{"taxonomy":"post_tag","embeddable":true,"href":"https:\/\/rental-car.company\/fr\/wp-json\/wp\/v2\/tags?post=5518"}],"curies":[{"name":"wp","href":"https:\/\/api.w.org\/{rel}","templated":true}]}}