{"id":5622,"date":"2024-08-18T19:05:47","date_gmt":"2024-08-18T19:05:47","guid":{"rendered":"https:\/\/rental-car.company\/?page_id=5622"},"modified":"2024-08-18T19:05:47","modified_gmt":"2024-08-18T19:05:47","slug":"location-de-voiture-aeroport-tulsa","status":"publish","type":"page","link":"https:\/\/rental-car.company\/fr\/location-de-voiture-aeroport-tulsa\/","title":{"rendered":"Location de voiture \u00e0 l'a\u00e9roport de Tulsa - Votre guide pour un voyage sans souci"},"content":{"rendered":"<div class=\"wpb-content-wrapper\"><h2>La location d'une voiture \u00e0 l'a\u00e9roport de Tulsa est une exp\u00e9rience pratique.<\/h2>\n<p>Voyager peut \u00eatre une exp\u00e9rience stressante, surtout lorsqu'il s'agit de transport. Des transports publics bond\u00e9s aux taxis co\u00fbteux, se d\u00e9placer dans une nouvelle ville peut \u00eatre une t\u00e2che d\u00e9courageante. C'est l\u00e0 que la location de voiture \u00e0 l'a\u00e9roport de Tulsa entre en jeu. Avec son emplacement pratique et ses services de premier ordre, la location d'une voiture \u00e0 l'a\u00e9roport international de Tulsa est la solution parfaite pour tous vos besoins de voyage.<\/p>\n<div class=\"vc_row wpb_row vc_row-fluid\"><div class=\"wpb_column vc_column_container vc_col-sm-12\"><div class=\"vc_column-inner\"><div class=\"wpb_wrapper\">\n\t<div class=\"wpb_text_column wpb_content_element\" >\n\t\t<div class=\"wpb_wrapper\">\n\t\t\t<p><script id=\"dchwidget\" src=\"https:\/\/www.discovercars.com\/wg.js\" async=\"\" data-dev-env=\"com\" data-location=\"\" data-lang=\"en\" data-utm-source=\"malina\" data-utm-medium=\"widget\" data-aff-code=\"a_aid\" data-autocomplete=\"on\" data-style-submit-bg-color=\"00A200\" data-style-submit-font-color=\"white\" data-style-form-bg-color=\"FAD130\" data-style-form-font-color=\"333\" data-style-submit-text=\"Search now\"><\/script><\/p>\n\n\t\t<\/div>\n\t<\/div>\n<\/div><\/div><\/div><\/div>\n<p>&nbsp;<\/p>\n<h2>Discover Rental Car Tulsa Airport<\/h2>\n<p><img loading=\"lazy\" decoding=\"async\" class=\"alignleft\" src=\"\/wp-content\/uploads\/images\/rent_car_284.png\" alt=\"location de voiture a\u00e9roport tulsa\" width=\"350\" height=\"350\" \/><\/p>\n<p>Chez rental-car.company, nous comprenons l'importance d'un voyage sans tracas. C'est pourquoi nous proposons une large gamme de voitures de location \u00e0 des prix comp\u00e9titifs \u00e0 l'a\u00e9roport de Tulsa. Plus besoin de perdre du temps et de l'\u00e9nergie \u00e0 chercher des options de transport - il vous suffit de sortir du terminal et de monter dans votre voiture de location.<\/p>\n<h3>Emplacement pratique<\/h3>\n<p>Notre soci\u00e9t\u00e9 de location de voitures est situ\u00e9e \u00e0 quelques minutes seulement du terminal principal de l'a\u00e9roport international de Tulsa. Cela signifie que vous n'aurez pas \u00e0 faire de longues files d'attente ou \u00e0 utiliser des services de navette pour acc\u00e9der \u00e0 votre voiture. Il vous suffit de r\u00e9cup\u00e9rer vos bagages, de vous rendre \u00e0 notre bureau et de commencer votre voyage sans aucun retard.<\/p>\n<h3>Large choix de v\u00e9hicules<\/h3>\n<p>Nous comprenons que chaque voyageur a des besoins diff\u00e9rents en mati\u00e8re de transport. C'est pourquoi nous proposons une vari\u00e9t\u00e9 de v\u00e9hicules allant des voitures compactes pour les voyageurs solitaires aux SUV spacieux pour les familles ou les groupes plus importants. Toutes nos voitures sont bien entretenues et \u00e9quip\u00e9es de fonctions modernes telles que la navigation GPS et la climatisation pour une conduite confortable.<\/p>\n<h3>Prix abordables<\/h3>\n<p>Nous pensons qu'un service de qualit\u00e9 ne doit pas avoir un prix exorbitant. Nos tarifs comp\u00e9titifs font de nous l'une des options les plus abordables pour la location de voitures \u00e0 l'a\u00e9roport de Tulsa. De plus, nous proposons des r\u00e9ductions et des offres sp\u00e9ciales tout au long de l'ann\u00e9e afin que vous puissiez \u00e9conomiser encore plus sur vos frais de voyage.<\/p>\n<h4>Avantages \/ inconv\u00e9nients<\/h4>\n<p>Pour :<br \/>\n- Situation id\u00e9ale \u00e0 l'a\u00e9roport international de Tulsa<br \/>\n- Large choix de v\u00e9hicules bien entretenus<br \/>\n- Prix abordables et remises disponibles<br \/>\n- Processus de r\u00e9servation sans probl\u00e8me<\/p>\n<p>Cons :<br \/>\n- Heures de bureau limit\u00e9es (8h - 22h)<br \/>\n- Frais suppl\u00e9mentaires pour les conducteurs de moins de 25 ans<\/p>\n<h4>FAQ<\/h4>\n<p><img loading=\"lazy\" decoding=\"async\" class=\"alignright\" src=\"\/wp-content\/uploads\/images\/rent_car_430.png\" alt=\"location de voiture a\u00e9roport tulsa\" width=\"350\" height=\"350\" \/><\/p>\n<p>Q : Ai-je besoin d'une carte de cr\u00e9dit pour louer une voiture \u00e0 l'a\u00e9roport de Tulsa ?<br \/>\nR : Oui, une carte de cr\u00e9dit majeure est requise pour le d\u00e9p\u00f4t de garantie.<\/p>\n<p>Q : Y a-t-il des frais suppl\u00e9mentaires pour le retour de la voiture \u00e0 un autre endroit ?<br \/>\nR : Oui, il peut y avoir un suppl\u00e9ment pour les locations aller simple. Veuillez vous renseigner aupr\u00e8s de notre personnel pour plus d'informations.<\/p>\n<p>Q\u00a0: Puis-je ajouter un conducteur suppl\u00e9mentaire \u00e0 ma voiture de location\u00a0?<br \/>\nR : Oui, vous pouvez ajouter un ou plusieurs conducteurs suppl\u00e9mentaires pour une somme modique. Assurez-vous simplement qu'ils r\u00e9pondent \u00e0 nos crit\u00e8res d'\u00e2ge et de permis de conduire.<\/p>\n<p>En conclusion, louer une voiture \u00e0 l'a\u00e9roport de Tulsa avec rental-car.company est le moyen le plus pratique et le plus rentable d'explorer la ville. Avec notre large s\u00e9lection de v\u00e9hicules, nos prix abordables et nos services sans tracas, nous nous effor\u00e7ons de rendre votre exp\u00e9rience de voyage aussi agr\u00e9able que possible. R\u00e9servez votre voiture de location d\u00e8s aujourd'hui et voyagez sans stress !<\/p>\n<\/div>","protected":false},"excerpt":{"rendered":"<p>Experience Convenience with Rental Car Tulsa Airport Traveling can be a stressful experience, especially when it comes to transportation. From crowded public transport to expensive taxis, getting around in a new city can be a daunting task. That&#8217;s where rental car tulsa airport comes in. With its convenient location and top-notch services, renting a car [&hellip;]<\/p>\n","protected":false},"author":1,"featured_media":3336,"parent":0,"menu_order":0,"comment_status":"closed","ping_status":"closed","template":"","meta":{"rs_blank_template":"","rs_page_bg_color":"","slide_template_v7":"","footnotes":""},"categories":[1],"tags":[],"class_list":["post-5622","page","type-page","status-publish","has-post-thumbnail","hentry","category-blog"],"_links":{"self":[{"href":"https:\/\/rental-car.company\/fr\/wp-json\/wp\/v2\/pages\/5622","targetHints":{"allow":["GET"]}}],"collection":[{"href":"https:\/\/rental-car.company\/fr\/wp-json\/wp\/v2\/pages"}],"about":[{"href":"https:\/\/rental-car.company\/fr\/wp-json\/wp\/v2\/types\/page"}],"author":[{"embeddable":true,"href":"https:\/\/rental-car.company\/fr\/wp-json\/wp\/v2\/users\/1"}],"replies":[{"embeddable":true,"href":"https:\/\/rental-car.company\/fr\/wp-json\/wp\/v2\/comments?post=5622"}],"version-history":[{"count":0,"href":"https:\/\/rental-car.company\/fr\/wp-json\/wp\/v2\/pages\/5622\/revisions"}],"wp:featuredmedia":[{"embeddable":true,"href":"https:\/\/rental-car.company\/fr\/wp-json\/wp\/v2\/media\/3336"}],"wp:attachment":[{"href":"https:\/\/rental-car.company\/fr\/wp-json\/wp\/v2\/media?parent=5622"}],"wp:term":[{"taxonomy":"category","embeddable":true,"href":"https:\/\/rental-car.company\/fr\/wp-json\/wp\/v2\/categories?post=5622"},{"taxonomy":"post_tag","embeddable":true,"href":"https:\/\/rental-car.company\/fr\/wp-json\/wp\/v2\/tags?post=5622"}],"curies":[{"name":"wp","href":"https:\/\/api.w.org\/{rel}","templated":true}]}}