{"id":5845,"date":"2024-08-20T19:05:20","date_gmt":"2024-08-20T19:05:20","guid":{"rendered":"https:\/\/rental-car.company\/?page_id=5845"},"modified":"2024-08-20T19:05:20","modified_gmt":"2024-08-20T19:05:20","slug":"puis-je-emmener-une-voiture-de-location-au-mexique","status":"publish","type":"page","link":"https:\/\/rental-car.company\/fr\/puis-je-emmener-une-voiture-de-location-au-mexique\/","title":{"rendered":"Puis-je prendre une voiture de location au Mexique - Tout ce que vous devez savoir"},"content":{"rendered":"<div class=\"wpb-content-wrapper\"><div class=\"vc_row wpb_row vc_row-fluid\"><div class=\"wpb_column vc_column_container vc_col-sm-12\"><div class=\"vc_column-inner\"><div class=\"wpb_wrapper\">\n\t<div class=\"wpb_text_column wpb_content_element\" >\n\t\t<div class=\"wpb_wrapper\">\n\t\t\t<p><script id=\"dchwidget\" src=\"https:\/\/www.discovercars.com\/wg.js\" async=\"\" data-dev-env=\"com\" data-location=\"\" data-lang=\"en\" data-utm-source=\"malina\" data-utm-medium=\"widget\" data-aff-code=\"a_aid\" data-autocomplete=\"on\" data-style-submit-bg-color=\"00A200\" data-style-submit-font-color=\"white\" data-style-form-bg-color=\"FAD130\" data-style-form-font-color=\"333\" data-style-submit-text=\"Search now\"><\/script><\/p>\n\n\t\t<\/div>\n\t<\/div>\n<\/div><\/div><\/div><\/div>\n<p>&nbsp;<\/p>\n<h2>Puis-je louer une voiture pour me rendre au Mexique ?<\/h2>\n<p><img loading=\"lazy\" decoding=\"async\" class=\"alignleft\" src=\"\/wp-content\/uploads\/images\/rent_car_580.png\" alt=\"Puis-je emmener une voiture de location au Mexique ?\" width=\"350\" height=\"350\" \/><\/p>\n<h3>Il est possible de louer une voiture pour voyager au Mexique, mais il existe certaines exigences et restrictions que vous devez conna\u00eetre. Voici ce que vous devez savoir avant d'emmener une voiture de location au Mexique.<\/h3>\n<h3>Exigences relatives \u00e0 l'utilisation d'un v\u00e9hicule de location au Mexique<\/h3>\n<p>Si vous envisagez d'emmener votre voiture de location des \u00c9tats-Unis au Mexique, vous devez remplir certaines conditions. Ces conditions sont les suivantes :<\/p>\n<ul>\n<li>Un permis de conduire valide<\/li>\n<li>Une carte de cr\u00e9dit majeure au nom du locataire<\/li>\n<li>Preuve d'assurance pour la conduite au Mexique (plus d'informations \u00e0 ce sujet ult\u00e9rieurement)<\/li>\n<li>Un contrat de location sign\u00e9 par la soci\u00e9t\u00e9 de location de voitures<\/li>\n<li>Un visa ou un permis de tourisme pour un s\u00e9jour de plus de sept jours<\/li>\n<\/ul>\n<p>Veuillez noter que ces exigences peuvent varier en fonction de la soci\u00e9t\u00e9 de location de voitures et de ses politiques.<\/p>\n<h4>Avantages et inconv\u00e9nients de la location d'une voiture au Mexique<\/h4>\n<p><strong>Pour :<\/strong><\/p>\n<ul>\n<li>Flexibilit\u00e9 : le fait d'avoir votre propre v\u00e9hicule vous donne plus de libert\u00e9 pour explorer diff\u00e9rentes r\u00e9gions \u00e0 votre propre rythme.<\/li>\n<li>Familiarit\u00e9 : Si vous avez l'habitude de conduire aux \u00c9tats-Unis, le fait d'avoir votre propre voiture peut faciliter la navigation sur les routes mexicaines.<\/li>\n<li>Transport moins cher : En fonction de vos projets de voyage, la location d'une voiture peut s'av\u00e9rer plus rentable que l'utilisation d'autres modes de transport tels que les taxis ou les transports publics.<\/li>\n<li>\u00c9conomies potentielles sur l'assurance : Si vous \u00eates d\u00e9j\u00e0 couvert par votre police d'assurance automobile personnelle ou par la soci\u00e9t\u00e9 \u00e9mettrice de votre carte de cr\u00e9dit, cela peut vous permettre d'\u00e9conomiser de l'argent sur une couverture d'assurance suppl\u00e9mentaire.<\/li>\n<\/ul>\n<p><strong>Cons :<\/strong><\/p>\n<ul>\n<li>Frais suppl\u00e9mentaires : Certaines soci\u00e9t\u00e9s de location de voitures peuvent facturer des frais suppl\u00e9mentaires pour l'entr\u00e9e du v\u00e9hicule au Mexique, tels que des frais de passage de fronti\u00e8re.<\/li>\n<li>Barri\u00e8res linguistiques potentielles : Si vous ne parlez pas espagnol, il vous sera peut-\u00eatre plus difficile de vous frayer un chemin sur les routes mexicaines et de communiquer avec les autorit\u00e9s locales.<\/li>\n<li>Exigences en mati\u00e8re d'assurance : Comme nous l'avons d\u00e9j\u00e0 mentionn\u00e9, vous devez fournir une preuve d'assurance pour conduire au Mexique. Cela peut repr\u00e9senter une d\u00e9pense suppl\u00e9mentaire et une difficult\u00e9 suppl\u00e9mentaire \u00e0 obtenir.<\/li>\n<li>\u00c9tat des routes : L'\u00e9tat des routes au Mexique peut varier et ne pas \u00eatre aussi bien entretenu qu'aux \u00c9tats-Unis. Cela peut rendre la conduite plus difficile et augmenter le risque d'accidents ou de dommages \u00e0 la voiture.<\/li>\n<\/ul>\n<h3>Questions fr\u00e9quemment pos\u00e9es sur la location d'un v\u00e9hicule au Mexique<\/h3>\n<h4>1. Ai-je besoin d'une assurance sp\u00e9ciale pour conduire ma voiture de location au Mexique ?<\/h4>\n<p>Oui, vous devrez souscrire une assurance compl\u00e9mentaire sp\u00e9cifique pour la conduite au Mexique. La loi l'exige et vous ne pouvez pas y renoncer, m\u00eame si votre police d'assurance automobile personnelle ou votre soci\u00e9t\u00e9 de carte de cr\u00e9dit offre une couverture pour les voyages internationaux.<\/p>\n<h4>2. Puis-je prendre une voiture de location de n'importe quel endroit des \u00c9tats-Unis pour me rendre au Mexique ?<\/h4>\n<p>Non, certaines soci\u00e9t\u00e9s de location de voitures imposent des restrictions \u00e0 l'entr\u00e9e de leurs v\u00e9hicules dans certains pays ou r\u00e9gions. V\u00e9rifiez au pr\u00e9alable aupr\u00e8s de votre soci\u00e9t\u00e9 de location de voitures si elle autorise l'entr\u00e9e de ses v\u00e9hicules au Mexique.<\/p>\n<h4>3. Que se passe-t-il si j'ai un accident au volant de ma voiture de location au Mexique ?<\/h4>\n<p>Si vous avez souscrit l'assurance n\u00e9cessaire, celle-ci devrait couvrir les dommages et les responsabilit\u00e9s r\u00e9sultant d'un accident survenu pendant que vous conduisez au Mexique. Toutefois, il est important de signaler imm\u00e9diatement tout accident aux autorit\u00e9s locales et \u00e0 la soci\u00e9t\u00e9 de location de voitures.<\/p>\n<h4>4. Est-il prudent de conduire une voiture de location au Mexique ?<\/h4>\n<p>Bien que la conduite au Mexique puisse pr\u00e9senter des difficult\u00e9s, elle est g\u00e9n\u00e9ralement s\u00fbre \u00e0 condition de respecter le code de la route et de prendre les pr\u00e9cautions n\u00e9cessaires. Veillez \u00e0 bien vous renseigner sur les r\u00e9gions que vous comptez visiter et \u00e0 toujours faire preuve de prudence lorsque vous conduisez.<\/p>\n<h4>5. Puis-je faire passer la fronti\u00e8re \u00e0 d'autres pays avec la voiture de location ?<\/h4>\n<p><img loading=\"lazy\" decoding=\"async\" class=\"alignright\" src=\"\/wp-content\/uploads\/images\/rent_car_230.png\" alt=\"Puis-je emmener une voiture de location au Mexique ?\" width=\"350\" height=\"350\" \/><\/p>\n<p>Cela d\u00e9pend de la politique et des restrictions de l'entreprise de location de voitures. Certaines autorisent le transport de leurs voitures dans d'autres pays, d'autres non.<\/p>\n<h3>En conclusion<\/h3>\n<p>La location d'une voiture au Mexique peut constituer un moyen de transport pratique et flexible pour vos d\u00e9placements. Cependant, il est important de conna\u00eetre les exigences, les frais potentiels et la couverture d'assurance n\u00e9cessaire avant d'entreprendre votre voyage. Faites toujours vos recherches et planifiez en cons\u00e9quence pour que votre exp\u00e9rience soit agr\u00e9able et sans encombre.<\/p>\n<\/div>","protected":false},"excerpt":{"rendered":"<p>&nbsp; Can I Rent a Car and Travel to Mexico? Renting a car for travel in Mexico is possible, but there are certain requirements and restrictions that you need to be aware of. Here&#8217;s what you need to know before taking a rental car into Mexico. Requirements for Taking a Rental Car to Mexico If [&hellip;]<\/p>\n","protected":false},"author":1,"featured_media":5328,"parent":0,"menu_order":0,"comment_status":"closed","ping_status":"closed","template":"","meta":{"rs_blank_template":"","rs_page_bg_color":"","slide_template_v7":"","footnotes":""},"categories":[1],"tags":[],"class_list":["post-5845","page","type-page","status-publish","has-post-thumbnail","hentry","category-blog"],"_links":{"self":[{"href":"https:\/\/rental-car.company\/fr\/wp-json\/wp\/v2\/pages\/5845","targetHints":{"allow":["GET"]}}],"collection":[{"href":"https:\/\/rental-car.company\/fr\/wp-json\/wp\/v2\/pages"}],"about":[{"href":"https:\/\/rental-car.company\/fr\/wp-json\/wp\/v2\/types\/page"}],"author":[{"embeddable":true,"href":"https:\/\/rental-car.company\/fr\/wp-json\/wp\/v2\/users\/1"}],"replies":[{"embeddable":true,"href":"https:\/\/rental-car.company\/fr\/wp-json\/wp\/v2\/comments?post=5845"}],"version-history":[{"count":0,"href":"https:\/\/rental-car.company\/fr\/wp-json\/wp\/v2\/pages\/5845\/revisions"}],"wp:featuredmedia":[{"embeddable":true,"href":"https:\/\/rental-car.company\/fr\/wp-json\/wp\/v2\/media\/5328"}],"wp:attachment":[{"href":"https:\/\/rental-car.company\/fr\/wp-json\/wp\/v2\/media?parent=5845"}],"wp:term":[{"taxonomy":"category","embeddable":true,"href":"https:\/\/rental-car.company\/fr\/wp-json\/wp\/v2\/categories?post=5845"},{"taxonomy":"post_tag","embeddable":true,"href":"https:\/\/rental-car.company\/fr\/wp-json\/wp\/v2\/tags?post=5845"}],"curies":[{"name":"wp","href":"https:\/\/api.w.org\/{rel}","templated":true}]}}