{"id":6143,"date":"2024-08-23T13:05:18","date_gmt":"2024-08-23T13:05:18","guid":{"rendered":"https:\/\/rental-car.company\/?page_id=6143"},"modified":"2024-08-23T13:05:18","modified_gmt":"2024-08-23T13:05:18","slug":"quel-age-faut-il-avoir-pour-louer-une-voiture-en-pennsylvanie","status":"publish","type":"page","link":"https:\/\/rental-car.company\/fr\/quel-age-faut-il-avoir-pour-louer-une-voiture-en-pennsylvanie\/","title":{"rendered":"Quel \u00e2ge faut-il avoir pour louer une voiture en Pennsylvanie - Introduction"},"content":{"rendered":"<div class=\"wpb-content-wrapper\"><p>Vous pr\u00e9voyez un voyage en Pennsylvanie et vous vous demandez si vous avez l'\u00e2ge requis pour louer une voiture ? La r\u00e9ponse est oui, mais il y a quelques points importants \u00e0 garder \u00e0 l'esprit. Chaque \u00c9tat a ses propres lois et r\u00e9glementations en mati\u00e8re de location de voitures, et la Pennsylvanie ne fait pas exception \u00e0 la r\u00e8gle. Dans cet article, nous examinerons l'\u00e2ge minimum requis pour louer une voiture en Pennsylvanie et nous donnerons des conseils utiles \u00e0 ceux qui souhaitent louer une voiture dans cet \u00c9tat.<\/p>\n<h2>Variante de \"Quel \u00e2ge faut-il avoir pour louer une voiture en Pennsylvanie\" ?<\/h2>\n<p>\u00c2ge minimum requis pour louer une voiture en Pennsylvanie<\/p>\n<div class=\"vc_row wpb_row vc_row-fluid\"><div class=\"wpb_column vc_column_container vc_col-sm-12\"><div class=\"vc_column-inner\"><div class=\"wpb_wrapper\">\n\t<div class=\"wpb_text_column wpb_content_element\" >\n\t\t<div class=\"wpb_wrapper\">\n\t\t\t<p><script id=\"dchwidget\" src=\"https:\/\/www.discovercars.com\/wg.js\" async=\"\" data-dev-env=\"com\" data-location=\"\" data-lang=\"en\" data-utm-source=\"malina\" data-utm-medium=\"widget\" data-aff-code=\"a_aid\" data-autocomplete=\"on\" data-style-submit-bg-color=\"00A200\" data-style-submit-font-color=\"white\" data-style-form-bg-color=\"FAD130\" data-style-form-font-color=\"333\" data-style-submit-text=\"Search now\"><\/script><\/p>\n\n\t\t<\/div>\n\t<\/div>\n<\/div><\/div><\/div><\/div>\n<p>&nbsp;<\/p>\n<h2>D\u00e9couvrez Quel \u00e2ge faut-il avoir pour louer une voiture en Pennsylvanie ?<\/h2>\n<p><img loading=\"lazy\" decoding=\"async\" class=\"alignleft\" src=\"\/wp-content\/uploads\/images\/rent_car_583.png\" alt=\"Quel \u00e2ge faut-il avoir pour louer une voiture en Pennsylvanie ?\" width=\"350\" height=\"350\" \/><\/p>\n<p>L'\u00e2ge minimum requis pour louer une voiture en Pennsylvanie est de 21 ans. Cette r\u00e8gle s'applique \u00e0 toutes les agences de location de l'\u00c9tat. Toutefois, les conducteurs \u00e2g\u00e9s de 18 \u00e0 20 ans peuvent toujours louer une voiture moyennant un suppl\u00e9ment et certaines restrictions.<\/p>\n<p>Les conducteurs \u00e2g\u00e9s de 21 \u00e0 24 ans peuvent \u00e9galement se voir imposer un suppl\u00e9ment pour conducteur mineur par certaines soci\u00e9t\u00e9s de location. Ces frais varient en fonction de l'entreprise et peuvent aller de $10 \u00e0 $25 par jour. Il est important de v\u00e9rifier aupr\u00e8s de votre agence de location avant d'effectuer votre r\u00e9servation.<\/p>\n<h3>Exigences en mati\u00e8re de location pour les conducteurs de moins de 25 ans<\/h3>\n<p>Comme indiqu\u00e9 pr\u00e9c\u00e9demment, les conducteurs \u00e2g\u00e9s de 18 \u00e0 20 ans peuvent encore louer une voiture en Pennsylvanie, sous r\u00e9serve de certaines restrictions. Ces conducteurs doivent \u00eatre titulaires de leur permis depuis au moins un an et doivent \u00e9galement pr\u00e9senter deux pi\u00e8ces d'identit\u00e9, telles que leur permis de conduire ou leur passeport.<\/p>\n<p>En outre, ces conducteurs ne pourront louer que certains types de voitures, comme les voitures \u00e9conomiques ou compactes. Ils ne pourront pas louer de v\u00e9hicules de luxe ou de SUV. Cela s'explique par le fait que les jeunes conducteurs pr\u00e9sentent un risque d'assurance plus \u00e9lev\u00e9.<\/p>\n<h3>Avantages et inconv\u00e9nients<\/h3>\n<p>Pour :<br \/>\n- L'\u00e2ge minimum requis en Pennsylvanie est inf\u00e9rieur \u00e0 celui de certains autres \u00c9tats, ce qui permet \u00e0 un plus grand nombre de jeunes adultes de louer une voiture.<br \/>\n- La location d'une voiture peut apporter commodit\u00e9 et flexibilit\u00e9 aux voyageurs, en particulier dans les r\u00e9gions o\u00f9 les transports publics sont limit\u00e9s.<\/p>\n<p>Cons :<br \/>\n- Les suppl\u00e9ments pour conducteurs mineurs peuvent s'accumuler rapidement et rendre la location d'une voiture plus on\u00e9reuse pour les moins de 25 ans.<br \/>\n- Certaines soci\u00e9t\u00e9s de location peuvent avoir des politiques plus strictes pour les conducteurs de moins de 25 ans, en limitant par exemple les types de v\u00e9hicules qu'ils peuvent louer.<\/p>\n<h4>FAQ<\/h4>\n<p><img loading=\"lazy\" decoding=\"async\" class=\"alignright\" src=\"\/wp-content\/uploads\/images\/rent_car_188.png\" alt=\"Quel \u00e2ge faut-il avoir pour louer une voiture en Pennsylvanie ?\" width=\"350\" height=\"350\" \/><\/p>\n<p>Q : Puis-je louer une voiture en Pennsylvanie si j'ai moins de 21 ans ?<br \/>\nR : Oui, mais il y aura des frais suppl\u00e9mentaires et des restrictions pour les conducteurs \u00e2g\u00e9s de 18 \u00e0 20 ans.<\/p>\n<p>Q : Toutes les agences de location de Pennsylvanie ont-elles le m\u00eame \u00e2ge minimum requis ?<br \/>\nR : Oui, toutes les soci\u00e9t\u00e9s de location de Pennsylvanie exigent que les locataires aient au moins 21 ans. Cependant, certaines peuvent avoir des politiques diff\u00e9rentes pour les conducteurs de moins de 25 ans.<\/p>\n<p>Q : Existe-t-il des conditions suppl\u00e9mentaires pour louer une voiture en tant que conducteur mineur ?<br \/>\nR : Oui, les conducteurs mineurs doivent \u00eatre titulaires de leur permis depuis au moins un an et pr\u00e9senter deux pi\u00e8ces d'identit\u00e9 lorsqu'ils louent une voiture.<\/p>\n<p>En conclusion, l'\u00e2ge minimum requis pour louer une voiture en Pennsylvanie est de 21 ans. Bien que cela puisse sembler restrictif pour certains jeunes voyageurs, il est important de se rappeler que ces politiques sont mises en place pour assurer la s\u00e9curit\u00e9 sur les routes. Si vous avez moins de 25 ans et que vous souhaitez louer une voiture en Pennsylvanie, renseignez-vous aupr\u00e8s de votre agence de location sur ses politiques et ses tarifs. Avec une bonne planification et une bonne compr\u00e9hension de la r\u00e9glementation, vous pouvez toujours profiter de la commodit\u00e9 de la location d'une voiture tout en explorant tout ce que la Pennsylvanie a \u00e0 offrir.<\/p>\n<\/div>","protected":false},"excerpt":{"rendered":"<p>Are you planning a trip to Pennsylvania and wondering if you are old enough to rent a car? The answer is yes, but there are some important things to keep in mind. Each state has its own laws and regulations when it comes to renting a car, and Pennsylvania is no exception. In this article, [&hellip;]<\/p>\n","protected":false},"author":1,"featured_media":6145,"parent":0,"menu_order":0,"comment_status":"closed","ping_status":"closed","template":"","meta":{"rs_blank_template":"","rs_page_bg_color":"","slide_template_v7":"","footnotes":""},"categories":[1],"tags":[],"class_list":["post-6143","page","type-page","status-publish","has-post-thumbnail","hentry","category-blog"],"_links":{"self":[{"href":"https:\/\/rental-car.company\/fr\/wp-json\/wp\/v2\/pages\/6143","targetHints":{"allow":["GET"]}}],"collection":[{"href":"https:\/\/rental-car.company\/fr\/wp-json\/wp\/v2\/pages"}],"about":[{"href":"https:\/\/rental-car.company\/fr\/wp-json\/wp\/v2\/types\/page"}],"author":[{"embeddable":true,"href":"https:\/\/rental-car.company\/fr\/wp-json\/wp\/v2\/users\/1"}],"replies":[{"embeddable":true,"href":"https:\/\/rental-car.company\/fr\/wp-json\/wp\/v2\/comments?post=6143"}],"version-history":[{"count":0,"href":"https:\/\/rental-car.company\/fr\/wp-json\/wp\/v2\/pages\/6143\/revisions"}],"wp:featuredmedia":[{"embeddable":true,"href":"https:\/\/rental-car.company\/fr\/wp-json\/wp\/v2\/media\/6145"}],"wp:attachment":[{"href":"https:\/\/rental-car.company\/fr\/wp-json\/wp\/v2\/media?parent=6143"}],"wp:term":[{"taxonomy":"category","embeddable":true,"href":"https:\/\/rental-car.company\/fr\/wp-json\/wp\/v2\/categories?post=6143"},{"taxonomy":"post_tag","embeddable":true,"href":"https:\/\/rental-car.company\/fr\/wp-json\/wp\/v2\/tags?post=6143"}],"curies":[{"name":"wp","href":"https:\/\/api.w.org\/{rel}","templated":true}]}}