{"id":6180,"date":"2024-08-23T22:05:44","date_gmt":"2024-08-23T22:05:44","guid":{"rendered":"https:\/\/rental-car.company\/?page_id=6180"},"modified":"2024-08-23T22:05:44","modified_gmt":"2024-08-23T22:05:44","slug":"location-de-voiture-rapid-city-sd","status":"publish","type":"page","link":"https:\/\/rental-car.company\/fr\/location-de-voiture-rapid-city-sd\/","title":{"rendered":"Location de voiture Rapid City SD - Explorer le Dakota du Sud en toute simplicit\u00e9"},"content":{"rendered":"<div class=\"wpb-content-wrapper\"><h2>D\u00e9couvrez la commodit\u00e9 de la location de voitures \u00e0 Rapid City, Dakota du Sud<\/h2>\n<p>Lorsque vous planifiez un voyage dans le Dakota du Sud, l'une des premi\u00e8res choses \u00e0 prendre en compte est la fa\u00e7on dont vous vous d\u00e9placerez. Bien qu'il existe plusieurs options de transport, la location d'une voiture \u00e0 Rapid City, SD, est souvent le choix le plus pratique et le plus rentable. Avec de nombreuses soci\u00e9t\u00e9s de location de voitures situ\u00e9es dans et autour de la ville, les visiteurs ont l'embarras du choix.<\/p>\n<h3>Les avantages de la location d'une voiture \u00e0 Rapid City<\/h3>\n<p>Louer une voiture \u00e0 Rapid City offre de nombreux avantages aux voyageurs. Le principal avantage est qu'elle vous permet d'explorer la ville et ses environs \u00e0 votre propre rythme. Avec votre propre voiture de location, vous n'\u00eates pas contraint par les horaires des transports publics ou les itin\u00e9raires des groupes touristiques. Vous pouvez \u00e9galement visiter des destinations hors des sentiers battus qui ne sont pas facilement accessibles par d'autres moyens de transport.<\/p>\n<p>Un autre avantage est que la location d'une voiture vous donne plus de flexibilit\u00e9 dans vos projets de voyage. Vous pouvez facilement modifier votre itin\u00e9raire ou faire des arr\u00eats impromptus sans avoir \u00e0 vous soucier d'attraper un bus ou un train \u00e0 temps. C'est particuli\u00e8rement avantageux pour ceux qui veulent profiter pleinement de tout ce que le Dakota du Sud a \u00e0 offrir.<\/p>\n<h3>Choisir la bonne soci\u00e9t\u00e9 de location de voitures<\/h3>\n<p>Avec autant de soci\u00e9t\u00e9s de location de voitures \u00e0 Rapid City, il peut \u00eatre difficile de se d\u00e9cider. Lorsque vous choisissez une soci\u00e9t\u00e9, tenez compte de facteurs tels que le prix, la s\u00e9lection de v\u00e9hicules et les commentaires du service client\u00e8le.<\/p>\n<p>\u00c0 <organization>Nous proposons des prix comp\u00e9titifs et une large gamme de v\u00e9hicules pour r\u00e9pondre aux besoins de tous les voyageurs. Des voitures compactes pour les aventuriers solitaires aux SUV spacieux pour les familles ou les groupes, nous avons quelque chose pour tout le monde.<\/p>\n<h4>Avantages \/ inconv\u00e9nients :<\/h4>\n<p>\n    Pour :<\/p>\n<ul>\n<li>Une fa\u00e7on pratique et flexible d'explorer le Dakota du Sud<\/li>\n<li>Plus abordable que les autres options de transport<\/li>\n<li>Large choix de v\u00e9hicules<\/li>\n<li>Permet de planifier des voyages spontan\u00e9s<\/li>\n<\/ul>\n<p>    Cons :<\/p>\n<ul>\n<li>Les co\u00fbts suppl\u00e9mentaires tels que l'assurance et l'essence peuvent s'additionner<\/li>\n<li>La conduite dans des zones peu famili\u00e8res peut repr\u00e9senter un d\u00e9fi pour certains.<\/li>\n<\/ul>\n<h3>Questions fr\u00e9quemment pos\u00e9es sur la location de voitures \u00e0 Rapid City, SD<\/h3>\n<h4>Un permis de conduire d'un autre pays est-il valable pour louer une voiture \u00e0 Rapid City ?<\/h4>\n<p>Oui, \u00e0 condition que votre permis de conduire soit valide et r\u00e9dig\u00e9 en anglais. S'il n'est pas r\u00e9dig\u00e9 en anglais, vous devrez pr\u00e9senter un permis de conduire international.<\/p>\n<h4>Ai-je besoin d'une assurance pour louer une voiture ?<\/h4>\n<p>Bien que la loi ne l'exige pas, il est fortement recommand\u00e9 de souscrire une assurance lorsqu'on loue une voiture. La plupart des soci\u00e9t\u00e9s de location de voitures proposent des options d'assurance moyennant un suppl\u00e9ment.<\/p>\n<h4>Puis-je rendre ma voiture de location \u00e0 un autre endroit ?<\/h4>\n<p><img loading=\"lazy\" decoding=\"async\" class=\"alignright\" src=\"\/wp-content\/uploads\/images\/rent_car_469.png\" alt=\"location de voiture rapid city sd\" width=\"350\" height=\"350\" \/><\/p>\n<p>De nombreuses soci\u00e9t\u00e9s de location de voitures vous permettent de restituer votre v\u00e9hicule \u00e0 un autre endroit moyennant des frais suppl\u00e9mentaires. Renseignez-vous au pr\u00e9alable aupr\u00e8s de la compagnie.<\/p>\n<div class=\"vc_row wpb_row vc_row-fluid\"><div class=\"wpb_column vc_column_container vc_col-sm-12\"><div class=\"vc_column-inner\"><div class=\"wpb_wrapper\">\n\t<div class=\"wpb_text_column wpb_content_element\" >\n\t\t<div class=\"wpb_wrapper\">\n\t\t\t<p><script id=\"dchwidget\" src=\"https:\/\/www.discovercars.com\/wg.js\" async=\"\" data-dev-env=\"com\" data-location=\"\" data-lang=\"en\" data-utm-source=\"malina\" data-utm-medium=\"widget\" data-aff-code=\"a_aid\" data-autocomplete=\"on\" data-style-submit-bg-color=\"00A200\" data-style-submit-font-color=\"white\" data-style-form-bg-color=\"FAD130\" data-style-form-font-color=\"333\" data-style-submit-text=\"Search now\"><\/script><\/p>\n\n\t\t<\/div>\n\t<\/div>\n<\/div><\/div><\/div><\/div>\n<p>&nbsp;<\/p>\n<h2>Louez votre voiture d\u00e8s aujourd'hui et partez \u00e0 la d\u00e9couverte de Rapid City !<\/h2>\n<p><img loading=\"lazy\" decoding=\"async\" class=\"alignleft\" src=\"\/wp-content\/uploads\/images\/rent_car_685.png\" alt=\"location de voiture rapid city sd\" width=\"350\" height=\"350\" \/><\/p>\n<p>Avec son histoire riche, ses paysages naturels \u00e9poustouflants et ses nombreuses attractions, Rapid City a quelque chose \u00e0 offrir \u00e0 tout le monde. Ne manquez pas l'occasion de vivre pleinement cette belle ville en choisissant la commodit\u00e9 de la location de voiture rapid city sd. R\u00e9servez votre voiture de location d\u00e8s aujourd'hui avec <organization>Asseyez-vous et profitez de la balade !<\/p>\n<\/div>","protected":false},"excerpt":{"rendered":"<p>Experience the Convenience of Car Rental in Rapid City, South Dakota When planning a trip to South Dakota, one of the first things to consider is how you will get around. While there are various transportation options available, renting a car in Rapid City, SD is often the most convenient and cost-effective choice. With numerous [&hellip;]<\/p>\n","protected":false},"author":1,"featured_media":4049,"parent":0,"menu_order":0,"comment_status":"closed","ping_status":"closed","template":"","meta":{"rs_blank_template":"","rs_page_bg_color":"","slide_template_v7":"","footnotes":""},"categories":[1],"tags":[],"class_list":["post-6180","page","type-page","status-publish","has-post-thumbnail","hentry","category-blog"],"_links":{"self":[{"href":"https:\/\/rental-car.company\/fr\/wp-json\/wp\/v2\/pages\/6180","targetHints":{"allow":["GET"]}}],"collection":[{"href":"https:\/\/rental-car.company\/fr\/wp-json\/wp\/v2\/pages"}],"about":[{"href":"https:\/\/rental-car.company\/fr\/wp-json\/wp\/v2\/types\/page"}],"author":[{"embeddable":true,"href":"https:\/\/rental-car.company\/fr\/wp-json\/wp\/v2\/users\/1"}],"replies":[{"embeddable":true,"href":"https:\/\/rental-car.company\/fr\/wp-json\/wp\/v2\/comments?post=6180"}],"version-history":[{"count":0,"href":"https:\/\/rental-car.company\/fr\/wp-json\/wp\/v2\/pages\/6180\/revisions"}],"wp:featuredmedia":[{"embeddable":true,"href":"https:\/\/rental-car.company\/fr\/wp-json\/wp\/v2\/media\/4049"}],"wp:attachment":[{"href":"https:\/\/rental-car.company\/fr\/wp-json\/wp\/v2\/media?parent=6180"}],"wp:term":[{"taxonomy":"category","embeddable":true,"href":"https:\/\/rental-car.company\/fr\/wp-json\/wp\/v2\/categories?post=6180"},{"taxonomy":"post_tag","embeddable":true,"href":"https:\/\/rental-car.company\/fr\/wp-json\/wp\/v2\/tags?post=6180"}],"curies":[{"name":"wp","href":"https:\/\/api.w.org\/{rel}","templated":true}]}}