{"id":6261,"date":"2024-08-24T16:05:42","date_gmt":"2024-08-24T16:05:42","guid":{"rendered":"https:\/\/rental-car.company\/?page_id=6261"},"modified":"2024-08-24T16:05:42","modified_gmt":"2024-08-24T16:05:42","slug":"location-de-voitures-billings-mt","status":"publish","type":"page","link":"https:\/\/rental-car.company\/fr\/location-de-voitures-billings-mt\/","title":{"rendered":"Location de voitures Billings MT - Le meilleur moyen d'explorer le Big Sky Country"},"content":{"rendered":"<div class=\"wpb-content-wrapper\"><h2>Explorez la beaut\u00e9 du Montana avec une voiture de location \u00e0 Billings MT<\/h2>\n<p>Vous pr\u00e9voyez un voyage dans le Montana et vous vous demandez comment vous d\u00e9placer ? Ne cherchez pas plus loin que la location de voitures \u00e0 Billings MT. Situ\u00e9e au c\u0153ur du Big Sky Country, Billings est la plus grande ville du Montana et sert de porte d'entr\u00e9e au parc national de Yellowstone, l'une des merveilles naturelles les plus embl\u00e9matiques des \u00c9tats-Unis. Avec une voiture de location, vous pouvez facilement acc\u00e9der \u00e0 toute la beaut\u00e9 et l'aventure que cette r\u00e9gion a \u00e0 offrir.<\/p>\n<div class=\"vc_row wpb_row vc_row-fluid\"><div class=\"wpb_column vc_column_container vc_col-sm-12\"><div class=\"vc_column-inner\"><div class=\"wpb_wrapper\">\n\t<div class=\"wpb_text_column wpb_content_element\" >\n\t\t<div class=\"wpb_wrapper\">\n\t\t\t<p><script id=\"dchwidget\" src=\"https:\/\/www.discovercars.com\/wg.js\" async=\"\" data-dev-env=\"com\" data-location=\"\" data-lang=\"en\" data-utm-source=\"malina\" data-utm-medium=\"widget\" data-aff-code=\"a_aid\" data-autocomplete=\"on\" data-style-submit-bg-color=\"00A200\" data-style-submit-font-color=\"white\" data-style-form-bg-color=\"FAD130\" data-style-form-font-color=\"333\" data-style-submit-text=\"Search now\"><\/script><\/p>\n\n\t\t<\/div>\n\t<\/div>\n<\/div><\/div><\/div><\/div>\n<p>&nbsp;<\/p>\n<h2>Discover Rental Cars Billings MT<\/h2>\n<p><img loading=\"lazy\" decoding=\"async\" class=\"alignleft\" src=\"\/wp-content\/uploads\/images\/rent_car_1462.png\" alt=\"location de voitures billings mt\" width=\"350\" height=\"350\" \/><\/p>\n<p>Lorsqu'il s'agit de louer une voiture \u00e0 Billings, plusieurs options s'offrent \u00e0 vous. Vous pouvez choisir parmi les grandes soci\u00e9t\u00e9s de location de voitures telles que Hertz, Enterprise, Avis et Budget. Il existe \u00e9galement des soci\u00e9t\u00e9s locales comme City Motor Company Rent-A-Car et Midland Motors qui proposent des tarifs abordables et un service personnalis\u00e9.<\/p>\n<p>Quelle que soit la soci\u00e9t\u00e9 que vous choisirez, vous trouverez une large gamme de v\u00e9hicules disponibles \u00e0 la location, y compris des berlines, des SUV, des monospaces et m\u00eame des voitures de luxe. Que vous voyagiez seul ou avec un grand groupe, il y a une option de location de voiture qui r\u00e9pondra \u00e0 vos besoins.<\/p>\n<h3>Mots-cl\u00e9s connexes pour 'Rental Cars Billings MT' (Location de voitures)<\/h3>\n<p>- Location de voitures \u00e0 Billings<br \/>\n- Louer une voiture dans le Montana<br \/>\n- Services de location de voitures dans le Big Sky Country<\/p>\n<h4>Pour :<\/h4>\n<p>- Flexibilit\u00e9 : le fait d'avoir votre propre voiture de location vous donne la libert\u00e9 d'explorer \u00e0 votre rythme, sans devoir compter sur les transports publics.<br \/>\n- La commodit\u00e9 : La location d'une voiture est incroyablement pratique pour les voyageurs, qui disposent d'un grand nombre d'options pour les lieux de prise en charge et de restitution.<br \/>\n- Rentabilit\u00e9 : Par rapport \u00e0 d'autres modes de transport tels que les taxis ou les services de covoiturage, la location d'une voiture peut s'av\u00e9rer beaucoup plus rentable, en particulier pour les longs trajets.<\/p>\n<h4>Cons :<\/h4>\n<p>- Frais suppl\u00e9mentaires : Si les voitures de location peuvent sembler abordables, il existe souvent des frais cach\u00e9s, tels que l'assurance et les frais kilom\u00e9triques, qui peuvent augmenter consid\u00e9rablement le co\u00fbt total.<br \/>\n- Disponibilit\u00e9 limit\u00e9e : Pendant les p\u00e9riodes de pointe, les voitures de location peuvent \u00eatre tr\u00e8s demand\u00e9es et il est donc difficile d'en trouver une \u00e0 un prix raisonnable.<br \/>\n- Responsabilit\u00e9 : En tant que locataire, vous \u00eates responsable de tout dommage caus\u00e9 au v\u00e9hicule pendant la p\u00e9riode de location. Veillez \u00e0 inspecter soigneusement la voiture avant de la quitter et souscrivez une assurance si n\u00e9cessaire.<\/p>\n<h4>Questions fr\u00e9quemment pos\u00e9es<\/h4>\n<p><img loading=\"lazy\" decoding=\"async\" class=\"alignright\" src=\"\/wp-content\/uploads\/images\/rent_car_1462.png\" alt=\"location de voitures billings mt\" width=\"350\" height=\"350\" \/><\/p>\n<p><b>Q : Ai-je besoin d'une carte de cr\u00e9dit pour louer une voiture \u00e0 Billings MT ?<\/b><br \/>\nR : La plupart des soci\u00e9t\u00e9s de location de voitures exigent une carte de cr\u00e9dit pour le paiement et la retenue. Toutefois, certaines soci\u00e9t\u00e9s locales peuvent accepter des esp\u00e8ces ou des cartes de d\u00e9bit.<\/p>\n<p><b>Q : Quel est l'\u00e2ge minimum requis pour louer une voiture \u00e0 Billings MT ?<\/b><br \/>\nR : L'\u00e2ge minimum pour louer une voiture \u00e0 Billings est g\u00e9n\u00e9ralement de 21 ans. Les conducteurs de moins de 25 ans peuvent \u00eatre soumis \u00e0 des frais suppl\u00e9mentaires.<\/p>\n<p><b>Q : Puis-je prendre ma voiture de location \u00e0 un endroit et la d\u00e9poser \u00e0 un autre ?<\/b><br \/>\nR : Oui, la plupart des soci\u00e9t\u00e9s de location de voitures autorisent les locations aller simple dans le Montana. Toutefois, ce service peut \u00eatre soumis \u00e0 des frais suppl\u00e9mentaires.<\/p>\n<p>En conclusion, louer une voiture \u00e0 Billings MT est le meilleur moyen d'explorer tout ce que le Montana a \u00e0 offrir. Avec la flexibilit\u00e9, la commodit\u00e9 et le prix abordable comme principaux avantages, il n'est pas \u00e9tonnant que tant de voyageurs choisissent cette option. Alors, la prochaine fois que vous pr\u00e9voyez de visiter Big Sky Country, pensez \u00e0 louer une voiture \u00e0 Billings et prenez la route en toute simplicit\u00e9 !<\/p>\n<\/div>","protected":false},"excerpt":{"rendered":"<p>Explore the Beauty of Montana with Rental Cars in Billings MT Are you planning a trip to Montana and wondering how you&#8217;ll get around? Look no further than rental cars in Billings MT. Located in the heart of Big Sky Country, Billings is the largest city in Montana and serves as a gateway to Yellowstone [&hellip;]<\/p>\n","protected":false},"author":1,"featured_media":6263,"parent":0,"menu_order":0,"comment_status":"closed","ping_status":"closed","template":"","meta":{"rs_blank_template":"","rs_page_bg_color":"","slide_template_v7":"","footnotes":""},"categories":[1],"tags":[],"class_list":["post-6261","page","type-page","status-publish","has-post-thumbnail","hentry","category-blog"],"_links":{"self":[{"href":"https:\/\/rental-car.company\/fr\/wp-json\/wp\/v2\/pages\/6261","targetHints":{"allow":["GET"]}}],"collection":[{"href":"https:\/\/rental-car.company\/fr\/wp-json\/wp\/v2\/pages"}],"about":[{"href":"https:\/\/rental-car.company\/fr\/wp-json\/wp\/v2\/types\/page"}],"author":[{"embeddable":true,"href":"https:\/\/rental-car.company\/fr\/wp-json\/wp\/v2\/users\/1"}],"replies":[{"embeddable":true,"href":"https:\/\/rental-car.company\/fr\/wp-json\/wp\/v2\/comments?post=6261"}],"version-history":[{"count":0,"href":"https:\/\/rental-car.company\/fr\/wp-json\/wp\/v2\/pages\/6261\/revisions"}],"wp:featuredmedia":[{"embeddable":true,"href":"https:\/\/rental-car.company\/fr\/wp-json\/wp\/v2\/media\/6263"}],"wp:attachment":[{"href":"https:\/\/rental-car.company\/fr\/wp-json\/wp\/v2\/media?parent=6261"}],"wp:term":[{"taxonomy":"category","embeddable":true,"href":"https:\/\/rental-car.company\/fr\/wp-json\/wp\/v2\/categories?post=6261"},{"taxonomy":"post_tag","embeddable":true,"href":"https:\/\/rental-car.company\/fr\/wp-json\/wp\/v2\/tags?post=6261"}],"curies":[{"name":"wp","href":"https:\/\/api.w.org\/{rel}","templated":true}]}}