{"id":6295,"date":"2024-08-25T00:05:52","date_gmt":"2024-08-25T00:05:52","guid":{"rendered":"https:\/\/rental-car.company\/?page_id=6295"},"modified":"2024-08-25T00:05:52","modified_gmt":"2024-08-25T00:05:52","slug":"louer-une-voiture-birmingham-al","status":"publish","type":"page","link":"https:\/\/rental-car.company\/fr\/louer-une-voiture-birmingham-al\/","title":{"rendered":"Louer une voiture Birmingham AL : Le guide ultime"},"content":{"rendered":"<div class=\"wpb-content-wrapper\"><div class=\"vc_row wpb_row vc_row-fluid\"><div class=\"wpb_column vc_column_container vc_col-sm-12\"><div class=\"vc_column-inner\"><div class=\"wpb_wrapper\">\n\t<div class=\"wpb_text_column wpb_content_element\" >\n\t\t<div class=\"wpb_wrapper\">\n\t\t\t<p><script id=\"dchwidget\" src=\"https:\/\/www.discovercars.com\/wg.js\" async=\"\" data-dev-env=\"com\" data-location=\"\" data-lang=\"en\" data-utm-source=\"malina\" data-utm-medium=\"widget\" data-aff-code=\"a_aid\" data-autocomplete=\"on\" data-style-submit-bg-color=\"00A200\" data-style-submit-font-color=\"white\" data-style-form-bg-color=\"FAD130\" data-style-form-font-color=\"333\" data-style-submit-text=\"Search now\"><\/script><\/p>\n\n\t\t<\/div>\n\t<\/div>\n<\/div><\/div><\/div><\/div>\n<p>&nbsp;<\/p>\n<h2>D\u00e9couvrez la commodit\u00e9 de la location d'une voiture \u00e0 Birmingham, AL<\/h2>\n<p><img loading=\"lazy\" decoding=\"async\" class=\"alignleft\" src=\"\/wp-content\/uploads\/images\/rent_car_374.png\" alt=\"louer une voiture birmingham al\" width=\"350\" height=\"350\" \/><\/p>\n<p>Vous pr\u00e9voyez un voyage \u00e0 Birmingham, Alabama, et vous vous demandez comment vous d\u00e9placer dans la ville ? Ne cherchez pas plus loin que la location d'une voiture \u00e0 Birmingham. Avec son centre-ville anim\u00e9 et ses attractions \u00e0 proximit\u00e9 comme le Barber Vintage Motorsports Museum et le Vulcan Park &amp; Museum, il est essentiel d'avoir son propre moyen de transport pour explorer tout ce que ce joyau du sud a \u00e0 offrir.<\/p>\n<p>Chez rental-car.company, nous facilitons la location de voitures \u00e0 Birmingham, AL. Notre large s\u00e9lection de v\u00e9hicules et nos emplacements pratiques dans toute la ville font de nous le premier choix pour les visiteurs \u00e0 la recherche d'un moyen de transport fiable pendant leur s\u00e9jour. Voyons pourquoi la location d'une voiture \u00e0 Birmingham est la meilleure solution.<\/p>\n<h3>Avantages de la location d'une voiture \u00e0 Birmingham<\/h3>\n<p>- Flexibilit\u00e9 : Lorsque vous louez une voiture \u00e0 Birmingham, vous avez la libert\u00e9 d'explorer \u00e0 votre rythme sans d\u00e9pendre des horaires des transports publics ou des services de covoiturage.<br \/>\n- Commodit\u00e9 : Avec plusieurs agences de location r\u00e9parties dans toute la ville, la prise en charge et la restitution de votre v\u00e9hicule se font sans probl\u00e8me.<br \/>\n- Rentable : La location d'une voiture peut vous faire \u00e9conomiser de l'argent par rapport \u00e0 l'utilisation constante de services de covoiturage ou de taxis pendant votre s\u00e9jour.<br \/>\n- Voyage confortable : Le fait d'avoir votre propre v\u00e9hicule vous permet de voyager confortablement avec votre famille ou vos amis sans avoir \u00e0 vous soucier de la place que vous pouvez prendre dans un seul v\u00e9hicule.<br \/>\n- Acc\u00e8s facile aux r\u00e9gions environnantes : Avec votre propre voiture de location, il est facile de faire des excursions d'une journ\u00e9e en dehors de Birmingham et d'explorer les villes voisines comme Montgomery ou Tuscaloosa.<\/p>\n<h3>Types de v\u00e9hicules disponibles \u00e0 la location<\/h3>\n<p>Chez rental-car.company, nous proposons une gamme de v\u00e9hicules \u00e0 louer qui r\u00e9pondent \u00e0 diff\u00e9rents besoins et pr\u00e9f\u00e9rences. Que vous voyagiez seul ou en groupe, nous avons quelque chose pour tout le monde.<\/p>\n<p>- Voitures \u00e9conomiques : Parfaites pour les voyageurs solitaires ou les couples, nos voitures \u00e9conomiques sont \u00e9conomes en carburant et respectueuses du budget.<br \/>\n- SUV : Si vous pr\u00e9voyez de faire du tout-terrain ou si vous avez besoin de plus d'espace pour vos bagages, nos SUV sont la solution.<br \/>\n- Voitures de luxe : Faites-vous remarquer gr\u00e2ce \u00e0 notre s\u00e9lection de v\u00e9hicules de luxe, parfaits pour les voyages d'affaires ou les occasions sp\u00e9ciales.<br \/>\n- Monospaces : Vous voyagez avec un grand groupe ? Nos monospaces offrent beaucoup d'espace et de confort pour tout le monde.<\/p>\n<h4>Avantages de la location d'une voiture \u00e0 Birmingham<\/h4>\n<p>- Flexibilit\u00e9 pour explorer \u00e0 votre rythme<br \/>\n- Des lieux de ramassage et de d\u00e9p\u00f4t pratiques<br \/>\n- Rentable par rapport \u00e0 d'autres options de transport<br \/>\n- Voyager confortablement avec ses amis et sa famille<br \/>\n- Acc\u00e8s facile aux r\u00e9gions environnantes<\/p>\n<h4>Les inconv\u00e9nients de la location de voiture \u00e0 Birmingham<\/h4>\n<p><img loading=\"lazy\" decoding=\"async\" class=\"alignright\" src=\"\/wp-content\/uploads\/images\/rent_car_475.png\" alt=\"louer une voiture birmingham al\" width=\"350\" height=\"350\" \/><\/p>\n<p>- Co\u00fbt suppl\u00e9mentaire pour la couverture d'assurance<br \/>\n- Taxes de stationnement potentielles dans les centres-villes<\/p>\n<h3>Questions fr\u00e9quemment pos\u00e9es<\/h3>\n<p>Q : Quel \u00e2ge dois-je avoir pour louer une voiture \u00e0 Birmingham ?<br \/>\nR : Vous devez avoir 21 ans et \u00eatre en possession d'un permis de conduire valide et d'une carte de cr\u00e9dit. Certaines soci\u00e9t\u00e9s de location peuvent avoir des exigences plus \u00e9lev\u00e9es en mati\u00e8re d'\u00e2ge.<\/p>\n<p>Q : Puis-je utiliser ma propre assurance lorsque je loue une voiture ?<br \/>\nR : La plupart des soci\u00e9t\u00e9s de location exigent que vous souscriviez \u00e0 leur assurance. Toutefois, certains peuvent accepter votre assurance personnelle pour autant qu'elle r\u00e9ponde \u00e0 leurs exigences.<\/p>\n<p>Q : Y a-t-il des frais suppl\u00e9mentaires pour la location d'une voiture ?<br \/>\nR : En plus du co\u00fbt de base de la location, il peut y avoir des frais suppl\u00e9mentaires tels que des taxes, des suppl\u00e9ments a\u00e9roportuaires ou des frais pour conducteurs mineurs. Il est important de lire attentivement les conditions g\u00e9n\u00e9rales avant de r\u00e9server.<\/p>\n<p>Maintenant que vous savez tout sur la location d'une voiture \u00e0 Birmingham, AL, il est temps de r\u00e9server votre v\u00e9hicule et de commencer \u00e0 explorer cette ville dynamique. Chez rental-car.company, nous vous facilitons la t\u00e2che gr\u00e2ce \u00e0 notre syst\u00e8me de r\u00e9servation en ligne convivial. Alors, pourquoi attendre ? R\u00e9servez votre voiture de location aujourd'hui et pr\u00e9parez-vous \u00e0 un voyage inoubliable \u00e0 Birmingham, Alabama.<\/p>\n<\/div>","protected":false},"excerpt":{"rendered":"<p>&nbsp; Discover the Convenience of Renting a Car in Birmingham, AL Are you planning a trip to Birmingham, Alabama and wondering how you&#8217;ll get around the city? Look no further than renting a car in Birmingham. With its bustling city center and nearby attractions like the Barber Vintage Motorsports Museum and Vulcan Park &#038; Museum, [&hellip;]<\/p>\n","protected":false},"author":1,"featured_media":3694,"parent":0,"menu_order":0,"comment_status":"closed","ping_status":"closed","template":"","meta":{"rs_blank_template":"","rs_page_bg_color":"","slide_template_v7":"","footnotes":""},"categories":[1],"tags":[],"class_list":["post-6295","page","type-page","status-publish","has-post-thumbnail","hentry","category-blog"],"_links":{"self":[{"href":"https:\/\/rental-car.company\/fr\/wp-json\/wp\/v2\/pages\/6295","targetHints":{"allow":["GET"]}}],"collection":[{"href":"https:\/\/rental-car.company\/fr\/wp-json\/wp\/v2\/pages"}],"about":[{"href":"https:\/\/rental-car.company\/fr\/wp-json\/wp\/v2\/types\/page"}],"author":[{"embeddable":true,"href":"https:\/\/rental-car.company\/fr\/wp-json\/wp\/v2\/users\/1"}],"replies":[{"embeddable":true,"href":"https:\/\/rental-car.company\/fr\/wp-json\/wp\/v2\/comments?post=6295"}],"version-history":[{"count":0,"href":"https:\/\/rental-car.company\/fr\/wp-json\/wp\/v2\/pages\/6295\/revisions"}],"wp:featuredmedia":[{"embeddable":true,"href":"https:\/\/rental-car.company\/fr\/wp-json\/wp\/v2\/media\/3694"}],"wp:attachment":[{"href":"https:\/\/rental-car.company\/fr\/wp-json\/wp\/v2\/media?parent=6295"}],"wp:term":[{"taxonomy":"category","embeddable":true,"href":"https:\/\/rental-car.company\/fr\/wp-json\/wp\/v2\/categories?post=6295"},{"taxonomy":"post_tag","embeddable":true,"href":"https:\/\/rental-car.company\/fr\/wp-json\/wp\/v2\/tags?post=6295"}],"curies":[{"name":"wp","href":"https:\/\/api.w.org\/{rel}","templated":true}]}}