{"id":6330,"date":"2024-08-25T08:06:38","date_gmt":"2024-08-25T08:06:38","guid":{"rendered":"https:\/\/rental-car.company\/?page_id=6330"},"modified":"2024-08-25T08:06:38","modified_gmt":"2024-08-25T08:06:38","slug":"louer-une-voiture-boise","status":"publish","type":"page","link":"https:\/\/rental-car.company\/fr\/louer-une-voiture-boise\/","title":{"rendered":"Louer une voiture \u00e0 Boise : Votre guide ultime pour explorer la ville"},"content":{"rendered":"<div class=\"wpb-content-wrapper\"><div class=\"vc_row wpb_row vc_row-fluid\"><div class=\"wpb_column vc_column_container vc_col-sm-12\"><div class=\"vc_column-inner\"><div class=\"wpb_wrapper\">\n\t<div class=\"wpb_text_column wpb_content_element\" >\n\t\t<div class=\"wpb_wrapper\">\n\t\t\t<p><script id=\"dchwidget\" src=\"https:\/\/www.discovercars.com\/wg.js\" async=\"\" data-dev-env=\"com\" data-location=\"\" data-lang=\"en\" data-utm-source=\"malina\" data-utm-medium=\"widget\" data-aff-code=\"a_aid\" data-autocomplete=\"on\" data-style-submit-bg-color=\"00A200\" data-style-submit-font-color=\"white\" data-style-form-bg-color=\"FAD130\" data-style-form-font-color=\"333\" data-style-submit-text=\"Search now\"><\/script><\/p>\n\n\t\t<\/div>\n\t<\/div>\n<\/div><\/div><\/div><\/div>\n<p>&nbsp;<\/p>\n<h2>D\u00e9couvrir la commodit\u00e9 de la location d'une voiture \u00e0 Boise<\/h2>\n<p><img loading=\"lazy\" decoding=\"async\" class=\"alignleft\" src=\"\/wp-content\/uploads\/images\/rent_car_640.png\" alt=\"louer une voiture boise\" width=\"350\" height=\"350\" \/><\/p>\n<p>Lorsqu'il s'agit d'explorer la ville dynamique de Boise, Idaho, il n'y a pas de meilleur moyen de se d\u00e9placer que de louer une voiture. Avec son paysage vari\u00e9 et ses innombrables attractions, le fait d'avoir vos propres roues vous donne la libert\u00e9 et la flexibilit\u00e9 de d\u00e9couvrir tout ce que cette ville a \u00e0 offrir \u00e0 votre propre rythme.<\/p>\n<p>Chez rental-car.company, nous comprenons que les besoins de chaque voyageur sont diff\u00e9rents. C'est pourquoi nous proposons une large gamme de v\u00e9hicules \u00e0 louer, des voitures compactes pour les voyageurs solitaires ou les couples, aux SUV spacieux pour les groupes plus importants ou les familles. Que vous soyez ici pour les affaires ou pour le plaisir, nous avons tout ce qu'il vous faut.<\/p>\n<h3>Pourquoi choisir la location de voiture \u00e0 Boise ?<\/h3>\n<p>Louer une voiture \u00e0 Boise pr\u00e9sente de nombreux avantages par rapport aux transports publics ou aux services de covoiturage. En voici quelques raisons :<\/p>\n<p>- Commodit\u00e9 : Avec votre propre voiture de location, vous avez la possibilit\u00e9 d'aller o\u00f9 vous voulez quand vous voulez. Plus besoin d'attendre les bus ou de s'inqui\u00e9ter de la flamb\u00e9e des prix.<br \/>\n- Rentabilit\u00e9 : Par rapport aux taxis ou aux services de covoiturage, la location d'une voiture peut s'av\u00e9rer plus rentable, surtout si vous pr\u00e9voyez de visiter plusieurs destinations.<br \/>\n- Le confort : Apr\u00e8s une longue journ\u00e9e d'exploration de la ville, disposer d'un v\u00e9hicule priv\u00e9 et confortable pour se d\u00e9tendre n'a pas de prix.<br \/>\n- Flexibilit\u00e9 : Vous voulez faire une excursion impromptue en dehors de Boise ? Avec votre voiture de location \u00e0 port\u00e9e de main, il vous suffit de prendre le volant et de partir \u00e0 l'aventure.<\/p>\n<h3>Les avantages et les inconv\u00e9nients de la location d'une voiture \u00e0 Boise<\/h3>\n<p>Si la location d'une voiture \u00e0 Boise pr\u00e9sente de nombreux avantages, comme indiqu\u00e9 ci-dessus, elle a aussi ses inconv\u00e9nients. Jetons un coup d'\u0153il sur les avantages et les inconv\u00e9nients :<\/p>\n<p>Pour :<br \/>\n- Libert\u00e9 d'explorer \u00e0 son rythme<br \/>\n- Rentable pour les s\u00e9jours de longue dur\u00e9e ou les destinations multiples<br \/>\n- Confort et intimit\u00e9<br \/>\n- Flexibilit\u00e9 pour les voyages impromptus<\/p>\n<p>Cons :<br \/>\n- D\u00e9penses suppl\u00e9mentaires telles que l'assurance et l'essence<br \/>\n- Le stationnement peut \u00eatre difficile dans le centre-ville de Boise aux heures de pointe.<\/p>\n<h4>FAQ<\/h4>\n<p><img loading=\"lazy\" decoding=\"async\" class=\"alignright\" src=\"\/wp-content\/uploads\/images\/rent_car_151.png\" alt=\"louer une voiture boise\" width=\"350\" height=\"350\" \/><\/p>\n<p>Q : De quoi ai-je besoin pour louer une voiture \u00e0 Boise ?<br \/>\nR : Vous aurez besoin d'un permis de conduire valide, d'une carte de cr\u00e9dit et d'une preuve d'assurance. Certaines soci\u00e9t\u00e9s de location peuvent avoir des exigences suppl\u00e9mentaires.<\/p>\n<p>Q : Peut-on conduire en toute s\u00e9curit\u00e9 \u00e0 Boise ?<br \/>\nR : Oui, la conduite \u00e0 Boise est g\u00e9n\u00e9ralement s\u00fbre. Il suffit d'\u00eatre attentif au code de la route et \u00e0 la r\u00e9glementation, surtout aux heures de pointe.<\/p>\n<p>Q : Dois-je souscrire une assurance lorsque je loue une voiture ?<br \/>\nR : La plupart des soci\u00e9t\u00e9s de location proposent des options d'assurance, mais v\u00e9rifiez d'abord aupr\u00e8s de votre propre assureur car il se peut que vous soyez d\u00e9j\u00e0 couvert pour les voitures de location.<\/p>\n<h3>Rent a Car Boise - Conseils pour explorer la ville<\/h3>\n<p>Maintenant que vous avez d\u00e9cid\u00e9 de louer une voiture \u00e0 Boise, voici quelques conseils pour profiter au mieux de votre exp\u00e9rience :<\/p>\n<p>1. Planifiez votre itin\u00e9raire \u00e0 l'avance.<br \/>\nAvant de prendre la route, pr\u00e9parez vos destinations et planifiez les meilleurs itin\u00e9raires pour \u00e9viter les d\u00e9tours inutiles et les embouteillages.<\/p>\n<p>2. Profiter d'un parking gratuit.<br \/>\nIl existe de nombreuses places de parking gratuites dans le centre-ville de Boise, alors profitez-en au lieu de payer des parkings on\u00e9reux.<\/p>\n<p>3. Explorer au-del\u00e0 du centre-ville.<br \/>\nBien qu'il y ait beaucoup de choses \u00e0 voir et \u00e0 faire dans le centre-ville de Boise, ne vous limitez pas. La location d'une voiture vous permet de vous aventurer en dehors de la ville et de d\u00e9couvrir des joyaux cach\u00e9s \u00e0 proximit\u00e9.<\/p>\n<p>4. Soyez attentif aux heures de pointe.<br \/>\nBoise n'a peut-\u00eatre pas une circulation tr\u00e8s dense par rapport \u00e0 d'autres villes, mais il est toujours bon d'\u00e9viter les heures de pointe si possible.<\/p>\n<p>5. Faire le plein d'essence avant le retour.<br \/>\nPour \u00e9viter des frais suppl\u00e9mentaires de la part des soci\u00e9t\u00e9s de location, assurez-vous de faire le plein d'essence avant de rendre la voiture.<\/p>\n<h3>Rent a Car Boise - R\u00e9servez avec rental-car.company<\/h3>\n<p>Chez rental-car.company, nous nous engageons \u00e0 fournir \u00e0 nos clients une exp\u00e9rience de location de voiture sans souci. Avec notre large s\u00e9lection de v\u00e9hicules et nos prix comp\u00e9titifs, vous pouvez nous faire confiance pour rendre votre s\u00e9jour \u00e0 Boise encore plus m\u00e9morable. Alors, pourquoi attendre ? R\u00e9servez votre voiture de location avec nous d\u00e8s aujourd'hui et commencez \u00e0 explorer la ville \u00e0 votre rythme !<\/p>\n<\/div>","protected":false},"excerpt":{"rendered":"<p>&nbsp; Discovering the Convenience of Renting a Car in Boise When it comes to exploring the vibrant city of Boise, Idaho, there&#8217;s no better way to get around than by renting a car. With its diverse landscape and countless attractions, having your own set of wheels gives you the freedom and flexibility to experience everything [&hellip;]<\/p>\n","protected":false},"author":1,"featured_media":2955,"parent":0,"menu_order":0,"comment_status":"closed","ping_status":"closed","template":"","meta":{"rs_blank_template":"","rs_page_bg_color":"","slide_template_v7":"","footnotes":""},"categories":[1],"tags":[],"class_list":["post-6330","page","type-page","status-publish","has-post-thumbnail","hentry","category-blog"],"_links":{"self":[{"href":"https:\/\/rental-car.company\/fr\/wp-json\/wp\/v2\/pages\/6330","targetHints":{"allow":["GET"]}}],"collection":[{"href":"https:\/\/rental-car.company\/fr\/wp-json\/wp\/v2\/pages"}],"about":[{"href":"https:\/\/rental-car.company\/fr\/wp-json\/wp\/v2\/types\/page"}],"author":[{"embeddable":true,"href":"https:\/\/rental-car.company\/fr\/wp-json\/wp\/v2\/users\/1"}],"replies":[{"embeddable":true,"href":"https:\/\/rental-car.company\/fr\/wp-json\/wp\/v2\/comments?post=6330"}],"version-history":[{"count":0,"href":"https:\/\/rental-car.company\/fr\/wp-json\/wp\/v2\/pages\/6330\/revisions"}],"wp:featuredmedia":[{"embeddable":true,"href":"https:\/\/rental-car.company\/fr\/wp-json\/wp\/v2\/media\/2955"}],"wp:attachment":[{"href":"https:\/\/rental-car.company\/fr\/wp-json\/wp\/v2\/media?parent=6330"}],"wp:term":[{"taxonomy":"category","embeddable":true,"href":"https:\/\/rental-car.company\/fr\/wp-json\/wp\/v2\/categories?post=6330"},{"taxonomy":"post_tag","embeddable":true,"href":"https:\/\/rental-car.company\/fr\/wp-json\/wp\/v2\/tags?post=6330"}],"curies":[{"name":"wp","href":"https:\/\/api.w.org\/{rel}","templated":true}]}}