{"id":6347,"date":"2024-08-25T12:06:05","date_gmt":"2024-08-25T12:06:05","guid":{"rendered":"https:\/\/rental-car.company\/?page_id=6347"},"modified":"2024-08-25T12:06:05","modified_gmt":"2024-08-25T12:06:05","slug":"enterprise-rent-a-car-buffalo-airport","status":"publish","type":"page","link":"https:\/\/rental-car.company\/fr\/enterprise-rent-a-car-buffalo-airport\/","title":{"rendered":"Enterprise Rent a Car Buffalo Airport : Votre guide pour des locations de voitures pratiques et fiables"},"content":{"rendered":"<div class=\"wpb-content-wrapper\"><p>Situ\u00e9 dans l'\u00e9tat de New York, l'a\u00e9roport international de Buffalo Niagara (BUF) est l'a\u00e9roport le plus fr\u00e9quent\u00e9 de la r\u00e9gion. Avec des milliers de passagers entrant et sortant chaque jour, il n'est pas surprenant que les soci\u00e9t\u00e9s de location de voitures soient nombreuses \u00e0 cet a\u00e9roport. Parmi elles, Enterprise Rent a Car se distingue comme l'un des meilleurs choix pour les voyageurs. Dans cet article, nous allons explorer les raisons pour lesquelles Enterprise Rent a Car \u00e0 l'a\u00e9roport de Buffalo est un choix populaire pour beaucoup et ce qui la diff\u00e9rencie des autres soci\u00e9t\u00e9s de location de voitures.<\/p>\n<h2>Bien situ\u00e9<\/h2>\n<p>Lorsque vous atterrissez \u00e0 l'a\u00e9roport international de Buffalo Niagara, vous n'avez pas besoin d'aller bien loin pour trouver une agence Enterprise Rent a Car. L'entreprise dispose d'un bureau situ\u00e9 \u00e0 l'int\u00e9rieur du terminal de l'a\u00e9roport, ce qui est extr\u00eamement pratique pour les passagers qui ont besoin d'un v\u00e9hicule \u00e0 leur arriv\u00e9e. Vous pouvez facilement marcher de votre porte d'arriv\u00e9e jusqu'au bureau Enterprise sans avoir \u00e0 prendre de navette ou de transport.<\/p>\n<div class=\"vc_row wpb_row vc_row-fluid\"><div class=\"wpb_column vc_column_container vc_col-sm-12\"><div class=\"vc_column-inner\"><div class=\"wpb_wrapper\">\n\t<div class=\"wpb_text_column wpb_content_element\" >\n\t\t<div class=\"wpb_wrapper\">\n\t\t\t<p><script id=\"dchwidget\" src=\"https:\/\/www.discovercars.com\/wg.js\" async=\"\" data-dev-env=\"com\" data-location=\"\" data-lang=\"en\" data-utm-source=\"malina\" data-utm-medium=\"widget\" data-aff-code=\"a_aid\" data-autocomplete=\"on\" data-style-submit-bg-color=\"00A200\" data-style-submit-font-color=\"white\" data-style-form-bg-color=\"FAD130\" data-style-form-font-color=\"333\" data-style-submit-text=\"Search now\"><\/script><\/p>\n\n\t\t<\/div>\n\t<\/div>\n<\/div><\/div><\/div><\/div>\n<p>&nbsp;<\/p>\n<h2>D\u00e9couvrez Enterprise Rent a Car Buffalo Airport<\/h2>\n<p><img loading=\"lazy\" decoding=\"async\" class=\"alignleft\" src=\"\/wp-content\/uploads\/images\/rent_car_377.png\" alt=\"enterprise rent a car buffalo airport\" width=\"350\" height=\"350\" \/><\/p>\n<p>Outre son emplacement pratique, Enterprise Rent a Car \u00e0 l'a\u00e9roport de Buffalo est un choix de premier ordre pour les voyageurs pour plusieurs autres raisons :<\/p>\n<h3>Large choix de v\u00e9hicules<\/h3>\n<p>Enterprise propose diff\u00e9rents v\u00e9hicules allant de la voiture \u00e9conomique au SUV de luxe, ce qui permet de r\u00e9pondre aux besoins et au budget de chacun. Que vous voyagiez seul ou avec votre famille ou vos amis, vous trouverez facilement le v\u00e9hicule id\u00e9al pour votre voyage.<\/p>\n<h3>Un service client\u00e8le amical<\/h3>\n<p>L'une des choses qui distinguent Enterprise des autres soci\u00e9t\u00e9s de location de voitures est son service client\u00e8le exceptionnel. Le personnel de l'agence de l'a\u00e9roport de Buffalo est connu pour son amabilit\u00e9 et sa volont\u00e9 d'aider les clients \u00e0 r\u00e9pondre \u00e0 leurs besoins. Ils offrent \u00e9galement une assistance routi\u00e8re 24 heures sur 24 et 7 jours sur 7 en cas d'urgence pendant la dur\u00e9e de la location.<\/p>\n<h3>Prix abordables<\/h3>\n<p>Enterprise propose des prix comp\u00e9titifs pour ses locations, ce qui en fait une option \u00e9conomique pour les voyageurs. De plus, elle propose souvent des offres sp\u00e9ciales et des r\u00e9ductions dont vous pouvez profiter pour \u00e9conomiser encore plus sur votre location.<\/p>\n<h3>Options de location flexibles<\/h3>\n<p>Que vous ayez besoin d'une voiture pour une journ\u00e9e, une semaine ou m\u00eame plus longtemps, Enterprise propose des options de location flexibles pour r\u00e9pondre \u00e0 vos besoins. Vous pouvez \u00e9galement choisir de d\u00e9poser la voiture \u00e0 un autre endroit si vous pr\u00e9voyez de faire un road trip ou d'explorer plusieurs destinations.<\/p>\n<h4>Avantages \/ inconv\u00e9nients<\/h4>\n<p>Pour :<br \/>\n- Id\u00e9alement situ\u00e9 \u00e0 l'a\u00e9roport international de Buffalo Niagara<br \/>\n- Large choix de v\u00e9hicules<br \/>\n- Un service \u00e0 la client\u00e8le exceptionnel<br \/>\n- Prix abordables et offres sp\u00e9ciales<br \/>\n- Options de location flexibles<\/p>\n<p>Cons :<br \/>\n- Les prix peuvent \u00eatre l\u00e9g\u00e8rement plus \u00e9lev\u00e9s que ceux pratiqu\u00e9s par d'autres soci\u00e9t\u00e9s de location de voitures dans la r\u00e9gion.<\/p>\n<h4>FAQ<\/h4>\n<p><img loading=\"lazy\" decoding=\"async\" class=\"alignright\" src=\"\/wp-content\/uploads\/images\/rent_car_1126.png\" alt=\"enterprise rent a car buffalo airport\" width=\"350\" height=\"350\" \/><\/p>\n<p>Q : Puis-je louer une voiture aupr\u00e8s d'Enterprise \u00e0 l'a\u00e9roport de Buffalo sans faire de r\u00e9servation ?<br \/>\nR : Bien qu'il soit recommand\u00e9 de faire une r\u00e9servation \u00e0 l'avance pour obtenir le v\u00e9hicule d\u00e9sir\u00e9, Enterprise accepte les clients qui se pr\u00e9sentent sans rendez-vous \u00e0 sa succursale de l'a\u00e9roport.<\/p>\n<p>Q : Y a-t-il une condition d'\u00e2ge pour louer avec Enterprise ?<br \/>\nR : Oui, les locataires doivent \u00eatre \u00e2g\u00e9s de 21 ans ou plus. Toutefois, les conducteurs \u00e2g\u00e9s de 18 \u00e0 20 ans peuvent louer un v\u00e9hicule moyennant le paiement d'une redevance pour mineurs.<\/p>\n<p>Q : Puis-je rendre mon v\u00e9hicule de location en dehors des heures d'ouverture ?<br \/>\nR : Oui, Enterprise propose des options de d\u00e9p\u00f4t en dehors des heures de bureau pour plus de commodit\u00e9.<\/p>\n<p>En conclusion, si vous recherchez la commodit\u00e9 et la fiabilit\u00e9 pour louer une voiture \u00e0 l'a\u00e9roport international de Buffalo Niagara, ne cherchez pas plus loin qu'Enterprise Rent a Car. Avec sa large s\u00e9lection de v\u00e9hicules, son service client\u00e8le amical, ses prix abordables et ses options flexibles, il n'est pas \u00e9tonnant que de nombreux voyageurs choisissent cette soci\u00e9t\u00e9 pour leurs besoins de transport. R\u00e9servez votre prochaine location aupr\u00e8s d'Enterprise et voyagez sans souci pendant votre s\u00e9jour \u00e0 Buffalo.<\/p>\n<\/div>","protected":false},"excerpt":{"rendered":"<p>Located in the state of New York, Buffalo Niagara International Airport (BUF) is the busiest airport in the region. With thousands of passengers coming in and out every day, it&#8217;s no surprise that car rental companies are abundant at this airport. Among them, Enterprise Rent a Car stands out as one of the top choices [&hellip;]<\/p>\n","protected":false},"author":1,"featured_media":2607,"parent":0,"menu_order":0,"comment_status":"closed","ping_status":"closed","template":"","meta":{"rs_blank_template":"","rs_page_bg_color":"","slide_template_v7":"","footnotes":""},"categories":[1],"tags":[],"class_list":["post-6347","page","type-page","status-publish","has-post-thumbnail","hentry","category-blog"],"_links":{"self":[{"href":"https:\/\/rental-car.company\/fr\/wp-json\/wp\/v2\/pages\/6347","targetHints":{"allow":["GET"]}}],"collection":[{"href":"https:\/\/rental-car.company\/fr\/wp-json\/wp\/v2\/pages"}],"about":[{"href":"https:\/\/rental-car.company\/fr\/wp-json\/wp\/v2\/types\/page"}],"author":[{"embeddable":true,"href":"https:\/\/rental-car.company\/fr\/wp-json\/wp\/v2\/users\/1"}],"replies":[{"embeddable":true,"href":"https:\/\/rental-car.company\/fr\/wp-json\/wp\/v2\/comments?post=6347"}],"version-history":[{"count":0,"href":"https:\/\/rental-car.company\/fr\/wp-json\/wp\/v2\/pages\/6347\/revisions"}],"wp:featuredmedia":[{"embeddable":true,"href":"https:\/\/rental-car.company\/fr\/wp-json\/wp\/v2\/media\/2607"}],"wp:attachment":[{"href":"https:\/\/rental-car.company\/fr\/wp-json\/wp\/v2\/media?parent=6347"}],"wp:term":[{"taxonomy":"category","embeddable":true,"href":"https:\/\/rental-car.company\/fr\/wp-json\/wp\/v2\/categories?post=6347"},{"taxonomy":"post_tag","embeddable":true,"href":"https:\/\/rental-car.company\/fr\/wp-json\/wp\/v2\/tags?post=6347"}],"curies":[{"name":"wp","href":"https:\/\/api.w.org\/{rel}","templated":true}]}}