{"id":6447,"date":"2024-08-26T10:05:28","date_gmt":"2024-08-26T10:05:28","guid":{"rendered":"https:\/\/rental-car.company\/?page_id=6447"},"modified":"2024-08-26T10:05:28","modified_gmt":"2024-08-26T10:05:28","slug":"location-de-voiture-a-laeroport-de-missoula","status":"publish","type":"page","link":"https:\/\/rental-car.company\/fr\/location-de-voiture-a-laeroport-de-missoula\/","title":{"rendered":"Location de voiture \u00e0 l'a\u00e9roport de Missoula - Votre guide ultime"},"content":{"rendered":"<div class=\"wpb-content-wrapper\"><h2>Location de voiture \u00e0 l'a\u00e9roport de Missoula : Le meilleur moyen d'explorer l'\u00c9tat du Tr\u00e9sor<\/h2>\n<p>Si vous pr\u00e9voyez un voyage dans le Montana, le magnifique \u00c9tat du Tr\u00e9sor, l'a\u00e9roport de Missoula est tr\u00e8s probablement votre point d'arriv\u00e9e. Deuxi\u00e8me ville du Montana, Missoula est une destination populaire pour les voyageurs d'affaires et de loisirs. Et quel meilleur moyen d'explorer ce magnifique \u00c9tat que de louer une voiture \u00e0 l'a\u00e9roport m\u00eame ?<\/p>\n<div class=\"vc_row wpb_row vc_row-fluid\"><div class=\"wpb_column vc_column_container vc_col-sm-12\"><div class=\"vc_column-inner\"><div class=\"wpb_wrapper\">\n\t<div class=\"wpb_text_column wpb_content_element\" >\n\t\t<div class=\"wpb_wrapper\">\n\t\t\t<p><script id=\"dchwidget\" src=\"https:\/\/www.discovercars.com\/wg.js\" async=\"\" data-dev-env=\"com\" data-location=\"\" data-lang=\"en\" data-utm-source=\"malina\" data-utm-medium=\"widget\" data-aff-code=\"a_aid\" data-autocomplete=\"on\" data-style-submit-bg-color=\"00A200\" data-style-submit-font-color=\"white\" data-style-form-bg-color=\"FAD130\" data-style-form-font-color=\"333\" data-style-submit-text=\"Search now\"><\/script><\/p>\n\n\t\t<\/div>\n\t<\/div>\n<\/div><\/div><\/div><\/div>\n<p>&nbsp;<\/p>\n<h2>D\u00e9couvrez la location de voiture \u00e0 l'a\u00e9roport de Missoula<\/h2>\n<p><img loading=\"lazy\" decoding=\"async\" class=\"alignleft\" src=\"\/wp-content\/uploads\/images\/rent_car_428.png\" alt=\"location de voiture \u00e0 l&#039;a\u00e9roport de missoula\" width=\"350\" height=\"350\" \/><\/p>\n<p>\u00c0 l'a\u00e9roport de Missoula, plusieurs soci\u00e9t\u00e9s de location de voitures proposent leurs services aux personnes souhaitant louer un v\u00e9hicule. Il s'agit notamment de marques connues telles que Hertz, Avis, Enterprise et Budget. Cependant, il existe \u00e9galement des options locales comme Dollar Rent-A-Car et Thrifty Car Rental.<\/p>\n<p>Lorsque vous choisissez votre soci\u00e9t\u00e9 de location de voitures \u00e0 l'a\u00e9roport de Missoula, veillez \u00e0 prendre en compte des facteurs tels que les prix, la disponibilit\u00e9 des v\u00e9hicules et les commentaires des clients. Il est toujours pr\u00e9f\u00e9rable de r\u00e9server votre voiture \u00e0 l'avance afin d'obtenir le v\u00e9hicule de votre choix et la meilleure offre possible.<\/p>\n<h3>Options de location \u00e0 l'a\u00e9roport de Missoula<\/h3>\n<p>Les options ne manquent pas lorsqu'il s'agit de louer une voiture \u00e0 l'a\u00e9roport de Missoula. Vous pouvez choisir des voitures compactes pour les voyageurs solitaires ou les couples au budget serr\u00e9, ou opter pour des v\u00e9hicules plus grands comme des SUV ou des monospaces si vous voyagez en famille ou avec des amis.<\/p>\n<p>Certaines soci\u00e9t\u00e9s de location proposent m\u00eame des voitures de luxe pour ceux qui souhaitent explorer le Montana avec style. La plupart des voitures sont \u00e9quip\u00e9es de syst\u00e8mes de navigation GPS et de radio satellite, ce qui rendra votre voyage encore plus agr\u00e9able.<\/p>\n<h3>Les avantages et les inconv\u00e9nients de la location d'une voiture \u00e0 l'a\u00e9roport de Missoula<\/h3>\n<p>Pour :<br \/>\n- Commodit\u00e9 : En louant une voiture \u00e0 l'a\u00e9roport, vous n'avez pas \u00e0 vous soucier de l'organisation du transport jusqu'\u00e0 votre logement.<br \/>\n- Flexibilit\u00e9 : Avec une voiture de location, vous pouvez explorer Missoula et ses environs \u00e0 votre rythme, sans \u00eatre limit\u00e9 par les horaires des transports publics.<br \/>\n- Rentabilit\u00e9 : La location d'une voiture peut \u00eatre une option plus \u00e9conomique que la location de taxis ou l'utilisation de services de covoiturage pour la dur\u00e9e de votre voyage.<\/p>\n<p>Cons :<br \/>\n- Frais suppl\u00e9mentaires : Certaines soci\u00e9t\u00e9s de location peuvent facturer des frais suppl\u00e9mentaires pour des services tels que des conducteurs suppl\u00e9mentaires ou une couverture d'assurance.<br \/>\n- Disponibilit\u00e9 limit\u00e9e pendant les p\u00e9riodes de pointe : Pendant les p\u00e9riodes de forte affluence, les voitures de location peuvent \u00eatre tr\u00e8s demand\u00e9es et vous devrez peut-\u00eatre payer un prix plus \u00e9lev\u00e9 ou vous contenter d'un v\u00e9hicule moins int\u00e9ressant.<\/p>\n<h4>Foire aux questions (FAQ)<\/h4>\n<p><img loading=\"lazy\" decoding=\"async\" class=\"alignright\" src=\"\/wp-content\/uploads\/images\/rent_car_546.png\" alt=\"location de voiture \u00e0 l&#039;a\u00e9roport de missoula\" width=\"350\" height=\"350\" \/><\/p>\n<p>Q : Puis-je louer une voiture \u00e0 l'a\u00e9roport de Missoula m\u00eame si j'ai moins de 25 ans ?<br \/>\nR : Oui, la plupart des soci\u00e9t\u00e9s de location de l'a\u00e9roport de Missoula autorisent les conducteurs de plus de 21 ans \u00e0 louer une voiture. Cependant, les personnes de moins de 25 ans peuvent devoir payer un suppl\u00e9ment.<\/p>\n<p>Q : Puis-je rendre ma voiture de location \u00e0 un autre endroit ?<br \/>\nR : Oui, certaines soci\u00e9t\u00e9s de location proposent des locations aller simple qui vous permettent de restituer votre v\u00e9hicule \u00e0 un autre endroit. Cependant, cela peut entra\u00eener des frais suppl\u00e9mentaires.<\/p>\n<p>Q : Y a-t-il des transports publics disponibles \u00e0 partir de l'a\u00e9roport de Missoula ?<br \/>\nR : Oui, il existe des services de navette et des bus publics qui partent de l'a\u00e9roport. Cependant, la location d'une voiture reste l'option la plus pratique pour explorer le Montana.<\/p>\n<p>En conclusion, la location d'une voiture \u00e0 l'a\u00e9roport de Missoula vaut vraiment la peine d'\u00eatre envisag\u00e9e si vous pr\u00e9voyez d'explorer le Montana. Avec les diff\u00e9rentes options disponibles et la commodit\u00e9 qu'elle offre, c'est le meilleur moyen de tirer le meilleur parti de votre voyage. Veillez simplement \u00e0 faire vos recherches et \u00e0 r\u00e9server \u00e0 l'avance pour obtenir la meilleure offre possible !<\/p>\n<\/div>","protected":false},"excerpt":{"rendered":"<p>Missoula Airport Rent a Car: The Best Way to Explore the Treasure State If you&#8217;re planning a trip to Montana, the beautiful Treasure State, then Missoula Airport is most likely your point of arrival. As the second largest city in Montana, Missoula is a popular destination for both business and leisure travelers. And what better [&hellip;]<\/p>\n","protected":false},"author":1,"featured_media":3357,"parent":0,"menu_order":0,"comment_status":"closed","ping_status":"closed","template":"","meta":{"rs_blank_template":"","rs_page_bg_color":"","slide_template_v7":"","footnotes":""},"categories":[1],"tags":[],"class_list":["post-6447","page","type-page","status-publish","has-post-thumbnail","hentry","category-blog"],"_links":{"self":[{"href":"https:\/\/rental-car.company\/fr\/wp-json\/wp\/v2\/pages\/6447","targetHints":{"allow":["GET"]}}],"collection":[{"href":"https:\/\/rental-car.company\/fr\/wp-json\/wp\/v2\/pages"}],"about":[{"href":"https:\/\/rental-car.company\/fr\/wp-json\/wp\/v2\/types\/page"}],"author":[{"embeddable":true,"href":"https:\/\/rental-car.company\/fr\/wp-json\/wp\/v2\/users\/1"}],"replies":[{"embeddable":true,"href":"https:\/\/rental-car.company\/fr\/wp-json\/wp\/v2\/comments?post=6447"}],"version-history":[{"count":0,"href":"https:\/\/rental-car.company\/fr\/wp-json\/wp\/v2\/pages\/6447\/revisions"}],"wp:featuredmedia":[{"embeddable":true,"href":"https:\/\/rental-car.company\/fr\/wp-json\/wp\/v2\/media\/3357"}],"wp:attachment":[{"href":"https:\/\/rental-car.company\/fr\/wp-json\/wp\/v2\/media?parent=6447"}],"wp:term":[{"taxonomy":"category","embeddable":true,"href":"https:\/\/rental-car.company\/fr\/wp-json\/wp\/v2\/categories?post=6447"},{"taxonomy":"post_tag","embeddable":true,"href":"https:\/\/rental-car.company\/fr\/wp-json\/wp\/v2\/tags?post=6447"}],"curies":[{"name":"wp","href":"https:\/\/api.w.org\/{rel}","templated":true}]}}