{"id":6455,"date":"2024-08-26T12:05:35","date_gmt":"2024-08-26T12:05:35","guid":{"rendered":"https:\/\/rental-car.company\/?page_id=6455"},"modified":"2024-08-26T12:05:35","modified_gmt":"2024-08-26T12:05:35","slug":"louer-une-voiture-en-suisse","status":"publish","type":"page","link":"https:\/\/rental-car.company\/fr\/louer-une-voiture-en-suisse\/","title":{"rendered":"Louer une voiture en Suisse - Votre guide ultime"},"content":{"rendered":"<div class=\"wpb-content-wrapper\"><h2>D\u00e9couvrez le meilleur de la Suisse avec une voiture de location<\/h2>\n<p>La Suisse est connue pour ses paysages alpins \u00e0 couper le souffle, ses villes charmantes et ses villages pittoresques. Gr\u00e2ce \u00e0 son syst\u00e8me de transport efficace, il est facile d'explorer le pays en train ou en bus. Cependant, si vous voulez vraiment d\u00e9couvrir tout ce que la Suisse a \u00e0 offrir \u00e0 votre propre rythme, la location d'une voiture est la meilleure solution.<\/p>\n<div class=\"vc_row wpb_row vc_row-fluid\"><div class=\"wpb_column vc_column_container vc_col-sm-12\"><div class=\"vc_column-inner\"><div class=\"wpb_wrapper\">\n\t<div class=\"wpb_text_column wpb_content_element\" >\n\t\t<div class=\"wpb_wrapper\">\n\t\t\t<p><script id=\"dchwidget\" src=\"https:\/\/www.discovercars.com\/wg.js\" async=\"\" data-dev-env=\"com\" data-location=\"\" data-lang=\"en\" data-utm-source=\"malina\" data-utm-medium=\"widget\" data-aff-code=\"a_aid\" data-autocomplete=\"on\" data-style-submit-bg-color=\"00A200\" data-style-submit-font-color=\"white\" data-style-form-bg-color=\"FAD130\" data-style-form-font-color=\"333\" data-style-submit-text=\"Search now\"><\/script><\/p>\n\n\t\t<\/div>\n\t<\/div>\n<\/div><\/div><\/div><\/div>\n<p>&nbsp;<\/p>\n<h2>D\u00e9couvrez Rent a Car en Suisse<\/h2>\n<p><img loading=\"lazy\" decoding=\"async\" class=\"alignleft\" src=\"\/wp-content\/uploads\/images\/rent_car_473.png\" alt=\"louer une voiture en suisse\" width=\"350\" height=\"350\" \/><\/p>\n<p>Plusieurs options s'offrent \u00e0 vous pour louer une voiture en Suisse. Vous pouvez louer aupr\u00e8s de grandes soci\u00e9t\u00e9s internationales de location de voitures telles que Hertz, Avis et Europcar ou opter pour des soci\u00e9t\u00e9s locales telles que Swiss Rent-a-Car et Edel &amp; Stark.<\/p>\n<p>L'un des principaux avantages de la location d'une voiture en Suisse est sa commodit\u00e9. Vous pouvez r\u00e9cup\u00e9rer votre voiture de location dans les principaux a\u00e9roports tels que Zurich et Gen\u00e8ve ou dans de nombreuses villes du pays. Cela vous permet de commencer \u00e0 explorer imm\u00e9diatement sans avoir \u00e0 vous soucier des horaires des transports publics.<\/p>\n<p>De plus, la location d'une voiture vous donne la libert\u00e9 de cr\u00e9er votre propre itin\u00e9raire et de visiter des destinations hors des sentiers battus qui ne sont peut-\u00eatre pas facilement accessibles par les transports publics. Vous pouvez \u00e9galement vous arr\u00eater o\u00f9 et quand vous le souhaitez pour prendre des photos ou simplement admirer le paysage.<\/p>\n<h3>Les avantages de la location d'une voiture en Suisse<\/h3>\n<p>- Libert\u00e9 : Comme nous l'avons d\u00e9j\u00e0 mentionn\u00e9, la location d'une voiture vous permet d'\u00eatre totalement libre de vos projets de voyage.<br \/>\n- Le confort : Avoir son propre v\u00e9hicule permet de voyager confortablement sans avoir \u00e0 transporter de lourds bagages dans les trains ou les bus.<br \/>\n- Accessibilit\u00e9 : La location d'une voiture vous permet d'acc\u00e9der \u00e0 des zones recul\u00e9es qui ne sont pas forc\u00e9ment accessibles par les transports publics.<br \/>\n- Flexibilit\u00e9 : Vous pouvez changer vos plans \u00e0 la derni\u00e8re minute sans vous soucier des billets de train ou de bus r\u00e9serv\u00e9s \u00e0 l'avance.<br \/>\n- Rentabilit\u00e9 : Selon le nombre de personnes qui voyagent, la location d'une voiture peut \u00eatre une option plus rentable que l'achat de billets de train ou de bus individuels.<\/p>\n<h3>Les inconv\u00e9nients de la location de voiture en Suisse<\/h3>\n<p>- Le co\u00fbt : Louer une voiture en Suisse peut s'av\u00e9rer co\u00fbteux, surtout pendant la haute saison touristique.<br \/>\n- Difficult\u00e9s de conduite : Certaines routes de Suisse sont \u00e9troites et sinueuses, et la conduite en ville peut \u00eatre difficile pour ceux qui n'y sont pas habitu\u00e9s.<br \/>\n- Le stationnement : Il peut \u00eatre difficile et co\u00fbteux de trouver un parking dans les villes ou les destinations touristiques populaires.<br \/>\n- Impact sur l'environnement : Conduire au lieu d'utiliser les transports publics contribue \u00e0 la pollution de l'air et aux \u00e9missions de carbone.<\/p>\n<h4>FAQ<\/h4>\n<p><img loading=\"lazy\" decoding=\"async\" class=\"alignright\" src=\"\/wp-content\/uploads\/images\/rent_car_1083.png\" alt=\"louer une voiture en suisse\" width=\"350\" height=\"350\" \/><\/p>\n<h5>Ai-je besoin d'un permis de conduire international pour louer une voiture en Suisse ?<\/h5>\n<p>Non, vous n'avez pas besoin d'un permis de conduire international pour louer une voiture en Suisse. Votre permis de conduire valide de votre pays d'origine suffit.<\/p>\n<h5>Quel est l'\u00e2ge minimum requis pour louer une voiture en Suisse ?<\/h5>\n<p>L'\u00e2ge minimum pour louer une voiture varie d'une compagnie \u00e0 l'autre, mais il est g\u00e9n\u00e9ralement de 21 ans. Toutefois, les conducteurs de moins de 25 ans peuvent devoir payer un suppl\u00e9ment pour jeune conducteur.<\/p>\n<h5>De quel type d'assurance ai-je besoin pour louer une voiture en Suisse ?<\/h5>\n<p>Une assurance de base est g\u00e9n\u00e9ralement incluse dans la location d'une voiture. Toutefois, il est recommand\u00e9 de souscrire une couverture suppl\u00e9mentaire telle que l'assurance collision sans franchise (CDW) ou la protection contre le vol pour une plus grande tranquillit\u00e9 d'esprit.<\/p>\n<h2>Conseils pour louer une voiture en Suisse<\/h2>\n<p>Pour tirer le meilleur parti de votre exp\u00e9rience de location, voici quelques conseils qui vous seront utiles :<\/p>\n<p>- R\u00e9servez \u00e0 l'avance : Pour obtenir les meilleurs tarifs et garantir la disponibilit\u00e9, il est conseill\u00e9 de r\u00e9server votre voiture de location avant d'arriver \u00e0 votre destination.<br \/>\n- Choisissez le bon v\u00e9hicule : Si vous pr\u00e9voyez de traverser des r\u00e9gions montagneuses ou des zones tout-terrain, optez pour un v\u00e9hicule \u00e0 transmission int\u00e9grale. Sinon, une voiture standard suffira.<br \/>\n- Tenez compte du type de transmission : La plupart des voitures de location en Suisse sont \u00e9quip\u00e9es d'une transmission manuelle. Si vous n'\u00eates pas \u00e0 l'aise au volant d'une voiture manuelle, veillez \u00e0 demander une voiture automatique lors de la r\u00e9servation.<br \/>\n- Conna\u00eetre le code de la route : Familiarisez-vous avec le code de la route suisse avant de prendre la route. Par exemple, vous devez toujours avoir vos phares allum\u00e9s lorsque vous conduisez et c\u00e9der le passage aux pi\u00e9tons \u00e0 tout moment.<br \/>\n- Pr\u00e9voyez les p\u00e9ages : Certaines routes de Suisse sont payantes. Pr\u00e9parez-vous \u00e0 payer en liquide ou \u00e0 acheter une vignette pour votre voiture de location.<br \/>\n- Faites le plein d'essence avant de rendre la voiture : Les stations-service peuvent \u00eatre rares dans certaines r\u00e9gions. Faites donc le plein avant de rendre votre voiture de location pour \u00e9viter des frais suppl\u00e9mentaires.<\/p>\n<h2>Conclusion<\/h2>\n<p>Louer une voiture en Suisse vous donne la libert\u00e9 et la flexibilit\u00e9 d'explorer ce magnifique pays \u00e0 votre propre rythme. Avec son syst\u00e8me de transport efficace, ses nombreuses options de location et ses paysages \u00e9poustouflants, c'est le moyen id\u00e9al de d\u00e9couvrir tout ce que la Suisse a \u00e0 offrir. N'oubliez pas de planifier \u00e0 l'avance, de respecter le code de la route et les r\u00e8gles de circulation, et de profiter du voyage !<\/p>\n<\/div>","protected":false},"excerpt":{"rendered":"<p>Experience the Best of Switzerland with a Rental Car Switzerland is known for its breathtaking alpine landscapes, charming cities, and picturesque villages. With its efficient transportation system, it is easy to explore the country by train or bus. However, if you want to truly experience all that Switzerland has to offer at your own pace, [&hellip;]<\/p>\n","protected":false},"author":1,"featured_media":5429,"parent":0,"menu_order":0,"comment_status":"closed","ping_status":"closed","template":"","meta":{"rs_blank_template":"","rs_page_bg_color":"","slide_template_v7":"","footnotes":""},"categories":[1],"tags":[],"class_list":["post-6455","page","type-page","status-publish","has-post-thumbnail","hentry","category-blog"],"_links":{"self":[{"href":"https:\/\/rental-car.company\/fr\/wp-json\/wp\/v2\/pages\/6455","targetHints":{"allow":["GET"]}}],"collection":[{"href":"https:\/\/rental-car.company\/fr\/wp-json\/wp\/v2\/pages"}],"about":[{"href":"https:\/\/rental-car.company\/fr\/wp-json\/wp\/v2\/types\/page"}],"author":[{"embeddable":true,"href":"https:\/\/rental-car.company\/fr\/wp-json\/wp\/v2\/users\/1"}],"replies":[{"embeddable":true,"href":"https:\/\/rental-car.company\/fr\/wp-json\/wp\/v2\/comments?post=6455"}],"version-history":[{"count":0,"href":"https:\/\/rental-car.company\/fr\/wp-json\/wp\/v2\/pages\/6455\/revisions"}],"wp:featuredmedia":[{"embeddable":true,"href":"https:\/\/rental-car.company\/fr\/wp-json\/wp\/v2\/media\/5429"}],"wp:attachment":[{"href":"https:\/\/rental-car.company\/fr\/wp-json\/wp\/v2\/media?parent=6455"}],"wp:term":[{"taxonomy":"category","embeddable":true,"href":"https:\/\/rental-car.company\/fr\/wp-json\/wp\/v2\/categories?post=6455"},{"taxonomy":"post_tag","embeddable":true,"href":"https:\/\/rental-car.company\/fr\/wp-json\/wp\/v2\/tags?post=6455"}],"curies":[{"name":"wp","href":"https:\/\/api.w.org\/{rel}","templated":true}]}}