{"id":6730,"date":"2024-08-29T05:06:21","date_gmt":"2024-08-29T05:06:21","guid":{"rendered":"https:\/\/rental-car.company\/?page_id=6730"},"modified":"2024-08-29T05:06:21","modified_gmt":"2024-08-29T05:06:21","slug":"location-de-voitures-a-wilmington","status":"publish","type":"page","link":"https:\/\/rental-car.company\/fr\/location-de-voitures-a-wilmington\/","title":{"rendered":"Location de voiture \u00e0 Wilmington : votre porte d'entr\u00e9e pour explorer la ville en toute facilit\u00e9"},"content":{"rendered":"<div class=\"wpb-content-wrapper\"><h2>Explorez Wilmington avec un service de location de voitures fiable<\/h2>\n<p>Wilmington, ville dynamique situ\u00e9e dans le sud-est de la Caroline du Nord, est connue pour son centre-ville historique, ses belles plages et sa culture diversifi\u00e9e. Que vous soyez en visite pour les affaires ou pour le plaisir, il est essentiel d'avoir un moyen de transport fiable pour profiter pleinement de tout ce que cette charmante ville a \u00e0 offrir. C'est l\u00e0 que la location d'une voiture \u00e0 Wilmington entre en jeu, en vous offrant la commodit\u00e9 et la flexibilit\u00e9 n\u00e9cessaires pour explorer Wilmington \u00e0 votre propre rythme.<\/p>\n<div class=\"vc_row wpb_row vc_row-fluid\"><div class=\"wpb_column vc_column_container vc_col-sm-12\"><div class=\"vc_column-inner\"><div class=\"wpb_wrapper\">\n\t<div class=\"wpb_text_column wpb_content_element\" >\n\t\t<div class=\"wpb_wrapper\">\n\t\t\t<p><script id=\"dchwidget\" src=\"https:\/\/www.discovercars.com\/wg.js\" async=\"\" data-dev-env=\"com\" data-location=\"\" data-lang=\"en\" data-utm-source=\"malina\" data-utm-medium=\"widget\" data-aff-code=\"a_aid\" data-autocomplete=\"on\" data-style-submit-bg-color=\"00A200\" data-style-submit-font-color=\"white\" data-style-form-bg-color=\"FAD130\" data-style-form-font-color=\"333\" data-style-submit-text=\"Search now\"><\/script><\/p>\n\n\t\t<\/div>\n\t<\/div>\n<\/div><\/div><\/div><\/div>\n<p>&nbsp;<\/p>\n<h2>D\u00e9couvrez la location de voitures \u00e0 Wilmington<\/h2>\n<p><img loading=\"lazy\" decoding=\"async\" class=\"alignleft\" src=\"\/wp-content\/uploads\/images\/rent_car_719.png\" alt=\"location de voitures \u00e0 wilmington\" width=\"350\" height=\"350\" \/><\/p>\n<p>Chez wilmington car rental, nous comprenons que chaque voyageur a des besoins et des pr\u00e9f\u00e9rences diff\u00e9rents lorsqu'il s'agit de louer une voiture. C'est pourquoi nous proposons une large s\u00e9lection de v\u00e9hicules allant des voitures compactes pour les voyageurs solitaires aux SUV spacieux pour les familles et les groupes. Notre flotte comprend des marques de premier plan telles que Toyota, Ford, Nissan, et bien d'autres encore - garantissant qualit\u00e9 et fiabilit\u00e9 pendant votre voyage.<\/p>\n<p>Gr\u00e2ce \u00e0 notre syst\u00e8me de r\u00e9servation en ligne, vous pouvez r\u00e9server le v\u00e9hicule de votre choix en quelques clics. Nous proposons \u00e9galement des lieux de prise en charge et de restitution flexibles dans tout Wilmington, y compris \u00e0 l'a\u00e9roport, ce qui est pratique pour vous, quel que soit le lieu de d\u00e9part ou d'arriv\u00e9e de votre voyage.<\/p>\n<h3>Des tarifs abordables pour les voyageurs soucieux de leur budget<\/h3>\n<p>Nous pensons qu'explorer Wilmington ne doit pas co\u00fbter cher. C'est pourquoi nous nous effor\u00e7ons de proposer des tarifs comp\u00e9titifs sans compromettre la qualit\u00e9 du service. Notre politique de prix transparente garantit qu'il n'y a pas de frais cach\u00e9s ou de surprises au moment de payer. De plus, nous proposons r\u00e9guli\u00e8rement des r\u00e9ductions et des offres sp\u00e9ciales. N'oubliez donc pas de consulter notre site Web avant de r\u00e9server votre voiture de location.<\/p>\n<h3>Des services pratiques pour voyager sans stress<\/h3>\n<p>Chez Wilmington Car Rental, la satisfaction du client est notre priorit\u00e9 absolue. Notre personnel amical est toujours disponible pour vous aider \u00e0 r\u00e9pondre \u00e0 toutes les questions ou pr\u00e9occupations que vous pourriez avoir pendant votre exp\u00e9rience de location. Nous offrons \u00e9galement une assistance routi\u00e8re 24h\/24 et 7j\/7 en cas de probl\u00e8me inattendu pendant votre voyage.<\/p>\n<p>Pour plus de commodit\u00e9, nous proposons \u00e9galement des services suppl\u00e9mentaires tels que des syst\u00e8mes de navigation GPS, des si\u00e8ges pour enfants et des options d'assurance pour rendre votre voyage encore plus agr\u00e9able.<\/p>\n<h3>Avantages \/ inconv\u00e9nients<\/h3>\n<p><strong>Pour :<\/strong><br \/>\n- Large choix de v\u00e9hicules<br \/>\n- Des lieux de prise en charge et de d\u00e9pose flexibles<br \/>\n- Politique de prix transparente<br \/>\n- Tarifs abordables et offres sp\u00e9ciales<br \/>\n- Des services pratiques comme l'assistance routi\u00e8re 24\/7<\/p>\n<p><strong>Cons :<\/strong><br \/>\n- Frais suppl\u00e9mentaires pour les options telles que les syst\u00e8mes de navigation GPS ou l'assurance<\/p>\n<h4>FAQ<\/h4>\n<p><img loading=\"lazy\" decoding=\"async\" class=\"alignright\" src=\"\/wp-content\/uploads\/images\/rent_car_211.png\" alt=\"location de voitures \u00e0 wilmington\" width=\"350\" height=\"350\" \/><\/p>\n<p><strong>Q : Ai-je besoin d'une carte de cr\u00e9dit pour louer une voiture \u00e0 Wilmington ?<\/strong><br \/>\nR : Oui, une carte de cr\u00e9dit est n\u00e9cessaire pour le d\u00e9p\u00f4t de garantie. Cependant, certaines soci\u00e9t\u00e9s peuvent accepter les cartes de d\u00e9bit - v\u00e9rifiez au pr\u00e9alable aupr\u00e8s de la soci\u00e9t\u00e9 de location concern\u00e9e.<\/p>\n<p><strong>Q : Puis-je ajouter un conducteur suppl\u00e9mentaire \u00e0 ma location ?<\/strong><br \/>\nR : Oui, vous pouvez ajouter un chauffeur suppl\u00e9mentaire pour une somme modique. Veillez \u00e0 fournir leurs coordonn\u00e9es lors de la r\u00e9servation.<\/p>\n<p><strong>Q : Y a-t-il un \u00e2ge limite pour louer une voiture \u00e0 Wilmington ?<\/strong><br \/>\nR : La plupart des compagnies exigent que les conducteurs aient au moins 21 ans. Les conducteurs de moins de 25 ans peuvent \u00eatre soumis \u00e0 des frais suppl\u00e9mentaires.<\/p>\n<p>En conclusion, la location de voitures \u00e0 Wilmington est votre meilleur choix pour un transport pratique et abordable lors de votre visite \u00e0 Wilmington. Gr\u00e2ce \u00e0 notre service fiable et \u00e0 nos options flexibles, vous pouvez explorer cette charmante ville en toute simplicit\u00e9 et vous faire des souvenirs inoubliables. R\u00e9servez votre voiture de location d\u00e8s aujourd'hui et pr\u00e9parez-vous \u00e0 d\u00e9couvrir tout ce que Wilmington a \u00e0 offrir !<\/p>\n<\/div>","protected":false},"excerpt":{"rendered":"<p>Explore Wilmington with a Reliable Car Rental Service Wilmington, a vibrant city located in the southeastern region of North Carolina, is known for its historic downtown area, beautiful beaches, and diverse culture. Whether you are visiting for business or pleasure, having a reliable mode of transportation is essential to fully experience all that this charming [&hellip;]<\/p>\n","protected":false},"author":1,"featured_media":6732,"parent":0,"menu_order":0,"comment_status":"closed","ping_status":"closed","template":"","meta":{"rs_blank_template":"","rs_page_bg_color":"","slide_template_v7":"","footnotes":""},"categories":[1],"tags":[],"class_list":["post-6730","page","type-page","status-publish","has-post-thumbnail","hentry","category-blog"],"_links":{"self":[{"href":"https:\/\/rental-car.company\/fr\/wp-json\/wp\/v2\/pages\/6730","targetHints":{"allow":["GET"]}}],"collection":[{"href":"https:\/\/rental-car.company\/fr\/wp-json\/wp\/v2\/pages"}],"about":[{"href":"https:\/\/rental-car.company\/fr\/wp-json\/wp\/v2\/types\/page"}],"author":[{"embeddable":true,"href":"https:\/\/rental-car.company\/fr\/wp-json\/wp\/v2\/users\/1"}],"replies":[{"embeddable":true,"href":"https:\/\/rental-car.company\/fr\/wp-json\/wp\/v2\/comments?post=6730"}],"version-history":[{"count":0,"href":"https:\/\/rental-car.company\/fr\/wp-json\/wp\/v2\/pages\/6730\/revisions"}],"wp:featuredmedia":[{"embeddable":true,"href":"https:\/\/rental-car.company\/fr\/wp-json\/wp\/v2\/media\/6732"}],"wp:attachment":[{"href":"https:\/\/rental-car.company\/fr\/wp-json\/wp\/v2\/media?parent=6730"}],"wp:term":[{"taxonomy":"category","embeddable":true,"href":"https:\/\/rental-car.company\/fr\/wp-json\/wp\/v2\/categories?post=6730"},{"taxonomy":"post_tag","embeddable":true,"href":"https:\/\/rental-car.company\/fr\/wp-json\/wp\/v2\/tags?post=6730"}],"curies":[{"name":"wp","href":"https:\/\/api.w.org\/{rel}","templated":true}]}}