{"id":6779,"date":"2024-08-29T17:05:19","date_gmt":"2024-08-29T17:05:19","guid":{"rendered":"https:\/\/rental-car.company\/?page_id=6779"},"modified":"2024-08-29T17:05:19","modified_gmt":"2024-08-29T17:05:19","slug":"entreprise-chicopee","status":"publish","type":"page","link":"https:\/\/rental-car.company\/fr\/entreprise-chicopee\/","title":{"rendered":"Introduction \u00e0 Enterprise Chicopee"},"content":{"rendered":"<div class=\"wpb-content-wrapper\"><p>Enterprise Chicopee est une soci\u00e9t\u00e9 de location de voitures populaire situ\u00e9e dans la ville de Chicopee, Massachusetts. Elle fait partie de la soci\u00e9t\u00e9 Enterprise Rent-A-Car, fond\u00e9e en 1957 et devenue depuis l'une des plus grandes soci\u00e9t\u00e9s de location de voitures au monde. Enterprise Chicopee propose une large gamme de v\u00e9hicules \u00e0 louer \u00e0 des prix abordables, ce qui en fait une option pratique pour les habitants et les touristes.<\/p>\n<h2>Variante : Louer une voiture avec Enterprise Chicopee<\/h2>\n<p>Si vous pr\u00e9voyez de visiter Chicopee ou de vivre dans la r\u00e9gion et que vous avez besoin de louer une voiture, Enterprise Chicopee est votre meilleure option. Gr\u00e2ce \u00e0 sa vaste flotte de v\u00e9hicules et \u00e0 ses emplacements pratiques, la location d'une voiture avec Enterprise Chicopee est une exp\u00e9rience facile et sans tracas.<\/p>\n<div class=\"vc_row wpb_row vc_row-fluid\"><div class=\"wpb_column vc_column_container vc_col-sm-12\"><div class=\"vc_column-inner\"><div class=\"wpb_wrapper\">\n\t<div class=\"wpb_text_column wpb_content_element\" >\n\t\t<div class=\"wpb_wrapper\">\n\t\t\t<p><script id=\"dchwidget\" src=\"https:\/\/www.discovercars.com\/wg.js\" async=\"\" data-dev-env=\"com\" data-location=\"\" data-lang=\"en\" data-utm-source=\"malina\" data-utm-medium=\"widget\" data-aff-code=\"a_aid\" data-autocomplete=\"on\" data-style-submit-bg-color=\"00A200\" data-style-submit-font-color=\"white\" data-style-form-bg-color=\"FAD130\" data-style-form-font-color=\"333\" data-style-submit-text=\"Search now\"><\/script><\/p>\n\n\t\t<\/div>\n\t<\/div>\n<\/div><\/div><\/div><\/div>\n<p>&nbsp;<\/p>\n<h2>D\u00e9couvrir Enterprise Chicopee<\/h2>\n<p><img loading=\"lazy\" decoding=\"async\" class=\"alignleft\" src=\"\/wp-content\/uploads\/images\/rent_car_1435.png\" alt=\"entreprise chicopee\" width=\"350\" height=\"350\" \/><\/p>\n<p>Enterprise Chicopee est fier d'offrir un excellent service \u00e0 la client\u00e8le et des prix abordables. Elle propose une vari\u00e9t\u00e9 de v\u00e9hicules pour r\u00e9pondre \u00e0 diff\u00e9rents besoins, des voitures \u00e9conomiques pour les voyageurs soucieux de leur budget aux SUV pour les groupes plus importants ou les familles. Des voitures de luxe sont \u00e9galement disponibles pour ceux qui recherchent une exp\u00e9rience plus haut de gamme.<\/p>\n<p>En louant aupr\u00e8s d'Enterprise Chicopee, les clients peuvent choisir entre des tarifs journaliers, hebdomadaires ou mensuels en fonction de leurs besoins. Le processus de location est simple et efficace - il suffit de faire votre r\u00e9servation en ligne ou par t\u00e9l\u00e9phone et de r\u00e9cup\u00e9rer votre v\u00e9hicule dans l'une des agences de la ville.<\/p>\n<h3>Des locations adapt\u00e9es \u00e0 vos besoins<\/h3>\n<p>L'un des principaux avantages de choisir Enterprise Chicopee comme soci\u00e9t\u00e9 de location de voitures est le large choix de v\u00e9hicules qu'elle propose. Que vous ayez besoin d'une voiture compacte pour naviguer dans les rues de la ville ou d'un SUV pour explorer les attractions voisines telles que le parc d'\u00c9tat de Mount Holyoke Range, ils ont tout ce qu'il vous faut.<\/p>\n<p>Outre les voitures standard, Enterprise Chicopee propose \u00e9galement des v\u00e9hicules sp\u00e9cialis\u00e9s tels que des camions et des fourgonnettes pour ceux qui ont besoin de transporter des objets plus volumineux. Des v\u00e9hicules hybrides et \u00e9lectriques sont \u00e9galement disponibles \u00e0 la location, ce qui en fait un excellent choix pour les voyageurs soucieux de l'environnement.<\/p>\n<h3>Commodit\u00e9 et flexibilit\u00e9<\/h3>\n<p>Gr\u00e2ce \u00e0 ses nombreuses agences situ\u00e9es \u00e0 Chicopee, Enterprise facilite la prise en charge et la restitution de votre voiture de location. C'est particuli\u00e8rement pratique pour ceux qui arrivent dans la r\u00e9gion en avion : vous pouvez simplement r\u00e9cup\u00e9rer votre voiture \u00e0 l'a\u00e9roport et la rendre avant votre vol de retour.<\/p>\n<p>Enterprise Chicopee propose \u00e9galement un service pratique de \"pick-up\", qui consiste \u00e0 venir vous chercher si vous ne pouvez pas vous rendre \u00e0 l'une de ses agences. Ce service est parfait pour les clients qui ont des difficult\u00e9s \u00e0 se d\u00e9placer ou qui ont besoin d'une voiture de location \u00e0 court terme.<\/p>\n<h4>Avantages \/ inconv\u00e9nients<\/h4>\n<p>Pour :<br \/>\n- Large choix de v\u00e9hicules disponibles<br \/>\n- Des prix abordables<br \/>\n- Des emplacements pratiques dans toute la ville<br \/>\n- Excellent service \u00e0 la client\u00e8le<\/p>\n<p>Cons :<br \/>\n- Disponibilit\u00e9 limit\u00e9e de v\u00e9hicules de luxe<br \/>\n- Possibilit\u00e9 de frais suppl\u00e9mentaires pour les conducteurs suppl\u00e9mentaires ou les jeunes locataires <\/p>\n<h4>Foire aux questions (FAQ)<\/h4>\n<p><img loading=\"lazy\" decoding=\"async\" class=\"alignright\" src=\"\/wp-content\/uploads\/images\/rent_car_736.png\" alt=\"entreprise chicopee\" width=\"350\" height=\"350\" \/><\/p>\n<p>Q : De quoi ai-je besoin pour louer une voiture chez Enterprise Chicopee ?<br \/>\nR : Pour louer une voiture chez Enterprise Chicopee, vous aurez besoin d'un permis de conduire valide, d'une carte de cr\u00e9dit ou de d\u00e9bit et d'une preuve d'assurance si vous utilisez votre propre police.<\/p>\n<p>Q : Puis-je rendre mon v\u00e9hicule de location en dehors des heures d'ouverture ?<br \/>\nR : Oui, la plupart des agences Enterprise de Chicopee proposent des options de d\u00e9p\u00f4t en dehors des heures de bureau. Veillez simplement \u00e0 vous renseigner au pr\u00e9alable aupr\u00e8s de l'\u00e9tablissement concern\u00e9.<\/p>\n<p>Q : Y a-t-il une condition d'\u00e2ge pour louer une voiture avec Enterprise Chicopee ?<br \/>\nR : Oui, les locataires doivent \u00eatre \u00e2g\u00e9s d'au moins 21 ans. Les conducteurs de moins de 25 ans peuvent \u00eatre soumis \u00e0 des frais suppl\u00e9mentaires.<\/p>\n<p>En conclusion, Enterprise Chicopee offre des options fiables et pratiques pour louer une voiture dans la ville de Chicopee. Avec sa large s\u00e9lection de v\u00e9hicules et son excellent service client, il n'est pas \u00e9tonnant qu'elle soit le premier choix de nombreux voyageurs et habitants de la ville. La prochaine fois que vous aurez besoin d'une voiture de location \u00e0 Chicopee, ne cherchez pas plus loin qu'Enterprise Chicopee.<\/p>\n<\/div>","protected":false},"excerpt":{"rendered":"<p>Enterprise Chicopee is a popular car rental company located in the city of Chicopee, Massachusetts. It is part of the larger Enterprise Rent-A-Car company, which was founded in 1957 and has since become one of the largest car rental companies in the world. Enterprise Chicopee offers a wide range of vehicles for rent at affordable [&hellip;]<\/p>\n","protected":false},"author":1,"featured_media":6781,"parent":0,"menu_order":0,"comment_status":"closed","ping_status":"closed","template":"","meta":{"rs_blank_template":"","rs_page_bg_color":"","slide_template_v7":"","footnotes":""},"categories":[1],"tags":[],"class_list":["post-6779","page","type-page","status-publish","has-post-thumbnail","hentry","category-blog"],"_links":{"self":[{"href":"https:\/\/rental-car.company\/fr\/wp-json\/wp\/v2\/pages\/6779","targetHints":{"allow":["GET"]}}],"collection":[{"href":"https:\/\/rental-car.company\/fr\/wp-json\/wp\/v2\/pages"}],"about":[{"href":"https:\/\/rental-car.company\/fr\/wp-json\/wp\/v2\/types\/page"}],"author":[{"embeddable":true,"href":"https:\/\/rental-car.company\/fr\/wp-json\/wp\/v2\/users\/1"}],"replies":[{"embeddable":true,"href":"https:\/\/rental-car.company\/fr\/wp-json\/wp\/v2\/comments?post=6779"}],"version-history":[{"count":0,"href":"https:\/\/rental-car.company\/fr\/wp-json\/wp\/v2\/pages\/6779\/revisions"}],"wp:featuredmedia":[{"embeddable":true,"href":"https:\/\/rental-car.company\/fr\/wp-json\/wp\/v2\/media\/6781"}],"wp:attachment":[{"href":"https:\/\/rental-car.company\/fr\/wp-json\/wp\/v2\/media?parent=6779"}],"wp:term":[{"taxonomy":"category","embeddable":true,"href":"https:\/\/rental-car.company\/fr\/wp-json\/wp\/v2\/categories?post=6779"},{"taxonomy":"post_tag","embeddable":true,"href":"https:\/\/rental-car.company\/fr\/wp-json\/wp\/v2\/tags?post=6779"}],"curies":[{"name":"wp","href":"https:\/\/api.w.org\/{rel}","templated":true}]}}