{"id":6807,"date":"2024-08-29T23:05:39","date_gmt":"2024-08-29T23:05:39","guid":{"rendered":"https:\/\/rental-car.company\/?page_id=6807"},"modified":"2024-08-29T23:05:39","modified_gmt":"2024-08-29T23:05:39","slug":"rental-car-el-paso-airport","status":"publish","type":"page","link":"https:\/\/rental-car.company\/fr\/rental-car-el-paso-airport\/","title":{"rendered":"Rental Car El Paso Airport: Your Ultimate Guide"},"content":{"rendered":"<div class=\"wpb-content-wrapper\"><h2>Exploring the Convenience of Rental Car El Paso Airport<\/h2>\n<p>If you&#8217;re traveling to El Paso, Texas by air, chances are you&#8217;ll be landing at the El Paso International Airport. Located just 6 miles from downtown El Paso, this airport is the primary gateway for visitors coming into the city. And what better way to start your trip than by renting a car right at the airport?<\/p>\n<div class=\"vc_row wpb_row vc_row-fluid\"><div class=\"wpb_column vc_column_container vc_col-sm-12\"><div class=\"vc_column-inner\"><div class=\"wpb_wrapper\">\n\t<div class=\"wpb_text_column wpb_content_element\" >\n\t\t<div class=\"wpb_wrapper\">\n\t\t\t<p><script id=\"dchwidget\" src=\"https:\/\/www.discovercars.com\/wg.js\" async=\"\" data-dev-env=\"com\" data-location=\"\" data-lang=\"en\" data-utm-source=\"malina\" data-utm-medium=\"widget\" data-aff-code=\"a_aid\" data-autocomplete=\"on\" data-style-submit-bg-color=\"00A200\" data-style-submit-font-color=\"white\" data-style-form-bg-color=\"FAD130\" data-style-form-font-color=\"333\" data-style-submit-text=\"Search now\"><\/script><\/p>\n\n\t\t<\/div>\n\t<\/div>\n<\/div><\/div><\/div><\/div>\n<p>&nbsp;<\/p>\n<h2>Discover Rental Car El Paso Airport<\/h2>\n<p><img loading=\"lazy\" decoding=\"async\" class=\"alignleft\" src=\"\/wp-content\/uploads\/images\/rent_car_267.png\" alt=\"rental car el paso airport\" width=\"350\" height=\"350\" \/><\/p>\n<p>As soon as you step off your flight at the El Paso International Airport, you&#8217;ll be greeted with a variety of rental car options. From well-known brands like Hertz and Enterprise to local companies like Sun Travelers Rent-A-Car and Advantage Rent-A-Car, there&#8217;s something for every budget and preference.<\/p>\n<h3>Convenience at its Finest<\/h3>\n<p>Renting a car from the airport offers unmatched convenience for travelers. You won&#8217;t have to worry about finding transportation to your hotel or navigating unfamiliar public transportation systems. With a rental car waiting for you right at the airport, you can hit the road as soon as you land and start exploring all that El Paso has to offer.<\/p>\n<h3>Large choix de v\u00e9hicules<\/h3>\n<p>One of the biggest benefits of renting a car from an airport is having access to a wide selection of vehicles. Whether you need a compact car for easy city driving or an SUV for those off-road adventures in nearby state parks, rental car companies at El Paso Airport have got you covered.<\/p>\n<h4>Pour :<\/h4>\n<p>- Lieu de prise en charge et de d\u00e9p\u00f4t pratique<br \/>\n- Large choix de v\u00e9hicules disponibles<br \/>\n&#8211; Competitive pricing options<\/p>\n<h4>Cons :<\/h4>\n<p>&#8211; Can be more expensive compared to off-airport rental locations<br \/>\n- Disponibilit\u00e9 limit\u00e9e pendant les p\u00e9riodes de pointe<\/p>\n<h4>Questions fr\u00e9quemment pos\u00e9es<\/h4>\n<h4>Q: How old do I have to be to rent a car at El Paso Airport?<\/h4>\n<p>A: Most rental car companies require drivers to be at least 25 years old. However, some companies may rent to drivers as young as 21 with an additional fee.<\/p>\n<h4>Q\u00a0: Puis-je restituer ma voiture de location en dehors des heures normales de bureau\u00a0?<\/h4>\n<p>A: Yes, most rental car companies at El Paso Airport offer after-hours drop-off options for your convenience. Just make sure to confirm this with your chosen company beforehand.<\/p>\n<h4>Q: Do I need insurance when renting a car from the airport?<\/h4>\n<p><img loading=\"lazy\" decoding=\"async\" class=\"alignright\" src=\"\/wp-content\/uploads\/images\/rent_car_786.png\" alt=\"rental car el paso airport\" width=\"350\" height=\"350\" \/><\/p>\n<p>A: While it&#8217;s not required, it is highly recommended that you have insurance when renting a car. You can either purchase insurance directly from the rental company or use your own personal coverage.<\/p>\n<p>In conclusion, renting a car from El Paso Airport is the most convenient and efficient way to explore this beautiful city. With a wide selection of vehicles and competitive pricing options, you&#8217;ll have everything you need for an unforgettable trip. So next time you&#8217;re flying into El Paso, don&#8217;t forget to book your rental car from the airport for a hassle-free travel experience.<\/p>\n<\/div>","protected":false},"excerpt":{"rendered":"<p>Exploring the Convenience of Rental Car El Paso Airport If you&#8217;re traveling to El Paso, Texas by air, chances are you&#8217;ll be landing at the El Paso International Airport. Located just 6 miles from downtown El Paso, this airport is the primary gateway for visitors coming into the city. And what better way to start [&hellip;]<\/p>\n","protected":false},"author":1,"featured_media":5368,"parent":0,"menu_order":0,"comment_status":"closed","ping_status":"closed","template":"","meta":{"rs_blank_template":"","rs_page_bg_color":"","slide_template_v7":"","footnotes":""},"categories":[1],"tags":[],"class_list":["post-6807","page","type-page","status-publish","has-post-thumbnail","hentry","category-blog"],"_links":{"self":[{"href":"https:\/\/rental-car.company\/fr\/wp-json\/wp\/v2\/pages\/6807","targetHints":{"allow":["GET"]}}],"collection":[{"href":"https:\/\/rental-car.company\/fr\/wp-json\/wp\/v2\/pages"}],"about":[{"href":"https:\/\/rental-car.company\/fr\/wp-json\/wp\/v2\/types\/page"}],"author":[{"embeddable":true,"href":"https:\/\/rental-car.company\/fr\/wp-json\/wp\/v2\/users\/1"}],"replies":[{"embeddable":true,"href":"https:\/\/rental-car.company\/fr\/wp-json\/wp\/v2\/comments?post=6807"}],"version-history":[{"count":0,"href":"https:\/\/rental-car.company\/fr\/wp-json\/wp\/v2\/pages\/6807\/revisions"}],"wp:featuredmedia":[{"embeddable":true,"href":"https:\/\/rental-car.company\/fr\/wp-json\/wp\/v2\/media\/5368"}],"wp:attachment":[{"href":"https:\/\/rental-car.company\/fr\/wp-json\/wp\/v2\/media?parent=6807"}],"wp:term":[{"taxonomy":"category","embeddable":true,"href":"https:\/\/rental-car.company\/fr\/wp-json\/wp\/v2\/categories?post=6807"},{"taxonomy":"post_tag","embeddable":true,"href":"https:\/\/rental-car.company\/fr\/wp-json\/wp\/v2\/tags?post=6807"}],"curies":[{"name":"wp","href":"https:\/\/api.w.org\/{rel}","templated":true}]}}