{"id":6815,"date":"2024-08-30T01:06:07","date_gmt":"2024-08-30T01:06:07","guid":{"rendered":"https:\/\/rental-car.company\/?page_id=6815"},"modified":"2024-08-30T01:06:07","modified_gmt":"2024-08-30T01:06:07","slug":"entreprise-gordon-highway","status":"publish","type":"page","link":"https:\/\/rental-car.company\/fr\/entreprise-gordon-highway\/","title":{"rendered":"Enterprise Gordon Highway : Votre entreprise de location de voitures \u00e0 Augusta, GA"},"content":{"rendered":"<div class=\"wpb-content-wrapper\"><h2>Faites l'exp\u00e9rience du meilleur avec Enterprise Gordon Highway<\/h2>\n<p>Lorsqu'il s'agit de louer une voiture \u00e0 Augusta, GA, Enterprise Gordon Highway est un nom qui se d\u00e9marque. Avec plus de 60 ans d'exp\u00e9rience dans le secteur et une forte pr\u00e9sence dans la ville, cette soci\u00e9t\u00e9 de location de voitures est devenue un choix de confiance pour les habitants et les touristes.<\/p>\n<div class=\"vc_row wpb_row vc_row-fluid\"><div class=\"wpb_column vc_column_container vc_col-sm-12\"><div class=\"vc_column-inner\"><div class=\"wpb_wrapper\">\n\t<div class=\"wpb_text_column wpb_content_element\" >\n\t\t<div class=\"wpb_wrapper\">\n\t\t\t<p><script id=\"dchwidget\" src=\"https:\/\/www.discovercars.com\/wg.js\" async=\"\" data-dev-env=\"com\" data-location=\"\" data-lang=\"en\" data-utm-source=\"malina\" data-utm-medium=\"widget\" data-aff-code=\"a_aid\" data-autocomplete=\"on\" data-style-submit-bg-color=\"00A200\" data-style-submit-font-color=\"white\" data-style-form-bg-color=\"FAD130\" data-style-form-font-color=\"333\" data-style-submit-text=\"Search now\"><\/script><\/p>\n\n\t\t<\/div>\n\t<\/div>\n<\/div><\/div><\/div><\/div>\n<p>&nbsp;<\/p>\n<h2>D\u00e9couvrez l'entreprise Gordon Highway<\/h2>\n<p><img loading=\"lazy\" decoding=\"async\" class=\"alignleft\" src=\"\/wp-content\/uploads\/images\/rent_car_556.png\" alt=\"entreprise gordon highway\" width=\"350\" height=\"350\" \/><\/p>\n<p>Situ\u00e9 sur l'autoroute Gordon, Enterprise propose une large gamme de v\u00e9hicules. Que vous ayez besoin d'une voiture compacte pour vous d\u00e9placer facilement en ville ou d'un SUV pour vos vacances en famille, Enterprise a tout ce qu'il vous faut. Leur flotte comprend des mod\u00e8les populaires tels que Toyota Corolla, Ford Mustang, Chevrolet Tahoe et bien d'autres encore.<\/p>\n<p>Enterprise offre non seulement un excellent service \u00e0 la client\u00e8le, mais aussi des prix comp\u00e9titifs. Elle propose diverses options de location, notamment des tarifs journaliers, hebdomadaires et mensuels pour r\u00e9pondre \u00e0 votre budget et \u00e0 vos besoins. De plus, gr\u00e2ce \u00e0 son emplacement pratique sur l'autoroute Gordon, la prise en charge et la restitution de votre voiture de location se font sans probl\u00e8me.<\/p>\n<h3>Louer aupr\u00e8s du nom le plus fiable en mati\u00e8re de location de voitures<\/h3>\n<p>Avec sa r\u00e9putation de soci\u00e9t\u00e9 de location de voitures parmi les plus fiables d'Augusta, il n'est pas \u00e9tonnant qu'Enterprise soit souvent le premier choix des habitants et des visiteurs. Voici quelques raisons :<\/p>\n<p>- Large choix de v\u00e9hicules bien entretenus<br \/>\n- Situation id\u00e9ale sur l'autoroute Gordon<br \/>\n- Des tarifs abordables pour tous les budgets<br \/>\n- Excellent service \u00e0 la client\u00e8le<br \/>\n- Options de location flexibles<\/p>\n<h3>Avantages \/ inconv\u00e9nients<\/h3>\n<p><b>Pour :<\/b><\/p>\n<ul>\n<li>Des tarifs abordables avec des options flexibles<\/li>\n<li>Large choix de v\u00e9hicules<\/li>\n<li>Situation id\u00e9ale sur l'autoroute Gordon, tr\u00e8s fr\u00e9quent\u00e9e<\/li>\n<li>Un service client\u00e8le aimable et efficace<\/li>\n<li>Plus de 60 ans d'exp\u00e9rience dans le secteur<\/li>\n<\/ul>\n<p><b>Cons :<\/b><\/p>\n<ul>\n<li>Aucune option de r\u00e9servation en ligne n'est disponible, il faut r\u00e9server par t\u00e9l\u00e9phone ou en personne.<\/li>\n<li>Disponibilit\u00e9 limit\u00e9e pendant les saisons de pointe<\/li>\n<li>Le lieu de prise en charge et de d\u00e9p\u00f4t peut \u00eatre peu pratique pour certains.<\/li>\n<\/ul>\n<h3>FAQ sur l'entreprise Gordon Highway<\/h3>\n<p><b>Q : Puis-je louer une voiture chez Enterprise Gordon Highway si j'ai moins de 25 ans ?<\/b><br \/>\nR : Oui, vous pouvez le faire. Toutefois, les conducteurs de moins de 25 ans devront s'acquitter d'une redevance suppl\u00e9mentaire.<\/p>\n<p><b>Q : Quel est l'\u00e2ge minimum requis pour louer une voiture chez Enterprise Gordon Highway ?<\/b><br \/>\nR : L'\u00e2ge minimum pour louer une voiture est de 21 ans. Les conducteurs de moins de 25 ans peuvent devoir payer un suppl\u00e9ment.<\/p>\n<p><b>Q : Puis-je rendre ma voiture de location en dehors des heures d'ouverture de l'agence Enterprise Gordon Highway ?<\/b><br \/>\nR : Oui, vous pouvez rendre votre voiture de location en dehors des heures d'ouverture. Cependant, il est recommand\u00e9 de s'arranger avec le personnel au pr\u00e9alable.<\/p>\n<h4>En conclusion...<\/h4>\n<p><img loading=\"lazy\" decoding=\"async\" class=\"alignright\" src=\"\/wp-content\/uploads\/images\/rent_car_1265.png\" alt=\"entreprise gordon highway\" width=\"350\" height=\"350\" \/><\/p>\n<p>Enterprise Gordon Highway offre une option fiable et pratique pour louer une voiture \u00e0 Augusta, GA. Avec sa large s\u00e9lection de v\u00e9hicules et ses tarifs comp\u00e9titifs, il n'est pas \u00e9tonnant qu'elle soit l'un des noms les plus fiables de l'industrie. La prochaine fois que vous aurez besoin d'une voiture de location pour vos affaires ou vos loisirs \u00e0 Augusta, pensez \u00e0 choisir Enterprise sur Gordon Highway - vous ne serez pas d\u00e9\u00e7u !<\/p>\n<\/div>","protected":false},"excerpt":{"rendered":"<p>Experience the Best with Enterprise Gordon Highway When it comes to renting a car in Augusta, GA, Enterprise Gordon Highway is a name that stands out. With over 60 years of experience in the industry and a strong presence in the city, this rental car company has become a trusted choice for both locals and [&hellip;]<\/p>\n","protected":false},"author":1,"featured_media":2382,"parent":0,"menu_order":0,"comment_status":"closed","ping_status":"closed","template":"","meta":{"rs_blank_template":"","rs_page_bg_color":"","slide_template_v7":"","footnotes":""},"categories":[1],"tags":[],"class_list":["post-6815","page","type-page","status-publish","has-post-thumbnail","hentry","category-blog"],"_links":{"self":[{"href":"https:\/\/rental-car.company\/fr\/wp-json\/wp\/v2\/pages\/6815","targetHints":{"allow":["GET"]}}],"collection":[{"href":"https:\/\/rental-car.company\/fr\/wp-json\/wp\/v2\/pages"}],"about":[{"href":"https:\/\/rental-car.company\/fr\/wp-json\/wp\/v2\/types\/page"}],"author":[{"embeddable":true,"href":"https:\/\/rental-car.company\/fr\/wp-json\/wp\/v2\/users\/1"}],"replies":[{"embeddable":true,"href":"https:\/\/rental-car.company\/fr\/wp-json\/wp\/v2\/comments?post=6815"}],"version-history":[{"count":0,"href":"https:\/\/rental-car.company\/fr\/wp-json\/wp\/v2\/pages\/6815\/revisions"}],"wp:featuredmedia":[{"embeddable":true,"href":"https:\/\/rental-car.company\/fr\/wp-json\/wp\/v2\/media\/2382"}],"wp:attachment":[{"href":"https:\/\/rental-car.company\/fr\/wp-json\/wp\/v2\/media?parent=6815"}],"wp:term":[{"taxonomy":"category","embeddable":true,"href":"https:\/\/rental-car.company\/fr\/wp-json\/wp\/v2\/categories?post=6815"},{"taxonomy":"post_tag","embeddable":true,"href":"https:\/\/rental-car.company\/fr\/wp-json\/wp\/v2\/tags?post=6815"}],"curies":[{"name":"wp","href":"https:\/\/api.w.org\/{rel}","templated":true}]}}