{"id":6991,"date":"2024-08-31T19:06:56","date_gmt":"2024-08-31T19:06:56","guid":{"rendered":"https:\/\/rental-car.company\/?page_id=6991"},"modified":"2024-08-31T19:06:56","modified_gmt":"2024-08-31T19:06:56","slug":"entreprise-anderson-sc","status":"publish","type":"page","link":"https:\/\/rental-car.company\/fr\/entreprise-anderson-sc\/","title":{"rendered":"enterprise anderson sc - Votre porte d'entr\u00e9e pour explorer le nord de la Caroline du Sud"},"content":{"rendered":"<div class=\"wpb-content-wrapper\"><h2>Louer une voiture avec Enterprise Anderson SC : le meilleur moyen d'explorer la r\u00e9gion<\/h2>\n<p>Vous pr\u00e9voyez un voyage dans le magnifique \u00c9tat de Caroline du Sud ? Voulez-vous explorer tout ce que la r\u00e9gion de l'Upstate a \u00e0 offrir ? Ne cherchez pas plus loin qu'Enterprise Anderson SC, votre solution unique pour tous vos besoins en mati\u00e8re de location de voiture.<\/p>\n<p>Avec plus de 60 ans d'exp\u00e9rience dans le secteur de la location de voitures, Enterprise s'est impos\u00e9e comme une marque fiable et centr\u00e9e sur le client. Aujourd'hui, gr\u00e2ce \u00e0 sa pr\u00e9sence \u00e0 Anderson SC, elle offre aux visiteurs et aux habitants un moyen facile et pratique de se d\u00e9placer dans la ville et au-del\u00e0.<\/p>\n<div class=\"vc_row wpb_row vc_row-fluid\"><div class=\"wpb_column vc_column_container vc_col-sm-12\"><div class=\"vc_column-inner\"><div class=\"wpb_wrapper\">\n\t<div class=\"wpb_text_column wpb_content_element\" >\n\t\t<div class=\"wpb_wrapper\">\n\t\t\t<p><script id=\"dchwidget\" src=\"https:\/\/www.discovercars.com\/wg.js\" async=\"\" data-dev-env=\"com\" data-location=\"\" data-lang=\"en\" data-utm-source=\"malina\" data-utm-medium=\"widget\" data-aff-code=\"a_aid\" data-autocomplete=\"on\" data-style-submit-bg-color=\"00A200\" data-style-submit-font-color=\"white\" data-style-form-bg-color=\"FAD130\" data-style-form-font-color=\"333\" data-style-submit-text=\"Search now\"><\/script><\/p>\n\n\t\t<\/div>\n\t<\/div>\n<\/div><\/div><\/div><\/div>\n<p>&nbsp;<\/p>\n<h2>D\u00e9couvrez Enterprise Anderson SC<\/h2>\n<p><img loading=\"lazy\" decoding=\"async\" class=\"alignleft\" src=\"\/wp-content\/uploads\/images\/rent_car_1178.png\" alt=\"entreprise anderson sc\" width=\"350\" height=\"350\" \/><\/p>\n<p>Situ\u00e9e au c\u0153ur de la Caroline du Sud, Anderson est une ville charmante connue pour sa riche histoire, la beaut\u00e9 de ses paysages et l'hospitalit\u00e9 du Sud. Avec une voiture de location Enterprise \u00e0 votre disposition, vous pouvez facilement explorer tout ce que cette r\u00e9gion a \u00e0 offrir.<\/p>\n<p>Des lacs pittoresques aux chutes d'eau, en passant par les sites historiques et les d\u00e9licieuses options culinaires, il y en a pour tous les go\u00fbts \u00e0 Anderson. Et avec une vaste flotte de v\u00e9hicules allant des voitures \u00e9conomiques aux SUV de luxe, Enterprise s'assure que vous b\u00e9n\u00e9ficiez d'un trajet confortable tout en naviguant \u00e0 travers ce paysage diversifi\u00e9.<\/p>\n<p>Que vous soyez ici pour les affaires ou pour les loisirs, louer une voiture chez Enterprise Anderson SC vous permet de profiter au maximum de votre voyage sans aucun souci.<\/p>\n<h3>Les avantages de choisir Rental-Car.Company pour vos besoins de location de voitures<\/h3>\n<p>En tant que l'une des principales soci\u00e9t\u00e9s de location de voitures dans le monde, Enterprise offre de nombreux avantages qui la distinguent de ses concurrents :<\/p>\n<p>- Emplacements pratiques : Avec plusieurs sites \u00e0 Anderson SC, y compris \u00e0 l'a\u00e9roport et dans le centre-ville, prendre ou d\u00e9poser votre v\u00e9hicule de location n'est jamais un probl\u00e8me.<br \/>\n- Des prix abordables : Gr\u00e2ce aux tarifs comp\u00e9titifs et aux r\u00e9ductions r\u00e9guli\u00e8res propos\u00e9s par Rental-Car.Company (un partenaire de confiance d'Enterprise), vous pouvez profiter de votre voyage sans vous ruiner.<br \/>\n- Un service client\u00e8le exceptionnel : Enterprise est r\u00e9put\u00e9e pour son service client\u00e8le de premier ordre, qui veille \u00e0 ce que tous vos besoins et pr\u00e9occupations soient pris en compte dans les plus brefs d\u00e9lais.<br \/>\n- Flexibilit\u00e9 et choix : Que vous ayez besoin d'une voiture pour une journ\u00e9e ou un mois, Enterprise propose des p\u00e9riodes de location flexibles pour r\u00e9pondre \u00e0 vos besoins sp\u00e9cifiques. De plus, gr\u00e2ce \u00e0 leur large s\u00e9lection de v\u00e9hicules, vous pouvez choisir celui qui convient le mieux \u00e0 vos projets de voyage.<\/p>\n<h3>Explorez Anderson SC et au-del\u00e0 avec votre voiture de location<\/h3>\n<p>Avec une voiture de location Enterprise \u00e0 votre disposition, les possibilit\u00e9s d'exploration sont infinies. Voici quelques destinations populaires dans et autour d'Anderson que vous pouvez facilement visiter :<\/p>\n<p>- Le lac Hartwell : \u00c0 quelques minutes de route d'Anderson, ce magnifique lac propose des activit\u00e9s nautiques comme la navigation de plaisance, la p\u00eache et la natation.<br \/>\n- Universit\u00e9 de Clemson : Clemson, qui abrite l'une des universit\u00e9s publiques les mieux class\u00e9es du pays, est un lieu de visite incontournable pour tous les amateurs de sports universitaires.<br \/>\n- Centre-ville de Greenville : Prenez la route pittoresque qui m\u00e8ne au centre-ville de Greenville et explorez ses rues charmantes bord\u00e9es de boutiques, de restaurants et de galeries d'art.<br \/>\n- Montagnes Blue Ridge : Pour les amoureux de la nature et les amateurs d'aventure, un voyage dans les Blue Ridge Mountains s'impose.<\/p>\n<h4>Avantages \/ inconv\u00e9nients<\/h4>\n<p>Pour :<br \/>\n1. Emplacements pratiques<br \/>\n2. Des prix abordables<br \/>\n3. Excellent service \u00e0 la client\u00e8le<br \/>\n4. Large choix de v\u00e9hicules<\/p>\n<p>Cons :<br \/>\n1. Des implantations internationales limit\u00e9es<br \/>\n2. Frais suppl\u00e9mentaires pour les jeunes conducteurs<\/p>\n<h4>Foire aux questions (FAQ)<\/h4>\n<p><img loading=\"lazy\" decoding=\"async\" class=\"alignright\" src=\"\/wp-content\/uploads\/images\/rent_car_1406.png\" alt=\"entreprise anderson sc\" width=\"350\" height=\"350\" \/><\/p>\n<p>Q : Ai-je besoin d'une assurance pour louer chez Enterprise Anderson SC ?<br \/>\nR : Oui, l'assurance est obligatoire pour toute location aupr\u00e8s d'une soci\u00e9t\u00e9 de location de voitures.<\/p>\n<p>Q : Puis-je restituer le v\u00e9hicule lou\u00e9 \u00e0 un autre endroit ?<br \/>\nR : Oui, mais des frais suppl\u00e9mentaires peuvent s'appliquer.<\/p>\n<p>Q : Y a-t-il des restrictions d'\u00e2ge pour louer une voiture aupr\u00e8s d'Enterprise ?<br \/>\nR : Oui, les conducteurs doivent \u00eatre \u00e2g\u00e9s d'au moins 21 ans et poss\u00e9der un permis de conduire valide.<\/p>\n<p>Q : Puis-je modifier ma r\u00e9servation ?<br \/>\nR : Oui, vous pouvez modifier votre r\u00e9servation en ligne ou en contactant le service client\u00e8le d'Enterprise.<\/p>\n<p>En conclusion, louer une voiture chez Enterprise Anderson SC est le moyen id\u00e9al d'explorer le nord de la Caroline du Sud. Avec ses emplacements pratiques, ses prix abordables et son service client\u00e8le exceptionnel, Enterprise s'assure que votre voyage se d\u00e9roule sans encombre. Alors, qu'attendez-vous ? R\u00e9servez votre voiture de location d\u00e8s aujourd'hui et pr\u00e9parez-vous \u00e0 vivre une aventure inoubliable \u00e0 Anderson SC !<\/p>\n<\/div>","protected":false},"excerpt":{"rendered":"<p>Renting a Car with Enterprise Anderson SC: The Perfect Way to Explore the Region Are you planning a trip to the beautiful state of South Carolina? Do you want to explore all that the Upstate region has to offer? Look no further than Enterprise Anderson SC, your one-stop solution for all your car rental needs. [&hellip;]<\/p>\n","protected":false},"author":1,"featured_media":4293,"parent":0,"menu_order":0,"comment_status":"closed","ping_status":"closed","template":"","meta":{"rs_blank_template":"","rs_page_bg_color":"","slide_template_v7":"","footnotes":""},"categories":[1],"tags":[],"class_list":["post-6991","page","type-page","status-publish","has-post-thumbnail","hentry","category-blog"],"_links":{"self":[{"href":"https:\/\/rental-car.company\/fr\/wp-json\/wp\/v2\/pages\/6991","targetHints":{"allow":["GET"]}}],"collection":[{"href":"https:\/\/rental-car.company\/fr\/wp-json\/wp\/v2\/pages"}],"about":[{"href":"https:\/\/rental-car.company\/fr\/wp-json\/wp\/v2\/types\/page"}],"author":[{"embeddable":true,"href":"https:\/\/rental-car.company\/fr\/wp-json\/wp\/v2\/users\/1"}],"replies":[{"embeddable":true,"href":"https:\/\/rental-car.company\/fr\/wp-json\/wp\/v2\/comments?post=6991"}],"version-history":[{"count":0,"href":"https:\/\/rental-car.company\/fr\/wp-json\/wp\/v2\/pages\/6991\/revisions"}],"wp:featuredmedia":[{"embeddable":true,"href":"https:\/\/rental-car.company\/fr\/wp-json\/wp\/v2\/media\/4293"}],"wp:attachment":[{"href":"https:\/\/rental-car.company\/fr\/wp-json\/wp\/v2\/media?parent=6991"}],"wp:term":[{"taxonomy":"category","embeddable":true,"href":"https:\/\/rental-car.company\/fr\/wp-json\/wp\/v2\/categories?post=6991"},{"taxonomy":"post_tag","embeddable":true,"href":"https:\/\/rental-car.company\/fr\/wp-json\/wp\/v2\/tags?post=6991"}],"curies":[{"name":"wp","href":"https:\/\/api.w.org\/{rel}","templated":true}]}}