{"id":7031,"date":"2024-09-01T04:05:30","date_gmt":"2024-09-01T04:05:30","guid":{"rendered":"https:\/\/rental-car.company\/?page_id=7031"},"modified":"2024-09-01T04:05:30","modified_gmt":"2024-09-01T04:05:30","slug":"entreprise-wichita-ks","status":"publish","type":"page","link":"https:\/\/rental-car.company\/fr\/entreprise-wichita-ks\/","title":{"rendered":"Enterprise Wichita KS : Votre solution unique pour la location de voitures au c\u0153ur du Kansas"},"content":{"rendered":"<div class=\"wpb-content-wrapper\"><h2>L'exp\u00e9rience de l'entreprise \u00e0 Wichita, KS<\/h2>\n<p>Si vous pr\u00e9voyez un voyage dans la belle ville de Wichita, au Kansas, et que vous avez besoin d'un moyen de transport fiable et abordable, ne cherchez pas plus loin qu'Enterprise Wichita KS. En tant que l'une des principales soci\u00e9t\u00e9s de location de voitures du pays, Enterprise propose une large gamme de v\u00e9hicules pour r\u00e9pondre \u00e0 vos besoins et \u00e0 votre budget. Gr\u00e2ce \u00e0 son service client\u00e8le exceptionnel et \u00e0 ses emplacements pratiques dans toute la ville, Enterprise est devenu le choix de pr\u00e9dilection des habitants et des touristes.<\/p>\n<div class=\"vc_row wpb_row vc_row-fluid\"><div class=\"wpb_column vc_column_container vc_col-sm-12\"><div class=\"vc_column-inner\"><div class=\"wpb_wrapper\">\n\t<div class=\"wpb_text_column wpb_content_element\" >\n\t\t<div class=\"wpb_wrapper\">\n\t\t\t<p><script id=\"dchwidget\" src=\"https:\/\/www.discovercars.com\/wg.js\" async=\"\" data-dev-env=\"com\" data-location=\"\" data-lang=\"en\" data-utm-source=\"malina\" data-utm-medium=\"widget\" data-aff-code=\"a_aid\" data-autocomplete=\"on\" data-style-submit-bg-color=\"00A200\" data-style-submit-font-color=\"white\" data-style-form-bg-color=\"FAD130\" data-style-form-font-color=\"333\" data-style-submit-text=\"Search now\"><\/script><\/p>\n\n\t\t<\/div>\n\t<\/div>\n<\/div><\/div><\/div><\/div>\n<p>&nbsp;<\/p>\n<h2>D\u00e9couvrir Enterprise Wichita KS<\/h2>\n<p><img loading=\"lazy\" decoding=\"async\" class=\"alignleft\" src=\"\/wp-content\/uploads\/images\/rent_car_1182.png\" alt=\"entreprise wichita ks\" width=\"350\" height=\"350\" \/><\/p>\n<p>Chez Enterprise Wichita KS, vous trouverez une vaste s\u00e9lection de voitures de location bien entretenues. Que vous ayez besoin d'une voiture compacte pour vous d\u00e9placer en ville ou d'un SUV pour explorer les parcs nationaux des environs, ils ont tout ce qu'il vous faut. L'entreprise propose \u00e9galement des v\u00e9hicules haut de gamme tels que des berlines de luxe et des voitures de sport pour ceux qui souhaitent am\u00e9liorer leur exp\u00e9rience de conduite.<\/p>\n<p>L'un des avantages de la location avec Enterprise est la flexibilit\u00e9 de ses options de location. Vous pouvez choisir des tarifs journaliers ou hebdomadaires en fonction de vos projets de voyage. De plus, ils offrent des r\u00e9ductions sp\u00e9ciales pour les locations \u00e0 long terme ou pour les r\u00e9servations en ligne sur leur site web.<\/p>\n<p>Lorsqu'il s'agit de service \u00e0 la client\u00e8le, Enterprise Wichita KS se distingue vraiment. Son personnel amical est toujours pr\u00eat \u00e0 vous aider si vous avez des questions ou des inqui\u00e9tudes concernant votre v\u00e9hicule de location. De plus, l'assistance routi\u00e8re 24\/7 vous permet de b\u00e9n\u00e9ficier d'un soutien lorsque vous en avez besoin.<\/p>\n<h3>Louer une voiture en toute simplicit\u00e9<\/h3>\n<p>Louer une voiture avec Enterprise \u00e0 Wichita est simple et sans souci. Il vous suffit d'un permis de conduire valide et d'une carte de cr\u00e9dit pour effectuer une r\u00e9servation dans l'une des agences de la ville.<\/p>\n<p>Vous pouvez \u00e9galement choisir parmi diff\u00e9rentes options de prise en charge et de restitution en fonction de votre emploi du temps. Si vous arrivez \u00e0 l'a\u00e9roport national Dwight D Eisenhower, il vous suffit de vous rendre au comptoir Enterprise pour prendre votre voiture de location. Et lorsque le moment est venu de rendre le v\u00e9hicule, vous pouvez le faire dans n'importe quelle agence de Wichita.<\/p>\n<h3>Avantages de choisir Enterprise Wichita KS<\/h3>\n<p>- Large choix de voitures de location bien entretenues<br \/>\n- Options de location flexibles et r\u00e9ductions sp\u00e9ciales<br \/>\n- Service client\u00e8le exceptionnel et assistance routi\u00e8re 24 heures sur 24, 7 jours sur 7<br \/>\n- Des lieux de ramassage et de d\u00e9p\u00f4t pratiques dans toute l'agglom\u00e9ration de Wichita<\/p>\n<h4>Avantages \/ inconv\u00e9nients<\/h4>\n<p>Pour :<br \/>\n- Large choix de v\u00e9hicules<br \/>\n- Tarifs abordables et r\u00e9ductions sp\u00e9ciales disponibles<br \/>\n- Options pratiques de prise en charge et de d\u00e9p\u00f4t<br \/>\n- Un service \u00e0 la client\u00e8le exceptionnel<\/p>\n<p>Cons :<br \/>\n- Le nombre d'emplacements est limit\u00e9 en dehors de Wichita, ce qui n'est pas id\u00e9al pour les longs trajets en voiture.<\/p>\n<h4>FAQ<\/h4>\n<p><img loading=\"lazy\" decoding=\"async\" class=\"alignright\" src=\"\/wp-content\/uploads\/images\/rent_car_1384.png\" alt=\"entreprise wichita ks\" width=\"350\" height=\"350\" \/><\/p>\n<p><strong>Q : Puis-je louer une voiture chez Enterprise \u00e0 Wichita si j'ai moins de 25 ans ?<\/strong><br \/>\nR : Oui, Enterprise applique des frais de jeune locataire pour les conducteurs \u00e2g\u00e9s de 21 \u00e0 24 ans.<\/p>\n<p><strong>Q : L'assurance est-elle incluse dans mon contrat de location avec Enterprise ?<\/strong><br \/>\nR : Non, l'assurance n'est pas incluse. Toutefois, vous avez la possibilit\u00e9 de souscrire une couverture suppl\u00e9mentaire aupr\u00e8s de l'entreprise ou d'utiliser votre propre assurance.<\/p>\n<p><strong>Q : Puis-je annuler ma r\u00e9servation aupr\u00e8s de Enterprise \u00e0 Wichita ?<\/strong><br \/>\nR : Oui, vous pouvez annuler votre r\u00e9servation jusqu'\u00e0 24 heures avant l'heure de prise en charge pr\u00e9vue, sans frais de p\u00e9nalit\u00e9.<\/p>\n<p>En conclusion, si vous cherchez une soci\u00e9t\u00e9 de location de voitures fiable et abordable \u00e0 Wichita, ne cherchez pas plus loin qu'Enterprise. Avec son large choix de v\u00e9hicules, ses options de location flexibles, son service client exceptionnel et ses emplacements pratiques dans toute la ville, elle est vraiment le meilleur choix pour tous vos besoins en mati\u00e8re de transport. R\u00e9servez votre prochain voyage avec Enterprise Wichita KS et d\u00e9couvrez par vous-m\u00eame leurs services de premier ordre.<\/p>\n<\/div>","protected":false},"excerpt":{"rendered":"<p>The Enterprise Experience in Wichita, KS If you&#8217;re planning a trip to the beautiful city of Wichita, Kansas, and need a reliable and affordable mode of transportation, look no further than Enterprise Wichita KS. As one of the leading car rental companies in the country, Enterprise offers a wide range of vehicles to suit your [&hellip;]<\/p>\n","protected":false},"author":1,"featured_media":3791,"parent":0,"menu_order":0,"comment_status":"closed","ping_status":"closed","template":"","meta":{"rs_blank_template":"","rs_page_bg_color":"","slide_template_v7":"","footnotes":""},"categories":[1],"tags":[],"class_list":["post-7031","page","type-page","status-publish","has-post-thumbnail","hentry","category-blog"],"_links":{"self":[{"href":"https:\/\/rental-car.company\/fr\/wp-json\/wp\/v2\/pages\/7031","targetHints":{"allow":["GET"]}}],"collection":[{"href":"https:\/\/rental-car.company\/fr\/wp-json\/wp\/v2\/pages"}],"about":[{"href":"https:\/\/rental-car.company\/fr\/wp-json\/wp\/v2\/types\/page"}],"author":[{"embeddable":true,"href":"https:\/\/rental-car.company\/fr\/wp-json\/wp\/v2\/users\/1"}],"replies":[{"embeddable":true,"href":"https:\/\/rental-car.company\/fr\/wp-json\/wp\/v2\/comments?post=7031"}],"version-history":[{"count":0,"href":"https:\/\/rental-car.company\/fr\/wp-json\/wp\/v2\/pages\/7031\/revisions"}],"wp:featuredmedia":[{"embeddable":true,"href":"https:\/\/rental-car.company\/fr\/wp-json\/wp\/v2\/media\/3791"}],"wp:attachment":[{"href":"https:\/\/rental-car.company\/fr\/wp-json\/wp\/v2\/media?parent=7031"}],"wp:term":[{"taxonomy":"category","embeddable":true,"href":"https:\/\/rental-car.company\/fr\/wp-json\/wp\/v2\/categories?post=7031"},{"taxonomy":"post_tag","embeddable":true,"href":"https:\/\/rental-car.company\/fr\/wp-json\/wp\/v2\/tags?post=7031"}],"curies":[{"name":"wp","href":"https:\/\/api.w.org\/{rel}","templated":true}]}}