{"id":7115,"date":"2024-09-02T00:05:52","date_gmt":"2024-09-02T00:05:52","guid":{"rendered":"https:\/\/rental-car.company\/?page_id=7115"},"modified":"2024-09-02T00:05:52","modified_gmt":"2024-09-02T00:05:52","slug":"les-chiens-sont-ils-autorises-dans-les-voitures-de-location","status":"publish","type":"page","link":"https:\/\/rental-car.company\/fr\/les-chiens-sont-ils-autorises-dans-les-voitures-de-location\/","title":{"rendered":"Les chiens sont-ils autoris\u00e9s dans les voitures de location ?"},"content":{"rendered":"<div class=\"wpb-content-wrapper\"><h2>Pouvez-vous emmener votre ami \u00e0 fourrure lors de votre prochain voyage ?<\/h2>\n<p>Si vous \u00eates propri\u00e9taire d'un chien, vous savez qu'il est plus qu'un simple animal de compagnie, c'est une v\u00e9ritable famille. Lorsqu'il s'agit de planifier un voyage ou des vacances, il est tout \u00e0 fait naturel de vouloir emmener votre compagnon \u00e0 fourrure avec vous. Mais avant de prendre la route avec votre chiot, vous vous demandez peut-\u00eatre si les chiens sont admis dans les voitures de location.<\/p>\n<p>La r\u00e9ponse n'est pas un simple oui ou non. Elle d\u00e9pend en fin de compte de la soci\u00e9t\u00e9 de location de voitures et de ses politiques sp\u00e9cifiques concernant les animaux de compagnie. Dans ce guide complet, nous allons explorer tous les aspects de la possibilit\u00e9 d'emmener son chien dans une voiture de location.<\/p>\n<div class=\"vc_row wpb_row vc_row-fluid\"><div class=\"wpb_column vc_column_container vc_col-sm-12\"><div class=\"vc_column-inner\"><div class=\"wpb_wrapper\">\n\t<div class=\"wpb_text_column wpb_content_element\" >\n\t\t<div class=\"wpb_wrapper\">\n\t\t\t<p><script id=\"dchwidget\" src=\"https:\/\/www.discovercars.com\/wg.js\" async=\"\" data-dev-env=\"com\" data-location=\"\" data-lang=\"en\" data-utm-source=\"malina\" data-utm-medium=\"widget\" data-aff-code=\"a_aid\" data-autocomplete=\"on\" data-style-submit-bg-color=\"00A200\" data-style-submit-font-color=\"white\" data-style-form-bg-color=\"FAD130\" data-style-form-font-color=\"333\" data-style-submit-text=\"Search now\"><\/script><\/p>\n\n\t\t<\/div>\n\t<\/div>\n<\/div><\/div><\/div><\/div>\n<p>&nbsp;<\/p>\n<h2>D\u00e9couvrir Les chiens sont-ils autoris\u00e9s dans les voitures de location ?<\/h2>\n<p><img loading=\"lazy\" decoding=\"async\" class=\"alignleft\" src=\"\/wp-content\/uploads\/images\/rent_car_1379.png\" alt=\"Les chiens sont-ils autoris\u00e9s dans les voitures de location ?\" width=\"350\" height=\"350\" \/><\/p>\n<h3>Politiques des soci\u00e9t\u00e9s de location de voitures<\/h3>\n<p>La premi\u00e8re chose \u00e0 faire avant d'emmener votre chien en voyage est de vous renseigner sur la politique de la soci\u00e9t\u00e9 de location de voitures. La plupart des soci\u00e9t\u00e9s ont des r\u00e8gles strictes concernant les animaux de compagnie et peuvent m\u00eame les interdire dans leurs v\u00e9hicules.<\/p>\n<p>Cependant, certaines entreprises acceptent les chiens, mais avec certaines restrictions et des frais suppl\u00e9mentaires. Par exemple, certaines compagnies n'acceptent que les petits chiens, tandis que d'autres imposent des restrictions de poids. Il est important de lire attentivement les conditions g\u00e9n\u00e9rales avant d'effectuer une r\u00e9servation.<\/p>\n<h3>Types de voitures de location acceptant les chiens<\/h3>\n<p>Si vous trouvez une soci\u00e9t\u00e9 de location de voitures qui accepte les chiens, il est important de savoir quels types de voitures elle propose \u00e0 la location. En g\u00e9n\u00e9ral, les grands v\u00e9hicules tels que les SUV ou les fourgonnettes sont plus adapt\u00e9s aux animaux de compagnie en raison de leur taille et de leur espace.<\/p>\n<p>Les voitures plus petites risquent de ne pas avoir assez de place pour accueillir confortablement les passagers et les animaux de compagnie. En outre, v\u00e9rifiez si la voiture est \u00e9quip\u00e9e de si\u00e8ges en cuir, qui peuvent \u00eatre facilement endommag\u00e9s par les griffes ou les accidents de votre compagnon \u00e0 quatre pattes.<\/p>\n<h3>Frais et d\u00e9p\u00f4ts de garantie pour les animaux de compagnie<\/h3>\n<p>Comme nous l'avons d\u00e9j\u00e0 mentionn\u00e9, certaines soci\u00e9t\u00e9s de location de voitures peuvent facturer des frais suppl\u00e9mentaires pour l'accompagnement de votre chien. Ces frais peuvent aller d'un montant forfaitaire par jour \u00e0 un pourcentage du co\u00fbt total de la location.<\/p>\n<p>En outre, certaines compagnies peuvent exiger une caution pour l'animal de compagnie, qui est rembours\u00e9e lorsque la voiture est rendue en bon \u00e9tat. Il est important de tenir compte de ces co\u00fbts suppl\u00e9mentaires lorsque vous \u00e9tablissez le budget de votre voyage.<\/p>\n<h4>Avantages \/ inconv\u00e9nients<\/h4>\n<h4>Pour :<\/h4>\n<p>- La pr\u00e9sence de votre chien lors de votre voyage peut vous apporter de la compagnie et r\u00e9duire votre stress.<br \/>\n- Vous n'aurez pas \u00e0 vous soucier de trouver un gardien d'animaux ou une pension pour votre chien.<br \/>\n- Les chiens peuvent \u00eatre d'excellents compagnons de voyage et ajouter une couche suppl\u00e9mentaire d'excitation \u00e0 votre voyage.<\/p>\n<h4>Cons :<\/h4>\n<p>- Toutes les soci\u00e9t\u00e9s de location de voitures n'acceptent pas les chiens, ce qui limite vos options.<br \/>\n- Les frais et d\u00e9p\u00f4ts suppl\u00e9mentaires peuvent augmenter le co\u00fbt total de votre voyage.<br \/>\n- Certains chiens peuvent ressentir de l'anxi\u00e9t\u00e9 ou de l'inconfort pendant les longs trajets en voiture.<\/p>\n<h3>Foire aux questions (FAQ)<\/h3>\n<h4>Q : Puis-je emmener mon chien lors d'un voyage international ?<\/h4>\n<p>R : Cela d\u00e9pend du pays dans lequel vous voyagez. Certains pays ont des r\u00e8gles strictes en mati\u00e8re de transport transfrontalier d'animaux de compagnie, il est donc important de se renseigner sur leur politique \u00e0 l'avance.<\/p>\n<h4>Q : Existe-t-il des restrictions concernant les races de chiens autoris\u00e9es dans les voitures de location ?<\/h4>\n<p>R : Oui, certaines compagnies peuvent avoir des restrictions concernant certaines races qu'elles consid\u00e8rent \u00e0 haut risque ou agressives. Veillez \u00e0 vous renseigner au pr\u00e9alable aupr\u00e8s de la compagnie si vous poss\u00e9dez une race qui entre dans cette cat\u00e9gorie.<\/p>\n<h4>Q : Que dois-je faire si mon chien a un accident dans la voiture de location ?<\/h4>\n<p>R : Il est important d'avertir imm\u00e9diatement la soci\u00e9t\u00e9 de location de voitures et de prendre les mesures n\u00e9cessaires pour nettoyer les d\u00e9g\u00e2ts. Si vous ne le faites pas, vous risquez de devoir payer des frais suppl\u00e9mentaires ou des p\u00e9nalit\u00e9s.<\/p>\n<h4>Q : Puis-je laisser mon chien seul dans la voiture de location ?<\/h4>\n<p><img loading=\"lazy\" decoding=\"async\" class=\"alignright\" src=\"\/wp-content\/uploads\/images\/rent_car_1338.png\" alt=\"Les chiens sont-ils autoris\u00e9s dans les voitures de location ?\" width=\"350\" height=\"350\" \/><\/p>\n<p>R : Il n'est g\u00e9n\u00e9ralement pas recommand\u00e9 de laisser votre chien seul dans une voiture de location, car il peut devenir anxieux ou destructeur. Si vous devez faire un arr\u00eat rapide, garez-vous dans une zone ombrag\u00e9e et ouvrez les fen\u00eatres pour a\u00e9rer.<\/p>\n<h2>En conclusion<\/h2>\n<p>En r\u00e9sum\u00e9, emmener son chien lors d'un voyage en voiture peut \u00eatre une exp\u00e9rience formidable pour vous et votre compagnon \u00e0 quatre pattes. Cependant, il est important de faire des recherches et de comprendre les politiques de la soci\u00e9t\u00e9 de location de voitures avant de faire des r\u00e9servations. En planifiant bien votre voyage et en y r\u00e9fl\u00e9chissant bien, vous pourrez faire un voyage amusant et sans stress avec votre animal de compagnie bien-aim\u00e9 \u00e0 vos c\u00f4t\u00e9s.<\/p>\n<\/div>","protected":false},"excerpt":{"rendered":"<p>Can You Bring Your Furry Friend on Your Next Road Trip? If you are a dog owner, you know that they are more than just pets, they are family. And when it comes to planning a road trip or vacation, it&#8217;s only natural to want to bring your furry companion along for the ride. But [&hellip;]<\/p>\n","protected":false},"author":1,"featured_media":2677,"parent":0,"menu_order":0,"comment_status":"closed","ping_status":"closed","template":"","meta":{"rs_blank_template":"","rs_page_bg_color":"","slide_template_v7":"","footnotes":""},"categories":[1],"tags":[],"class_list":["post-7115","page","type-page","status-publish","has-post-thumbnail","hentry","category-blog"],"_links":{"self":[{"href":"https:\/\/rental-car.company\/fr\/wp-json\/wp\/v2\/pages\/7115","targetHints":{"allow":["GET"]}}],"collection":[{"href":"https:\/\/rental-car.company\/fr\/wp-json\/wp\/v2\/pages"}],"about":[{"href":"https:\/\/rental-car.company\/fr\/wp-json\/wp\/v2\/types\/page"}],"author":[{"embeddable":true,"href":"https:\/\/rental-car.company\/fr\/wp-json\/wp\/v2\/users\/1"}],"replies":[{"embeddable":true,"href":"https:\/\/rental-car.company\/fr\/wp-json\/wp\/v2\/comments?post=7115"}],"version-history":[{"count":0,"href":"https:\/\/rental-car.company\/fr\/wp-json\/wp\/v2\/pages\/7115\/revisions"}],"wp:featuredmedia":[{"embeddable":true,"href":"https:\/\/rental-car.company\/fr\/wp-json\/wp\/v2\/media\/2677"}],"wp:attachment":[{"href":"https:\/\/rental-car.company\/fr\/wp-json\/wp\/v2\/media?parent=7115"}],"wp:term":[{"taxonomy":"category","embeddable":true,"href":"https:\/\/rental-car.company\/fr\/wp-json\/wp\/v2\/categories?post=7115"},{"taxonomy":"post_tag","embeddable":true,"href":"https:\/\/rental-car.company\/fr\/wp-json\/wp\/v2\/tags?post=7115"}],"curies":[{"name":"wp","href":"https:\/\/api.w.org\/{rel}","templated":true}]}}