{"id":7210,"date":"2024-09-02T22:08:43","date_gmt":"2024-09-02T22:08:43","guid":{"rendered":"https:\/\/rental-car.company\/?page_id=7210"},"modified":"2024-09-02T22:08:43","modified_gmt":"2024-09-02T22:08:43","slug":"location-de-voiture-vancouver-bc","status":"publish","type":"page","link":"https:\/\/rental-car.company\/fr\/location-de-voiture-vancouver-bc\/","title":{"rendered":"Location de voiture Vancouver BC : Le guide ultime pour explorer la magnifique Colombie-Britannique"},"content":{"rendered":"<div class=\"wpb-content-wrapper\"><h2>Louer une voiture \u00e0 Vancouver BC : tout ce qu'il faut savoir<\/h2>\n<p>Vous pr\u00e9voyez de vous rendre dans la ville dynamique de Vancouver, en Colombie-Britannique ? Ne cherchez pas plus loin que la location de voiture vancouver bc pour tous vos besoins de transport. Avec sa beaut\u00e9 naturelle \u00e9poustouflante, sa culture diversifi\u00e9e et sa vie urbaine anim\u00e9e, Vancouver offre d'innombrables possibilit\u00e9s d'exploration et d'aventure. Et quel meilleur moyen de vivre tout cela que la commodit\u00e9 et la libert\u00e9 de votre propre voiture de location ?<\/p>\n<div class=\"vc_row wpb_row vc_row-fluid\"><div class=\"wpb_column vc_column_container vc_col-sm-12\"><div class=\"vc_column-inner\"><div class=\"wpb_wrapper\">\n\t<div class=\"wpb_text_column wpb_content_element\" >\n\t\t<div class=\"wpb_wrapper\">\n\t\t\t<p><script id=\"dchwidget\" src=\"https:\/\/www.discovercars.com\/wg.js\" async=\"\" data-dev-env=\"com\" data-location=\"\" data-lang=\"en\" data-utm-source=\"malina\" data-utm-medium=\"widget\" data-aff-code=\"a_aid\" data-autocomplete=\"on\" data-style-submit-bg-color=\"00A200\" data-style-submit-font-color=\"white\" data-style-form-bg-color=\"FAD130\" data-style-form-font-color=\"333\" data-style-submit-text=\"Search now\"><\/script><\/p>\n\n\t\t<\/div>\n\t<\/div>\n<\/div><\/div><\/div><\/div>\n<p>&nbsp;<\/p>\n<h2>Discover Car Rental Vancouver BC<\/h2>\n<p><img loading=\"lazy\" decoding=\"async\" class=\"alignleft\" src=\"\/wp-content\/uploads\/images\/rent_car_509.png\" alt=\"location de voiture vancouver bc\" width=\"350\" height=\"350\" \/><\/p>\n<p>Chez rental-car.company, nous proposons une large gamme de v\u00e9hicules pour r\u00e9pondre \u00e0 vos besoins et \u00e0 votre budget. Des voitures compactes parfaites pour naviguer dans les rues anim\u00e9es de la ville aux SUV spacieux id\u00e9aux pour les excursions en montagne, notre flotte a tout ce qu'il vous faut.<\/p>\n<h3>Les avantages de la location d'une voiture \u00e0 Vancouver BC<\/h3>\n<p>Il y a de nombreux avantages \u00e0 choisir la location de voiture \u00e0 Vancouver bc plut\u00f4t que d'autres modes de transport pendant votre s\u00e9jour dans cette belle province.<\/p>\n<p>Tout d'abord, le fait d'avoir votre propre v\u00e9hicule vous donne la possibilit\u00e9 d'explorer \u00e0 votre rythme. Plus besoin de se pr\u00e9cipiter pour prendre les transports en commun ou d'\u00eatre limit\u00e9 par les horaires des visites - avec une voiture de location, vous pouvez cr\u00e9er votre propre itin\u00e9raire et faire des d\u00e9tours d\u00e8s que quelque chose attire votre attention.<\/p>\n<p>Deuxi\u00e8mement, la location d'une voiture vous permet d'atteindre des destinations qui peuvent \u00eatre difficiles ou impossibles d'acc\u00e8s par les transports publics. C'est particuli\u00e8rement vrai lorsqu'il s'agit d'explorer les vastes paysages naturels de la Colombie-Britannique, tels que le parc Stanley ou le mont Whistler.<\/p>\n<p>Enfin, la location d'une voiture est souvent plus \u00e9conomique que les taxis ou les services de covoiturage. De plus, gr\u00e2ce \u00e0 nos tarifs comp\u00e9titifs et \u00e0 nos offres sp\u00e9ciales, vous pouvez \u00e9conomiser encore plus sur votre voyage !<\/p>\n<h4>Pour :<\/h4>\n<p>- Flexibilit\u00e9 dans les plans de voyage<br \/>\n- Lieux \u00e9loign\u00e9s accessibles<br \/>\n- Rentabilit\u00e9<\/p>\n<h4>Cons :<\/h4>\n<p>- Frais suppl\u00e9mentaires \u00e9ventuels tels que le gaz et l'assurance<br \/>\n- Probl\u00e8mes potentiels de circulation et de stationnement dans la ville<\/p>\n<h3>FAQ sur la location de voiture \u00e0 Vancouver BC<\/h3>\n<h4>Q : Quelles sont les conditions requises pour louer une voiture \u00e0 Vancouver BC ?<\/h4>\n<p>R : Pour louer une voiture \u00e0 Vancouver, vous devez \u00eatre \u00e2g\u00e9 d'au moins 21 ans et poss\u00e9der un permis de conduire valide. Certaines soci\u00e9t\u00e9s de location peuvent \u00e9galement exiger un permis de conduire international si votre permis n'est pas en anglais.<\/p>\n<h4>Q : Puis-je r\u00e9cup\u00e9rer ma voiture de location \u00e0 l'a\u00e9roport ?<\/h4>\n<p>R : Oui, de nombreuses soci\u00e9t\u00e9s de location de voitures ont des bureaux \u00e0 l'a\u00e9roport international de Vancouver.<\/p>\n<h4>Q : Dois-je souscrire une assurance lorsque je loue une voiture ?<\/h4>\n<p>R : Il est fortement recommand\u00e9 de souscrire une assurance lorsque vous louez une voiture afin de vous prot\u00e9ger contre d'\u00e9ventuels dommages ou accidents. La plupart des soci\u00e9t\u00e9s de location proposent des options d'assurance qui peuvent \u00eatre ajout\u00e9es \u00e0 votre contrat de location.<\/p>\n<h4>Q : Existe-t-il des restrictions quant \u00e0 l'endroit o\u00f9 je peux conduire ma voiture de location ?<\/h4>\n<p><img loading=\"lazy\" decoding=\"async\" class=\"alignright\" src=\"\/wp-content\/uploads\/images\/rent_car_1003.png\" alt=\"location de voiture vancouver bc\" width=\"350\" height=\"350\" \/><\/p>\n<p>R : En r\u00e8gle g\u00e9n\u00e9rale, vous \u00eates libre de conduire votre voiture de location n'importe o\u00f9 en Colombie-Britannique. Cependant, certaines soci\u00e9t\u00e9s peuvent avoir des restrictions sp\u00e9cifiques concernant la conduite de leurs v\u00e9hicules sur des routes non goudronn\u00e9es ou en dehors de la province. Renseignez-vous aupr\u00e8s de la soci\u00e9t\u00e9 de location de votre choix avant d'entreprendre un voyage sur une longue distance.<\/p>\n<p>En conclusion, la location d'une voiture \u00e0 Vancouver est le meilleur moyen de profiter pleinement de tout ce que la magnifique Colombie-Britannique a \u00e0 offrir. Gr\u00e2ce \u00e0 sa commodit\u00e9, son prix abordable et sa flexibilit\u00e9, vous pourrez explorer cette magnifique province en toute simplicit\u00e9 et vous faire des souvenirs inoubliables en cours de route. Alors, pourquoi attendre ? R\u00e9servez votre voiture de location d\u00e8s aujourd'hui et pr\u00e9parez-vous \u00e0 vivre une aventure extraordinaire !<\/p>\n<\/div>","protected":false},"excerpt":{"rendered":"<p>Renting a Car in Vancouver BC: Everything You Need to Know Are you planning a trip to the vibrant city of Vancouver, British Columbia? Look no further than car rental vancouver bc for all your transportation needs. With its stunning natural beauty, diverse culture, and bustling city life, Vancouver offers endless opportunities for exploration and [&hellip;]<\/p>\n","protected":false},"author":1,"featured_media":5824,"parent":0,"menu_order":0,"comment_status":"closed","ping_status":"closed","template":"","meta":{"rs_blank_template":"","rs_page_bg_color":"","slide_template_v7":"","footnotes":""},"categories":[1],"tags":[],"class_list":["post-7210","page","type-page","status-publish","has-post-thumbnail","hentry","category-blog"],"_links":{"self":[{"href":"https:\/\/rental-car.company\/fr\/wp-json\/wp\/v2\/pages\/7210","targetHints":{"allow":["GET"]}}],"collection":[{"href":"https:\/\/rental-car.company\/fr\/wp-json\/wp\/v2\/pages"}],"about":[{"href":"https:\/\/rental-car.company\/fr\/wp-json\/wp\/v2\/types\/page"}],"author":[{"embeddable":true,"href":"https:\/\/rental-car.company\/fr\/wp-json\/wp\/v2\/users\/1"}],"replies":[{"embeddable":true,"href":"https:\/\/rental-car.company\/fr\/wp-json\/wp\/v2\/comments?post=7210"}],"version-history":[{"count":0,"href":"https:\/\/rental-car.company\/fr\/wp-json\/wp\/v2\/pages\/7210\/revisions"}],"wp:featuredmedia":[{"embeddable":true,"href":"https:\/\/rental-car.company\/fr\/wp-json\/wp\/v2\/media\/5824"}],"wp:attachment":[{"href":"https:\/\/rental-car.company\/fr\/wp-json\/wp\/v2\/media?parent=7210"}],"wp:term":[{"taxonomy":"category","embeddable":true,"href":"https:\/\/rental-car.company\/fr\/wp-json\/wp\/v2\/categories?post=7210"},{"taxonomy":"post_tag","embeddable":true,"href":"https:\/\/rental-car.company\/fr\/wp-json\/wp\/v2\/tags?post=7210"}],"curies":[{"name":"wp","href":"https:\/\/api.w.org\/{rel}","templated":true}]}}