{"id":7578,"date":"2024-09-06T20:05:18","date_gmt":"2024-09-06T20:05:18","guid":{"rendered":"https:\/\/rental-car.company\/?page_id=7578"},"modified":"2024-09-06T20:05:18","modified_gmt":"2024-09-06T20:05:18","slug":"location-de-voiture-exotique-nashville","status":"publish","type":"page","link":"https:\/\/rental-car.company\/fr\/location-de-voiture-exotique-nashville\/","title":{"rendered":"Location de voitures exotiques \u00e0 Nashville - D\u00e9couvrez le luxe \u00e0 Music City"},"content":{"rendered":"<div class=\"wpb-content-wrapper\"><h2>Louer une voiture de luxe \u00e0 Nashville pour une exp\u00e9rience inoubliable<\/h2>\n<p>Si vous pr\u00e9voyez un voyage \u00e0 Nashville, la capitale du Tennessee, il y a de fortes chances que vous soyez impatient de d\u00e9couvrir la sc\u00e8ne musicale vibrante, la d\u00e9licieuse cuisine du Sud et la riche histoire de cette ville. Mais pourquoi ne pas passer \u00e0 la vitesse sup\u00e9rieure en louant une voiture exotique \u00e0 Nashville ? Avec ses paysages pittoresques et ses rues anim\u00e9es, Nashville est l'endroit id\u00e9al pour se laisser tenter par une location de voiture de luxe.<\/p>\n<div class=\"vc_row wpb_row vc_row-fluid\"><div class=\"wpb_column vc_column_container vc_col-sm-12\"><div class=\"vc_column-inner\"><div class=\"wpb_wrapper\">\n\t<div class=\"wpb_text_column wpb_content_element\" >\n\t\t<div class=\"wpb_wrapper\">\n\t\t\t<p><script id=\"dchwidget\" src=\"https:\/\/www.discovercars.com\/wg.js\" async=\"\" data-dev-env=\"com\" data-location=\"\" data-lang=\"en\" data-utm-source=\"malina\" data-utm-medium=\"widget\" data-aff-code=\"a_aid\" data-autocomplete=\"on\" data-style-submit-bg-color=\"00A200\" data-style-submit-font-color=\"white\" data-style-form-bg-color=\"FAD130\" data-style-form-font-color=\"333\" data-style-submit-text=\"Search now\"><\/script><\/p>\n\n\t\t<\/div>\n\t<\/div>\n<\/div><\/div><\/div><\/div>\n<p>&nbsp;<\/p>\n<h2>D\u00e9couvrez la location de voitures exotiques \u00e0 Nashville<\/h2>\n<p><img loading=\"lazy\" decoding=\"async\" class=\"alignleft\" src=\"\/wp-content\/uploads\/images\/rent_car_245.png\" alt=\"location de voiture exotique nashville\" width=\"350\" height=\"350\" \/><\/p>\n<p>Les options ne manquent pas lorsqu'il s'agit de louer une voiture exotique \u00e0 Nashville. Des voitures de sport \u00e9l\u00e9gantes aux cabriolets styl\u00e9s en passant par les puissants SUV, il y en a pour tous les go\u00fbts et toutes les occasions. Parmi les soci\u00e9t\u00e9s de location les plus populaires qui proposent des voitures exotiques \u00e0 Nashville, citons Enterprise Rent-A-Car, Hertz Dream Collection et Exotic Car Collection by Enterprise.<\/p>\n<p>Que vous soyez en visite pour affaires ou pour le plaisir, la location d'une voiture exotique ne manquera pas d'am\u00e9liorer votre exp\u00e9rience globale. Imaginez que vous descendiez Broadway Street avec la capote baiss\u00e9e par une journ\u00e9e ensoleill\u00e9e ou que vous arriviez \u00e0 votre h\u00f4tel ou au lieu d'un \u00e9v\u00e9nement au volant d'une Lamborghini ou d'une Ferrari de toute beaut\u00e9. Vous ferez certainement tourner les t\u00eates et laisserez une impression durable avec une location de voiture exotique \u00e0 Music City.<\/p>\n<h3>Pourquoi choisir Exotic Car Rental ?<\/h3>\n<p>Il y a de nombreuses raisons pour lesquelles les gens choisissent de louer une voiture exotique plut\u00f4t qu'un v\u00e9hicule ordinaire lorsqu'ils voyagent. Tout d'abord, cela vous permet de conduire un v\u00e9hicule de luxe sans avoir \u00e0 payer le prix \u00e9lev\u00e9 qu'implique la possession d'un tel v\u00e9hicule. C'est \u00e9galement une solution id\u00e9ale pour les occasions sp\u00e9ciales, comme les mariages ou les anniversaires, o\u00f9 vous souhaitez faire une entr\u00e9e remarqu\u00e9e.<\/p>\n<p>En outre, la location d'une voiture exotique vous donne acc\u00e8s \u00e0 des v\u00e9hicules haut de gamme qui ne sont pas forc\u00e9ment disponibles dans les agences de location traditionnelles. Vous pouvez \u00e9galement choisir parmi diff\u00e9rents mod\u00e8les en fonction de vos besoins, qu'il s'agisse d'une voiture de sport rapide et tape-\u00e0-l'\u0153il pour une excursion \u00e0 la campagne ou d'un SUV spacieux et luxueux pour des vacances en famille.<\/p>\n<h3>Les avantages de la location de voitures exotiques \u00e0 Nashville<\/h3>\n<p>- D\u00e9couvrez la conduite de la voiture de vos r\u00eaves sans avoir \u00e0 l'acheter<br \/>\n- Choisissez parmi une vari\u00e9t\u00e9 de v\u00e9hicules haut de gamme<br \/>\n- Faites-vous remarquer et faites tourner les t\u00eates pendant votre voyage<br \/>\n- B\u00e9n\u00e9ficier d'un service client\u00e8le de premier ordre de la part des agences de location<br \/>\n- Am\u00e9liorez votre exp\u00e9rience de voyage<\/p>\n<h3>Les inconv\u00e9nients de la location de voitures exotiques<\/h3>\n<p>- Frais de location plus \u00e9lev\u00e9s que pour les v\u00e9hicules ordinaires<br \/>\n- Disponibilit\u00e9 limit\u00e9e, en particulier pendant les p\u00e9riodes de pointe<br \/>\n- Des frais d'assurance suppl\u00e9mentaires peuvent s'appliquer<br \/>\n- N\u00e9cessite une manipulation et un entretien ad\u00e9quats en raison de la valeur \u00e9lev\u00e9e du v\u00e9hicule.<\/p>\n<h4>Questions fr\u00e9quemment pos\u00e9es<\/h4>\n<p><img loading=\"lazy\" decoding=\"async\" class=\"alignright\" src=\"\/wp-content\/uploads\/images\/rent_car_454.png\" alt=\"location de voiture exotique nashville\" width=\"350\" height=\"350\" \/><\/p>\n<ul>\n<li><strong>Quel est l'\u00e2ge minimum requis pour louer une voiture exotique \u00e0 Nashville ?<\/strong><\/li>\n<p>L'\u00e2ge minimum requis varie en fonction de la soci\u00e9t\u00e9 de location. La plupart des soci\u00e9t\u00e9s exigent que les conducteurs aient au moins 25 ans, tandis que certaines autorisent des conducteurs plus jeunes moyennant des frais suppl\u00e9mentaires.<\/p>\n<li><strong>Ai-je besoin d'une assurance sp\u00e9ciale pour louer une voiture exotique ?<\/strong><\/li>\n<p>Les soci\u00e9t\u00e9s de location proposent g\u00e9n\u00e9ralement leurs propres options d'assurance, mais vous pouvez \u00e9galement v\u00e9rifier aupr\u00e8s de votre assureur automobile personnel s'il couvre les voitures de location.<\/p>\n<li><strong>Combien de temps \u00e0 l'avance dois-je r\u00e9server ma location de voiture exotique \u00e0 Nashville ?<\/strong><\/li>\n<p>Il est recommand\u00e9 de r\u00e9server au moins deux semaines \u00e0 l'avance, surtout en haute saison ou si vous avez des pr\u00e9f\u00e9rences particuli\u00e8res en mati\u00e8re de v\u00e9hicules. Toutefois, certaines entreprises peuvent proposer des locations de derni\u00e8re minute en fonction des disponibilit\u00e9s.<\/p>\n<li><strong>Puis-je louer une voiture exotique pour une seule journ\u00e9e ?<\/strong><\/li>\n<p>Oui, la plupart des soci\u00e9t\u00e9s de location proposent des tarifs journaliers pour les voitures exotiques. Toutefois, certaines peuvent exiger un nombre minimum de jours ou appliquer des tarifs plus \u00e9lev\u00e9s pour les locations d'une seule journ\u00e9e.<\/p>\n<\/ul>\n<p>En conclusion, la location d'une voiture exotique \u00e0 Nashville est une fa\u00e7on unique et passionnante de rehausser votre voyage dans cette ville dynamique. Avec son m\u00e9lange de luxe et de charme sudiste, Music City est la destination id\u00e9ale pour vivre l'exp\u00e9rience de la conduite d'un v\u00e9hicule haut de gamme. Pourquoi ne pas vous offrir un peu de luxe lors de votre prochaine visite \u00e0 Nashville ? Louez une voiture exotique et cr\u00e9ez des souvenirs inoubliables sur la route.<\/p>\n<\/div>","protected":false},"excerpt":{"rendered":"<p>Rent an Exotic Car in Nashville for an Unforgettable Experience If you&#8217;re planning a trip to Nashville, the capital of Tennessee, chances are you&#8217;re looking forward to experiencing the vibrant music scene, delicious Southern cuisine, and rich history of this city. But why not take your trip to the next level by renting an exotic [&hellip;]<\/p>\n","protected":false},"author":1,"featured_media":7580,"parent":0,"menu_order":0,"comment_status":"closed","ping_status":"closed","template":"","meta":{"rs_blank_template":"","rs_page_bg_color":"","slide_template_v7":"","footnotes":""},"categories":[1],"tags":[],"class_list":["post-7578","page","type-page","status-publish","has-post-thumbnail","hentry","category-blog"],"_links":{"self":[{"href":"https:\/\/rental-car.company\/fr\/wp-json\/wp\/v2\/pages\/7578","targetHints":{"allow":["GET"]}}],"collection":[{"href":"https:\/\/rental-car.company\/fr\/wp-json\/wp\/v2\/pages"}],"about":[{"href":"https:\/\/rental-car.company\/fr\/wp-json\/wp\/v2\/types\/page"}],"author":[{"embeddable":true,"href":"https:\/\/rental-car.company\/fr\/wp-json\/wp\/v2\/users\/1"}],"replies":[{"embeddable":true,"href":"https:\/\/rental-car.company\/fr\/wp-json\/wp\/v2\/comments?post=7578"}],"version-history":[{"count":0,"href":"https:\/\/rental-car.company\/fr\/wp-json\/wp\/v2\/pages\/7578\/revisions"}],"wp:featuredmedia":[{"embeddable":true,"href":"https:\/\/rental-car.company\/fr\/wp-json\/wp\/v2\/media\/7580"}],"wp:attachment":[{"href":"https:\/\/rental-car.company\/fr\/wp-json\/wp\/v2\/media?parent=7578"}],"wp:term":[{"taxonomy":"category","embeddable":true,"href":"https:\/\/rental-car.company\/fr\/wp-json\/wp\/v2\/categories?post=7578"},{"taxonomy":"post_tag","embeddable":true,"href":"https:\/\/rental-car.company\/fr\/wp-json\/wp\/v2\/tags?post=7578"}],"curies":[{"name":"wp","href":"https:\/\/api.w.org\/{rel}","templated":true}]}}