{"id":7726,"date":"2024-09-08T08:05:54","date_gmt":"2024-09-08T08:05:54","guid":{"rendered":"https:\/\/rental-car.company\/?page_id=7726"},"modified":"2024-09-08T08:05:54","modified_gmt":"2024-09-08T08:05:54","slug":"location-de-voiture-fort-wayne","status":"publish","type":"page","link":"https:\/\/rental-car.company\/fr\/location-de-voiture-fort-wayne\/","title":{"rendered":"Location de voiture - Le meilleur moyen d'explorer la ville"},"content":{"rendered":"<div class=\"wpb-content-wrapper\"><p>Les locations de voitures \u00e0 Fort Wayne offrent un moyen pratique et flexible d'explorer cette ville dynamique de l'Indiana. Avec ses magnifiques parcs, ses mus\u00e9es et ses \u00e9v\u00e9nements passionnants, Fort Wayne a quelque chose \u00e0 offrir \u00e0 chacun. Et avec rental-car.company, trouver le v\u00e9hicule id\u00e9al pour votre voyage est rapide et facile.<\/p>\n<div class=\"vc_row wpb_row vc_row-fluid\"><div class=\"wpb_column vc_column_container vc_col-sm-12\"><div class=\"vc_column-inner\"><div class=\"wpb_wrapper\">\n\t<div class=\"wpb_text_column wpb_content_element\" >\n\t\t<div class=\"wpb_wrapper\">\n\t\t\t<p><script id=\"dchwidget\" src=\"https:\/\/www.discovercars.com\/wg.js\" async=\"\" data-dev-env=\"com\" data-location=\"\" data-lang=\"en\" data-utm-source=\"malina\" data-utm-medium=\"widget\" data-aff-code=\"a_aid\" data-autocomplete=\"on\" data-style-submit-bg-color=\"00A200\" data-style-submit-font-color=\"white\" data-style-form-bg-color=\"FAD130\" data-style-form-font-color=\"333\" data-style-submit-text=\"Search now\"><\/script><\/p>\n\n\t\t<\/div>\n\t<\/div>\n<\/div><\/div><\/div><\/div>\n<p>&nbsp;<\/p>\n<h2>Explorez Fort Wayne \u00e0 votre rythme<\/h2>\n<p><img loading=\"lazy\" decoding=\"async\" class=\"alignleft\" src=\"\/wp-content\/uploads\/images\/rent_car_1197.png\" alt=\"location de voiture fort wayne\" width=\"350\" height=\"350\" \/><\/p>\n<p>Lorsque vous visitez une nouvelle ville, le fait d'avoir votre propre moyen de transport vous donne la libert\u00e9 d'aller o\u00f9 vous voulez sans d\u00e9pendre des transports publics ou des services de covoiturage co\u00fbteux. C'est particuli\u00e8rement vrai \u00e0 Fort Wayne, o\u00f9 de nombreux joyaux cach\u00e9s attendent d'\u00eatre d\u00e9couverts.<\/p>\n<p>Avec une location de voiture \u00e0 Fort Wayne, vous pouvez facilement visiter des attractions populaires comme le Botanical Conservatory ou Science Central \u00e0 votre propre rythme. Vous pouvez \u00e9galement faire une promenade pittoresque le long du Rivergreenway Trail ou explorer le centre-ville avec ses boutiques et restaurants uniques.<\/p>\n<h3>Un large choix de v\u00e9hicules<\/h3>\n<p>Chez rental-car.company, nous comprenons que chaque voyageur a des besoins et des pr\u00e9f\u00e9rences diff\u00e9rents lorsqu'il s'agit du v\u00e9hicule de son choix. C'est pourquoi nous proposons une large s\u00e9lection de voitures de marques r\u00e9put\u00e9es telles que Ford, Toyota et Chevrolet.<\/p>\n<p>Si vous voyagez en famille ou avec un groupe d'amis, nos SUV et nos monospaces sont parfaits pour des trajets spacieux et confortables. Pour les voyageurs solitaires ou les couples \u00e0 la recherche d'une option \u00e9conomique, nos voitures compactes sont d'excellents choix. Et pour ceux qui veulent faire bonne impression lors de voyages d'affaires ou d'occasions sp\u00e9ciales, nous disposons \u00e9galement de v\u00e9hicules de luxe.<\/p>\n<h3>Emplacements pratiques<\/h3>\n<p>Nos agences de location de voitures \u00e0 Fort Wayne sont strat\u00e9giquement situ\u00e9es \u00e0 proximit\u00e9 des principaux a\u00e9roports tels que l'a\u00e9roport international de Fort Wayne (FWA) et l'a\u00e9roport Smith Field (SMD), ce qui permet aux voyageurs de r\u00e9cup\u00e9rer facilement leur v\u00e9hicule \u00e0 l'arriv\u00e9e. Nous disposons \u00e9galement de plusieurs agences dans la ville pour plus de commodit\u00e9.<\/p>\n<h4>Pour<\/h4>\n<p>- Flexibilit\u00e9 pour explorer Fort Wayne \u00e0 votre rythme<br \/>\n- Large choix de v\u00e9hicules<br \/>\n- Emplacements pratiques pour l'enl\u00e8vement et le d\u00e9p\u00f4t des bagages<\/p>\n<h4>Cons<\/h4>\n<p>- Des frais suppl\u00e9mentaires peuvent \u00eatre appliqu\u00e9s pour les conducteurs de moins de 25 ans.<br \/>\n- La couverture d'assurance peut ne pas \u00eatre incluse dans le prix de la location.<\/p>\n<h4>FAQ<\/h4>\n<p><img loading=\"lazy\" decoding=\"async\" class=\"alignright\" src=\"\/wp-content\/uploads\/images\/rent_car_192.png\" alt=\"location de voiture fort wayne\" width=\"350\" height=\"350\" \/><\/p>\n<p>Q : Quel \u00e2ge dois-je avoir pour louer une voiture \u00e0 Fort Wayne ?<br \/>\nR : L'\u00e2ge minimum requis est de 21 ans, mais les conducteurs de moins de 25 ans peuvent encourir des frais suppl\u00e9mentaires.<\/p>\n<p>Q : Ai-je besoin d'une assurance pour louer une voiture ?<br \/>\nR : Il est recommand\u00e9 d'avoir une couverture d'assurance, mais elle peut ne pas \u00eatre incluse dans le prix de la location. Vous pouvez souscrire une couverture suppl\u00e9mentaire au moment de la r\u00e9servation ou aupr\u00e8s de votre assureur personnel.<\/p>\n<p>Q : Puis-je restituer la voiture \u00e0 un autre endroit ?<br \/>\nR : Oui, nous proposons des locations aller simple entre nos diff\u00e9rents sites pour plus de commodit\u00e9.<\/p>\n<p>En conclusion, louer une voiture \u00e0 Fort Wayne est le meilleur moyen d'explorer cette ville dynamique et tout ce qu'elle a \u00e0 offrir. Avec rental-car.company, vous pouvez trouver le v\u00e9hicule parfait pour votre voyage et profiter de la libert\u00e9 et de la flexibilit\u00e9 d'avoir votre propre moyen de transport. R\u00e9servez votre location de voiture d\u00e8s aujourd'hui et pr\u00e9parez-vous \u00e0 vivre une exp\u00e9rience inoubliable \u00e0 Fort Wayne !<\/p>\n<\/div>","protected":false},"excerpt":{"rendered":"<p>Car rentals in Fort Wayne offer a convenient and flexible way to explore this vibrant city in Indiana. With its beautiful parks, museums, and exciting events, Fort Wayne has something for everyone. And with rental-car.company, finding the perfect vehicle for your trip is quick and easy. &nbsp; Explore Fort Wayne at Your Own Pace When [&hellip;]<\/p>\n","protected":false},"author":1,"featured_media":7728,"parent":0,"menu_order":0,"comment_status":"closed","ping_status":"closed","template":"","meta":{"rs_blank_template":"","rs_page_bg_color":"","slide_template_v7":"","footnotes":""},"categories":[1],"tags":[],"class_list":["post-7726","page","type-page","status-publish","has-post-thumbnail","hentry","category-blog"],"_links":{"self":[{"href":"https:\/\/rental-car.company\/fr\/wp-json\/wp\/v2\/pages\/7726","targetHints":{"allow":["GET"]}}],"collection":[{"href":"https:\/\/rental-car.company\/fr\/wp-json\/wp\/v2\/pages"}],"about":[{"href":"https:\/\/rental-car.company\/fr\/wp-json\/wp\/v2\/types\/page"}],"author":[{"embeddable":true,"href":"https:\/\/rental-car.company\/fr\/wp-json\/wp\/v2\/users\/1"}],"replies":[{"embeddable":true,"href":"https:\/\/rental-car.company\/fr\/wp-json\/wp\/v2\/comments?post=7726"}],"version-history":[{"count":0,"href":"https:\/\/rental-car.company\/fr\/wp-json\/wp\/v2\/pages\/7726\/revisions"}],"wp:featuredmedia":[{"embeddable":true,"href":"https:\/\/rental-car.company\/fr\/wp-json\/wp\/v2\/media\/7728"}],"wp:attachment":[{"href":"https:\/\/rental-car.company\/fr\/wp-json\/wp\/v2\/media?parent=7726"}],"wp:term":[{"taxonomy":"category","embeddable":true,"href":"https:\/\/rental-car.company\/fr\/wp-json\/wp\/v2\/categories?post=7726"},{"taxonomy":"post_tag","embeddable":true,"href":"https:\/\/rental-car.company\/fr\/wp-json\/wp\/v2\/tags?post=7726"}],"curies":[{"name":"wp","href":"https:\/\/api.w.org\/{rel}","templated":true}]}}