{"id":7781,"date":"2024-09-09T05:05:32","date_gmt":"2024-09-09T05:05:32","guid":{"rendered":"https:\/\/rental-car.company\/?page_id=7781"},"modified":"2024-09-09T05:05:32","modified_gmt":"2024-09-09T05:05:32","slug":"location-de-voiture-a-little-rock","status":"publish","type":"page","link":"https:\/\/rental-car.company\/fr\/location-de-voiture-a-little-rock\/","title":{"rendered":"Location de voiture \u00e0 Little Rock - Explorez la capitale de l'Arkansas en toute simplicit\u00e9"},"content":{"rendered":"<div class=\"wpb-content-wrapper\"><h2>Explorez Little Rock avec la commodit\u00e9 d'une location de voiture<\/h2>\n<p>Vous pr\u00e9voyez de vous rendre \u00e0 Little Rock, la capitale de l'Arkansas ? Si c'est le cas, il vous faudra r\u00e9fl\u00e9chir \u00e0 la mani\u00e8re dont vous vous d\u00e9placerez. Bien que les transports publics soient disponibles, ce n'est pas forc\u00e9ment l'option la plus pratique pour explorer tout ce que cette ville dynamique a \u00e0 offrir. C'est l\u00e0 que la location de voiture \u00e0 Little Rock entre en jeu.<\/p>\n<p>Avec une location de voiture aupr\u00e8s de rental-car.company, vous pouvez facilement naviguer dans Little Rock et ses environs \u00e0 votre propre rythme. Que vous soyez ici pour les affaires ou pour le plaisir, le fait d'avoir votre propre v\u00e9hicule vous donne la libert\u00e9 d'explorer tout ce que cette ville a \u00e0 offrir, \u00e0 votre propre rythme.<\/p>\n<div class=\"vc_row wpb_row vc_row-fluid\"><div class=\"wpb_column vc_column_container vc_col-sm-12\"><div class=\"vc_column-inner\"><div class=\"wpb_wrapper\">\n\t<div class=\"wpb_text_column wpb_content_element\" >\n\t\t<div class=\"wpb_wrapper\">\n\t\t\t<p><script id=\"dchwidget\" src=\"https:\/\/www.discovercars.com\/wg.js\" async=\"\" data-dev-env=\"com\" data-location=\"\" data-lang=\"en\" data-utm-source=\"malina\" data-utm-medium=\"widget\" data-aff-code=\"a_aid\" data-autocomplete=\"on\" data-style-submit-bg-color=\"00A200\" data-style-submit-font-color=\"white\" data-style-form-bg-color=\"FAD130\" data-style-form-font-color=\"333\" data-style-submit-text=\"Search now\"><\/script><\/p>\n\n\t\t<\/div>\n\t<\/div>\n<\/div><\/div><\/div><\/div>\n<p>&nbsp;<\/p>\n<h2>D\u00e9couvrez les options de location de voitures \u00e0 Little Rock<\/h2>\n<p><img loading=\"lazy\" decoding=\"async\" class=\"alignleft\" src=\"\/wp-content\/uploads\/images\/rent_car_820.png\" alt=\"location de voiture \u00e0 little rock\" width=\"350\" height=\"350\" \/><\/p>\n<p>Chez rental-car.company, nous offrons une vari\u00e9t\u00e9 d'options de location de voiture \u00e0 Little Rock pour r\u00e9pondre \u00e0 vos besoins et \u00e0 votre budget. Des voitures \u00e9conomiques pour les voyageurs solitaires ou les couples, aux SUV et minivans pour les familles ou les groupes plus importants - nous avons quelque chose pour tout le monde.<\/p>\n<p>Notre flotte de v\u00e9hicules est r\u00e9guli\u00e8rement entretenue et mise \u00e0 jour, ce qui vous garantit une conduite s\u00fbre et fiable pendant votre s\u00e9jour \u00e0 Little Rock. De plus, nos tarifs comp\u00e9titifs font de nous le premier choix pour une location de voiture abordable dans la r\u00e9gion.<\/p>\n<h3>Louer une voiture \u00e9conomique pour voyager \u00e0 moindre co\u00fbt<\/h3>\n<p>Si votre priorit\u00e9 est de voyager en respectant votre budget, nos voitures \u00e9conomiques sont parfaites pour vous. Ces petits v\u00e9hicules sont non seulement \u00e9conomes en carburant, mais aussi faciles \u00e0 man\u0153uvrer dans les rues anim\u00e9es de la ville. Ils sont id\u00e9aux pour les voyageurs en solo ou les couples \u00e0 la recherche d'un moyen abordable d'explorer Little Rock.<\/p>\n<h3>Traverser la ville \u00e0 bord d'un SUV ou d'un monospace<\/h3>\n<p>Pour les familles ou les groupes plus importants qui recherchent plus d'espace et de confort lors de leurs d\u00e9placements, nos SUV et nos monospaces sont d'excellentes options. Avec beaucoup d'espace pour les passagers et les bagages, ces v\u00e9hicules sont parfaits pour les longs trajets ou pour explorer l'ext\u00e9rieur de la ville. De plus, leur position assise sur\u00e9lev\u00e9e permet de mieux voir les magnifiques paysages de Little Rock.<\/p>\n<h3>Rouler avec style gr\u00e2ce \u00e0 une location de voiture de luxe<\/h3>\n<p>Si vous souhaitez ajouter une touche de luxe \u00e0 votre voyage, pensez \u00e0 louer l'un de nos v\u00e9hicules haut de gamme. Des voitures de sport \u00e9l\u00e9gantes aux berlines luxueuses, nous disposons d'une gamme d'options qui rendront votre s\u00e9jour \u00e0 Little Rock encore plus m\u00e9morable.<\/p>\n<h4>Avantages \/ inconv\u00e9nients<\/h4>\n<p>Pour :<br \/>\n- Libert\u00e9 d'explorer \u00e0 son rythme<br \/>\n- Tarifs abordables<br \/>\n- Diverses options de v\u00e9hicules<br \/>\n- Une flotte r\u00e9guli\u00e8rement entretenue et mise \u00e0 jour<\/p>\n<p>Cons :<br \/>\n- Des frais suppl\u00e9mentaires tels que l'assurance et le gaz peuvent s'appliquer<br \/>\n- Des possibilit\u00e9s de stationnement limit\u00e9es dans les zones tr\u00e8s fr\u00e9quent\u00e9es<\/p>\n<h4>Questions fr\u00e9quemment pos\u00e9es sur la location de voitures \u00e0 Little Rock<\/h4>\n<p><img loading=\"lazy\" decoding=\"async\" class=\"alignright\" src=\"\/wp-content\/uploads\/images\/rent_car_212.png\" alt=\"location de voiture \u00e0 little rock\" width=\"350\" height=\"350\" \/><\/p>\n<p>Q : Quel \u00e2ge dois-je avoir pour louer une voiture \u00e0 Little Rock ?<br \/>\nR : L'\u00e2ge minimum requis pour louer une voiture en Arkansas est de 21 ans. Toutefois, les conducteurs de moins de 25 ans peuvent \u00eatre soumis \u00e0 des frais suppl\u00e9mentaires.<\/p>\n<p>Q : Puis-je rendre ma voiture de location \u00e0 un autre endroit ?<br \/>\nR : Oui, nous offrons la possibilit\u00e9 de louer un v\u00e9hicule en aller simple, c'est-\u00e0-dire de le d\u00e9poser \u00e0 un endroit diff\u00e9rent de celui o\u00f9 vous l'avez pris. Des frais suppl\u00e9mentaires peuvent s'appliquer.<\/p>\n<p>Q : Ai-je besoin d'une assurance pour louer une voiture ?<br \/>\nR : Bien que cela ne soit pas obligatoire, nous vous recommandons vivement de souscrire une assurance lorsque vous louez une voiture. Vous serez ainsi prot\u00e9g\u00e9 contre les d\u00e9penses impr\u00e9vues en cas d'accident ou de dommages.<\/p>\n<p>En conclusion, la location de voiture \u00e0 Little Rock est le moyen le plus pratique et le plus flexible d'explorer la capitale de l'Arkansas. Gr\u00e2ce \u00e0 la vari\u00e9t\u00e9 d'options de v\u00e9hicules et aux tarifs comp\u00e9titifs de rental-car.company, vous pouvez facilement naviguer dans Little Rock et ses environs tout en respectant votre budget. Alors pourquoi attendre ? R\u00e9servez d\u00e8s aujourd'hui votre location de voiture \u00e0 Little Rock et pr\u00e9parez-vous \u00e0 un voyage inoubliable.<\/p>\n<\/div>","protected":false},"excerpt":{"rendered":"<p>Explore Little Rock with the Convenience of a Car Rental Are you planning a trip to Little Rock, the capital city of Arkansas? If so, then one thing you&#8217;ll need to consider is how you&#8217;ll get around. While public transportation is available, it may not be the most convenient option for exploring all that this [&hellip;]<\/p>\n","protected":false},"author":1,"featured_media":3776,"parent":0,"menu_order":0,"comment_status":"closed","ping_status":"closed","template":"","meta":{"rs_blank_template":"","rs_page_bg_color":"","slide_template_v7":"","footnotes":""},"categories":[1],"tags":[],"class_list":["post-7781","page","type-page","status-publish","has-post-thumbnail","hentry","category-blog"],"_links":{"self":[{"href":"https:\/\/rental-car.company\/fr\/wp-json\/wp\/v2\/pages\/7781","targetHints":{"allow":["GET"]}}],"collection":[{"href":"https:\/\/rental-car.company\/fr\/wp-json\/wp\/v2\/pages"}],"about":[{"href":"https:\/\/rental-car.company\/fr\/wp-json\/wp\/v2\/types\/page"}],"author":[{"embeddable":true,"href":"https:\/\/rental-car.company\/fr\/wp-json\/wp\/v2\/users\/1"}],"replies":[{"embeddable":true,"href":"https:\/\/rental-car.company\/fr\/wp-json\/wp\/v2\/comments?post=7781"}],"version-history":[{"count":0,"href":"https:\/\/rental-car.company\/fr\/wp-json\/wp\/v2\/pages\/7781\/revisions"}],"wp:featuredmedia":[{"embeddable":true,"href":"https:\/\/rental-car.company\/fr\/wp-json\/wp\/v2\/media\/3776"}],"wp:attachment":[{"href":"https:\/\/rental-car.company\/fr\/wp-json\/wp\/v2\/media?parent=7781"}],"wp:term":[{"taxonomy":"category","embeddable":true,"href":"https:\/\/rental-car.company\/fr\/wp-json\/wp\/v2\/categories?post=7781"},{"taxonomy":"post_tag","embeddable":true,"href":"https:\/\/rental-car.company\/fr\/wp-json\/wp\/v2\/tags?post=7781"}],"curies":[{"name":"wp","href":"https:\/\/api.w.org\/{rel}","templated":true}]}}