{"id":7816,"date":"2024-09-09T14:05:42","date_gmt":"2024-09-09T14:05:42","guid":{"rendered":"https:\/\/rental-car.company\/?page_id=7816"},"modified":"2024-09-09T14:05:42","modified_gmt":"2024-09-09T14:05:42","slug":"quel-age-peut-on-louer-une-voiture-en-californie","status":"publish","type":"page","link":"https:\/\/rental-car.company\/fr\/quel-age-peut-on-louer-une-voiture-en-californie\/","title":{"rendered":"Quel \u00e2ge faut-il avoir pour louer une voiture en Californie ?"},"content":{"rendered":"<div class=\"wpb-content-wrapper\"><h2>L'\u00e2ge minimum requis pour louer une voiture en Californie<\/h2>\n<p>Lorsque l'on pr\u00e9pare un voyage en Californie, l'une des questions les plus fr\u00e9quentes est la suivante : \"Quel \u00e2ge faut-il avoir pour louer une voiture en Californie ?\" La r\u00e9ponse peut varier en fonction de la soci\u00e9t\u00e9 de location et du type de v\u00e9hicule que vous souhaitez louer. Dans cet article, nous allons nous pencher sur l'\u00e2ge minimum requis pour louer une voiture en Californie et donner quelques conseils utiles aux jeunes locataires.<\/p>\n<div class=\"vc_row wpb_row vc_row-fluid\"><div class=\"wpb_column vc_column_container vc_col-sm-12\"><div class=\"vc_column-inner\"><div class=\"wpb_wrapper\">\n\t<div class=\"wpb_text_column wpb_content_element\" >\n\t\t<div class=\"wpb_wrapper\">\n\t\t\t<p><script id=\"dchwidget\" src=\"https:\/\/www.discovercars.com\/wg.js\" async=\"\" data-dev-env=\"com\" data-location=\"\" data-lang=\"en\" data-utm-source=\"malina\" data-utm-medium=\"widget\" data-aff-code=\"a_aid\" data-autocomplete=\"on\" data-style-submit-bg-color=\"00A200\" data-style-submit-font-color=\"white\" data-style-form-bg-color=\"FAD130\" data-style-form-font-color=\"333\" data-style-submit-text=\"Search now\"><\/script><\/p>\n\n\t\t<\/div>\n\t<\/div>\n<\/div><\/div><\/div><\/div>\n<p>&nbsp;<\/p>\n<h2>D\u00e9couvrez l'\u00e2ge requis pour louer une voiture en Californie<\/h2>\n<p><img loading=\"lazy\" decoding=\"async\" class=\"alignleft\" src=\"\/wp-content\/uploads\/images\/rent_car_388.png\" alt=\"quel \u00e2ge peut-on louer une voiture en californie ?\" width=\"350\" height=\"350\" \/><\/p>\n<p>En g\u00e9n\u00e9ral, l'\u00e2ge minimum requis pour louer une voiture en Californie est de 21 ans. Toutefois, certaines soci\u00e9t\u00e9s de location de voitures peuvent exiger que les conducteurs soient \u00e2g\u00e9s d'au moins 25 ans. En effet, les conducteurs de moins de 25 ans sont consid\u00e9r\u00e9s comme pr\u00e9sentant un risque \u00e9lev\u00e9 par les compagnies d'assurance et peuvent se voir imposer des frais suppl\u00e9mentaires ou des restrictions dans leur contrat de location.<\/p>\n<p>Si vous avez entre 21 et 24 ans et que vous souhaitez louer une voiture en Californie, il est important de vous renseigner aupr\u00e8s des diff\u00e9rentes soci\u00e9t\u00e9s de location de voitures, car chacune d'entre elles peut avoir sa propre politique \u00e0 l'\u00e9gard des jeunes locataires. Certaines soci\u00e9t\u00e9s peuvent facturer un suppl\u00e9ment ou exiger des documents suppl\u00e9mentaires tels qu'une preuve d'assurance ou des informations sur la carte de cr\u00e9dit.<\/p>\n<h3>Avantages \/ inconv\u00e9nients<\/h3>\n<p>Pour :<br \/>\n- Avec des recherches et une planification appropri\u00e9es, les jeunes conducteurs peuvent toujours louer des voitures en Californie.<br \/>\n- L'acc\u00e8s \u00e0 une voiture de location peut vous offrir une plus grande flexibilit\u00e9 pendant votre voyage.<br \/>\n- Certaines soci\u00e9t\u00e9s de location de voitures proposent des r\u00e9ductions pour les jeunes locataires.<\/p>\n<p>Cons :<br \/>\n- Des frais suppl\u00e9mentaires ou des restrictions peuvent s'appliquer aux conducteurs de moins de 25 ans.<br \/>\n- Options limit\u00e9es lorsqu'il s'agit de choisir une soci\u00e9t\u00e9 de location de voitures.<br \/>\n- Les jeunes conducteurs moins exp\u00e9riment\u00e9s peuvent avoir des difficult\u00e9s \u00e0 s'orienter sur des routes inconnues.<\/p>\n<h4>FAQ<\/h4>\n<p><img loading=\"lazy\" decoding=\"async\" class=\"alignright\" src=\"\/wp-content\/uploads\/images\/rent_car_1057.png\" alt=\"quel \u00e2ge peut-on louer une voiture en californie ?\" width=\"350\" height=\"350\" \/><\/p>\n<p>Q : Puis-je louer un v\u00e9hicule de luxe ou sp\u00e9cialis\u00e9 si j'ai moins de 25 ans ?<br \/>\nR : Il est peu probable qu'une soci\u00e9t\u00e9 de location de voitures autorise une personne de moins de 25 ans \u00e0 louer un v\u00e9hicule de luxe ou sp\u00e9cialis\u00e9. Cependant, il est toujours pr\u00e9f\u00e9rable de v\u00e9rifier aupr\u00e8s de la soci\u00e9t\u00e9 de location qui vous int\u00e9resse.<\/p>\n<p>Q : Existe-t-il des moyens d'\u00e9viter des frais suppl\u00e9mentaires pour les jeunes locataires ?<br \/>\nR : Certaines soci\u00e9t\u00e9s de location de voitures proposent des r\u00e9ductions ou des promotions pour les jeunes locataires. Il est \u00e9galement utile d'avoir sa propre assurance ou d'\u00eatre ajout\u00e9 en tant que conducteur autoris\u00e9 sur la police d'assurance de quelqu'un d'autre.<\/p>\n<p>Q : Est-il possible pour une personne de moins de 21 ans de louer une voiture en Californie ?<br \/>\nR : Malheureusement, la plupart des soci\u00e9t\u00e9s de location de voitures en Californie exigent que les conducteurs aient au moins 21 ans. Cependant, certaines peuvent faire des exceptions pour le personnel militaire ou les personnes ayant une carte de cr\u00e9dit valide et une preuve d'assurance.<\/p>\n<p>En conclusion, l'\u00e2ge minimum requis pour louer une voiture en Californie est g\u00e9n\u00e9ralement de 21 ans. Toutefois, les conducteurs \u00e2g\u00e9s de 21 \u00e0 24 ans peuvent \u00eatre soumis \u00e0 des frais suppl\u00e9mentaires ou \u00e0 des restrictions lorsqu'ils louent une voiture. Il est important de se renseigner sur les diff\u00e9rentes soci\u00e9t\u00e9s de location de voitures et sur leurs politiques avant d'effectuer une r\u00e9servation. Avec une bonne planification et une bonne compr\u00e9hension des exigences, les jeunes conducteurs peuvent toujours profiter de la commodit\u00e9 de la location d'une voiture lors de leur voyage en Californie.<\/p>\n<\/div>","protected":false},"excerpt":{"rendered":"<p>The Minimum Age Requirement for Renting a Car in California When planning a trip to California, one of the most common questions is, &#8220;How old do you have to be to rent a car in California?&#8221; The answer may vary depending on the rental car company and the type of vehicle you are looking to [&hellip;]<\/p>\n","protected":false},"author":1,"featured_media":7818,"parent":0,"menu_order":0,"comment_status":"closed","ping_status":"closed","template":"","meta":{"rs_blank_template":"","rs_page_bg_color":"","slide_template_v7":"","footnotes":""},"categories":[1],"tags":[],"class_list":["post-7816","page","type-page","status-publish","has-post-thumbnail","hentry","category-blog"],"_links":{"self":[{"href":"https:\/\/rental-car.company\/fr\/wp-json\/wp\/v2\/pages\/7816","targetHints":{"allow":["GET"]}}],"collection":[{"href":"https:\/\/rental-car.company\/fr\/wp-json\/wp\/v2\/pages"}],"about":[{"href":"https:\/\/rental-car.company\/fr\/wp-json\/wp\/v2\/types\/page"}],"author":[{"embeddable":true,"href":"https:\/\/rental-car.company\/fr\/wp-json\/wp\/v2\/users\/1"}],"replies":[{"embeddable":true,"href":"https:\/\/rental-car.company\/fr\/wp-json\/wp\/v2\/comments?post=7816"}],"version-history":[{"count":0,"href":"https:\/\/rental-car.company\/fr\/wp-json\/wp\/v2\/pages\/7816\/revisions"}],"wp:featuredmedia":[{"embeddable":true,"href":"https:\/\/rental-car.company\/fr\/wp-json\/wp\/v2\/media\/7818"}],"wp:attachment":[{"href":"https:\/\/rental-car.company\/fr\/wp-json\/wp\/v2\/media?parent=7816"}],"wp:term":[{"taxonomy":"category","embeddable":true,"href":"https:\/\/rental-car.company\/fr\/wp-json\/wp\/v2\/categories?post=7816"},{"taxonomy":"post_tag","embeddable":true,"href":"https:\/\/rental-car.company\/fr\/wp-json\/wp\/v2\/tags?post=7816"}],"curies":[{"name":"wp","href":"https:\/\/api.w.org\/{rel}","templated":true}]}}