{"id":7819,"date":"2024-09-09T14:05:43","date_gmt":"2024-09-09T14:05:43","guid":{"rendered":"https:\/\/rental-car.company\/?page_id=7819"},"modified":"2024-09-09T14:05:43","modified_gmt":"2024-09-09T14:05:43","slug":"location-de-voitures-rapid-city","status":"publish","type":"page","link":"https:\/\/rental-car.company\/fr\/location-de-voitures-rapid-city\/","title":{"rendered":"Location de voitures Rapid City - Votre guide ultime pour explorer les Black Hills"},"content":{"rendered":"<div class=\"wpb-content-wrapper\"><h2>Explorer Rapid City avec une voiture de location<\/h2>\n<p>Lorsque vous visitez la belle ville de Rapid City, Dakota du Sud, l'un des meilleurs moyens de se d\u00e9placer et de voir tout ce qu'elle a \u00e0 offrir est de louer une voiture. Avec une voiture de location Rapid City, vous avez la libert\u00e9 et la flexibilit\u00e9 d'explorer cette ville dynamique et ses environs \u00e0 votre propre rythme. <\/p>\n<div class=\"vc_row wpb_row vc_row-fluid\"><div class=\"wpb_column vc_column_container vc_col-sm-12\"><div class=\"vc_column-inner\"><div class=\"wpb_wrapper\">\n\t<div class=\"wpb_text_column wpb_content_element\" >\n\t\t<div class=\"wpb_wrapper\">\n\t\t\t<p><script id=\"dchwidget\" src=\"https:\/\/www.discovercars.com\/wg.js\" async=\"\" data-dev-env=\"com\" data-location=\"\" data-lang=\"en\" data-utm-source=\"malina\" data-utm-medium=\"widget\" data-aff-code=\"a_aid\" data-autocomplete=\"on\" data-style-submit-bg-color=\"00A200\" data-style-submit-font-color=\"white\" data-style-form-bg-color=\"FAD130\" data-style-form-font-color=\"333\" data-style-submit-text=\"Search now\"><\/script><\/p>\n\n\t\t<\/div>\n\t<\/div>\n<\/div><\/div><\/div><\/div>\n<p>&nbsp;<\/p>\n<h2>D\u00e9couvrez les voitures de location Rapid City<\/h2>\n<p><img loading=\"lazy\" decoding=\"async\" class=\"alignleft\" src=\"\/wp-content\/uploads\/images\/rent_car_1488.png\" alt=\"location de voitures rapid city\" width=\"350\" height=\"350\" \/><\/p>\n<p>Situ\u00e9e dans l'ouest du Dakota du Sud, Rapid City est souvent surnomm\u00e9e \"la porte d'entr\u00e9e des Black Hills\". Cette ville anim\u00e9e sert de base populaire pour les visiteurs qui souhaitent explorer les nombreuses attractions de la r\u00e9gion, telles que le Mount Rushmore National Memorial, le Badlands National Park et le Custer State Park. Avec une voiture de location de rental-car.company, vous pouvez facilement acc\u00e9der \u00e0 ces destinations incontournables et \u00e0 bien d'autres encore.<\/p>\n<h3>Les avantages de la location d'une voiture \u00e0 Rapid City<\/h3>\n<p>Avoir une voiture de location pendant votre s\u00e9jour \u00e0 Rapid City offre de nombreux avantages. En voici quelques-uns :<\/p>\n<p>- Commodit\u00e9 : Avec une voiture de location \u00e0 votre disposition, vous pouvez \u00e9viter de d\u00e9pendre des transports publics ou des services de taxi co\u00fbteux. Vous pouvez ainsi respecter votre emploi du temps et explorer \u00e0 votre rythme.<br \/>\n- Flexibilit\u00e9 : Une voiture de location vous donne la libert\u00e9 de visiter plusieurs attractions en une journ\u00e9e sans avoir \u00e0 vous soucier de la logistique du transport.<br \/>\n- Rentabilit\u00e9 : La location d'une voiture peut vous faire \u00e9conomiser de l'argent \u00e0 long terme par rapport \u00e0 d'autres modes de transport si vous pr\u00e9voyez de visiter plusieurs destinations pendant votre s\u00e9jour.<\/p>\n<h3>Les inconv\u00e9nients de la location d'une voiture \u00e0 Rapid City<\/h3>\n<p>Si la location d'une voiture \u00e0 Rapid City pr\u00e9sente de nombreux avantages, elle pr\u00e9sente \u00e9galement des inconv\u00e9nients potentiels qu'il convient de prendre en compte :<\/p>\n<p>- Le co\u00fbt : Selon l'endroit d'o\u00f9 vous partez et la dur\u00e9e de votre voyage, la location d'une voiture n'est pas toujours l'option la plus rentable. Veillez \u00e0 comparer les prix et \u00e0 prendre en compte les frais suppl\u00e9mentaires tels que l'assurance et l'essence.<br \/>\n- Le stationnement : Comme dans toute ville, le stationnement peut \u00eatre limit\u00e9 et co\u00fbteux dans certains quartiers. Renseignez-vous sur les possibilit\u00e9s de stationnement avant de partir en voyage.<br \/>\n- Navigation : Si vous ne connaissez pas bien la r\u00e9gion, il peut \u00eatre difficile de s'orienter dans une nouvelle ville. Assurez-vous d'avoir une carte ou un GPS \u00e0 port\u00e9e de main pour vous aider \u00e0 vous d\u00e9placer.<\/p>\n<h4>Avantages \/ inconv\u00e9nients<\/h4>\n<p>Pour :<br \/>\n- Commodit\u00e9<br \/>\n- Flexibilit\u00e9<br \/>\n- Rentabilit\u00e9<\/p>\n<p>Cons :<br \/>\n- Co\u00fbt<br \/>\n- Des possibilit\u00e9s de stationnement limit\u00e9es<br \/>\n- D\u00e9fis en mati\u00e8re de navigation<\/p>\n<h4>Questions fr\u00e9quemment pos\u00e9es<\/h4>\n<p><img loading=\"lazy\" decoding=\"async\" class=\"alignright\" src=\"\/wp-content\/uploads\/images\/rent_car_252.png\" alt=\"location de voitures rapid city\" width=\"350\" height=\"350\" \/><\/p>\n<p>Q : Quel \u00e2ge dois-je avoir pour louer une voiture \u00e0 Rapid City ?<br \/>\nR : L'\u00e2ge minimum pour louer une voiture \u00e0 Rapid City est g\u00e9n\u00e9ralement de 21 ans, mais certaines soci\u00e9t\u00e9s de location peuvent exiger que les locataires aient 25 ans.<\/p>\n<p>Q : Ai-je besoin d'un permis de conduire international pour louer une voiture \u00e0 Rapid City ?<br \/>\nR : Si vous venez d'un autre pays, il est recommand\u00e9 d'obtenir un permis de conduire international avant votre arriv\u00e9e \u00e0 Rapid City.<\/p>\n<p>Q\u00a0: Puis-je ajouter un conducteur suppl\u00e9mentaire \u00e0 ma voiture de location\u00a0?<br \/>\nR : Oui, la plupart des soci\u00e9t\u00e9s de location autorisent la pr\u00e9sence de conducteurs suppl\u00e9mentaires moyennant un suppl\u00e9ment. Veillez \u00e0 vous renseigner aupr\u00e8s de la soci\u00e9t\u00e9 de location de votre choix pour conna\u00eetre sa politique sp\u00e9cifique.<\/p>\n<p>En conclusion, louer une voiture \u00e0 Rapid City est un excellent moyen d'explorer tout ce que cette belle ville a \u00e0 offrir. Avec la commodit\u00e9, la flexibilit\u00e9 et la rentabilit\u00e9 des voitures de location Rapid City de rental-car.company, vous pouvez tirer le meilleur parti de votre voyage tout en profitant des paysages \u00e9poustouflants de la r\u00e9gion des Black Hills. Alors pourquoi attendre ? Louez votre voiture d\u00e8s aujourd'hui et partez \u00e0 l'aventure !<\/p>\n<\/div>","protected":false},"excerpt":{"rendered":"<p>Exploring Rapid City with Rental Cars When visiting the beautiful city of Rapid City, South Dakota, one of the best ways to get around and see all it has to offer is by renting a car. With rental cars rapid city, you have the freedom and flexibility to explore this vibrant city and its surrounding [&hellip;]<\/p>\n","protected":false},"author":1,"featured_media":2526,"parent":0,"menu_order":0,"comment_status":"closed","ping_status":"closed","template":"","meta":{"rs_blank_template":"","rs_page_bg_color":"","slide_template_v7":"","footnotes":""},"categories":[1],"tags":[],"class_list":["post-7819","page","type-page","status-publish","has-post-thumbnail","hentry","category-blog"],"_links":{"self":[{"href":"https:\/\/rental-car.company\/fr\/wp-json\/wp\/v2\/pages\/7819","targetHints":{"allow":["GET"]}}],"collection":[{"href":"https:\/\/rental-car.company\/fr\/wp-json\/wp\/v2\/pages"}],"about":[{"href":"https:\/\/rental-car.company\/fr\/wp-json\/wp\/v2\/types\/page"}],"author":[{"embeddable":true,"href":"https:\/\/rental-car.company\/fr\/wp-json\/wp\/v2\/users\/1"}],"replies":[{"embeddable":true,"href":"https:\/\/rental-car.company\/fr\/wp-json\/wp\/v2\/comments?post=7819"}],"version-history":[{"count":0,"href":"https:\/\/rental-car.company\/fr\/wp-json\/wp\/v2\/pages\/7819\/revisions"}],"wp:featuredmedia":[{"embeddable":true,"href":"https:\/\/rental-car.company\/fr\/wp-json\/wp\/v2\/media\/2526"}],"wp:attachment":[{"href":"https:\/\/rental-car.company\/fr\/wp-json\/wp\/v2\/media?parent=7819"}],"wp:term":[{"taxonomy":"category","embeddable":true,"href":"https:\/\/rental-car.company\/fr\/wp-json\/wp\/v2\/categories?post=7819"},{"taxonomy":"post_tag","embeddable":true,"href":"https:\/\/rental-car.company\/fr\/wp-json\/wp\/v2\/tags?post=7819"}],"curies":[{"name":"wp","href":"https:\/\/api.w.org\/{rel}","templated":true}]}}