{"id":1398,"date":"2023-08-20T18:21:20","date_gmt":"2023-08-20T18:21:20","guid":{"rendered":"https:\/\/rental-car.company\/?page_id=1398"},"modified":"2024-03-29T16:34:14","modified_gmt":"2024-03-29T16:34:14","slug":"la-nostra-garanzia","status":"publish","type":"page","link":"https:\/\/rental-car.company\/it\/la-nostra-garanzia\/","title":{"rendered":"La nostra garanzia"},"content":{"rendered":"<div class=\"wpb-content-wrapper\"><div class=\"vc_row wpb_row vc_row-fluid\"><div class=\"wpb_column vc_column_container vc_col-sm-12\"><div class=\"vc_column-inner\"><div class=\"wpb_wrapper\">\n\t<div class=\"wpb_text_column wpb_content_element\" >\n\t\t<div class=\"wpb_wrapper\">\n\t\t\t<h1 class=\"wp-block-heading\">La tua tranquillit\u00e0 \u00e8 la nostra priorit\u00e0<\/h1>\n<p>A\u00a0<a href=\"https:\/\/rental-car.company\/it\/\" target=\"_blank\" rel=\"noreferrer noopener\">societ\u00e0.di.autonoleggio<\/a>, comprendiamo il significato della fiducia. Che tu stia prenotando un&#039;accogliente locanda per un weekend fuori porta o un&#039;auto per un viaggio attraverso il paese, ci impegniamo a garantirti un&#039;esperienza senza problemi.<\/p>\n<h4 id=\"h-transparent-pricing\" class=\"wp-block-heading\"><strong>Prezzi trasparenti<\/strong><\/h4>\n<p>Nessun costo nascosto, nessun addebito a sorpresa. Il prezzo che vedete \u00e8 il prezzo da pagare. Periodo.<\/p>\n<h4 id=\"h-flexible-cancellation-policies\" class=\"wp-block-heading\"><strong>Politiche di cancellazione flessibili<\/strong><\/h4>\n<p>I piani cambiano e va bene cos\u00ec! Offriamo opzioni di cancellazione flessibili per darti tranquillit\u00e0 e adattabilit\u00e0.<\/p>\n<h4 id=\"h-safe-secure-transactions\" class=\"wp-block-heading\"><strong>Transazioni sicure e protette<\/strong><\/h4>\n<p>La sicurezza dei tuoi dati \u00e8 la nostra massima preoccupazione. La nostra piattaforma utilizza la crittografia end-to-end per garantire che le tue informazioni personali e di pagamento rimangano protette.<\/p>\n<h4 id=\"h-24-7-customer-support\" class=\"wp-block-heading\"><strong>Assistenza clienti 24 ore su 24, 7 giorni su 7<\/strong><\/h4>\n<p>Domande? Preoccupazioni? Hai bisogno di un cambiamento dell&#039;ultimo minuto? Il nostro team dedicato \u00e8 qui 24 ore su 24 per assisterti in ogni fase del processo.<\/p>\n<h4 id=\"h-handpicked-properties-vehicles\" class=\"wp-block-heading\"><strong>Propriet\u00e0 e veicoli selezionati con cura<\/strong><\/h4>\n<p>La garanzia della qualit\u00e0 \u00e8 fondamentale. Ogni hotel e servizio di noleggio auto sulla nostra piattaforma \u00e8 sottoposto a un rigoroso processo di verifica per soddisfare i nostri elevati standard.<\/p>\n<h4 id=\"h-genuine-reviews\" class=\"wp-block-heading\"><strong>Recensioni autentiche<\/strong><\/h4>\n<p>Fai scelte informate. Ogni recensione sulla nostra piattaforma proviene da un viaggiatore verificato, garantendoti una prospettiva autentica.<\/p>\n<h4 id=\"h-booking-guarantee\" class=\"wp-block-heading\"><strong>Garanzia di prenotazione<\/strong><\/h4>\n<p>Nel raro caso di un incidente nella prenotazione, ci impegniamo a fornire un&#039;opzione alternativa di valore uguale o superiore senza costi aggiuntivi per te.<\/p>\n<h3 id=\"h-we-re-here-for-you\" class=\"wp-block-heading\">Siamo qui per voi!<\/h3>\n<p>Il tuo viaggio, che sia un viaggio d&#039;affari, una vacanza in famiglia o un&#039;avventura da solista, \u00e8 importante per noi. Ci impegniamo a renderlo perfetto. A <a href=\"https:\/\/rental-car.company\/it\/\">compagnia-autonoleggio,<\/a> la tua soddisfazione non \u00e8 solo una garanzia, \u00e8 la nostra promessa!<\/p>\n\n\t\t<\/div>\n\t<\/div>\n<\/div><\/div><\/div><\/div>\n<\/div>","protected":false},"excerpt":{"rendered":"Your Peace of Mind is Our Priority At\u00a0rental-car.company, we understand the significance of trust. Whether you\u2019re booking a cozy inn for a weekend getaway or a car for a cross-country road trip, we pledge to ensure a hassle-free experience. Transparent Pricing No hidden fees, no surprise charges. The price you see is the price you [...]","protected":false},"author":1,"featured_media":0,"parent":0,"menu_order":0,"comment_status":"closed","ping_status":"closed","template":"","meta":{"rs_blank_template":"","rs_page_bg_color":"","slide_template_v7":"","footnotes":""},"categories":[1],"tags":[],"class_list":["post-1398","page","type-page","status-publish","hentry","category-blog"],"_links":{"self":[{"href":"https:\/\/rental-car.company\/it\/wp-json\/wp\/v2\/pages\/1398","targetHints":{"allow":["GET"]}}],"collection":[{"href":"https:\/\/rental-car.company\/it\/wp-json\/wp\/v2\/pages"}],"about":[{"href":"https:\/\/rental-car.company\/it\/wp-json\/wp\/v2\/types\/page"}],"author":[{"embeddable":true,"href":"https:\/\/rental-car.company\/it\/wp-json\/wp\/v2\/users\/1"}],"replies":[{"embeddable":true,"href":"https:\/\/rental-car.company\/it\/wp-json\/wp\/v2\/comments?post=1398"}],"version-history":[{"count":0,"href":"https:\/\/rental-car.company\/it\/wp-json\/wp\/v2\/pages\/1398\/revisions"}],"wp:attachment":[{"href":"https:\/\/rental-car.company\/it\/wp-json\/wp\/v2\/media?parent=1398"}],"wp:term":[{"taxonomy":"category","embeddable":true,"href":"https:\/\/rental-car.company\/it\/wp-json\/wp\/v2\/categories?post=1398"},{"taxonomy":"post_tag","embeddable":true,"href":"https:\/\/rental-car.company\/it\/wp-json\/wp\/v2\/tags?post=1398"}],"curies":[{"name":"wp","href":"https:\/\/api.w.org\/{rel}","templated":true}]}}