{"id":1407,"date":"2023-08-20T18:26:13","date_gmt":"2023-08-20T18:26:13","guid":{"rendered":"https:\/\/rental-car.company\/?page_id=1407"},"modified":"2024-03-29T16:34:14","modified_gmt":"2024-03-29T16:34:14","slug":"aiuto-faq","status":"publish","type":"page","link":"https:\/\/rental-car.company\/it\/aiuto-faq\/","title":{"rendered":"AIUTO"},"content":{"rendered":"<p><strong>Informazione essenziale<\/strong><\/p>\n\n\n\n<ol class=\"wp-block-list\">\n<li><strong>Come funziona la vostra piattaforma?<\/strong> Il nostro servizio online offre un modo semplice e veloce per prenotare camere d&#039;albergo e veicoli in tutto il mondo. Basta specificare i criteri desiderati, scegliere la migliore opzione disponibile e finalizzare la prenotazione.<\/li>\n\n\n\n<li><strong>Posso fidarmi di questo sito web con i miei dati?<\/strong> Assolutamente! Utilizziamo misure di sicurezza all&#039;avanguardia per garantire la riservatezza dei tuoi dati.<\/li>\n<\/ol>\n\n\n\n<p><strong>Prenotazioni delle camere<\/strong><\/p>\n\n\n\n<ol class=\"wp-block-list\">\n<li><strong>Come posso cancellare la prenotazione della mia camera?<\/strong> Vai alla sezione &quot;Il mio contratto&quot;, individua la prenotazione pertinente e fai clic su &quot;Annulla&quot;.<\/li>\n\n\n\n<li><strong>\u00c8 possibile modificare la data di check-in?<\/strong> Certamente, ma le condizioni potrebbero essere specifiche per ciascun hotel. Consigliamo di contattare direttamente la direzione dell&#039;hotel o di consultare il nostro servizio di consulenza.<\/li>\n\n\n\n<li><strong>Sono previste commissioni nascoste?<\/strong> Il nostro portale non addebita alcun costo aggiuntivo per effettuare le prenotazioni. Si consiglia tuttavia di verificare con l&#039;hotel eventuali costi aggiuntivi.<\/li>\n<\/ol>\n\n\n\n<p><strong>Noleggio auto<\/strong><\/p>\n\n\n\n<ol class=\"wp-block-list\">\n<li><strong>Quali sono i criteri per noleggiare un&#039;auto?<\/strong> In genere, le societ\u00e0 di noleggio richiedono che gli affittuari abbiano almeno 21 anni o pi\u00f9. Tuttavia, i criteri possono variare a seconda delle diverse regioni.<\/li>\n\n\n\n<li><strong>\u00c8 obbligatoria la patente di guida internazionale?<\/strong> In molte regioni s\u00ec, soprattutto se la patente originale non \u00e8 in inglese. \u00c8 consigliabile portare con s\u00e9 una versione internazionale del permesso.<\/li>\n\n\n\n<li><strong>Come devo procedere per la restituzione del veicolo noleggiato?<\/strong> L&#039;auto dovr\u00e0 essere riconsegnata nel luogo prestabilito. Rispettare le tempistiche stabilite per evitare eventuali costi aggiuntivi.<\/li>\n<\/ol>","protected":false},"excerpt":{"rendered":"<p>Informazioni essenziali Prenotazioni camere Noleggio auto<\/p>","protected":false},"author":1,"featured_media":0,"parent":0,"menu_order":0,"comment_status":"closed","ping_status":"closed","template":"","meta":{"rs_blank_template":"","rs_page_bg_color":"","slide_template_v7":"","footnotes":""},"categories":[1],"tags":[],"class_list":["post-1407","page","type-page","status-publish","hentry","category-blog"],"_links":{"self":[{"href":"https:\/\/rental-car.company\/it\/wp-json\/wp\/v2\/pages\/1407","targetHints":{"allow":["GET"]}}],"collection":[{"href":"https:\/\/rental-car.company\/it\/wp-json\/wp\/v2\/pages"}],"about":[{"href":"https:\/\/rental-car.company\/it\/wp-json\/wp\/v2\/types\/page"}],"author":[{"embeddable":true,"href":"https:\/\/rental-car.company\/it\/wp-json\/wp\/v2\/users\/1"}],"replies":[{"embeddable":true,"href":"https:\/\/rental-car.company\/it\/wp-json\/wp\/v2\/comments?post=1407"}],"version-history":[{"count":0,"href":"https:\/\/rental-car.company\/it\/wp-json\/wp\/v2\/pages\/1407\/revisions"}],"wp:attachment":[{"href":"https:\/\/rental-car.company\/it\/wp-json\/wp\/v2\/media?parent=1407"}],"wp:term":[{"taxonomy":"category","embeddable":true,"href":"https:\/\/rental-car.company\/it\/wp-json\/wp\/v2\/categories?post=1407"},{"taxonomy":"post_tag","embeddable":true,"href":"https:\/\/rental-car.company\/it\/wp-json\/wp\/v2\/tags?post=1407"}],"curies":[{"name":"wp","href":"https:\/\/api.w.org\/{rel}","templated":true}]}}