{"id":2389,"date":"2024-07-23T07:07:40","date_gmt":"2024-07-23T07:07:40","guid":{"rendered":"https:\/\/rental-car.company\/?page_id=2389"},"modified":"2024-07-23T07:07:40","modified_gmt":"2024-07-23T07:07:40","slug":"impresa-rdu","status":"publish","type":"page","link":"https:\/\/rental-car.company\/it\/impresa-rdu\/","title":{"rendered":"enterprise rdu - Guida definitiva al noleggio di un'auto con Enterprise all'aeroporto RDU"},"content":{"rendered":"<div class=\"wpb-content-wrapper\"><p>Benvenuti nel mondo di enterprise rdu, la soluzione unica per tutte le vostre esigenze di noleggio auto all'aeroporto internazionale di Raleigh-Durham (RDU). Che siate in viaggio per affari o per piacere, enterprise rdu offre un'ampia gamma di opzioni per soddisfare le vostre esigenze e il vostro budget.<\/p>\n<h2>Noleggio auto Enterprise a RDU<\/h2>\n<p>Se volate a RDU, non dovete preoccuparvi di trovare un mezzo di trasporto affidabile per spostarvi. Grazie alla presenza di un'azienda di noleggio auto di Enterprise, situata proprio all'aeroporto, potrete noleggiare facilmente un'auto e mettervi in viaggio in pochissimo tempo.<\/p>\n<p>Ma cos'\u00e8 esattamente l'Enterprise Rdu? \u00c8 semplicemente una filiale di Enterprise Rent-A-Car che opera specificamente all'aeroporto internazionale di Raleigh-Durham. Ci\u00f2 significa che avrete accesso a tutti i vantaggi e ai servizi di Enterprise, ma con una maggiore comodit\u00e0 e facilit\u00e0 grazie alla sua posizione.<\/p>\n<div class=\"vc_row wpb_row vc_row-fluid\"><div class=\"wpb_column vc_column_container vc_col-sm-12\"><div class=\"vc_column-inner\"><div class=\"wpb_wrapper\">\n\t<div class=\"wpb_text_column wpb_content_element\" >\n\t\t<div class=\"wpb_wrapper\">\n\t\t\t<p><script id=\"dchwidget\" src=\"https:\/\/www.discovercars.com\/wg.js\" async=\"\" data-dev-env=\"com\" data-location=\"\" data-lang=\"en\" data-utm-source=\"malina\" data-utm-medium=\"widget\" data-aff-code=\"a_aid\" data-autocomplete=\"on\" data-style-submit-bg-color=\"00A200\" data-style-submit-font-color=\"white\" data-style-form-bg-color=\"FAD130\" data-style-form-font-color=\"333\" data-style-submit-text=\"Search now\"><\/script><\/p>\n\n\t\t<\/div>\n\t<\/div>\n<\/div><\/div><\/div><\/div>\n<p>&nbsp;<\/p>\n<h2>Scoprire l'impresa RDU<\/h2>\n<p><img loading=\"lazy\" decoding=\"async\" class=\"alignleft\" src=\"\/wp-content\/uploads\/images\/rent_car_409.png\" alt=\"impresa rdu\" width=\"350\" height=\"350\" \/><\/p>\n<h3>Ampia scelta di veicoli<\/h3>\n<p>Uno dei principali vantaggi del noleggio presso enterprise rdu \u00e8 l'ampia scelta di veicoli. Dalle auto compatte per chi viaggia da solo agli spaziosi SUV per famiglie o gruppi, ce n'\u00e8 per tutti i gusti. L'azienda offre anche auto di lusso per chi cerca un'esperienza pi\u00f9 raffinata.<\/p>\n<h3>Tariffe convenienti<\/h3>\n<p>Noleggiare da enterprise rdu non deve necessariamente comportare una spesa eccessiva. L'azienda offre tariffe competitive e spesso propone offerte speciali e sconti. Inoltre, grazie all'assenza di spese o costi nascosti, potete essere certi di ottenere un prezzo equo.<\/p>\n<h3>Servizio clienti cordiale<\/h3>\n<p>Enterprise \u00e8 orgogliosa del suo eccezionale servizio clienti. Il personale di Enterprise \u00e8 sempre pronto ad assistervi per qualsiasi domanda o dubbio che possiate avere durante la vostra esperienza di noleggio. Offrono inoltre assistenza stradale 24 ore su 24, 7 giorni su 7, per una maggiore tranquillit\u00e0.<\/p>\n<h4>Pro e contro<\/h4>\n<p>Pro:<br \/>\n- Situato in posizione comoda all'aeroporto RDU<br \/>\n- Ampia scelta di veicoli<br \/>\n- Tariffe convenienti e offerte speciali<br \/>\n- Servizio clienti eccellente<\/p>\n<p>Contro:<br \/>\n- Luoghi limitati al di fuori dell'aeroporto di RDU<br \/>\n- Disponibilit\u00e0 limitata durante le ore di punta del viaggio<\/p>\n<h4>FAQ<\/h4>\n<p><img loading=\"lazy\" decoding=\"async\" class=\"alignright\" src=\"\/wp-content\/uploads\/images\/rent_car_371.png\" alt=\"impresa rdu\" width=\"350\" height=\"350\" \/><\/p>\n<ul>\n<li>Quali sono i requisiti per noleggiare un'auto da enterprise rdu?<\/li>\n<p>\u00c8 necessario avere almeno 21 anni, una patente di guida valida e una carta di credito.<\/p>\n<li>Posso scegliere un modello specifico di auto?<\/li>\n<p>\u00c8 possibile scegliere una categoria di veicoli, ma non una marca o un modello specifico.<\/p>\n<li>Ho bisogno di un'assicurazione per noleggiare un'auto da enterprise rdu?<\/li>\n<p>\u00c8 possibile acquistare la loro copertura assicurativa o utilizzare la propria copertura personale. Si raccomanda di verificare con il proprio assicuratore prima di rifiutare la copertura.<\/p>\n<li>C'\u00e8 un costo aggiuntivo per la restituzione tardiva dell'auto?<\/li>\n<p>Se si restituisce l'auto pi\u00f9 di un'ora dopo l'orario concordato, potrebbe essere addebitato un giorno in pi\u00f9 di noleggio.<\/p>\n<\/ul>\n<p>In conclusione, se state volando a RDU e avete bisogno di un trasporto affidabile, non cercate oltre enterprise rdu. Grazie alla sua posizione comoda, all'ampia scelta di veicoli, alle tariffe convenienti e all'eccezionale servizio clienti, l'azienda rende il noleggio di un'auto senza problemi. Quindi perch\u00e9 aspettare? Noleggiate il vostro prossimo veicolo con enterprise rdu e partite con facilit\u00e0.<\/p>\n<\/div>","protected":false},"excerpt":{"rendered":"<p>Welcome to the world of enterprise rdu, your one-stop solution for all your car rental needs at the Raleigh-Durham International Airport (RDU). Whether you&#8217;re traveling for business or pleasure, enterprise rdu offers a wide range of options to suit your needs and budget. Enterprise Car Rental at RDU If you&#8217;re flying into RDU, there&#8217;s no [&hellip;]<\/p>\n","protected":false},"author":1,"featured_media":2391,"parent":0,"menu_order":0,"comment_status":"closed","ping_status":"closed","template":"","meta":{"rs_blank_template":"","rs_page_bg_color":"","slide_template_v7":"","footnotes":""},"categories":[1],"tags":[],"class_list":["post-2389","page","type-page","status-publish","has-post-thumbnail","hentry","category-blog"],"_links":{"self":[{"href":"https:\/\/rental-car.company\/it\/wp-json\/wp\/v2\/pages\/2389","targetHints":{"allow":["GET"]}}],"collection":[{"href":"https:\/\/rental-car.company\/it\/wp-json\/wp\/v2\/pages"}],"about":[{"href":"https:\/\/rental-car.company\/it\/wp-json\/wp\/v2\/types\/page"}],"author":[{"embeddable":true,"href":"https:\/\/rental-car.company\/it\/wp-json\/wp\/v2\/users\/1"}],"replies":[{"embeddable":true,"href":"https:\/\/rental-car.company\/it\/wp-json\/wp\/v2\/comments?post=2389"}],"version-history":[{"count":0,"href":"https:\/\/rental-car.company\/it\/wp-json\/wp\/v2\/pages\/2389\/revisions"}],"wp:featuredmedia":[{"embeddable":true,"href":"https:\/\/rental-car.company\/it\/wp-json\/wp\/v2\/media\/2391"}],"wp:attachment":[{"href":"https:\/\/rental-car.company\/it\/wp-json\/wp\/v2\/media?parent=2389"}],"wp:term":[{"taxonomy":"category","embeddable":true,"href":"https:\/\/rental-car.company\/it\/wp-json\/wp\/v2\/categories?post=2389"},{"taxonomy":"post_tag","embeddable":true,"href":"https:\/\/rental-car.company\/it\/wp-json\/wp\/v2\/tags?post=2389"}],"curies":[{"name":"wp","href":"https:\/\/api.w.org\/{rel}","templated":true}]}}