{"id":2459,"date":"2024-07-23T19:08:19","date_gmt":"2024-07-23T19:08:19","guid":{"rendered":"https:\/\/rental-car.company\/?page_id=2459"},"modified":"2024-07-23T19:08:19","modified_gmt":"2024-07-23T19:08:19","slug":"noleggio-auto-fresno","status":"publish","type":"page","link":"https:\/\/rental-car.company\/it\/noleggio-auto-fresno\/","title":{"rendered":"Noleggio auto a Fresno: la guida definitiva"},"content":{"rendered":"<div class=\"wpb-content-wrapper\"><h2>Esplorare i vantaggi del noleggio di un'auto a Fresno<\/h2>\n<p>Noleggiare un'auto a Fresno \u00e8 un modo eccellente per esplorare la citt\u00e0 e le aree circostanti. Situata nella California centrale, Fresno \u00e8 nota per i suoi bellissimi parchi nazionali, il ricco patrimonio agricolo e la cultura variegata. Che siate in visita per affari o per piacere, avere un veicolo proprio pu\u00f2 rendere il vostro viaggio pi\u00f9 comodo e piacevole.<\/p>\n<div class=\"vc_row wpb_row vc_row-fluid\"><div class=\"wpb_column vc_column_container vc_col-sm-12\"><div class=\"vc_column-inner\"><div class=\"wpb_wrapper\">\n\t<div class=\"wpb_text_column wpb_content_element\" >\n\t\t<div class=\"wpb_wrapper\">\n\t\t\t<p><script id=\"dchwidget\" src=\"https:\/\/www.discovercars.com\/wg.js\" async=\"\" data-dev-env=\"com\" data-location=\"\" data-lang=\"en\" data-utm-source=\"malina\" data-utm-medium=\"widget\" data-aff-code=\"a_aid\" data-autocomplete=\"on\" data-style-submit-bg-color=\"00A200\" data-style-submit-font-color=\"white\" data-style-form-bg-color=\"FAD130\" data-style-form-font-color=\"333\" data-style-submit-text=\"Search now\"><\/script><\/p>\n\n\t\t<\/div>\n\t<\/div>\n<\/div><\/div><\/div><\/div>\n<p>&nbsp;<\/p>\n<h2>Scoprire il noleggio auto a Fresno<\/h2>\n<p><img loading=\"lazy\" decoding=\"async\" class=\"alignleft\" src=\"\/wp-content\/uploads\/images\/rent_car_731.png\" alt=\"Noleggio auto fresno\" width=\"350\" height=\"350\" \/><\/p>\n<p>Quando si tratta di noleggiare un'auto a Fresno, ci sono molte opzioni disponibili. Dalle compagnie di autonoleggio tradizionali alle aziende di autonoleggio locali, avete molte scelte tra cui scegliere. Tuttavia, una societ\u00e0 si distingue dalle altre: rental-car.company.<\/p>\n<p>Rental-car.company offre servizi di noleggio auto convenienti e affidabili a Fresno e in altre grandi citt\u00e0 degli Stati Uniti. Con un'ampia gamma di veicoli tra cui scegliere e un eccellente servizio clienti, l'azienda rende il noleggio di un'auto senza problemi e a basso costo.<\/p>\n<h3>Perch\u00e9 scegliere Rental-Car.Company?<\/h3>\n<p>- Ampia scelta di veicoli: Che abbiate bisogno di un'auto economica per il vostro viaggio da soli o di un SUV per la vostra vacanza in famiglia, Rental-car.company vi copre con la sua variegata flotta di veicoli.<br \/>\n- Prezzi convenienti: Rispetto alle altre principali societ\u00e0 di noleggio, Rental-car.company offre prezzi competitivi senza compromettere la qualit\u00e0.<br \/>\n- Opzioni di noleggio flessibili: \u00c8 possibile noleggiare un'auto per un solo giorno o per diverse settimane, con luoghi di ritiro e riconsegna flessibili.<br \/>\n- Prenotazione online facile: Con il loro sito web facile da usare, la prenotazione di un'auto a noleggio con Rental-car.company \u00e8 a portata di pochi clic.<br \/>\n- Eccellente servizio clienti: Il loro personale cordiale \u00e8 sempre pronto ad assistervi per qualsiasi richiesta o dubbio riguardante la vostra esperienza di noleggio.<\/p>\n<h3>I pro e i contro del noleggio di un'auto a Fresno<\/h3>\n<p>Pro:<br \/>\n- Libert\u00e0 di esplorare al proprio ritmo<br \/>\n- Pi\u00f9 comodo e conveniente del trasporto pubblico<br \/>\n- Conveniente per viaggi pi\u00f9 lunghi o per viaggi di gruppo<br \/>\n- Accesso a zone remote non facilmente raggiungibili con i mezzi di trasporto pubblico<\/p>\n<p>Contro:<br \/>\n- Costi aggiuntivi come l'assicurazione, la benzina e i pedaggi.<br \/>\n- Potenziali problemi di traffico e parcheggio in citt\u00e0<br \/>\n- Responsabilit\u00e0 per eventuali danni all'auto a noleggio<\/p>\n<h4>Domande frequenti (FAQ)<\/h4>\n<p><img loading=\"lazy\" decoding=\"async\" class=\"alignright\" src=\"\/wp-content\/uploads\/images\/rent_car_227.png\" alt=\"Noleggio auto fresno\" width=\"350\" height=\"350\" \/><\/p>\n<p>D: Qual \u00e8 l'et\u00e0 minima richiesta per noleggiare un'auto a Fresno?<br \/>\nR: In California, l'et\u00e0 minima per noleggiare un'auto \u00e8 di 21 anni. Tuttavia, alcune societ\u00e0 di noleggio possono prevedere requisiti di et\u00e0 pi\u00f9 elevati o costi aggiuntivi per i conducenti di et\u00e0 inferiore ai 25 anni.<\/p>\n<p>D: Ho bisogno di un'assicurazione quando noleggio un'auto a Fresno?<br \/>\nR: \u00c8 altamente consigliato avere un'assicurazione quando si noleggia un'auto. \u00c8 possibile acquistarla tramite la societ\u00e0 di noleggio o utilizzare la propria assicurazione auto personale.<\/p>\n<p>D: Posso ritirare l'auto a noleggio in un luogo e riconsegnarla in un altro?<br \/>\nR: S\u00ec, Rental-car.company offre noleggi di sola andata tra diverse localit\u00e0. Tuttavia, potrebbero essere applicati costi aggiuntivi.<\/p>\n<p>In conclusione, il noleggio di un'auto a Fresno vi offre la libert\u00e0 e la flessibilit\u00e0 di sfruttare al meglio il vostro viaggio. E con i servizi affidabili e i prezzi convenienti di Rental-car.company, potrete godervi il vostro tempo in questa splendida citt\u00e0 senza spendere una fortuna. Prenotate oggi stesso la vostra auto a noleggio e preparatevi a vivere un'avventura indimenticabile a Fresno!<\/p>\n<\/div>","protected":false},"excerpt":{"rendered":"<p>Exploring the Benefits of Renting a Car in Fresno Renting a car in Fresno is an excellent way to explore the city and its surrounding areas. Located in central California, Fresno is known for its beautiful national parks, rich agricultural heritage, and diverse culture. Whether you are visiting for business or pleasure, having your own [&hellip;]<\/p>\n","protected":false},"author":1,"featured_media":2461,"parent":0,"menu_order":0,"comment_status":"closed","ping_status":"closed","template":"","meta":{"rs_blank_template":"","rs_page_bg_color":"","slide_template_v7":"","footnotes":""},"categories":[1],"tags":[],"class_list":["post-2459","page","type-page","status-publish","has-post-thumbnail","hentry","category-blog"],"_links":{"self":[{"href":"https:\/\/rental-car.company\/it\/wp-json\/wp\/v2\/pages\/2459","targetHints":{"allow":["GET"]}}],"collection":[{"href":"https:\/\/rental-car.company\/it\/wp-json\/wp\/v2\/pages"}],"about":[{"href":"https:\/\/rental-car.company\/it\/wp-json\/wp\/v2\/types\/page"}],"author":[{"embeddable":true,"href":"https:\/\/rental-car.company\/it\/wp-json\/wp\/v2\/users\/1"}],"replies":[{"embeddable":true,"href":"https:\/\/rental-car.company\/it\/wp-json\/wp\/v2\/comments?post=2459"}],"version-history":[{"count":0,"href":"https:\/\/rental-car.company\/it\/wp-json\/wp\/v2\/pages\/2459\/revisions"}],"wp:featuredmedia":[{"embeddable":true,"href":"https:\/\/rental-car.company\/it\/wp-json\/wp\/v2\/media\/2461"}],"wp:attachment":[{"href":"https:\/\/rental-car.company\/it\/wp-json\/wp\/v2\/media?parent=2459"}],"wp:term":[{"taxonomy":"category","embeddable":true,"href":"https:\/\/rental-car.company\/it\/wp-json\/wp\/v2\/categories?post=2459"},{"taxonomy":"post_tag","embeddable":true,"href":"https:\/\/rental-car.company\/it\/wp-json\/wp\/v2\/tags?post=2459"}],"curies":[{"name":"wp","href":"https:\/\/api.w.org\/{rel}","templated":true}]}}