{"id":2479,"date":"2024-07-23T22:12:35","date_gmt":"2024-07-23T22:12:35","guid":{"rendered":"https:\/\/rental-car.company\/?page_id=2479"},"modified":"2024-07-23T22:12:35","modified_gmt":"2024-07-23T22:12:35","slug":"noleggio-auto-pittsburgh","status":"publish","type":"page","link":"https:\/\/rental-car.company\/it\/noleggio-auto-pittsburgh\/","title":{"rendered":"Auto a noleggio Pittsburgh - La vostra guida per esplorare la citt\u00e0 su ruote"},"content":{"rendered":"<div class=\"wpb-content-wrapper\"><h2>Provate la convenienza del noleggio auto a Pittsburgh<\/h2>\n<p>State programmando un viaggio a Pittsburgh e cercate un modo conveniente per esplorare la citt\u00e0? Non cercate oltre il noleggio auto Pittsburgh. Con i suoi diversi quartieri, la sua ricca storia e le sue emozionanti attrazioni, Pittsburgh \u00e8 una citt\u00e0 che merita di essere esplorata al proprio ritmo. E quale modo migliore per farlo se non con la propria auto a noleggio?<\/p>\n<div class=\"vc_row wpb_row vc_row-fluid\"><div class=\"wpb_column vc_column_container vc_col-sm-12\"><div class=\"vc_column-inner\"><div class=\"wpb_wrapper\">\n\t<div class=\"wpb_text_column wpb_content_element\" >\n\t\t<div class=\"wpb_wrapper\">\n\t\t\t<p><script id=\"dchwidget\" src=\"https:\/\/www.discovercars.com\/wg.js\" async=\"\" data-dev-env=\"com\" data-location=\"\" data-lang=\"en\" data-utm-source=\"malina\" data-utm-medium=\"widget\" data-aff-code=\"a_aid\" data-autocomplete=\"on\" data-style-submit-bg-color=\"00A200\" data-style-submit-font-color=\"white\" data-style-form-bg-color=\"FAD130\" data-style-form-font-color=\"333\" data-style-submit-text=\"Search now\"><\/script><\/p>\n\n\t\t<\/div>\n\t<\/div>\n<\/div><\/div><\/div><\/div>\n<p>&nbsp;<\/p>\n<h2>Scoprire le auto a noleggio di Pittsburgh<\/h2>\n<p><img loading=\"lazy\" decoding=\"async\" class=\"alignleft\" src=\"\/wp-content\/uploads\/images\/rent_car_385.png\" alt=\"noleggio auto pittsburgh\" width=\"350\" height=\"350\" \/><\/p>\n<p>Pittsburgh \u00e8 una citt\u00e0 vivace e ricca di cose da vedere e da fare. Dalla visita all'Andy Warhol Museum e al Carnegie Science Center alla partita al PNC Park o all'Heinz Field, c'\u00e8 qualcosa per tutti in questa vivace citt\u00e0. E con le auto a noleggio di Pittsburgh, potrete facilmente orientarvi in tutto questo.<\/p>\n<p>Le auto a noleggio a Pittsburgh offrono flessibilit\u00e0 e convenienza quando si tratta di esplorare la citt\u00e0. Potete scegliere tra una variet\u00e0 di veicoli a seconda delle vostre esigenze, che si tratti di un'auto compatta per viaggiare da soli o di un SUV per le avventure in famiglia.<\/p>\n<h3>Perch\u00e9 noleggiare un'auto a Pittsburgh ha senso<\/h3>\n<p>- Flessibilit\u00e0: Con la vostra auto a noleggio, avete la libert\u00e0 di andare dove volete, quando volete.<br \/>\n- Convenienza: Non dovrete pi\u00f9 aspettare i mezzi pubblici o affidarvi a costose corse in taxi. Con le auto a noleggio di Pittsburgh, avete il controllo dei vostri orari.<br \/>\n- Economico: Noleggiare un'auto pu\u00f2 effettivamente farvi risparmiare nel lungo periodo rispetto al pagamento costante di taxi o servizi di ride-sharing.<br \/>\n- Comfort: Esplorare nuovi luoghi pu\u00f2 essere faticoso, ma avere un'auto a noleggio confortevole vi permette di riposare e ricaricarvi tra una destinazione e l'altra.<\/p>\n<h3>I pro e i contro del noleggio auto a Pittsburgh<\/h3>\n<p>Pro:<br \/>\n- Convenienza<br \/>\n- Flessibilit\u00e0<br \/>\n- Economicamente vantaggioso<br \/>\n- Confortevole<br \/>\n- Permette di esplorare la citt\u00e0 al proprio ritmo<\/p>\n<p>Contro:<br \/>\n- Spese aggiuntive<br \/>\n- Possibili problemi di parcheggio nelle aree del centro<\/p>\n<h4>FAQ<\/h4>\n<h4>D: Quanti anni devo avere per noleggiare un'auto a Pittsburgh?<\/h4>\n<p>R: L'et\u00e0 minima per noleggiare un'auto a Pittsburgh \u00e8 generalmente di 21 anni, anche se alcune societ\u00e0 di noleggio possono richiedere 25 anni.<\/p>\n<h4>D: Di quali documenti ho bisogno per noleggiare un'auto a Pittsburgh?<\/h4>\n<p>R: \u00c8 necessario avere una patente di guida valida, una carta di credito e una prova di assicurazione. Alcune societ\u00e0 di noleggio possono richiedere ulteriori documenti, come il passaporto o una bolletta.<\/p>\n<h4>D: Ci sono restrizioni per il noleggio di auto a Pittsburgh?<\/h4>\n<p><img loading=\"lazy\" decoding=\"async\" class=\"alignright\" src=\"\/wp-content\/uploads\/images\/rent_car_591.png\" alt=\"noleggio auto pittsburgh\" width=\"350\" height=\"350\" \/><\/p>\n<p>R: Alcune compagnie di noleggio possono avere restrizioni sul tipo di veicolo che si pu\u00f2 noleggiare in base all'et\u00e0 o alla storia di guida. \u00c8 meglio verificare in anticipo con la societ\u00e0 specifica.<\/p>\n<p>In conclusione, le auto a noleggio a Pittsburgh offrono convenienza, flessibilit\u00e0 e comfort quando si tratta di esplorare questa vivace citt\u00e0. Grazie alla variet\u00e0 di opzioni e ai prezzi accessibili, il noleggio di un'auto \u00e8 il modo perfetto per trarre il massimo dal vostro viaggio. La prossima volta che programmate una visita a Pittsburgh, prendete in considerazione l'idea di noleggiare un'auto e scoprite tutto ci\u00f2 che questa straordinaria citt\u00e0 ha da offrire.<\/p>\n<\/div>","protected":false},"excerpt":{"rendered":"<p>Experience the Convenience of Rental Cars Pittsburgh Are you planning a trip to Pittsburgh and looking for a convenient way to explore the city? Look no further than rental cars Pittsburgh. With its diverse neighborhoods, rich history, and exciting attractions, Pittsburgh is a city that deserves to be explored at your own pace. And what [&hellip;]<\/p>\n","protected":false},"author":1,"featured_media":2481,"parent":0,"menu_order":0,"comment_status":"closed","ping_status":"closed","template":"","meta":{"rs_blank_template":"","rs_page_bg_color":"","slide_template_v7":"","footnotes":""},"categories":[1],"tags":[],"class_list":["post-2479","page","type-page","status-publish","has-post-thumbnail","hentry","category-blog"],"_links":{"self":[{"href":"https:\/\/rental-car.company\/it\/wp-json\/wp\/v2\/pages\/2479","targetHints":{"allow":["GET"]}}],"collection":[{"href":"https:\/\/rental-car.company\/it\/wp-json\/wp\/v2\/pages"}],"about":[{"href":"https:\/\/rental-car.company\/it\/wp-json\/wp\/v2\/types\/page"}],"author":[{"embeddable":true,"href":"https:\/\/rental-car.company\/it\/wp-json\/wp\/v2\/users\/1"}],"replies":[{"embeddable":true,"href":"https:\/\/rental-car.company\/it\/wp-json\/wp\/v2\/comments?post=2479"}],"version-history":[{"count":0,"href":"https:\/\/rental-car.company\/it\/wp-json\/wp\/v2\/pages\/2479\/revisions"}],"wp:featuredmedia":[{"embeddable":true,"href":"https:\/\/rental-car.company\/it\/wp-json\/wp\/v2\/media\/2481"}],"wp:attachment":[{"href":"https:\/\/rental-car.company\/it\/wp-json\/wp\/v2\/media?parent=2479"}],"wp:term":[{"taxonomy":"category","embeddable":true,"href":"https:\/\/rental-car.company\/it\/wp-json\/wp\/v2\/categories?post=2479"},{"taxonomy":"post_tag","embeddable":true,"href":"https:\/\/rental-car.company\/it\/wp-json\/wp\/v2\/tags?post=2479"}],"curies":[{"name":"wp","href":"https:\/\/api.w.org\/{rel}","templated":true}]}}