{"id":2599,"date":"2024-07-24T19:12:31","date_gmt":"2024-07-24T19:12:31","guid":{"rendered":"https:\/\/rental-car.company\/?page_id=2599"},"modified":"2024-07-24T19:12:31","modified_gmt":"2024-07-24T19:12:31","slug":"noleggio-auto-st-louis","status":"publish","type":"page","link":"https:\/\/rental-car.company\/it\/noleggio-auto-st-louis\/","title":{"rendered":"Auto a noleggio St Louis - La vostra guida per esplorare la Gateway City"},"content":{"rendered":"<div class=\"wpb-content-wrapper\"><p>St Louis, Missouri, \u00e8 nota per il suo iconico Gateway Arch, il delizioso barbecue e la sua ricca storia. Che siate in visita per affari o per piacere, avere un mezzo di trasporto affidabile \u00e8 essenziale per esplorare tutto ci\u00f2 che questa vivace citt\u00e0 ha da offrire. \u00c8 qui che entrano in gioco le auto a noleggio a St Louis.<\/p>\n<div class=\"vc_row wpb_row vc_row-fluid\"><div class=\"wpb_column vc_column_container vc_col-sm-12\"><div class=\"vc_column-inner\"><div class=\"wpb_wrapper\">\n\t<div class=\"wpb_text_column wpb_content_element\" >\n\t\t<div class=\"wpb_wrapper\">\n\t\t\t<p><script id=\"dchwidget\" src=\"https:\/\/www.discovercars.com\/wg.js\" async=\"\" data-dev-env=\"com\" data-location=\"\" data-lang=\"en\" data-utm-source=\"malina\" data-utm-medium=\"widget\" data-aff-code=\"a_aid\" data-autocomplete=\"on\" data-style-submit-bg-color=\"00A200\" data-style-submit-font-color=\"white\" data-style-form-bg-color=\"FAD130\" data-style-form-font-color=\"333\" data-style-submit-text=\"Search now\"><\/script><\/p>\n\n\t\t<\/div>\n\t<\/div>\n<\/div><\/div><\/div><\/div>\n<p>&nbsp;<\/p>\n<h2>Scoprire le auto a noleggio di St Louis<\/h2>\n<p><img loading=\"lazy\" decoding=\"async\" class=\"alignleft\" src=\"\/wp-content\/uploads\/images\/rent_car_1075.png\" alt=\"noleggio auto st louis\" width=\"350\" height=\"350\" \/><\/p>\n<p>Noleggiare un'auto a St Louis vi d\u00e0 la libert\u00e0 di esplorare la citt\u00e0 al vostro ritmo. Grazie alle numerose societ\u00e0 di autonoleggio presenti in citt\u00e0 e all'aeroporto, trovare un veicolo adatto alle vostre esigenze e al vostro budget \u00e8 facile.<\/p>\n<p>Un'opzione popolare per il noleggio di auto a St Louis \u00e8 Enterprise Rent-A-Car. Con oltre 20 sedi nell'area di St Louis, offre un'ampia scelta di veicoli che vanno dalle auto economiche ai SUV di lusso. Offre anche un comodo servizio di ritiro e riconsegna all'aeroporto internazionale di Lambert-St Louis.<\/p>\n<p>Un'altra scelta eccellente per il noleggio di auto a st louis \u00e8 Avis Car Rental. L'azienda ha diverse sedi in tutta la citt\u00e0, tra cui una presso la Union Station in centro. Avis offre una variet\u00e0 di veicoli tra cui scegliere, oltre a vantaggi come il chilometraggio illimitato e l'assistenza stradale.<\/p>\n<p>Per chi \u00e8 alla ricerca di un'opzione conveniente, Budget Car Rental ha due sedi comodamente situate vicino a famose attrazioni turistiche come Forest Park e Busch Stadium. L'azienda offre anche sconti per chi viaggia spesso grazie al programma Fastbreak.<\/p>\n<h3>Parole chiave correlate: Noleggio auto a St Louis<\/h3>\n<p>- Noleggio auto conveniente a st louis<br \/>\n- Noleggio auto a buon mercato st louis<br \/>\n- Migliori offerte di noleggio auto st louis<br \/>\n- Noleggiare un'auto dall'Aeroporto Internazionale di Lambert-St Louis<\/p>\n<h4>Pro e contro<\/h4>\n<p>Pro:<br \/>\n- Libert\u00e0 di esplorare la citt\u00e0 secondo i propri orari<br \/>\n- Comode opzioni di ritiro e consegna<br \/>\n- Variet\u00e0 di scelte di veicoli<br \/>\n- Opzioni economiche disponibili <\/p>\n<p>Contro:<br \/>\n- Potenziale presenza di costi aggiuntivi (ad esempio assicurazione o spese per il chilometraggio)<br \/>\n- Il traffico e il parcheggio possono essere difficili in citt\u00e0<br \/>\n- Opzioni limitate per il trasporto pubblico in alcune aree <\/p>\n<h4>Domande frequenti<\/h4>\n<p><img loading=\"lazy\" decoding=\"async\" class=\"alignright\" src=\"\/wp-content\/uploads\/images\/rent_car_1210.png\" alt=\"noleggio auto st louis\" width=\"350\" height=\"350\" \/><\/p>\n<p>D: Qual \u00e8 l'et\u00e0 minima per noleggiare un'auto a St Louis?<br \/>\nR: L'et\u00e0 minima per noleggiare un'auto a St Louis \u00e8 di 21 anni, anche se alcune societ\u00e0 di noleggio possono richiedere che i conducenti abbiano 25 anni o pi\u00f9.<\/p>\n<p>D: Ho bisogno di un'assicurazione quando noleggio un'auto a St Louis?<br \/>\nR: La maggior parte delle compagnie di autonoleggio offre opzioni di assicurazione, ma \u00e8 sempre meglio verificare con il proprio fornitore di assicurazione auto prima di rifiutare la copertura.<\/p>\n<p>D: Posso restituire l'auto a noleggio in un luogo diverso?<br \/>\nR: Alcune societ\u00e0 di noleggio consentono il noleggio di una sola tratta, ma potrebbero essere applicati costi aggiuntivi. \u00c8 meglio verificare in anticipo con la societ\u00e0 specifica.<\/p>\n<p>In conclusione, noleggiare un'auto a St Louis \u00e8 un modo eccellente per sperimentare appieno tutto ci\u00f2 che questa eccitante citt\u00e0 ha da offrire. Grazie alle varie opzioni disponibili presso aziende rinomate come Enterprise, Avis e Budget, potrete trovare il veicolo perfetto per il vostro viaggio. Quindi, noleggiate un'auto a St Louis - la vostra porta d'ingresso per esplorare la Gateway City!<\/p>\n<\/div>","protected":false},"excerpt":{"rendered":"<p>St Louis, Missouri is known for its iconic Gateway Arch, delicious BBQ, and rich history. Whether you&#8217;re visiting for business or pleasure, having a reliable mode of transportation is essential for exploring all that this vibrant city has to offer. That&#8217;s where rental cars in St Louis come in. &nbsp; Discover Rental Cars St Louis [&hellip;]<\/p>\n","protected":false},"author":1,"featured_media":2601,"parent":0,"menu_order":0,"comment_status":"closed","ping_status":"closed","template":"","meta":{"rs_blank_template":"","rs_page_bg_color":"","slide_template_v7":"","footnotes":""},"categories":[1],"tags":[],"class_list":["post-2599","page","type-page","status-publish","has-post-thumbnail","hentry","category-blog"],"_links":{"self":[{"href":"https:\/\/rental-car.company\/it\/wp-json\/wp\/v2\/pages\/2599","targetHints":{"allow":["GET"]}}],"collection":[{"href":"https:\/\/rental-car.company\/it\/wp-json\/wp\/v2\/pages"}],"about":[{"href":"https:\/\/rental-car.company\/it\/wp-json\/wp\/v2\/types\/page"}],"author":[{"embeddable":true,"href":"https:\/\/rental-car.company\/it\/wp-json\/wp\/v2\/users\/1"}],"replies":[{"embeddable":true,"href":"https:\/\/rental-car.company\/it\/wp-json\/wp\/v2\/comments?post=2599"}],"version-history":[{"count":0,"href":"https:\/\/rental-car.company\/it\/wp-json\/wp\/v2\/pages\/2599\/revisions"}],"wp:featuredmedia":[{"embeddable":true,"href":"https:\/\/rental-car.company\/it\/wp-json\/wp\/v2\/media\/2601"}],"wp:attachment":[{"href":"https:\/\/rental-car.company\/it\/wp-json\/wp\/v2\/media?parent=2599"}],"wp:term":[{"taxonomy":"category","embeddable":true,"href":"https:\/\/rental-car.company\/it\/wp-json\/wp\/v2\/categories?post=2599"},{"taxonomy":"post_tag","embeddable":true,"href":"https:\/\/rental-car.company\/it\/wp-json\/wp\/v2\/tags?post=2599"}],"curies":[{"name":"wp","href":"https:\/\/api.w.org\/{rel}","templated":true}]}}