{"id":2666,"date":"2024-07-25T07:06:07","date_gmt":"2024-07-25T07:06:07","guid":{"rendered":"https:\/\/rental-car.company\/?page_id=2666"},"modified":"2024-07-25T07:06:07","modified_gmt":"2024-07-25T07:06:07","slug":"impresa-augusta-ga","status":"publish","type":"page","link":"https:\/\/rental-car.company\/it\/impresa-augusta-ga\/","title":{"rendered":"Enterprise Augusta GA - Esplorate il meglio della Georgia con un'auto a noleggio"},"content":{"rendered":"<div class=\"wpb-content-wrapper\"><h2>Noleggiare un'auto da Enterprise Augusta GA: Un'opzione comoda e conveniente<\/h2>\n<p>Avete in programma un viaggio ad Augusta, in Georgia? Che siate in visita per affari o per piacere, avere un mezzo di trasporto proprio \u00e8 essenziale per esplorare tutto ci\u00f2 che questa affascinante citt\u00e0 ha da offrire. Quando si tratta di noleggiare un'auto, Enterprise ad Augusta, GA, \u00e8 la scelta ideale per molti viaggiatori.<\/p>\n<p>Enterprise, una delle principali societ\u00e0 di autonoleggio del Paese, si \u00e8 affermata come un'opzione affidabile e conveniente per chi ha bisogno di un mezzo di trasporto. Con diverse sedi in tutta la citt\u00e0, noleggiare un'auto da Enterprise ad Augusta, GA non solo \u00e8 conveniente, ma vi permette anche di sperimentare appieno tutto ci\u00f2 che questa splendida citt\u00e0 del sud ha da offrire.<\/p>\n<div class=\"vc_row wpb_row vc_row-fluid\"><div class=\"wpb_column vc_column_container vc_col-sm-12\"><div class=\"vc_column-inner\"><div class=\"wpb_wrapper\">\n\t<div class=\"wpb_text_column wpb_content_element\" >\n\t\t<div class=\"wpb_wrapper\">\n\t\t\t<p><script id=\"dchwidget\" src=\"https:\/\/www.discovercars.com\/wg.js\" async=\"\" data-dev-env=\"com\" data-location=\"\" data-lang=\"en\" data-utm-source=\"malina\" data-utm-medium=\"widget\" data-aff-code=\"a_aid\" data-autocomplete=\"on\" data-style-submit-bg-color=\"00A200\" data-style-submit-font-color=\"white\" data-style-form-bg-color=\"FAD130\" data-style-form-font-color=\"333\" data-style-submit-text=\"Search now\"><\/script><\/p>\n\n\t\t<\/div>\n\t<\/div>\n<\/div><\/div><\/div><\/div>\n<p>&nbsp;<\/p>\n<h2>Scoprire l'impresa Augusta GA<\/h2>\n<p><img loading=\"lazy\" decoding=\"async\" class=\"alignleft\" src=\"\/wp-content\/uploads\/images\/rent_car_1118.png\" alt=\"impresa augusta ga\" width=\"350\" height=\"350\" \/><\/p>\n<p>Con la sua ricca storia e la sua cultura variegata, ad Augusta non mancano le cose da fare e da vedere. Dai campi da golf di fama mondiale ai monumenti storici, dalla deliziosa cucina del sud alla vivace scena artistica, c'\u00e8 qualcosa per tutti in questa vivace citt\u00e0.<\/p>\n<p>Con un'auto a noleggio Enterprise a vostra disposizione, potrete facilmente esplorare tutto ci\u00f2 che Augusta ha da offrire al vostro ritmo. Attraversate i pittoreschi quartieri fiancheggiati da case d'epoca o percorrete una strada panoramica lungo il fiume Savannah. Con cos\u00ec tante cose da vedere e da fare, avere un mezzo di trasporto proprio vi d\u00e0 la libert\u00e0 di creare il vostro itinerario e di trarre il massimo dal vostro viaggio.<\/p>\n<h3>I vantaggi del noleggio presso Enterprise Augusta GA<\/h3>\n<p>I vantaggi di noleggiare un'auto da Enterprise ad Augusta, GA, sono numerosi. Eccone solo alcuni:<\/p>\n<p>- Convenienza: Con diverse sedi in tutta la citt\u00e0, compresi i due principali aeroporti (Augusta Regional Airport e Hartsfield-Jackson Atlanta International Airport), il ritiro e la riconsegna dell'auto a noleggio sono facili e senza problemi.<br \/>\n- Tariffe convenienti: Enterprise offre prezzi competitivi e spesso offre offerte speciali e sconti, rendendola un'opzione accessibile per qualsiasi budget.<br \/>\n- Ampia scelta di veicoli: Che abbiate bisogno di un'auto compatta per viaggiare da soli o di un SUV spazioso per una vacanza in famiglia, Enterprise ha un'ampia gamma di veicoli tra cui scegliere.<br \/>\n- Eccellente servizio clienti: Enterprise \u00e8 nota per il suo eccezionale servizio clienti, che garantisce un'esperienza di noleggio piacevole e senza stress.<\/p>\n<h3>Gli svantaggi del noleggio presso Enterprise Augusta GA<\/h3>\n<p>Sebbene i vantaggi del noleggio presso Enterprise ad Augusta, GA siano molti, ci sono anche alcuni potenziali svantaggi da considerare:<\/p>\n<p>- Disponibilit\u00e0 limitata durante le stagioni di punta: Durante le stagioni di punta, come le festivit\u00e0 o i grandi eventi in citt\u00e0 (come il torneo di golf Masters), le auto a noleggio possono essere molto richieste e la disponibilit\u00e0 pu\u00f2 essere limitata.<br \/>\n- Costi aggiuntivi: Come per tutte le societ\u00e0 di autonoleggio, possono essere previsti costi aggiuntivi, come l'assicurazione o l'addebito per la restituzione tardiva dell'auto. Assicuratevi di leggere attentamente i termini e le condizioni prima di prenotare il noleggio.<\/p>\n<h4>Domande e risposte sul noleggio presso Enterprise Augusta GA<\/h4>\n<p><img loading=\"lazy\" decoding=\"async\" class=\"alignright\" src=\"\/wp-content\/uploads\/images\/rent_car_1228.png\" alt=\"impresa augusta ga\" width=\"350\" height=\"350\" \/><\/p>\n<p>D: Quanti anni devo avere per noleggiare un'auto da Enterprise?<br \/>\nR: L'et\u00e0 minima richiesta \u00e8 di 21 anni. Tuttavia, i conducenti di et\u00e0 compresa tra i 21 e i 24 anni possono essere soggetti a un sovrapprezzo per i minorenni.<\/p>\n<p>D: Posso restituire l'auto a noleggio in un luogo diverso da quello in cui l'ho ritirata?<br \/>\nR: S\u00ec, potete restituire l'auto a noleggio in qualsiasi altra sede Enterprise della stessa citt\u00e0 senza incorrere in costi aggiuntivi. Tuttavia, la restituzione in un'altra citt\u00e0 pu\u00f2 comportare costi aggiuntivi.<\/p>\n<p>D: Quali tipi di pagamento accetta Enterprise?<br \/>\nR: Le principali carte di credito sono accettate per il pagamento del noleggio. \u00c8 possibile utilizzare anche carte di debito, ma \u00e8 necessario disporre di fondi sufficienti al momento del ritiro.<\/p>\n<p>In conclusione, noleggiare un'auto da Enterprise ad Augusta, GA, \u00e8 un'opzione eccellente per i viaggiatori che cercano comodit\u00e0, convenienza e qualit\u00e0 del servizio. Con un'ampia scelta di veicoli e diverse sedi in tutta la citt\u00e0, Enterprise rende facile esplorare tutto ci\u00f2 che Augusta ha da offrire. La prossima volta che visiterete questa affascinante citt\u00e0 del sud, prendete in considerazione l'idea di noleggiare un'auto da Enterprise e vivete il meglio della Georgia alle vostre condizioni.<\/p>\n<\/div>","protected":false},"excerpt":{"rendered":"<p>Renting a Car from Enterprise Augusta GA: A Convenient and Affordable Option Are you planning a trip to Augusta, Georgia? Whether you are visiting for business or pleasure, having your own transportation is essential for exploring all that this charming city has to offer. And when it comes to car rentals, Enterprise in Augusta, GA [&hellip;]<\/p>\n","protected":false},"author":1,"featured_media":2668,"parent":0,"menu_order":0,"comment_status":"closed","ping_status":"closed","template":"","meta":{"rs_blank_template":"","rs_page_bg_color":"","slide_template_v7":"","footnotes":""},"categories":[1],"tags":[],"class_list":["post-2666","page","type-page","status-publish","has-post-thumbnail","hentry","category-blog"],"_links":{"self":[{"href":"https:\/\/rental-car.company\/it\/wp-json\/wp\/v2\/pages\/2666","targetHints":{"allow":["GET"]}}],"collection":[{"href":"https:\/\/rental-car.company\/it\/wp-json\/wp\/v2\/pages"}],"about":[{"href":"https:\/\/rental-car.company\/it\/wp-json\/wp\/v2\/types\/page"}],"author":[{"embeddable":true,"href":"https:\/\/rental-car.company\/it\/wp-json\/wp\/v2\/users\/1"}],"replies":[{"embeddable":true,"href":"https:\/\/rental-car.company\/it\/wp-json\/wp\/v2\/comments?post=2666"}],"version-history":[{"count":0,"href":"https:\/\/rental-car.company\/it\/wp-json\/wp\/v2\/pages\/2666\/revisions"}],"wp:featuredmedia":[{"embeddable":true,"href":"https:\/\/rental-car.company\/it\/wp-json\/wp\/v2\/media\/2668"}],"wp:attachment":[{"href":"https:\/\/rental-car.company\/it\/wp-json\/wp\/v2\/media?parent=2666"}],"wp:term":[{"taxonomy":"category","embeddable":true,"href":"https:\/\/rental-car.company\/it\/wp-json\/wp\/v2\/categories?post=2666"},{"taxonomy":"post_tag","embeddable":true,"href":"https:\/\/rental-car.company\/it\/wp-json\/wp\/v2\/tags?post=2666"}],"curies":[{"name":"wp","href":"https:\/\/api.w.org\/{rel}","templated":true}]}}