{"id":2680,"date":"2024-07-25T09:07:28","date_gmt":"2024-07-25T09:07:28","guid":{"rendered":"https:\/\/rental-car.company\/?page_id=2680"},"modified":"2024-07-25T09:07:28","modified_gmt":"2024-07-25T09:07:28","slug":"noleggio-auto-aeroporto-di-kauai","status":"publish","type":"page","link":"https:\/\/rental-car.company\/it\/noleggio-auto-aeroporto-di-kauai\/","title":{"rendered":"Noleggio auto Kauai Aeroporto: La vostra guida definitiva"},"content":{"rendered":"<div class=\"wpb-content-wrapper\"><h2>Provate la convenienza del noleggio auto all'aeroporto di Kauai<\/h2>\n<p>Avete in programma un viaggio nella splendida isola di Kauai? Esplorare questo paradiso tropicale \u00e8 meglio con un'auto a noleggio, e quale posto migliore per noleggiarne una se non direttamente in aeroporto. Con il noleggio auto all'aeroporto di Kauai, potrete facilmente ritirare il vostro veicolo all'arrivo e iniziare subito la vostra avventura.<\/p>\n<div class=\"vc_row wpb_row vc_row-fluid\"><div class=\"wpb_column vc_column_container vc_col-sm-12\"><div class=\"vc_column-inner\"><div class=\"wpb_wrapper\">\n\t<div class=\"wpb_text_column wpb_content_element\" >\n\t\t<div class=\"wpb_wrapper\">\n\t\t\t<p><script id=\"dchwidget\" src=\"https:\/\/www.discovercars.com\/wg.js\" async=\"\" data-dev-env=\"com\" data-location=\"\" data-lang=\"en\" data-utm-source=\"malina\" data-utm-medium=\"widget\" data-aff-code=\"a_aid\" data-autocomplete=\"on\" data-style-submit-bg-color=\"00A200\" data-style-submit-font-color=\"white\" data-style-form-bg-color=\"FAD130\" data-style-form-font-color=\"333\" data-style-submit-text=\"Search now\"><\/script><\/p>\n\n\t\t<\/div>\n\t<\/div>\n<\/div><\/div><\/div><\/div>\n<p>&nbsp;<\/p>\n<h2>Scoprire il noleggio auto all'aeroporto di Kauai<\/h2>\n<p><img loading=\"lazy\" decoding=\"async\" class=\"alignleft\" src=\"\/wp-content\/uploads\/images\/rent_car_1358.png\" alt=\"noleggio auto aeroporto di kauai\" width=\"350\" height=\"350\" \/><\/p>\n<p>L'aeroporto principale di Kauai \u00e8 l'Aeroporto di Lihue (LIH), situato nella parte sud-orientale dell'isola. \u00c8 qui che arriva la maggior parte dei visitatori, ed \u00e8 quindi il luogo ideale per noleggiare un'auto. All'aeroporto di Lihue sono disponibili diverse compagnie di autonoleggio rinomate come Avis, Budget, Enterprise e Hertz. Tuttavia, per un'esperienza senza problemi, vi consigliamo di scegliere rental-car.company, il vostro partner di fiducia per tutte le vostre esigenze di noleggio auto.<\/p>\n<h3>I vantaggi della scelta di Rental-Car.Company<\/h3>\n<p>Come una delle principali societ\u00e0 di noleggio auto alle Hawaii, rental-car.company offre un servizio eccezionale e un'ampia selezione di veicoli tra cui scegliere. Ecco alcuni vantaggi del noleggio presso di noi all'aeroporto di Kauai:<\/p>\n<p>- Posizione comoda: Il nostro ufficio \u00e8 situato a pochi passi dall'area di ritiro bagagli dell'aeroporto di Lihue.<br \/>\n- Ampia scelta di veicoli: Dalle auto compatte ai SUV e ai minivan: abbiamo diverse opzioni per soddisfare le diverse esigenze di viaggio.<br \/>\n- Tariffe convenienti: Offriamo prezzi competitivi senza compromettere la qualit\u00e0.<br \/>\n- Facile prenotazione online: Risparmiate tempo prenotando il vostro veicolo online prima dell'arrivo.<br \/>\n- Assistenza clienti 24\/7: Il nostro cordiale team di assistenza clienti \u00e8 disponibile 24 ore su 24 per qualsiasi tipo di assistenza.<\/p>\n<h3>I pro e i contro del noleggio auto all'aeroporto di Kauai<\/h3>\n<p>Prima di prendere una decisione, \u00e8 essenziale valutare i pro e i contro del noleggio di un'auto all'aeroporto di Kauai.<\/p>\n<p>Pro:<br \/>\n- Convenienza: Con un'auto a noleggio, avrete la libert\u00e0 di esplorare l'isola al vostro ritmo.<br \/>\n- Conveniente: Noleggiare un'auto \u00e8 spesso pi\u00f9 economico che prendere un taxi o partecipare a un tour.<br \/>\n- Comoda e spaziosa: un'auto a noleggio vi permette di viaggiare comodamente e con un ampio spazio per i bagagli e gli altri effetti personali.<\/p>\n<p>Contro:<br \/>\n- Costi aggiuntivi: Potrebbero essere addebitati costi aggiuntivi per il ritiro o la riconsegna in aeroporto e per gli autisti aggiuntivi.<br \/>\n- Parcheggio limitato: Trovare parcheggio nelle zone turistiche pi\u00f9 popolari pu\u00f2 essere difficile durante l'alta stagione.<br \/>\n- Congestione del traffico: Kauai ha una sola autostrada principale, che pu\u00f2 essere congestionata nelle ore di punta.<\/p>\n<h4>Domande frequenti<\/h4>\n<p><img loading=\"lazy\" decoding=\"async\" class=\"alignright\" src=\"\/wp-content\/uploads\/images\/rent_car_1111.png\" alt=\"noleggio auto aeroporto di kauai\" width=\"350\" height=\"350\" \/><\/p>\n<h5>1. Quanti anni bisogna avere per noleggiare un'auto all'aeroporto di Kauai?<\/h5>\n<p>La maggior parte delle compagnie di autonoleggio richiede che i noleggiatori abbiano almeno 21 anni. Tuttavia, alcune possono prevedere limiti di et\u00e0 pi\u00f9 elevati e costi aggiuntivi per i conducenti pi\u00f9 giovani.<\/p>\n<h5>2. Ho bisogno di una patente di guida internazionale?<\/h5>\n<p>Se siete in possesso di una patente di guida valida del vostro Paese, non avete bisogno di una patente internazionale alle Hawaii.<\/p>\n<h5>3. L'assicurazione \u00e8 inclusa nel prezzo di noleggio?<\/h5>\n<p>La maggior parte delle societ\u00e0 di noleggio offre l'assicurazione come componente aggiuntivo opzionale. Si consiglia di acquistare l'assicurazione per stare tranquilli quando si guida su strade sconosciute.<\/p>\n<p>In conclusione, il noleggio di un'auto all'aeroporto di Kauai \u00e8 altamente consigliato a chi cerca convenienza e flessibilit\u00e0 nell'esplorare questa splendida isola. Con rental-car.company come partner di fiducia, potete stare certi che il vostro viaggio sar\u00e0 tranquillo dall'inizio alla fine. Prenotate ora e preparatevi a vivere un'avventura indimenticabile a Kauai!<\/p>\n<\/div>","protected":false},"excerpt":{"rendered":"<p>Experience Convenience with Car Rental Kauai Airport Are you planning a trip to the beautiful island of Kauai? Exploring this tropical paradise is best done with a rental car, and what better place to rent one than directly at the airport. With car rental kauai airport, you can easily pick up your vehicle upon arrival [&hellip;]<\/p>\n","protected":false},"author":1,"featured_media":2682,"parent":0,"menu_order":0,"comment_status":"closed","ping_status":"closed","template":"","meta":{"rs_blank_template":"","rs_page_bg_color":"","slide_template_v7":"","footnotes":""},"categories":[1],"tags":[],"class_list":["post-2680","page","type-page","status-publish","has-post-thumbnail","hentry","category-blog"],"_links":{"self":[{"href":"https:\/\/rental-car.company\/it\/wp-json\/wp\/v2\/pages\/2680","targetHints":{"allow":["GET"]}}],"collection":[{"href":"https:\/\/rental-car.company\/it\/wp-json\/wp\/v2\/pages"}],"about":[{"href":"https:\/\/rental-car.company\/it\/wp-json\/wp\/v2\/types\/page"}],"author":[{"embeddable":true,"href":"https:\/\/rental-car.company\/it\/wp-json\/wp\/v2\/users\/1"}],"replies":[{"embeddable":true,"href":"https:\/\/rental-car.company\/it\/wp-json\/wp\/v2\/comments?post=2680"}],"version-history":[{"count":0,"href":"https:\/\/rental-car.company\/it\/wp-json\/wp\/v2\/pages\/2680\/revisions"}],"wp:featuredmedia":[{"embeddable":true,"href":"https:\/\/rental-car.company\/it\/wp-json\/wp\/v2\/media\/2682"}],"wp:attachment":[{"href":"https:\/\/rental-car.company\/it\/wp-json\/wp\/v2\/media?parent=2680"}],"wp:term":[{"taxonomy":"category","embeddable":true,"href":"https:\/\/rental-car.company\/it\/wp-json\/wp\/v2\/categories?post=2680"},{"taxonomy":"post_tag","embeddable":true,"href":"https:\/\/rental-car.company\/it\/wp-json\/wp\/v2\/tags?post=2680"}],"curies":[{"name":"wp","href":"https:\/\/api.w.org\/{rel}","templated":true}]}}