{"id":2843,"date":"2024-07-26T14:11:06","date_gmt":"2024-07-26T14:11:06","guid":{"rendered":"https:\/\/rental-car.company\/?page_id=2843"},"modified":"2024-07-26T14:11:06","modified_gmt":"2024-07-26T14:11:06","slug":"noleggio-auto","status":"publish","type":"page","link":"https:\/\/rental-car.company\/it\/noleggio-auto\/","title":{"rendered":"Renta de carros - Guida al noleggio di un'auto in Messico"},"content":{"rendered":"<div class=\"wpb-content-wrapper\"><h2>Noleggio auto in Messico - Guida completa<\/h2>\n<p>State programmando un viaggio in Messico e vi state chiedendo come fare per spostarvi nel Paese? Non cercate altro che il servizio di noleggio auto. Noleggiare un'auto in Messico \u00e8 un modo eccellente per esplorare i diversi paesaggi, le vivaci citt\u00e0 e le splendide spiagge di questo splendido Paese secondo i propri ritmi.<\/p>\n<div class=\"vc_row wpb_row vc_row-fluid\"><div class=\"wpb_column vc_column_container vc_col-sm-12\"><div class=\"vc_column-inner\"><div class=\"wpb_wrapper\">\n\t<div class=\"wpb_text_column wpb_content_element\" >\n\t\t<div class=\"wpb_wrapper\">\n\t\t\t<p><script id=\"dchwidget\" src=\"https:\/\/www.discovercars.com\/wg.js\" async=\"\" data-dev-env=\"com\" data-location=\"\" data-lang=\"en\" data-utm-source=\"malina\" data-utm-medium=\"widget\" data-aff-code=\"a_aid\" data-autocomplete=\"on\" data-style-submit-bg-color=\"00A200\" data-style-submit-font-color=\"white\" data-style-form-bg-color=\"FAD130\" data-style-form-font-color=\"333\" data-style-submit-text=\"Search now\"><\/script><\/p>\n\n\t\t<\/div>\n\t<\/div>\n<\/div><\/div><\/div><\/div>\n<p>&nbsp;<\/p>\n<h2>Scoprire Renta de Carros<\/h2>\n<p><img loading=\"lazy\" decoding=\"async\" class=\"alignleft\" src=\"\/wp-content\/uploads\/images\/rent_car_209.png\" alt=\"noleggio auto\" width=\"350\" height=\"350\" \/><\/p>\n<p>Il noleggio di auto, noto anche come renta de autos o alquiler de coches, \u00e8 un servizio molto diffuso in Messico che consente ai viaggiatori di noleggiare auto per le loro esigenze di trasporto. Questi servizi sono disponibili nei principali aeroporti, citt\u00e0 e destinazioni turistiche di tutto il Paese.<\/p>\n<p>La maggior parte delle compagnie di noleggio offre un'ampia gamma di veicoli, dalle auto compatte ai SUV di lusso, dando ai viaggiatori la possibilit\u00e0 di scegliere in base alle proprie esigenze e al proprio budget. Tra le compagnie di noleggio pi\u00f9 note in Messico figurano Hertz, Avis, Budget, Sixt e National.<\/p>\n<h3>Noleggiare un'auto \u00e8 facile<\/h3>\n<p>Noleggiare un'auto in Messico \u00e8 relativamente facile, con molte opzioni disponibili per i viaggiatori. \u00c8 possibile prenotare l'auto a noleggio online prima del viaggio o visitare uno dei tanti uffici di noleggio al momento dell'arrivo. Tuttavia, \u00e8 sempre consigliabile prenotare l'auto in anticipo per risparmiare tempo e denaro.<\/p>\n<p>Per noleggiare un'auto in Messico \u00e8 necessario avere 21 anni (o 25 per alcune compagnie) e una patente di guida valida del proprio Paese. \u00c8 inoltre consigliabile avere una patente internazionale se la vostra patente non \u00e8 scritta in spagnolo.<\/p>\n<h3>Pro e contro<\/h3>\n<p>Pro:<br \/>\n- Libert\u00e0: Noleggiare un'auto vi d\u00e0 la libert\u00e0 di esplorare le diverse zone del Messico al vostro ritmo, senza dipendere dai mezzi pubblici.<br \/>\n- Convenienza: Avere un'auto propria significa evitare autobus affollati o taxi costosi e viaggiare comodamente.<br \/>\n- Economico: Noleggiare un'auto pu\u00f2 essere pi\u00f9 conveniente, soprattutto se si viaggia in gruppo o se si intende visitare pi\u00f9 destinazioni.<\/p>\n<p>Contro:<br \/>\n- Guidare in Messico pu\u00f2 essere impegnativo per alcuni, soprattutto nelle citt\u00e0 pi\u00f9 trafficate. \u00c8 essenziale familiarizzare con le leggi locali sul traffico e le abitudini di guida prima di mettersi in viaggio.<br \/>\n- Alcune societ\u00e0 di noleggio possono avere spese nascoste, quindi \u00e8 fondamentale leggere attentamente il contratto prima di firmarlo.<br \/>\n- I prezzi della benzina in Messico possono essere pi\u00f9 alti che in altri Paesi, quindi \u00e8 consigliabile pianificare l'itinerario e il budget di conseguenza.<\/p>\n<h3>FAQ<\/h3>\n<p><img loading=\"lazy\" decoding=\"async\" class=\"alignright\" src=\"\/wp-content\/uploads\/images\/rent_car_797.png\" alt=\"noleggio auto\" width=\"350\" height=\"350\" \/><\/p>\n<p>D: \u00c8 sicuro noleggiare un'auto in Messico?<br \/>\nR: S\u00ec, noleggiare un'auto in Messico \u00e8 generalmente sicuro. Tuttavia, \u00e8 essenziale prendere le precauzioni necessarie, come parcheggiare l'auto in aree sicure ed evitare di guidare di notte.<\/p>\n<p>D: Ho bisogno di un'assicurazione quando noleggio un'auto?<br \/>\nR: La maggior parte delle societ\u00e0 di noleggio include la copertura assicurativa di base nelle tariffe di noleggio. Tuttavia, \u00e8 consigliabile acquistare una copertura aggiuntiva per stare tranquilli.<\/p>\n<p>D: Posso attraversare il confine con la mia auto a noleggio?<br \/>\nR: Alcune societ\u00e0 di noleggio consentono di attraversare il confine con gli Stati Uniti con un supplemento. Tuttavia, \u00e8 bene informarsi prima presso la compagnia, poich\u00e9 potrebbero esserci delle restrizioni per alcuni veicoli.<\/p>\n<p>In conclusione, il noleggio di auto \u00e8 un'opzione eccellente per i viaggiatori che cercano flessibilit\u00e0 e convenienza durante il loro viaggio in Messico. Con un'adeguata pianificazione e ricerca, il noleggio di un'auto pu\u00f2 migliorare la vostra esperienza di viaggio e permettervi di scoprire tutto ci\u00f2 che questo bellissimo Paese ha da offrire. La prossima volta che visiterete il Messico, prendete in considerazione l'idea di noleggiare un'auto e partite per un'avventura indimenticabile!<\/p>\n<\/div>","protected":false},"excerpt":{"rendered":"<p>Renting Cars in Mexico &#8211; A Complete Guide Are you planning a trip to Mexico and wondering how you will get around the country? Look no further than renta de carros or car rental services. Renting a car in Mexico is an excellent way to explore the diverse landscapes, vibrant cities, and stunning beaches of [&hellip;]<\/p>\n","protected":false},"author":1,"featured_media":2665,"parent":0,"menu_order":0,"comment_status":"closed","ping_status":"closed","template":"","meta":{"rs_blank_template":"","rs_page_bg_color":"","slide_template_v7":"","footnotes":""},"categories":[1],"tags":[],"class_list":["post-2843","page","type-page","status-publish","has-post-thumbnail","hentry","category-blog"],"_links":{"self":[{"href":"https:\/\/rental-car.company\/it\/wp-json\/wp\/v2\/pages\/2843","targetHints":{"allow":["GET"]}}],"collection":[{"href":"https:\/\/rental-car.company\/it\/wp-json\/wp\/v2\/pages"}],"about":[{"href":"https:\/\/rental-car.company\/it\/wp-json\/wp\/v2\/types\/page"}],"author":[{"embeddable":true,"href":"https:\/\/rental-car.company\/it\/wp-json\/wp\/v2\/users\/1"}],"replies":[{"embeddable":true,"href":"https:\/\/rental-car.company\/it\/wp-json\/wp\/v2\/comments?post=2843"}],"version-history":[{"count":0,"href":"https:\/\/rental-car.company\/it\/wp-json\/wp\/v2\/pages\/2843\/revisions"}],"wp:featuredmedia":[{"embeddable":true,"href":"https:\/\/rental-car.company\/it\/wp-json\/wp\/v2\/media\/2665"}],"wp:attachment":[{"href":"https:\/\/rental-car.company\/it\/wp-json\/wp\/v2\/media?parent=2843"}],"wp:term":[{"taxonomy":"category","embeddable":true,"href":"https:\/\/rental-car.company\/it\/wp-json\/wp\/v2\/categories?post=2843"},{"taxonomy":"post_tag","embeddable":true,"href":"https:\/\/rental-car.company\/it\/wp-json\/wp\/v2\/tags?post=2843"}],"curies":[{"name":"wp","href":"https:\/\/api.w.org\/{rel}","templated":true}]}}