{"id":2847,"date":"2024-07-26T15:07:55","date_gmt":"2024-07-26T15:07:55","guid":{"rendered":"https:\/\/rental-car.company\/?page_id=2847"},"modified":"2024-07-26T15:07:55","modified_gmt":"2024-07-26T15:07:55","slug":"posso-noleggiare-unauto-per-qualcun-altro","status":"publish","type":"page","link":"https:\/\/rental-car.company\/it\/posso-noleggiare-unauto-per-qualcun-altro\/","title":{"rendered":"Posso noleggiare un'auto per qualcun altro - Introduzione"},"content":{"rendered":"<div class=\"wpb-content-wrapper\"><p>Avete in programma un viaggio ma non potete noleggiare un'auto per voi stessi? O forse avete parenti o amici in visita e dovete organizzare il trasporto per loro? Qualunque sia il motivo, noleggiare un'auto per qualcun altro pu\u00f2 sembrare un compito scoraggiante. Tuttavia, con rental-car.company \u00e8 possibile noleggiare un'auto per altri senza problemi. In questo articolo parleremo di tutto quello che c'\u00e8 da sapere sul noleggio di un'auto per terzi e di come rental-car.company pu\u00f2 rendere il processo semplice.<\/p>\n<h2>Noleggiare un'auto per un'altra persona: Le basi<\/h2>\n<p>Molti si chiedono se sia possibile noleggiare un'auto per qualcun altro. La risposta \u00e8 s\u00ec! Sebbene alcune societ\u00e0 di noleggio abbiano politiche rigorose in merito a chi pu\u00f2 guidare i loro veicoli, ci sono modi per aggirare questo problema.<\/p>\n<p>Innanzitutto, la persona che noleggia l'auto deve avere almeno 21 anni e una patente di guida valida. Dovr\u00e0 inoltre fornire i documenti necessari, come la prova dell'assicurazione e le informazioni sul pagamento. Se questi requisiti sono soddisfatti, la maggior parte delle societ\u00e0 di noleggio consentir\u00e0 alla persona che noleggia l'auto di aggiungere altri conducenti al contratto.<\/p>\n<div class=\"vc_row wpb_row vc_row-fluid\"><div class=\"wpb_column vc_column_container vc_col-sm-12\"><div class=\"vc_column-inner\"><div class=\"wpb_wrapper\">\n\t<div class=\"wpb_text_column wpb_content_element\" >\n\t\t<div class=\"wpb_wrapper\">\n\t\t\t<p><script id=\"dchwidget\" src=\"https:\/\/www.discovercars.com\/wg.js\" async=\"\" data-dev-env=\"com\" data-location=\"\" data-lang=\"en\" data-utm-source=\"malina\" data-utm-medium=\"widget\" data-aff-code=\"a_aid\" data-autocomplete=\"on\" data-style-submit-bg-color=\"00A200\" data-style-submit-font-color=\"white\" data-style-form-bg-color=\"FAD130\" data-style-form-font-color=\"333\" data-style-submit-text=\"Search now\"><\/script><\/p>\n\n\t\t<\/div>\n\t<\/div>\n<\/div><\/div><\/div><\/div>\n<p>&nbsp;<\/p>\n<h2>Scoprire Se posso noleggiare un'auto per un'altra persona?<\/h2>\n<p><img loading=\"lazy\" decoding=\"async\" class=\"alignleft\" src=\"\/wp-content\/uploads\/images\/rent_car_590.png\" alt=\"posso noleggiare un&#039;auto per qualcun altro\" width=\"350\" height=\"350\" \/><\/p>\n<p>Ora che sappiamo che \u00e8 possibile noleggiare un'auto per qualcun altro, vediamo come rental-car.company lo rende facile e conveniente. Rental-car.company offre opzioni flessibili quando si tratta di aggiungere altri conducenti al contratto di noleggio.<\/p>\n<p>Con rental-car.company, potete facilmente aggiungere un conducente aggiuntivo al momento della prenotazione o anche durante il viaggio se i piani cambiano. In questo modo si elimina lo stress dell'ultimo minuto o i ritardi nei vostri piani di viaggio.<\/p>\n<p>Inoltre, grazie al nostro sito web facile da usare e all'assistenza clienti disponibile 24 ore su 24, 7 giorni su 7, prenotare un'auto a noleggio per conto di qualcun altro non \u00e8 mai stato cos\u00ec facile.<\/p>\n<h3>I vantaggi di noleggiare un'auto per altri con rental-car.company<\/h3>\n<p>- Convenienza: Con rental-car.company, potete aggiungere un guidatore aggiuntivo in qualsiasi momento, facilitando cos\u00ec le modifiche dell'ultimo minuto o gli ospiti inattesi.<\/p>\n<p>- Conveniente: Noleggiare un'auto per un'altra persona tramite rental-car.company pu\u00f2 farvi risparmiare perch\u00e9 potete dividere il costo del noleggio con il guidatore aggiuntivo.<\/p>\n<p>- Ampia gamma di opzioni: Offriamo una variet\u00e0 di veicoli tra cui scegliere, assicurandovi di trovare l'auto perfetta per le vostre esigenze e il vostro budget.<\/p>\n<h3>Cose da considerare prima di noleggiare un'auto per qualcun altro<\/h3>\n<p>Anche se noleggiare un'auto per qualcun altro pu\u00f2 sembrare una soluzione facile, ci sono alcuni fattori importanti da considerare prima di farlo. Ecco alcuni pro e contro da tenere a mente:<\/p>\n<h4>Pro:<\/h4>\n<p>- Convenienza e flessibilit\u00e0 nei piani di viaggio.<br \/>\n- Dividere i costi tra pi\u00f9 conducenti.<br \/>\n- Accesso a una gamma pi\u00f9 ampia di opzioni di veicoli.<\/p>\n<h4>Contro:<\/h4>\n<p>- Potrebbero essere applicati costi aggiuntivi per l'aggiunta di un ulteriore autista.<br \/>\n- Il noleggiatore principale \u00e8 responsabile in ultima istanza di qualsiasi danno o incidente che coinvolga il veicolo a noleggio, anche se causato dal conducente aggiuntivo.<br \/>\n- Alcune societ\u00e0 di noleggio hanno restrizioni su chi pu\u00f2 guidare i loro veicoli.<\/p>\n<h2>Domande frequenti<\/h2>\n<h4>Posso noleggiare un'auto per qualcun altro se non viaggio con lui?<\/h4>\n<p>S\u00ec, purch\u00e9 la persona che noleggia l'auto fornisca tutti i documenti e i requisiti necessari.<\/p>\n<h4>C'\u00e8 un costo aggiuntivo per l'aggiunta di un altro conducente?<\/h4>\n<p>Alcune societ\u00e0 di noleggio possono addebitare un costo aggiuntivo per giorno o per viaggio. Assicuratevi di verificare in anticipo con il vostro fornitore specifico.<\/p>\n<h4>Cosa succede se si verifica un danno o un incidente che coinvolge il veicolo a noleggio mentre \u00e8 guidato da qualcun altro?<\/h4>\n<p><img loading=\"lazy\" decoding=\"async\" class=\"alignright\" src=\"\/wp-content\/uploads\/images\/rent_car_1430.png\" alt=\"posso noleggiare un&#039;auto per qualcun altro\" width=\"350\" height=\"350\" \/><\/p>\n<p>L'affittuario principale sar\u00e0 ritenuto responsabile e dovr\u00e0 occuparsi di eventuali richieste di risarcimento o pagamenti assicurativi.<\/p>\n<p>In conclusione, noleggiare un'auto per qualcun altro \u00e8 possibile e pu\u00f2 essere facile con rental-car.company. Tenendo conto di tutti i requisiti e le considerazioni, potrete godervi un viaggio senza stress con la comodit\u00e0 di avere un mezzo di trasporto per voi o per i vostri ospiti. Prenotate oggi stesso la vostra auto a noleggio con rental-car.company e sperimentate la facilit\u00e0 di noleggiare un'auto per qualcun altro.<\/p>\n<\/div>","protected":false},"excerpt":{"rendered":"<p>Are you planning a trip but unable to rent a car for yourself? Or maybe you have family or friends visiting and need to arrange transportation for them? Whatever the reason may be, renting a car for someone else can seem like a daunting task. However, with rental-car.company, it is possible to rent a car [&hellip;]<\/p>\n","protected":false},"author":1,"featured_media":2849,"parent":0,"menu_order":0,"comment_status":"closed","ping_status":"closed","template":"","meta":{"rs_blank_template":"","rs_page_bg_color":"","slide_template_v7":"","footnotes":""},"categories":[1],"tags":[],"class_list":["post-2847","page","type-page","status-publish","has-post-thumbnail","hentry","category-blog"],"_links":{"self":[{"href":"https:\/\/rental-car.company\/it\/wp-json\/wp\/v2\/pages\/2847","targetHints":{"allow":["GET"]}}],"collection":[{"href":"https:\/\/rental-car.company\/it\/wp-json\/wp\/v2\/pages"}],"about":[{"href":"https:\/\/rental-car.company\/it\/wp-json\/wp\/v2\/types\/page"}],"author":[{"embeddable":true,"href":"https:\/\/rental-car.company\/it\/wp-json\/wp\/v2\/users\/1"}],"replies":[{"embeddable":true,"href":"https:\/\/rental-car.company\/it\/wp-json\/wp\/v2\/comments?post=2847"}],"version-history":[{"count":0,"href":"https:\/\/rental-car.company\/it\/wp-json\/wp\/v2\/pages\/2847\/revisions"}],"wp:featuredmedia":[{"embeddable":true,"href":"https:\/\/rental-car.company\/it\/wp-json\/wp\/v2\/media\/2849"}],"wp:attachment":[{"href":"https:\/\/rental-car.company\/it\/wp-json\/wp\/v2\/media?parent=2847"}],"wp:term":[{"taxonomy":"category","embeddable":true,"href":"https:\/\/rental-car.company\/it\/wp-json\/wp\/v2\/categories?post=2847"},{"taxonomy":"post_tag","embeddable":true,"href":"https:\/\/rental-car.company\/it\/wp-json\/wp\/v2\/tags?post=2847"}],"curies":[{"name":"wp","href":"https:\/\/api.w.org\/{rel}","templated":true}]}}