{"id":2885,"date":"2024-07-26T22:05:28","date_gmt":"2024-07-26T22:05:28","guid":{"rendered":"https:\/\/rental-car.company\/?page_id=2885"},"modified":"2024-07-26T22:05:28","modified_gmt":"2024-07-26T22:05:28","slug":"noleggio-auto-a-san-juan-puerto-rico","status":"publish","type":"page","link":"https:\/\/rental-car.company\/it\/noleggio-auto-a-san-juan-puerto-rico\/","title":{"rendered":"Noleggio auto a San Juan Porto Rico - Scoprite l'isola con facilit\u00e0"},"content":{"rendered":"<div class=\"wpb-content-wrapper\"><p>Situata nel nord-est dei Caraibi, Porto Rico \u00e8 un'isola bellissima, nota per le sue splendide spiagge, la sua ricca cultura e i suoi siti storici. E quale modo migliore di esplorare questo paradiso tropicale se non noleggiando un'auto? Con il noleggio auto a San Juan Porto Rico, potrete avere la libert\u00e0 e la flessibilit\u00e0 di scoprire tutto ci\u00f2 che quest'isola ha da offrire al vostro ritmo.<\/p>\n<div class=\"vc_row wpb_row vc_row-fluid\"><div class=\"wpb_column vc_column_container vc_col-sm-12\"><div class=\"vc_column-inner\"><div class=\"wpb_wrapper\">\n\t<div class=\"wpb_text_column wpb_content_element\" >\n\t\t<div class=\"wpb_wrapper\">\n\t\t\t<p><script id=\"dchwidget\" src=\"https:\/\/www.discovercars.com\/wg.js\" async=\"\" data-dev-env=\"com\" data-location=\"\" data-lang=\"en\" data-utm-source=\"malina\" data-utm-medium=\"widget\" data-aff-code=\"a_aid\" data-autocomplete=\"on\" data-style-submit-bg-color=\"00A200\" data-style-submit-font-color=\"white\" data-style-form-bg-color=\"FAD130\" data-style-form-font-color=\"333\" data-style-submit-text=\"Search now\"><\/script><\/p>\n\n\t\t<\/div>\n\t<\/div>\n<\/div><\/div><\/div><\/div>\n<p>&nbsp;<\/p>\n<h2>Esplorare San Juan con facilit\u00e0<\/h2>\n<p><img loading=\"lazy\" decoding=\"async\" class=\"alignleft\" src=\"\/wp-content\/uploads\/images\/rent_car_1378.png\" alt=\"noleggio auto a san juan puerto rico\" width=\"350\" height=\"350\" \/><\/p>\n<p>San Juan, la capitale di Porto Rico, \u00e8 una citt\u00e0 vivace, ricca di storia e di fascino. Dalle strade acciottolate e gli edifici colorati della Vecchia San Juan ai moderni grattacieli e alla vivace vita notturna, questa citt\u00e0 offre qualcosa per tutti. E con il noleggio di un'auto a San Juan Porto Rico, potrete navigare facilmente attraverso tutto questo.<\/p>\n<p>Una delle principali attrazioni di San Juan \u00e8 El Morro, una fortezza del XVI secolo che offre una vista mozzafiato sulla citt\u00e0 e sull'oceano. Con la vostra auto a noleggio, potete facilmente raggiungere questo sito dichiarato Patrimonio dell'Umanit\u00e0 dall'UNESCO e trascorrere tutto il tempo che volete per esplorarlo.<\/p>\n<p>Chi vuole rilassarsi al sole pu\u00f2 recarsi a Condado Beach o a Isla Verde Beach, entrambe a breve distanza l'una dall'altra. Con la vostra auto a noleggio, potrete facilmente spostarvi tra queste due spiagge popolari o scoprire altre gemme nascoste lungo la costa.<\/p>\n<p>E non dimentichiamo il cibo! La cucina portoricana \u00e8 ricca di sapori e variet\u00e0. Approfittate della vostra auto a noleggio per visitare i diversi ristoranti della citt\u00e0, dai venditori ambulanti locali che servono piatti autentici ai ristoranti di alto livello che offrono piatti gourmet.<\/p>\n<h3>La convenienza del noleggio auto<\/h3>\n<p>Noleggiare un'auto a San Juan vi permette di risparmiare tempo e denaro, oltre a garantirvi la comodit\u00e0 del viaggio. Invece di affidarvi ai mezzi pubblici o ai costosi taxi per ogni uscita, avere un'auto a noleggio vi d\u00e0 la libert\u00e0 di andare e venire a vostro piacimento.<\/p>\n<p>Con rental-car.company, potete scegliere tra un'ampia gamma di veicoli adatti alle vostre esigenze e al vostro budget. Che siate in viaggio da soli o con un gruppo, c'\u00e8 un'opzione per tutti. Inoltre, grazie ai punti di ritiro presenti in tutta San Juan, compreso l'aeroporto, ottenere un'auto a noleggio \u00e8 facile e veloce.<\/p>\n<h3>Pro e contro<\/h3>\n<p>Pro:<br \/>\n- Libert\u00e0 di esplorare al proprio ritmo<br \/>\n- Conveniente rispetto ad altre opzioni di trasporto<br \/>\n- Comodi punti di ritiro in tutta San Juan<br \/>\n- Ampia gamma di opzioni di veicoli disponibili<\/p>\n<p>Contro:<br \/>\n- Guidare a San Juan pu\u00f2 essere difficile a causa delle strade strette e del traffico intenso.<br \/>\n- Il parcheggio pu\u00f2 essere limitato nelle zone turistiche pi\u00f9 popolari<\/p>\n<h4>FAQ<\/h4>\n<p><img loading=\"lazy\" decoding=\"async\" class=\"alignright\" src=\"\/wp-content\/uploads\/images\/rent_car_162.png\" alt=\"noleggio auto a san juan puerto rico\" width=\"350\" height=\"350\" \/><\/p>\n<p>D: Ho bisogno di una patente internazionale per noleggiare un'auto a San Juan Porto Rico?<br \/>\nR: No, purch\u00e9 abbiate una patente di guida valida del vostro Paese e abbiate almeno 21 anni, potete noleggiare un'auto a Porto Rico.<\/p>\n<p>D: \u00c8 sicuro guidare a San Juan?<br \/>\nR: S\u00ec, ma sappiate che il codice della strada pu\u00f2 essere diverso da quello a cui siete abituati. \u00c8 importante prestare attenzione durante la guida e seguire tutti i segnali stradali.<\/p>\n<p>D: Posso ritirare la mia auto a noleggio in aeroporto?<br \/>\nR: S\u00ec, rental-car.company dispone di punti di ritiro presso l'Aeroporto Internazionale Luis Mu\u00f1oz Mar\u00edn (SJU) di San Juan.<\/p>\n<p>In conclusione, noleggiare un'auto a San Juan Porto Rico \u00e8 il modo perfetto per esplorare questa splendida isola con facilit\u00e0. Grazie alla comodit\u00e0 e alla flessibilit\u00e0 che offre, avrete pi\u00f9 tempo per assorbire tutto ci\u00f2 che questo paradiso tropicale ha da offrire. Quindi perch\u00e9 aspettare? Prenotate oggi stesso la vostra auto a noleggio tramite rental-car.company e preparatevi a vivere un'esperienza indimenticabile a Porto Rico!<\/p>\n<\/div>","protected":false},"excerpt":{"rendered":"<p>Located in the northeastern Caribbean, Puerto Rico is a beautiful island known for its stunning beaches, rich culture, and historic sites. And what better way to explore this tropical paradise than by renting a car? With car rental in San Juan Puerto Rico, you can have the freedom and flexibility to discover all that this [&hellip;]<\/p>\n","protected":false},"author":1,"featured_media":2257,"parent":0,"menu_order":0,"comment_status":"closed","ping_status":"closed","template":"","meta":{"rs_blank_template":"","rs_page_bg_color":"","slide_template_v7":"","footnotes":""},"categories":[1],"tags":[],"class_list":["post-2885","page","type-page","status-publish","has-post-thumbnail","hentry","category-blog"],"_links":{"self":[{"href":"https:\/\/rental-car.company\/it\/wp-json\/wp\/v2\/pages\/2885","targetHints":{"allow":["GET"]}}],"collection":[{"href":"https:\/\/rental-car.company\/it\/wp-json\/wp\/v2\/pages"}],"about":[{"href":"https:\/\/rental-car.company\/it\/wp-json\/wp\/v2\/types\/page"}],"author":[{"embeddable":true,"href":"https:\/\/rental-car.company\/it\/wp-json\/wp\/v2\/users\/1"}],"replies":[{"embeddable":true,"href":"https:\/\/rental-car.company\/it\/wp-json\/wp\/v2\/comments?post=2885"}],"version-history":[{"count":0,"href":"https:\/\/rental-car.company\/it\/wp-json\/wp\/v2\/pages\/2885\/revisions"}],"wp:featuredmedia":[{"embeddable":true,"href":"https:\/\/rental-car.company\/it\/wp-json\/wp\/v2\/media\/2257"}],"wp:attachment":[{"href":"https:\/\/rental-car.company\/it\/wp-json\/wp\/v2\/media?parent=2885"}],"wp:term":[{"taxonomy":"category","embeddable":true,"href":"https:\/\/rental-car.company\/it\/wp-json\/wp\/v2\/categories?post=2885"},{"taxonomy":"post_tag","embeddable":true,"href":"https:\/\/rental-car.company\/it\/wp-json\/wp\/v2\/tags?post=2885"}],"curies":[{"name":"wp","href":"https:\/\/api.w.org\/{rel}","templated":true}]}}