{"id":2896,"date":"2024-07-27T00:05:33","date_gmt":"2024-07-27T00:05:33","guid":{"rendered":"https:\/\/rental-car.company\/?page_id=2896"},"modified":"2024-07-27T00:05:33","modified_gmt":"2024-07-27T00:05:33","slug":"noleggio-auto-aeroporto-di-bozeman","status":"publish","type":"page","link":"https:\/\/rental-car.company\/it\/noleggio-auto-aeroporto-di-bozeman\/","title":{"rendered":"Noleggio auto Bozeman Aeroporto - La vostra guida per un viaggio facile e conveniente"},"content":{"rendered":"<div class=\"wpb-content-wrapper\"><h2>Noleggio auto Bozeman Aeroporto - Il modo migliore per esplorare il Montana<\/h2>\n<p>Quando si pianifica un viaggio nello splendido stato del Montana, una delle prime cose da fare sulla lista di controllo \u00e8 assicurarsi un'auto a noleggio all'aeroporto di Bozeman. Questo piccolo ma trafficato aeroporto \u00e8 la porta d'accesso al Parco Nazionale di Yellowstone, al Big Sky Ski Resort e a molte altre destinazioni popolari del Montana. Con un'auto a noleggio all'aeroporto di Bozeman, potrete facilmente esplorare tutto ci\u00f2 che questo stato panoramico ha da offrire al vostro ritmo.<\/p>\n<div class=\"vc_row wpb_row vc_row-fluid\"><div class=\"wpb_column vc_column_container vc_col-sm-12\"><div class=\"vc_column-inner\"><div class=\"wpb_wrapper\">\n\t<div class=\"wpb_text_column wpb_content_element\" >\n\t\t<div class=\"wpb_wrapper\">\n\t\t\t<p><script id=\"dchwidget\" src=\"https:\/\/www.discovercars.com\/wg.js\" async=\"\" data-dev-env=\"com\" data-location=\"\" data-lang=\"en\" data-utm-source=\"malina\" data-utm-medium=\"widget\" data-aff-code=\"a_aid\" data-autocomplete=\"on\" data-style-submit-bg-color=\"00A200\" data-style-submit-font-color=\"white\" data-style-form-bg-color=\"FAD130\" data-style-form-font-color=\"333\" data-style-submit-text=\"Search now\"><\/script><\/p>\n\n\t\t<\/div>\n\t<\/div>\n<\/div><\/div><\/div><\/div>\n<p>&nbsp;<\/p>\n<h2>Scoprire il noleggio auto all'aeroporto di Bozeman<\/h2>\n<p><img loading=\"lazy\" decoding=\"async\" class=\"alignleft\" src=\"\/wp-content\/uploads\/images\/rent_car_1439.png\" alt=\"noleggio auto aeroporto di bozeman\" width=\"350\" height=\"350\" \/><\/p>\n<p>All'aeroporto di Bozeman sono disponibili per i viaggiatori diverse societ\u00e0 di autonoleggio affidabili. Tra queste ci sono marchi importanti come Hertz, Avis, Enterprise e Budget. \u00c8 inoltre possibile trovare aziende locali come Journey Rent-A-Car e Phasmid Rentals che offrono tariffe competitive e un servizio personalizzato.<\/p>\n<p>Che siate alla ricerca di un'auto economica o di un SUV di lusso, c'\u00e8 un'ampia gamma di veicoli disponibili per il noleggio all'aeroporto di Bozeman. La maggior parte delle auto a noleggio \u00e8 dotata di funzioni quali sistemi di navigazione GPS e portasci per una maggiore comodit\u00e0 durante il viaggio.<\/p>\n<h3>La convenienza del noleggio di un'auto all'aeroporto di Bozeman<\/h3>\n<p>Noleggiare un'auto all'aeroporto di Bozeman offre numerosi vantaggi ai viaggiatori. Il vantaggio pi\u00f9 evidente \u00e8 la comodit\u00e0 che offre all'arrivo. Invece di aspettare in lunghe file o di affidarsi ai mezzi pubblici, potete semplicemente ritirare l'auto a noleggio prenotata e mettervi subito in viaggio.<\/p>\n<p>Inoltre, avere accesso a un veicolo proprio vi permette di personalizzare l'itinerario di viaggio in base ai vostri interessi e ai vostri programmi. Potrete visitare le attrazioni meno conosciute al di fuori dei sentieri battuti o dedicare pi\u00f9 tempo alle aree che catturano la vostra attenzione senza preoccuparvi di perdere gli orari dei trasporti pubblici.<\/p>\n<p>Inoltre, il noleggio di un'auto vi offre una certa flessibilit\u00e0 per quanto riguarda la scelta dell'alloggio. Potrete alloggiare in hotel economici o campeggi fuori dal centro citt\u00e0, mentre potrete facilmente raggiungere in auto le destinazioni desiderate.<\/p>\n<h3>Gli aspetti negativi del noleggio di un'auto all'aeroporto di Bozeman<\/h3>\n<p>Sebbene ci siano molti vantaggi nel noleggiare un'auto all'aeroporto di Bozeman, ci sono anche alcuni aspetti negativi da considerare. Una delle principali preoccupazioni dei viaggiatori \u00e8 il costo. Le auto a noleggio possono essere costose, soprattutto durante le stagioni di punta e le festivit\u00e0. Tuttavia, prenotando in anticipo e confrontando i prezzi di diverse societ\u00e0 di autonoleggio, si pu\u00f2 trovare un'opzione pi\u00f9 conveniente.<\/p>\n<p>Un altro potenziale svantaggio \u00e8 la navigazione su strade sconosciute e la guida in condizioni meteorologiche imprevedibili. Il Montana \u00e8 noto per i suoi inverni rigidi con abbondanti nevicate, quindi assicuratevi di avere esperienza di guida in queste condizioni prima di scegliere di noleggiare un'auto all'aeroporto di Bozeman.<\/p>\n<h4>Pro e contro<\/h4>\n<p><b>Pro:<\/b><br \/>\n- Convenienza all'arrivo<br \/>\n- Flessibilit\u00e0 con l'itinerario di viaggio<br \/>\n- Pi\u00f9 opzioni di alloggio<br \/>\n- Accesso a diversi tipi di veicoli<br \/>\n- Servizio personalizzato da parte di societ\u00e0 di noleggio locali<\/p>\n<p><b>Contro:<\/b><br \/>\n- Pu\u00f2 essere costoso durante le stagioni di punta<br \/>\n- Navigare su strade sconosciute e in condizioni meteorologiche non ottimali<\/p>\n<h4>Domande frequenti sul noleggio auto all'aeroporto di Bozeman<\/h4>\n<p><img loading=\"lazy\" decoding=\"async\" class=\"alignright\" src=\"\/wp-content\/uploads\/images\/rent_car_1349.png\" alt=\"noleggio auto aeroporto di bozeman\" width=\"350\" height=\"350\" \/><\/p>\n<p><b>D: Posso noleggiare un'auto all'aeroporto di Bozeman se ho meno di 25 anni?<\/b><br \/>\nR: S\u00ec, la maggior parte delle societ\u00e0 di autonoleggio dell'aeroporto di Bozeman consente di guidare persone di et\u00e0 compresa tra i 21 e i 24 anni con un supplemento.<\/p>\n<p><b>D: \u00c8 possibile restituire l'auto a noleggio dopo l'orario di lavoro?<\/b><br \/>\nR: S\u00ec, la maggior parte delle societ\u00e0 di noleggio dispone di cassette di consegna dove \u00e8 possibile lasciare le chiavi e i documenti al di fuori dell'orario di lavoro.<\/p>\n<p><b>D: Ci sono spese o costi aggiuntivi quando si noleggia un'auto all'aeroporto di Bozeman?<\/b><br \/>\nR: Alcune societ\u00e0 di noleggio possono addebitare costi aggiuntivi per servizi quali sistemi di navigazione GPS, seggiolini auto o portasci. \u00c8 importante chiarire queste tariffe prima di prenotare l'auto a noleggio.<\/p>\n<p><b>D: Posso noleggiare un'auto all'aeroporto di Bozeman in un'unica soluzione e riconsegnarla in un altro luogo?<\/b><br \/>\nR: S\u00ec, la maggior parte delle societ\u00e0 di noleggio offre la possibilit\u00e0 di riconsegnare l'auto a noleggio in un luogo diverso pagando un supplemento.<\/p>\n<p>In conclusione, noleggiare un'auto all'aeroporto di Bozeman \u00e8 il modo migliore per esplorare tutto ci\u00f2 che il Montana ha da offrire. Grazie alla convenienza e alla flessibilit\u00e0 che offre, potrete sfruttare al meglio il vostro viaggio e vivere le bellezze di questo Stato alle vostre condizioni. Ricordate solo di pianificare in anticipo e di confrontare i prezzi di diverse societ\u00e0 di noleggio per trovare l'offerta migliore per il vostro budget. Quindi, noleggiate un'auto all'aeroporto di Bozeman: ne varr\u00e0 la pena fino all'ultimo centesimo!<\/p>\n<\/div>","protected":false},"excerpt":{"rendered":"<p>Bozeman Airport Car Rental &#8211; The Best Way to Explore Montana When planning a trip to the beautiful state of Montana, one of the first things on your checklist should be securing a rental car at Bozeman airport. This small but busy airport serves as the gateway to Yellowstone National Park, Big Sky Ski Resort, [&hellip;]<\/p>\n","protected":false},"author":1,"featured_media":2898,"parent":0,"menu_order":0,"comment_status":"closed","ping_status":"closed","template":"","meta":{"rs_blank_template":"","rs_page_bg_color":"","slide_template_v7":"","footnotes":""},"categories":[1],"tags":[],"class_list":["post-2896","page","type-page","status-publish","has-post-thumbnail","hentry","category-blog"],"_links":{"self":[{"href":"https:\/\/rental-car.company\/it\/wp-json\/wp\/v2\/pages\/2896","targetHints":{"allow":["GET"]}}],"collection":[{"href":"https:\/\/rental-car.company\/it\/wp-json\/wp\/v2\/pages"}],"about":[{"href":"https:\/\/rental-car.company\/it\/wp-json\/wp\/v2\/types\/page"}],"author":[{"embeddable":true,"href":"https:\/\/rental-car.company\/it\/wp-json\/wp\/v2\/users\/1"}],"replies":[{"embeddable":true,"href":"https:\/\/rental-car.company\/it\/wp-json\/wp\/v2\/comments?post=2896"}],"version-history":[{"count":0,"href":"https:\/\/rental-car.company\/it\/wp-json\/wp\/v2\/pages\/2896\/revisions"}],"wp:featuredmedia":[{"embeddable":true,"href":"https:\/\/rental-car.company\/it\/wp-json\/wp\/v2\/media\/2898"}],"wp:attachment":[{"href":"https:\/\/rental-car.company\/it\/wp-json\/wp\/v2\/media?parent=2896"}],"wp:term":[{"taxonomy":"category","embeddable":true,"href":"https:\/\/rental-car.company\/it\/wp-json\/wp\/v2\/categories?post=2896"},{"taxonomy":"post_tag","embeddable":true,"href":"https:\/\/rental-car.company\/it\/wp-json\/wp\/v2\/tags?post=2896"}],"curies":[{"name":"wp","href":"https:\/\/api.w.org\/{rel}","templated":true}]}}