{"id":3095,"date":"2024-07-28T11:07:04","date_gmt":"2024-07-28T11:07:04","guid":{"rendered":"https:\/\/rental-car.company\/?page_id=3095"},"modified":"2024-07-28T11:07:04","modified_gmt":"2024-07-28T11:07:04","slug":"noleggio-auto-knoxville-tn","status":"publish","type":"page","link":"https:\/\/rental-car.company\/it\/noleggio-auto-knoxville-tn\/","title":{"rendered":"Noleggio auto knoxville tn - Il modo migliore per esplorare la citt\u00e0"},"content":{"rendered":"<div class=\"wpb-content-wrapper\"><h2>Esplora Knoxville con il noleggio auto Knoxville TN<\/h2>\n<p>Avete in programma un viaggio nella splendida citt\u00e0 di Knoxville, TN? Volete esplorare tutto ci\u00f2 che questa vivace citt\u00e0 ha da offrire? Non cercate oltre il noleggio auto a Knoxville, TN. Con cos\u00ec tante cose da vedere e da fare in questa affascinante citt\u00e0 del sud, noleggiare un'auto \u00e8 il modo perfetto per sfruttare al massimo il vostro viaggio.<\/p>\n<div class=\"vc_row wpb_row vc_row-fluid\"><div class=\"wpb_column vc_column_container vc_col-sm-12\"><div class=\"vc_column-inner\"><div class=\"wpb_wrapper\">\n\t<div class=\"wpb_text_column wpb_content_element\" >\n\t\t<div class=\"wpb_wrapper\">\n\t\t\t<p><script id=\"dchwidget\" src=\"https:\/\/www.discovercars.com\/wg.js\" async=\"\" data-dev-env=\"com\" data-location=\"\" data-lang=\"en\" data-utm-source=\"malina\" data-utm-medium=\"widget\" data-aff-code=\"a_aid\" data-autocomplete=\"on\" data-style-submit-bg-color=\"00A200\" data-style-submit-font-color=\"white\" data-style-form-bg-color=\"FAD130\" data-style-form-font-color=\"333\" data-style-submit-text=\"Search now\"><\/script><\/p>\n\n\t\t<\/div>\n\t<\/div>\n<\/div><\/div><\/div><\/div>\n<p>&nbsp;<\/p>\n<h2>Scoprire gli autonoleggi a Knoxville TN<\/h2>\n<p><img loading=\"lazy\" decoding=\"async\" class=\"alignleft\" src=\"\/wp-content\/uploads\/images\/rent_car_601.png\" alt=\"noleggio auto knoxville tn\" width=\"350\" height=\"350\" \/><\/p>\n<p>Quando si tratta di noleggiare un'auto a Knoxville, TN, ci sono molte opzioni disponibili. \u00c8 possibile scegliere tra una variet\u00e0 di veicoli, tra cui auto compatte, berline, SUV e persino veicoli di lusso. Non importa quale sia il vostro budget o le vostre esigenze, c'\u00e8 una societ\u00e0 di autonoleggio a Knoxville che pu\u00f2 soddisfarvi.<\/p>\n<p>Una popolare societ\u00e0 di noleggio auto a Knoxville \u00e8 Rental-Car.Company. Offre prezzi competitivi e un'ampia selezione di veicoli tra cui scegliere. La loro comoda posizione vicino all'aeroporto rende facile per i viaggiatori ritirare l'auto a noleggio all'arrivo.<\/p>\n<p>Un'altra grande opzione per il noleggio auto a Knoxville \u00e8 Enterprise Rent-A-Car. Con diverse sedi in tutta la citt\u00e0, Enterprise offre un servizio clienti di prim'ordine e una variet\u00e0 di opzioni di veicoli a prezzi accessibili.<\/p>\n<p>Indipendentemente dalla societ\u00e0 di autonoleggio che sceglierete a Knoxville, sappiate che tutte dispongono di rigorosi protocolli sanitari e di sicurezza per garantire la vostra incolumit\u00e0 in questi momenti senza precedenti.<\/p>\n<h3>Vantaggi del noleggio di un'auto<\/h3>\n<p>I vantaggi di noleggiare un'auto durante la visita a Knoxville sono molteplici. Alcuni vantaggi chiave includono:<\/p>\n<p>- Flessibilit\u00e0: Con la vostra auto a noleggio a disposizione, avrete la libert\u00e0 di esplorare la citt\u00e0 al vostro ritmo senza dovervi affidare ai mezzi pubblici o ai costosi servizi di taxi.<br \/>\n- Convenienza: Avere accesso al proprio veicolo significa non doversi preoccupare degli orari o di aspettare autobus o treni. Potrete andare e venire a vostro piacimento, sfruttando al meglio il vostro soggiorno a Knoxville.<br \/>\n- Economico: Il noleggio di un'auto pu\u00f2 spesso essere pi\u00f9 conveniente di altri mezzi di trasporto, soprattutto se si viaggia in gruppo. Dividere il costo di un'auto a noleggio tra pi\u00f9 persone pu\u00f2 farvi risparmiare a lungo termine.<br \/>\n- Comfort: Avere un veicolo proprio significa poter controllare la temperatura, la musica e altri servizi per un viaggio confortevole e piacevole.<\/p>\n<h3>Contro del noleggio di un'auto<\/h3>\n<p>Sebbene ci siano molti vantaggi nel noleggiare un'auto a Knoxville, ci sono anche alcuni potenziali svantaggi da considerare:<\/p>\n<p>- Costi aggiuntivi: A seconda del contratto di noleggio, potrebbero esserci costi aggiuntivi come l'assicurazione o il chilometraggio che potrebbero sommarsi rapidamente.<br \/>\n- Traffico e parcheggi: Come ogni citt\u00e0, anche Knoxville ha la sua parte di problemi di traffico e parcheggio. Se non siete abituati a guidare in aree urbane trafficate, questo potrebbe essere un aspetto da considerare prima di noleggiare un'auto.<br \/>\n- Responsabilit\u00e0: Quando si noleggia un'auto, si \u00e8 responsabili di eventuali danni o incidenti che si verificano durante il suo utilizzo. \u00c8 importante guidare con prudenza e rispettare il codice della strada per evitare costi imprevisti.<\/p>\n<h4>FAQ<\/h4>\n<p><img loading=\"lazy\" decoding=\"async\" class=\"alignright\" src=\"\/wp-content\/uploads\/images\/rent_car_1333.png\" alt=\"noleggio auto knoxville tn\" width=\"350\" height=\"350\" \/><\/p>\n<h5>D: Ho bisogno di un'assicurazione quando noleggio un'auto a Knoxville?<\/h5>\n<p>R: S\u00ec, la maggior parte delle societ\u00e0 di noleggio richiede l'assicurazione quando si noleggia un'auto. \u00c8 possibile acquistare la loro copertura assicurativa o utilizzare la propria assicurazione auto personale.<\/p>\n<h5>D: Qual \u00e8 l'et\u00e0 minima per noleggiare un'auto a Knoxville?<\/h5>\n<p>R: L'et\u00e0 minima richiesta varia a seconda della compagnia di noleggio, ma in genere \u00e8 di 21 anni. I conducenti di et\u00e0 inferiore ai 25 anni possono incorrere in un costo aggiuntivo.<\/p>\n<h5>D: Posso noleggiare un'auto in contanti invece che con la carta di credito?<\/h5>\n<p>R: La maggior parte delle societ\u00e0 di noleggio richiede una carta di credito per motivi di pagamento e sicurezza. Tuttavia, alcune possono accettare contanti o carte di debito con alcune restrizioni.<\/p>\n<h5>D: Posso restituire la mia auto a noleggio in un luogo diverso?<\/h5>\n<p>R: S\u00ec, molte societ\u00e0 di noleggio offrono la possibilit\u00e0 di riconsegnare l'auto in un altro luogo a un costo aggiuntivo. Assicuratevi di verificare le politiche della vostra specifica societ\u00e0 di noleggio.<\/p>\n<h2>Affittate la vostra strada a Knoxville<\/h2>\n<p>Con il suo affascinante centro citt\u00e0, i suoi pittoreschi parchi e giardini e la sua ricca storia, Knoxville \u00e8 una citt\u00e0 che chiede di essere esplorata. E il modo migliore per farlo \u00e8 con un'auto a noleggio a Knoxville, TN. Godetevi la libert\u00e0 e la comodit\u00e0 di avere un veicolo proprio mentre scoprite tutto ci\u00f2 che questa vivace citt\u00e0 ha da offrire. Che siate qui per affari o per piacere, noleggiare un'auto a Knoxville \u00e8 la scelta perfetta per sfruttare al meglio il vostro viaggio.<\/p>\n<\/div>","protected":false},"excerpt":{"rendered":"<p>Explore Knoxville with Car Rentals Knoxville TN Are you planning a trip to the beautiful city of Knoxville, TN? Do you want to explore all that this vibrant city has to offer? Look no further than car rentals in Knoxville, TN. With so much to see and do in this charming southern city, renting a [&hellip;]<\/p>\n","protected":false},"author":1,"featured_media":3061,"parent":0,"menu_order":0,"comment_status":"closed","ping_status":"closed","template":"","meta":{"rs_blank_template":"","rs_page_bg_color":"","slide_template_v7":"","footnotes":""},"categories":[1],"tags":[],"class_list":["post-3095","page","type-page","status-publish","has-post-thumbnail","hentry","category-blog"],"_links":{"self":[{"href":"https:\/\/rental-car.company\/it\/wp-json\/wp\/v2\/pages\/3095","targetHints":{"allow":["GET"]}}],"collection":[{"href":"https:\/\/rental-car.company\/it\/wp-json\/wp\/v2\/pages"}],"about":[{"href":"https:\/\/rental-car.company\/it\/wp-json\/wp\/v2\/types\/page"}],"author":[{"embeddable":true,"href":"https:\/\/rental-car.company\/it\/wp-json\/wp\/v2\/users\/1"}],"replies":[{"embeddable":true,"href":"https:\/\/rental-car.company\/it\/wp-json\/wp\/v2\/comments?post=3095"}],"version-history":[{"count":0,"href":"https:\/\/rental-car.company\/it\/wp-json\/wp\/v2\/pages\/3095\/revisions"}],"wp:featuredmedia":[{"embeddable":true,"href":"https:\/\/rental-car.company\/it\/wp-json\/wp\/v2\/media\/3061"}],"wp:attachment":[{"href":"https:\/\/rental-car.company\/it\/wp-json\/wp\/v2\/media?parent=3095"}],"wp:term":[{"taxonomy":"category","embeddable":true,"href":"https:\/\/rental-car.company\/it\/wp-json\/wp\/v2\/categories?post=3095"},{"taxonomy":"post_tag","embeddable":true,"href":"https:\/\/rental-car.company\/it\/wp-json\/wp\/v2\/tags?post=3095"}],"curies":[{"name":"wp","href":"https:\/\/api.w.org\/{rel}","templated":true}]}}