{"id":3178,"date":"2024-07-29T03:06:47","date_gmt":"2024-07-29T03:06:47","guid":{"rendered":"https:\/\/rental-car.company\/?page_id=3178"},"modified":"2024-07-29T03:06:47","modified_gmt":"2024-07-29T03:06:47","slug":"noleggio-auto-syracuse-ny","status":"publish","type":"page","link":"https:\/\/rental-car.company\/it\/noleggio-auto-syracuse-ny\/","title":{"rendered":"Noleggio auto Siracusa - Introduzione all'argomento"},"content":{"rendered":"<div class=\"wpb-content-wrapper\"><p>Il noleggio auto a Syracuse NY \u00e8 un'opzione popolare per i viaggiatori che vogliono esplorare la citt\u00e0 e le aree circostanti al proprio ritmo. Situata a nord di New York, Syracuse offre una variet\u00e0 di attrazioni come musei, parchi e siti storici. Avere un'auto propria permette di muoversi facilmente in citt\u00e0 e di avventurarsi verso le destinazioni vicine senza dover ricorrere ai mezzi pubblici.<\/p>\n<h2>Noleggio auto a Syracuse NY<\/h2>\n<p>Noleggiare un'auto a Syracuse NY \u00e8 facile e conveniente grazie alle numerose societ\u00e0 di autonoleggio disponibili in tutta la citt\u00e0. Sia che arriviate all'aeroporto internazionale di Syracuse Hancock o a una delle numerose stazioni dei treni o degli autobus, troverete diverse opzioni per noleggiare un'auto.<\/p>\n<p>Una delle societ\u00e0 di autonoleggio pi\u00f9 rinomate di Siracusa \u00e8 Rental-Car.Company. Offre un'ampia selezione di veicoli a prezzi accessibili per soddisfare le esigenze di ogni viaggiatore. Grazie al loro sito web facile da usare e all'eccellente servizio clienti, noleggiare un'auto da Rental-Car.Company \u00e8 senza problemi.<\/p>\n<div class=\"vc_row wpb_row vc_row-fluid\"><div class=\"wpb_column vc_column_container vc_col-sm-12\"><div class=\"vc_column-inner\"><div class=\"wpb_wrapper\">\n\t<div class=\"wpb_text_column wpb_content_element\" >\n\t\t<div class=\"wpb_wrapper\">\n\t\t\t<p><script id=\"dchwidget\" src=\"https:\/\/www.discovercars.com\/wg.js\" async=\"\" data-dev-env=\"com\" data-location=\"\" data-lang=\"en\" data-utm-source=\"malina\" data-utm-medium=\"widget\" data-aff-code=\"a_aid\" data-autocomplete=\"on\" data-style-submit-bg-color=\"00A200\" data-style-submit-font-color=\"white\" data-style-form-bg-color=\"FAD130\" data-style-form-font-color=\"333\" data-style-submit-text=\"Search now\"><\/script><\/p>\n\n\t\t<\/div>\n\t<\/div>\n<\/div><\/div><\/div><\/div>\n<p>&nbsp;<\/p>\n<h2>Scoprire il noleggio auto Syracuse NY<\/h2>\n<p><img loading=\"lazy\" decoding=\"async\" class=\"alignleft\" src=\"\/wp-content\/uploads\/images\/rent_car_1446.png\" alt=\"noleggio auto syracuse ny\" width=\"350\" height=\"350\" \/><\/p>\n<p>Siracusa ha molto da offrire a chi sceglie di noleggiare un'auto e di esplorarla a proprio piacimento. Ecco alcune destinazioni imperdibili che potrete raggiungere facilmente con il vostro veicolo a noleggio:<\/p>\n<h3>Cascate del Niagara<\/h3>\n<p>Situate a poco pi\u00f9 di 3 ore da Syracuse, le Cascate del Niagara sono una delle meraviglie naturali pi\u00f9 famose del Nord America. Un viaggio in auto da Syracuse vi condurr\u00e0 attraverso uno splendido scenario mentre vi dirigete verso questa magnifica cascata.<\/p>\n<h3>La regione dei Finger Lakes<\/h3>\n<p>A un'ora di auto da Syracuse si trova la splendida regione dei Finger Lakes, con le sue pittoresche cittadine lacustri, le cantine e le cascate. Noleggiare un'auto vi d\u00e0 la libert\u00e0 di esplorare questa zona al vostro ritmo e di fermarvi in diverse localit\u00e0 lungo il percorso.<\/p>\n<h3>Montagne Adirondack<\/h3>\n<p>Per gli amanti della natura, i Monti Adirondack sono una meta imperdibile. Situata a circa 2 ore da Syracuse, questa catena montuosa \u00e8 perfetta per le escursioni, il campeggio e le gite panoramiche. Con un'auto a noleggio, potrete facilmente esplorare le diverse aree degli Adirondack e ammirare i suoi panorami mozzafiato.<\/p>\n<h4>I vantaggi del noleggio di un'auto a Syracuse NY<\/h4>\n<p>- Convenienza: Avere un'auto propria permette di viaggiare al proprio ritmo senza dover dipendere dagli orari dei mezzi pubblici.<br \/>\n- Economico: Noleggiare un'auto pu\u00f2 spesso essere pi\u00f9 conveniente che prendere pi\u00f9 mezzi di trasporto o partecipare a tour organizzati.<br \/>\n- Flessibilit\u00e0: Avete la flessibilit\u00e0 di visitare pi\u00f9 destinazioni e di fare delle soste lungo il percorso senza essere limitati dagli itinerari dei tour.<\/p>\n<h4>I contro del noleggio di un'auto a Syracuse NY<\/h4>\n<p>- Traffico: A seconda di quando si visita e di dove si viaggia, il traffico pu\u00f2 essere un problema a Siracusa.<br \/>\n- Parcheggio a pagamento: Alcune attrazioni possono far pagare il parcheggio, quindi \u00e8 importante tenerne conto nel budget.<br \/>\n- Costi di assicurazione: Sebbene la maggior parte delle societ\u00e0 di noleggio offra opzioni di assicurazione, queste possono accumularsi rapidamente se non sono incluse nel prezzo iniziale.<\/p>\n<h4>Domande frequenti (FAQ)<\/h4>\n<p><img loading=\"lazy\" decoding=\"async\" class=\"alignright\" src=\"\/wp-content\/uploads\/images\/rent_car_878.png\" alt=\"noleggio auto syracuse ny\" width=\"350\" height=\"350\" \/><\/p>\n<p>D: Di cosa ho bisogno per noleggiare un'auto a Syracuse NY?<br \/>\nR: Per noleggiare un'auto a Syracuse NY, \u00e8 necessario avere una patente di guida valida, una carta di credito e una prova dell'assicurazione.<\/p>\n<p>D: C'\u00e8 una restrizione di et\u00e0 per il noleggio di un'auto?<br \/>\nR: S\u00ec, la maggior parte delle societ\u00e0 di noleggio richiede che i conducenti abbiano almeno 25 anni. Tuttavia, alcune possono consentire l'utilizzo di conducenti pi\u00f9 giovani con un supplemento di prezzo.<\/p>\n<p>D: Posso riconsegnare l'auto a noleggio in un altro luogo?<br \/>\nR: S\u00ec, la maggior parte delle societ\u00e0 di noleggio offre noleggi di sola andata in cui \u00e8 possibile riconsegnare il veicolo in un altro luogo. Potrebbero essere applicati costi aggiuntivi.<\/p>\n<p>In conclusione, noleggiare un'auto a Syracuse NY \u00e8 un modo comodo ed economico per esplorare la citt\u00e0 e le aree circostanti. Con la libert\u00e0 di andare dove si vuole, quando si vuole, il noleggio di un'auto consente di sfruttare al meglio il viaggio. Quindi, la prossima volta che visiterete Syracuse, prendete in considerazione il noleggio di un'auto da Rental-Car.Company per un'esperienza indimenticabile.<\/p>\n<\/div>","protected":false},"excerpt":{"rendered":"<p>Car rental Syracuse NY is a popular option for travelers who want to explore the city and its surrounding areas at their own pace. Located in upstate New York, Syracuse offers a variety of attractions such as museums, parks, and historical sites. Having your own car allows you to easily navigate through the city and [&hellip;]<\/p>\n","protected":false},"author":1,"featured_media":3180,"parent":0,"menu_order":0,"comment_status":"closed","ping_status":"closed","template":"","meta":{"rs_blank_template":"","rs_page_bg_color":"","slide_template_v7":"","footnotes":""},"categories":[1],"tags":[],"class_list":["post-3178","page","type-page","status-publish","has-post-thumbnail","hentry","category-blog"],"_links":{"self":[{"href":"https:\/\/rental-car.company\/it\/wp-json\/wp\/v2\/pages\/3178","targetHints":{"allow":["GET"]}}],"collection":[{"href":"https:\/\/rental-car.company\/it\/wp-json\/wp\/v2\/pages"}],"about":[{"href":"https:\/\/rental-car.company\/it\/wp-json\/wp\/v2\/types\/page"}],"author":[{"embeddable":true,"href":"https:\/\/rental-car.company\/it\/wp-json\/wp\/v2\/users\/1"}],"replies":[{"embeddable":true,"href":"https:\/\/rental-car.company\/it\/wp-json\/wp\/v2\/comments?post=3178"}],"version-history":[{"count":0,"href":"https:\/\/rental-car.company\/it\/wp-json\/wp\/v2\/pages\/3178\/revisions"}],"wp:featuredmedia":[{"embeddable":true,"href":"https:\/\/rental-car.company\/it\/wp-json\/wp\/v2\/media\/3180"}],"wp:attachment":[{"href":"https:\/\/rental-car.company\/it\/wp-json\/wp\/v2\/media?parent=3178"}],"wp:term":[{"taxonomy":"category","embeddable":true,"href":"https:\/\/rental-car.company\/it\/wp-json\/wp\/v2\/categories?post=3178"},{"taxonomy":"post_tag","embeddable":true,"href":"https:\/\/rental-car.company\/it\/wp-json\/wp\/v2\/tags?post=3178"}],"curies":[{"name":"wp","href":"https:\/\/api.w.org\/{rel}","templated":true}]}}