{"id":3302,"date":"2024-07-30T01:05:18","date_gmt":"2024-07-30T01:05:18","guid":{"rendered":"https:\/\/rental-car.company\/?page_id=3302"},"modified":"2024-07-30T01:05:18","modified_gmt":"2024-07-30T01:05:18","slug":"noleggio-auto-iowa","status":"publish","type":"page","link":"https:\/\/rental-car.company\/it\/noleggio-auto-iowa\/","title":{"rendered":"Noleggio auto Iowa - Il modo migliore per esplorare lo Stato degli Hawkeye"},"content":{"rendered":"<div class=\"wpb-content-wrapper\"><div class=\"vc_row wpb_row vc_row-fluid\"><div class=\"wpb_column vc_column_container vc_col-sm-12\"><div class=\"vc_column-inner\"><div class=\"wpb_wrapper\">\n\t<div class=\"wpb_text_column wpb_content_element\" >\n\t\t<div class=\"wpb_wrapper\">\n\t\t\t<p><script id=\"dchwidget\" src=\"https:\/\/www.discovercars.com\/wg.js\" async=\"\" data-dev-env=\"com\" data-location=\"\" data-lang=\"en\" data-utm-source=\"malina\" data-utm-medium=\"widget\" data-aff-code=\"a_aid\" data-autocomplete=\"on\" data-style-submit-bg-color=\"00A200\" data-style-submit-font-color=\"white\" data-style-form-bg-color=\"FAD130\" data-style-form-font-color=\"333\" data-style-submit-text=\"Search now\"><\/script><\/p>\n\n\t\t<\/div>\n\t<\/div>\n<\/div><\/div><\/div><\/div>\n<p>&nbsp;<\/p>\n<h2>Noleggiare un'auto in Iowa: La vostra chiave per sbloccare infinite possibilit\u00e0<\/h2>\n<p><img loading=\"lazy\" decoding=\"async\" class=\"alignleft\" src=\"\/wp-content\/uploads\/images\/rent_car_395.png\" alt=\"noleggio auto iowa\" width=\"350\" height=\"350\" \/><\/p>\n<p>Noleggiare un'auto in Iowa \u00e8 il modo perfetto per esplorare questo bellissimo Stato. Con le sue dolci colline, le affascinanti cittadine e le vivaci citt\u00e0, non mancano le attrazioni da vedere e le esperienze da vivere. Se state pianificando un viaggio attraverso il Midwest o semplicemente avete bisogno di un veicolo affidabile per spostarvi durante il vostro soggiorno, il noleggio auto in Iowa \u00e8 la soluzione giusta.<\/p>\n<h3>La convenienza del noleggio auto in Iowa<\/h3>\n<p>Uno dei maggiori vantaggi di noleggiare un'auto in Iowa \u00e8 la comodit\u00e0. Con cos\u00ec tanta strada da percorrere e opzioni di trasporto pubblico limitate, avere un veicolo proprio vi d\u00e0 la libert\u00e0 di esplorare al vostro ritmo. Non dovrete preoccuparvi di rispettare gli orari di qualcun altro o di navigare in percorsi di autobus poco conosciuti.<\/p>\n<p>Inoltre, molte societ\u00e0 di autonoleggio offrono servizi di ritiro e riconsegna presso i principali aeroporti dell'Iowa, rendendo pi\u00f9 facile per i viaggiatori che arrivano in aereo mettersi subito al volante.<\/p>\n<h3>Scoprite di pi\u00f9 con il noleggio auto in Iowa<\/h3>\n<p>Il noleggio di un'auto in Iowa non solo garantisce la convenienza, ma permette anche di sperimentare di pi\u00f9 su ci\u00f2 che questo stato ha da offrire. Dai percorsi panoramici attraverso campi di grano e pascoli punteggiati di mucche al pascolo, alle visite a luoghi simbolo come il sito cinematografico Field of Dreams o il John Wayne Birthplace Museum, avere accesso al proprio mezzo di trasporto apre infinite possibilit\u00e0 di esplorazione.<\/p>\n<p>Potete anche pianificare facilmente gite di un giorno dalle principali citt\u00e0 come Des Moines o Cedar Rapids senza preoccuparvi di coordinare gli orari dei trasporti pubblici. Sia che vogliate avventurarvi su sentieri panoramici o rilassarvi in uno dei tanti rifugi lacustri dell'Iowa, il noleggio di un'auto vi offre la flessibilit\u00e0 e la libert\u00e0 necessarie per un viaggio indimenticabile.<\/p>\n<h4>Pro e contro<\/h4>\n<p>Pro:<br \/>\n- Flessibilit\u00e0 e comodit\u00e0 negli spostamenti in Iowa<br \/>\n- Maggiori opportunit\u00e0 di esplorazione e visite turistiche<br \/>\n- Facili opzioni di ritiro e riconsegna presso i principali aeroporti<br \/>\n- Possibilit\u00e0 di pianificare gite giornaliere senza affidarsi ai mezzi di trasporto pubblici<\/p>\n<p>Contro:<br \/>\n- Costo aggiuntivo rispetto all'utilizzo dei mezzi pubblici<br \/>\n- Responsabilit\u00e0 per eventuali danni o incidenti durante la guida dell'auto a noleggio<\/p>\n<h4>FAQ<\/h4>\n<p><img loading=\"lazy\" decoding=\"async\" class=\"alignright\" src=\"\/wp-content\/uploads\/images\/rent_car_1077.png\" alt=\"noleggio auto iowa\" width=\"350\" height=\"350\" \/><\/p>\n<p>D: Quanti anni devo avere per noleggiare un'auto in Iowa?<br \/>\nR: L'et\u00e0 minima per noleggiare un'auto in Iowa \u00e8 generalmente di 21 anni, anche se alcune societ\u00e0 di noleggio possono richiedere che i conducenti abbiano 25 anni o pi\u00f9. Inoltre, i conducenti di et\u00e0 inferiore ai 25 anni possono essere soggetti a costi aggiuntivi.<\/p>\n<p>D: Di quali documenti ho bisogno per noleggiare un'auto in Iowa?<br \/>\nR: Nella maggior parte dei casi, \u00e8 necessario avere una patente di guida valida, una carta di credito e una prova di assicurazione. Alcune societ\u00e0 di noleggio possono richiedere anche un permesso di guida internazionale se si proviene da un altro Paese.<\/p>\n<p>D: Posso aggiungere conducenti aggiuntivi al mio contratto di noleggio?<br \/>\nR: S\u00ec, la maggior parte delle societ\u00e0 di noleggio consente di aggiungere altri conducenti a pagamento. Tuttavia, questi conducenti devono soddisfare gli stessi requisiti del conducente principale (et\u00e0, patente valida, ecc.).<\/p>\n<h3>Scoprire le opzioni di noleggio auto in Iowa<\/h3>\n<p>Quando si tratta di noleggiare un'auto in Iowa, ci sono molte opzioni disponibili. Dalle catene nazionali come Hertz ed Enterprise alle aziende locali come Budget Rent-A-Car e Dollar Rent-A-Car, non avrete problemi a trovare una societ\u00e0 affidabile con tariffe competitive.<\/p>\n<p>Inoltre, molti hotel e resort dell'Iowa offrono anche servizi di autonoleggio tra i loro servizi. Questa pu\u00f2 essere un'opzione conveniente per chi \u00e8 alla ricerca di soluzioni di alloggio e trasporto \"tutto in uno\".<\/p>\n<h3>Esplorare oltre le citt\u00e0 principali con le auto a noleggio<\/h3>\n<p>Mentre citt\u00e0 come Des Moines e Cedar Rapids offrono numerose attrazioni entro i loro confini, c'\u00e8 molto di pi\u00f9 da vedere in Iowa. Con un'auto a noleggio, potrete facilmente avventurarvi fuori dai sentieri battuti e scoprire gemme nascoste nelle piccole citt\u00e0 e nelle aree rurali.<\/p>\n<p>Alcune destinazioni imperdibili al di fuori delle citt\u00e0 principali includono:<br \/>\n- Le Colonie di Amana: Una comunit\u00e0 storica nota per il suo patrimonio tedesco e l'artigianato tradizionale.<br \/>\n- Monumento nazionale Effigy Mounds: Un sito con oltre 200 tumuli preistorici costruiti dai nativi americani.<br \/>\n- Maquoketa Caves State Park: ospita oltre 13 miglia di grotte sotterranee che aspettano di essere esplorate.<\/p>\n<h3>Scoprite l'Iowa alle vostre condizioni con il noleggio auto<\/h3>\n<p>In conclusione, noleggiare un'auto in Iowa \u00e8 il modo migliore per vivere questo Stato cos\u00ec vario alle proprie condizioni. Grazie alla convenienza, alla flessibilit\u00e0 e alle infinite possibilit\u00e0 di esplorazione, non c'\u00e8 da stupirsi che il noleggio auto sia una scelta popolare tra i viaggiatori che visitano l'Iowa. Quindi perch\u00e9 aspettare? Noleggiate un'auto in Iowa oggi stesso e preparatevi a scoprire tutto ci\u00f2 che questo gioiello del Midwest ha da offrire.<\/p>\n<\/div>","protected":false},"excerpt":{"rendered":"<p>&nbsp; Renting a Car in Iowa: Your Key to Unlocking Endless Possibilities Renting a car in Iowa is the perfect way to explore this beautiful state. With its rolling hills, charming small towns, and vibrant cities, there&#8217;s no shortage of sights to see and experiences to be had. Whether you&#8217;re planning a road trip through [&hellip;]<\/p>\n","protected":false},"author":1,"featured_media":2338,"parent":0,"menu_order":0,"comment_status":"closed","ping_status":"closed","template":"","meta":{"rs_blank_template":"","rs_page_bg_color":"","slide_template_v7":"","footnotes":""},"categories":[1],"tags":[],"class_list":["post-3302","page","type-page","status-publish","has-post-thumbnail","hentry","category-blog"],"_links":{"self":[{"href":"https:\/\/rental-car.company\/it\/wp-json\/wp\/v2\/pages\/3302","targetHints":{"allow":["GET"]}}],"collection":[{"href":"https:\/\/rental-car.company\/it\/wp-json\/wp\/v2\/pages"}],"about":[{"href":"https:\/\/rental-car.company\/it\/wp-json\/wp\/v2\/types\/page"}],"author":[{"embeddable":true,"href":"https:\/\/rental-car.company\/it\/wp-json\/wp\/v2\/users\/1"}],"replies":[{"embeddable":true,"href":"https:\/\/rental-car.company\/it\/wp-json\/wp\/v2\/comments?post=3302"}],"version-history":[{"count":0,"href":"https:\/\/rental-car.company\/it\/wp-json\/wp\/v2\/pages\/3302\/revisions"}],"wp:featuredmedia":[{"embeddable":true,"href":"https:\/\/rental-car.company\/it\/wp-json\/wp\/v2\/media\/2338"}],"wp:attachment":[{"href":"https:\/\/rental-car.company\/it\/wp-json\/wp\/v2\/media?parent=3302"}],"wp:term":[{"taxonomy":"category","embeddable":true,"href":"https:\/\/rental-car.company\/it\/wp-json\/wp\/v2\/categories?post=3302"},{"taxonomy":"post_tag","embeddable":true,"href":"https:\/\/rental-car.company\/it\/wp-json\/wp\/v2\/tags?post=3302"}],"curies":[{"name":"wp","href":"https:\/\/api.w.org\/{rel}","templated":true}]}}