{"id":3401,"date":"2024-07-30T20:05:19","date_gmt":"2024-07-30T20:05:19","guid":{"rendered":"https:\/\/rental-car.company\/?page_id=3401"},"modified":"2024-07-30T20:05:19","modified_gmt":"2024-07-30T20:05:19","slug":"noleggio-auto-aguadilla-aeroporto","status":"publish","type":"page","link":"https:\/\/rental-car.company\/it\/noleggio-auto-aguadilla-aeroporto\/","title":{"rendered":"Noleggio auto Aguadilla Aeroporto - La vostra guida per viaggiare senza problemi"},"content":{"rendered":"<div class=\"wpb-content-wrapper\"><div class=\"vc_row wpb_row vc_row-fluid\"><div class=\"wpb_column vc_column_container vc_col-sm-12\"><div class=\"vc_column-inner\"><div class=\"wpb_wrapper\">\n\t<div class=\"wpb_text_column wpb_content_element\" >\n\t\t<div class=\"wpb_wrapper\">\n\t\t\t<p><script id=\"dchwidget\" src=\"https:\/\/www.discovercars.com\/wg.js\" async=\"\" data-dev-env=\"com\" data-location=\"\" data-lang=\"en\" data-utm-source=\"malina\" data-utm-medium=\"widget\" data-aff-code=\"a_aid\" data-autocomplete=\"on\" data-style-submit-bg-color=\"00A200\" data-style-submit-font-color=\"white\" data-style-form-bg-color=\"FAD130\" data-style-form-font-color=\"333\" data-style-submit-text=\"Search now\"><\/script><\/p>\n\n\t\t<\/div>\n\t<\/div>\n<\/div><\/div><\/div><\/div>\n<p>&nbsp;<\/p>\n<h2>Scoprite la convenienza del noleggio auto all'aeroporto di Aguadilla<\/h2>\n<p><img loading=\"lazy\" decoding=\"async\" class=\"alignleft\" src=\"\/wp-content\/uploads\/images\/rent_car_1215.png\" alt=\"noleggio auto aguadilla aeroporto\" width=\"350\" height=\"350\" \/><\/p>\n<p>Viaggiare ad Aguadilla, Porto Rico, \u00e8 un'avventura emozionante con le sue bellissime spiagge, la sua vibrante cultura e i suoi monumenti storici. Ma spostarsi in citt\u00e0 pu\u00f2 essere una sfida senza un mezzo di trasporto affidabile. \u00c8 qui che entra in gioco il noleggio auto all'aeroporto di Aguadilla.<\/p>\n<p>L'aeroporto di Aguadilla (BQN) \u00e8 un piccolo aeroporto internazionale situato sulla costa nord-occidentale di Porto Rico. Serve come porta d'ingresso per i viaggiatori che visitano destinazioni turistiche popolari come Rincon e Isabela. Grazie alla sua posizione comoda e ai servizi efficienti, noleggiare un'auto all'aeroporto di Aguadilla \u00e8 la scelta migliore per esplorare tutto ci\u00f2 che questa affascinante citt\u00e0 ha da offrire.<\/p>\n<h3>Perch\u00e9 scegliere il noleggio auto all'aeroporto di Aguadilla?<\/h3>\n<p>Il noleggio di un'auto all'aeroporto di Aguadilla presenta numerosi vantaggi, che lo rendono la scelta preferita sia dai turisti che dai viaggiatori d'affari.<\/p>\n<p>In primo luogo, con le societ\u00e0 di autonoleggio situate proprio all'interno del terminal dell'aeroporto, potete facilmente ritirare il vostro veicolo all'arrivo senza dovervi preoccupare del trasporto dall'aeroporto all'hotel. Ci\u00f2 consente di risparmiare tempo e denaro e di avere una maggiore flessibilit\u00e0 nella pianificazione del viaggio.<\/p>\n<p>Inoltre, noleggiare un'auto vi permette di esplorare oltre il centro citt\u00e0. Potrete visitare le attrazioni vicine, come Crash Boat Beach o Las Cascadas Water Park, secondo i vostri ritmi e la vostra convenienza. Inoltre, dato che i trasporti pubblici sono limitati a Porto Rico, avere un veicolo proprio vi d\u00e0 maggiore libert\u00e0 di spostarvi senza dover dipendere da orari o percorsi.<\/p>\n<p>Un altro vantaggio del noleggio di un'auto all'aeroporto di Aguadilla \u00e8 la tranquillit\u00e0 in termini di sicurezza. I taxi possono essere costosi e inaffidabili in alcune zone di Porto Rico, ma con il vostro veicolo a noleggio avrete il controllo su dove andare e con chi viaggiare.<\/p>\n<h3>Societ\u00e0 di autonoleggio all'aeroporto di Aguadilla<\/h3>\n<p>L'aeroporto di Aguadilla offre una variet\u00e0 di compagnie di autonoleggio, che vi consentiranno di scegliere tra numerose opzioni. Tra le principali agenzie di noleggio figurano Avis, Budget, Enterprise e Hertz. Ogni compagnia offre una gamma di veicoli adatti alle vostre esigenze e al vostro budget, dalle auto economiche ai SUV e persino ai veicoli di lusso.<\/p>\n<p>Per noleggiare un'auto all'aeroporto di Aguadilla, \u00e8 necessario avere una patente di guida valida del proprio Paese e una carta di credito. Si consiglia inoltre di avere un permesso di guida internazionale se la vostra patente non \u00e8 in spagnolo.<\/p>\n<h4>Pro e contro<\/h4>\n<p>Pro:<br \/>\n- Posizione comoda all'interno del terminal dell'aeroporto<br \/>\n- Maggiore flessibilit\u00e0 e libert\u00e0 nella pianificazione del viaggio<br \/>\n- Modalit\u00e0 di trasporto pi\u00f9 sicura rispetto ai taxi<br \/>\n- Variet\u00e0 di opzioni di noleggio da parte di aziende affidabili<\/p>\n<p>Contro:<br \/>\n- Le limitate opzioni di trasporto pubblico possono rendere necessario il noleggio di un'auto.<br \/>\n- Potrebbero essere applicati costi aggiuntivi per i conducenti di et\u00e0 inferiore ai 25 anni o per i conducenti aggiuntivi sul contratto di noleggio.<\/p>\n<h4>Domande frequenti (FAQ)<\/h4>\n<p><img loading=\"lazy\" decoding=\"async\" class=\"alignright\" src=\"\/wp-content\/uploads\/images\/rent_car_1303.png\" alt=\"noleggio auto aguadilla aeroporto\" width=\"350\" height=\"350\" \/><\/p>\n<p>D: \u00c8 necessario noleggiare un'auto all'aeroporto di Aguadilla?<br \/>\nR: Anche se non \u00e8 necessario, noleggiare un'auto all'aeroporto di Aguadilla pu\u00f2 migliorare notevolmente la vostra esperienza di viaggio dandovi maggiore flessibilit\u00e0 e libert\u00e0 nell'esplorare la citt\u00e0.<\/p>\n<p>D: Posso utilizzare la mia assicurazione quando noleggio un'auto?<br \/>\nR: Si consiglia di acquistare l'assicurazione tramite la societ\u00e0 di noleggio, in quanto questa dispone di una copertura specifica per i propri veicoli. Tuttavia, alcune carte di credito offrono una copertura assicurativa per le auto a noleggio: assicuratevi di verificare con il fornitore della carta di credito prima di rifiutare l'assicurazione dalla societ\u00e0 di noleggio.<\/p>\n<p>D: Ci sono restrizioni di et\u00e0 per noleggiare un'auto all'aeroporto di Aguadilla?<br \/>\nR: La maggior parte delle societ\u00e0 di noleggio richiede che i conducenti abbiano almeno 25 anni. Alcune compagnie possono consentire l'utilizzo di conducenti pi\u00f9 giovani, ma con costi aggiuntivi.<\/p>\n<p>In conclusione, scegliere il noleggio auto all'aeroporto di Aguadilla \u00e8 l'opzione pi\u00f9 comoda e pratica per i viaggiatori che visitano questa splendida citt\u00e0. Grazie ai suoi numerosi vantaggi, vi permette di sfruttare al meglio il vostro viaggio senza alcun problema. Quindi, la prossima volta che programmate un viaggio ad Aguadilla, ricordatevi di noleggiare un'auto all'aeroporto e godetevi un'esperienza di viaggio senza stress.<\/p>\n<\/div>","protected":false},"excerpt":{"rendered":"<p>&nbsp; Discover the Convenience of Car Rental at Aguadilla Airport Traveling to Aguadilla, Puerto Rico is an exciting adventure with its beautiful beaches, vibrant culture, and historical landmarks. But navigating around the city can be a challenge without a reliable mode of transportation. This is where car rental at Aguadilla Airport comes in. Aguadilla Airport [&hellip;]<\/p>\n","protected":false},"author":1,"featured_media":3403,"parent":0,"menu_order":0,"comment_status":"closed","ping_status":"closed","template":"","meta":{"rs_blank_template":"","rs_page_bg_color":"","slide_template_v7":"","footnotes":""},"categories":[1],"tags":[],"class_list":["post-3401","page","type-page","status-publish","has-post-thumbnail","hentry","category-blog"],"_links":{"self":[{"href":"https:\/\/rental-car.company\/it\/wp-json\/wp\/v2\/pages\/3401","targetHints":{"allow":["GET"]}}],"collection":[{"href":"https:\/\/rental-car.company\/it\/wp-json\/wp\/v2\/pages"}],"about":[{"href":"https:\/\/rental-car.company\/it\/wp-json\/wp\/v2\/types\/page"}],"author":[{"embeddable":true,"href":"https:\/\/rental-car.company\/it\/wp-json\/wp\/v2\/users\/1"}],"replies":[{"embeddable":true,"href":"https:\/\/rental-car.company\/it\/wp-json\/wp\/v2\/comments?post=3401"}],"version-history":[{"count":0,"href":"https:\/\/rental-car.company\/it\/wp-json\/wp\/v2\/pages\/3401\/revisions"}],"wp:featuredmedia":[{"embeddable":true,"href":"https:\/\/rental-car.company\/it\/wp-json\/wp\/v2\/media\/3403"}],"wp:attachment":[{"href":"https:\/\/rental-car.company\/it\/wp-json\/wp\/v2\/media?parent=3401"}],"wp:term":[{"taxonomy":"category","embeddable":true,"href":"https:\/\/rental-car.company\/it\/wp-json\/wp\/v2\/categories?post=3401"},{"taxonomy":"post_tag","embeddable":true,"href":"https:\/\/rental-car.company\/it\/wp-json\/wp\/v2\/tags?post=3401"}],"curies":[{"name":"wp","href":"https:\/\/api.w.org\/{rel}","templated":true}]}}