{"id":3459,"date":"2024-07-31T04:05:48","date_gmt":"2024-07-31T04:05:48","guid":{"rendered":"https:\/\/rental-car.company\/?page_id=3459"},"modified":"2024-07-31T04:05:48","modified_gmt":"2024-07-31T04:05:48","slug":"noleggio-auto-aeroporto-di-edimburgo","status":"publish","type":"page","link":"https:\/\/rental-car.company\/it\/noleggio-auto-aeroporto-di-edimburgo\/","title":{"rendered":"Noleggio auto Edimburgo Aeroporto - La vostra guida per un viaggio senza problemi"},"content":{"rendered":"<div class=\"wpb-content-wrapper\"><h2>Noleggio auto all'aeroporto di Edimburgo: Cosa c'\u00e8 da sapere<\/h2>\n<p>Se state programmando un viaggio in Scozia, \u00e8 probabile che voliate nella capitale Edimburgo. E quale modo migliore di esplorare questo splendido Paese se non noleggiando un'auto direttamente in aeroporto? Grazie alle societ\u00e0 di noleggio auto comodamente situate all'aeroporto di Edimburgo, potrete iniziare il vostro viaggio non appena atterrati. Ma prima di prenotare la vostra auto a noleggio, ecco tutto quello che c'\u00e8 da sapere sul noleggio auto all'aeroporto di Edimburgo.<\/p>\n<div class=\"vc_row wpb_row vc_row-fluid\"><div class=\"wpb_column vc_column_container vc_col-sm-12\"><div class=\"vc_column-inner\"><div class=\"wpb_wrapper\">\n\t<div class=\"wpb_text_column wpb_content_element\" >\n\t\t<div class=\"wpb_wrapper\">\n\t\t\t<p><script id=\"dchwidget\" src=\"https:\/\/www.discovercars.com\/wg.js\" async=\"\" data-dev-env=\"com\" data-location=\"\" data-lang=\"en\" data-utm-source=\"malina\" data-utm-medium=\"widget\" data-aff-code=\"a_aid\" data-autocomplete=\"on\" data-style-submit-bg-color=\"00A200\" data-style-submit-font-color=\"white\" data-style-form-bg-color=\"FAD130\" data-style-form-font-color=\"333\" data-style-submit-text=\"Search now\"><\/script><\/p>\n\n\t\t<\/div>\n\t<\/div>\n<\/div><\/div><\/div><\/div>\n<p>&nbsp;<\/p>\n<h2>Scoprire il noleggio auto all'aeroporto di Edimburgo<\/h2>\n<p><img loading=\"lazy\" decoding=\"async\" class=\"alignleft\" src=\"\/wp-content\/uploads\/images\/rent_car_1507.png\" alt=\"noleggio auto aeroporto di edimburgo\" width=\"350\" height=\"350\" \/><\/p>\n<p>L'aeroporto di Edimburgo si trova a circa 8 miglia a ovest del centro citt\u00e0 ed \u00e8 l'aeroporto pi\u00f9 trafficato della Scozia, con oltre 14 milioni di passeggeri in transito ogni anno. Serve come hub per molte compagnie aeree importanti come British Airways, EasyJet e Ryanair. Grazie alla sua posizione centrale e al facile accesso alle principali autostrade, \u00e8 il punto di partenza perfetto per la vostra avventura scozzese.<\/p>\n<p>Per quanto riguarda le opzioni di noleggio auto all'aeroporto di Edimburgo, sono disponibili numerose scelte di compagnie internazionali e locali come Avis, Hertz, Enterprise e Alamo. \u00c8 possibile prenotare facilmente il veicolo desiderato online o direttamente in aeroporto all'arrivo.<\/p>\n<h3>I vantaggi di noleggiare un'auto all'aeroporto di Edimburgo<\/h3>\n<p>Noleggiare un'auto dall'aeroporto di Edimburgo ha molti vantaggi. Innanzitutto, vi offre la libert\u00e0 e la flessibilit\u00e0 di esplorare la Scozia alle vostre condizioni, senza dover fare affidamento sugli orari dei trasporti pubblici o sulle costose tariffe dei taxi. Inoltre, potrete risparmiare tempo evitando le lunghe attese per gli autobus o i treni.<\/p>\n<p>Inoltre, con un'auto a noleggio che vi aspetta all'arrivo in aeroporto, non dovrete preoccuparvi di trovare un mezzo di trasporto o di percorrere strade sconosciute con bagagli pesanti al seguito. Questa comodit\u00e0 consente di iniziare il viaggio senza stress.<\/p>\n<h3>Gli svantaggi del noleggio di un'auto all'aeroporto di Edimburgo<\/h3>\n<p>Sebbene i vantaggi di noleggiare un'auto all'aeroporto di Edimburgo siano molti, ci sono anche alcuni svantaggi da considerare. Uno degli svantaggi principali \u00e8 il costo. Le auto a noleggio possono essere piuttosto costose, soprattutto durante le stagioni di punta. Inoltre, il parcheggio in citt\u00e0 come Edimburgo pu\u00f2 essere difficile e costoso.<\/p>\n<p>Un'altra cosa da tenere a mente \u00e8 che guidare in Scozia pu\u00f2 essere impegnativo per alcuni viaggiatori, in quanto la guida avviene sul lato sinistro della strada e le strade possono essere pi\u00f9 strette di quelle a cui si \u00e8 abituati. Tuttavia, con un po' di pratica e di cautela, la maggior parte dei visitatori riesce ad adattarsi rapidamente.<\/p>\n<h4>Pro e contro<\/h4>\n<p>Pro:<br \/>\n- Comoda posizione di ritiro e consegna in aeroporto<br \/>\n- Libert\u00e0 e flessibilit\u00e0 di esplorare alle proprie condizioni<br \/>\n- Opzione di risparmio di tempo per il trasporto<br \/>\n- Inizio del viaggio senza stress<\/p>\n<p>Contro:<br \/>\n- Pu\u00f2 essere costoso, soprattutto durante le stagioni di punta<br \/>\n- Il parcheggio pu\u00f2 essere difficile e costoso in citt\u00e0 come Edimburgo.<br \/>\n- Guidare sul lato sinistro della strada pu\u00f2 essere difficile per alcuni visitatori.<\/p>\n<h4>Domande frequenti sul noleggio auto all'aeroporto di Edimburgo<\/h4>\n<p><img loading=\"lazy\" decoding=\"async\" class=\"alignright\" src=\"\/wp-content\/uploads\/images\/rent_car_1099.png\" alt=\"noleggio auto aeroporto di edimburgo\" width=\"350\" height=\"350\" \/><\/p>\n<p>D: Qual \u00e8 l'et\u00e0 minima richiesta per noleggiare un'auto all'aeroporto di Edimburgo?<br \/>\nR: L'et\u00e0 minima richiesta varia a seconda della societ\u00e0 di noleggio, ma in genere va dai 21 ai 25 anni.<\/p>\n<p>D: Ho bisogno di una patente internazionale per noleggiare un'auto in Scozia?<br \/>\nR: Se siete in possesso di una patente di guida valida del vostro Paese d'origine o di un Paese UE\/SEE, non avete bisogno di una patente internazionale.<\/p>\n<p>D: \u00c8 necessario acquistare un'assicurazione aggiuntiva quando si noleggia un'auto?<br \/>\nR: La maggior parte delle societ\u00e0 di noleggio offre opzioni di assicurazione, ma non \u00e8 obbligatoria. Verificate con il vostro assicuratore personale o con la compagnia della carta di credito che potrebbero offrire una copertura per le auto a noleggio.<\/p>\n<p>D: Ci sono strade a pedaggio in Scozia?<br \/>\nR: S\u00ec, in Scozia ci sono diverse strade a pedaggio. Informatevi presso la vostra societ\u00e0 di noleggio sulla loro politica in materia di pedaggi e sulle modalit\u00e0 di pagamento.<\/p>\n<p>D: Posso restituire l'auto a noleggio in un luogo diverso?<br \/>\nR: S\u00ec, la maggior parte delle compagnie consente di restituire l'auto a noleggio in un luogo diverso pagando un supplemento. Assicuratevi di verificare in anticipo con la compagnia.<\/p>\n<p>In conclusione, noleggiare un'auto all'aeroporto di Edimburgo \u00e8 il modo ideale per iniziare la vostra avventura in Scozia. Grazie alla sua comoda posizione e alla variet\u00e0 di opzioni, potrete facilmente trovare il veicolo perfetto per il vostro viaggio. Ricordate solo di pianificare in anticipo, di soppesare i pro e i contro e di divertirvi a esplorare questo bellissimo Paese al vostro ritmo.<\/p>\n<\/div>","protected":false},"excerpt":{"rendered":"<p>Car rental at Edinburgh Airport: What you need to know If you are planning a trip to Scotland, chances are you will be flying into the capital city of Edinburgh. And what better way to explore this beautiful country than by renting a car right at the airport? With car rental companies conveniently located at [&hellip;]<\/p>\n","protected":false},"author":1,"featured_media":3461,"parent":0,"menu_order":0,"comment_status":"closed","ping_status":"closed","template":"","meta":{"rs_blank_template":"","rs_page_bg_color":"","slide_template_v7":"","footnotes":""},"categories":[1],"tags":[],"class_list":["post-3459","page","type-page","status-publish","has-post-thumbnail","hentry","category-blog"],"_links":{"self":[{"href":"https:\/\/rental-car.company\/it\/wp-json\/wp\/v2\/pages\/3459","targetHints":{"allow":["GET"]}}],"collection":[{"href":"https:\/\/rental-car.company\/it\/wp-json\/wp\/v2\/pages"}],"about":[{"href":"https:\/\/rental-car.company\/it\/wp-json\/wp\/v2\/types\/page"}],"author":[{"embeddable":true,"href":"https:\/\/rental-car.company\/it\/wp-json\/wp\/v2\/users\/1"}],"replies":[{"embeddable":true,"href":"https:\/\/rental-car.company\/it\/wp-json\/wp\/v2\/comments?post=3459"}],"version-history":[{"count":0,"href":"https:\/\/rental-car.company\/it\/wp-json\/wp\/v2\/pages\/3459\/revisions"}],"wp:featuredmedia":[{"embeddable":true,"href":"https:\/\/rental-car.company\/it\/wp-json\/wp\/v2\/media\/3461"}],"wp:attachment":[{"href":"https:\/\/rental-car.company\/it\/wp-json\/wp\/v2\/media?parent=3459"}],"wp:term":[{"taxonomy":"category","embeddable":true,"href":"https:\/\/rental-car.company\/it\/wp-json\/wp\/v2\/categories?post=3459"},{"taxonomy":"post_tag","embeddable":true,"href":"https:\/\/rental-car.company\/it\/wp-json\/wp\/v2\/tags?post=3459"}],"curies":[{"name":"wp","href":"https:\/\/api.w.org\/{rel}","templated":true}]}}