{"id":3602,"date":"2024-08-01T08:07:03","date_gmt":"2024-08-01T08:07:03","guid":{"rendered":"https:\/\/rental-car.company\/?page_id=3602"},"modified":"2024-08-01T08:07:03","modified_gmt":"2024-08-01T08:07:03","slug":"noleggio-auto-barbados","status":"publish","type":"page","link":"https:\/\/rental-car.company\/it\/noleggio-auto-barbados\/","title":{"rendered":"Noleggio auto Barbados - La vostra guida definitiva"},"content":{"rendered":"<div class=\"wpb-content-wrapper\"><h2>Esplorare l'isola con il noleggio auto Barbados<\/h2>\n<p>Barbados \u00e8 una splendida isola caraibica nota per le sue bellissime spiagge, la sua vibrante cultura e la sua calorosa ospitalit\u00e0. Sebbene ci siano molti modi per esplorare questo paradiso tropicale, il noleggio di un'auto \u00e8 senza dubbio l'opzione migliore. Con il noleggio di un'auto a Barbados, potrete avere la libert\u00e0 di scoprire ogni angolo di quest'isola al vostro ritmo. In questa guida vi illustreremo tutto quello che c'\u00e8 da sapere sul noleggio auto a Barbados.<\/p>\n<div class=\"vc_row wpb_row vc_row-fluid\"><div class=\"wpb_column vc_column_container vc_col-sm-12\"><div class=\"vc_column-inner\"><div class=\"wpb_wrapper\">\n\t<div class=\"wpb_text_column wpb_content_element\" >\n\t\t<div class=\"wpb_wrapper\">\n\t\t\t<p><script id=\"dchwidget\" src=\"https:\/\/www.discovercars.com\/wg.js\" async=\"\" data-dev-env=\"com\" data-location=\"\" data-lang=\"en\" data-utm-source=\"malina\" data-utm-medium=\"widget\" data-aff-code=\"a_aid\" data-autocomplete=\"on\" data-style-submit-bg-color=\"00A200\" data-style-submit-font-color=\"white\" data-style-form-bg-color=\"FAD130\" data-style-form-font-color=\"333\" data-style-submit-text=\"Search now\"><\/script><\/p>\n\n\t\t<\/div>\n\t<\/div>\n<\/div><\/div><\/div><\/div>\n<p>&nbsp;<\/p>\n<h2>Scoprire il noleggio auto Barbados<\/h2>\n<p><img loading=\"lazy\" decoding=\"async\" class=\"alignleft\" src=\"\/wp-content\/uploads\/images\/rent_car_853.png\" alt=\"noleggio auto barbados\" width=\"350\" height=\"350\" \/><\/p>\n<p>Noleggiare un'auto a Barbados \u00e8 facile e conveniente, dato che sull'isola sono presenti diverse societ\u00e0 di autonoleggio affidabili. Una di queste \u00e8 <organization>che offre un'ampia gamma di veicoli adatti alle vostre esigenze e al vostro budget. Dalle auto compatte per chi viaggia da solo agli spaziosi SUV per le famiglie o i gruppi, c'\u00e8 di tutto.<\/p>\n<p>Per quanto riguarda le tariffe, il noleggio di un'auto a Barbados \u00e8 relativamente conveniente rispetto ad altre destinazioni caraibiche. Il costo medio al giorno per un'auto compatta parte da circa $40 USD e pu\u00f2 aumentare a seconda del tipo di veicolo e della durata del noleggio. \u00c8 inoltre possibile trovare ottime offerte per il noleggio a lungo termine se si intende soggiornare per un periodo prolungato.<\/p>\n<p>Uno dei vantaggi di noleggiare da <organization>L'azienda di autonoleggio \u00e8 in grado di offrire servizi di consegna e ritiro gratuiti in qualsiasi punto dell'isola. Ci\u00f2 significa che non dovrete preoccuparvi di raggiungere il loro ufficio o di restituire il veicolo prima del volo di ritorno.<\/p>\n<h3>I vantaggi del noleggio di un'auto a Barbados<\/h3>\n<p>- Libert\u00e0: Con un'auto a noleggio, potrete esplorare ogni angolo di questa splendida isola al vostro ritmo, senza essere vincolati dagli orari dei tour.<br \/>\n- Convenienza: I mezzi di trasporto pubblico a Barbados possono essere limitati, rendendo difficili gli spostamenti. Noleggiare un'auto vi offre la comodit\u00e0 di andare dove e quando volete.<br \/>\n- Economico: Noleggiare un'auto pu\u00f2 essere pi\u00f9 conveniente che prendere un taxi o partecipare a tour organizzati, soprattutto se si viaggia in gruppo.<br \/>\n- Esperienza locale: Guidare a Barbados vi permette di vivere l'isola come un abitante del luogo e di scoprire gemme nascoste fuori dai sentieri battuti.<\/p>\n<h3>Cose da considerare prima di noleggiare un'auto a Barbados<\/h3>\n<p>Sebbene il noleggio di un'auto a Barbados sia generalmente semplice, ci sono alcune cose da tenere a mente prima di effettuare la prenotazione:<br \/>\n- Requisiti di et\u00e0: Per noleggiare un'auto a Barbados \u00e8 necessario avere almeno 21 anni e possedere una patente di guida valida da almeno due anni.<br \/>\n- Permesso di guida: Al momento del noleggio \u00e8 necessario acquistare un permesso di guida internazionale o pagare un permesso di guida temporaneo.<br \/>\n- Copertura assicurativa: Assicurarsi di comprendere la copertura assicurativa offerta dalla societ\u00e0 di noleggio e considerare l'acquisto di una copertura aggiuntiva, se necessario.<br \/>\n- Regole del traffico: Familiarizzare con le regole del traffico locale, come ad esempio la guida sul lato sinistro della strada, prima di mettersi al volante.<\/p>\n<h4>Pro e contro<\/h4>\n<p>Pro:<br \/>\n- Libert\u00e0 di esplorare al proprio ritmo<br \/>\n- Tariffe convenienti<br \/>\n- Convenienza dei servizi di ritiro e consegna<br \/>\n- Esperienza locale<\/p>\n<p>Contro:<br \/>\n- Opzioni di trasporto pubblico limitate<br \/>\n- I giovani conducenti possono trovarsi di fronte a canoni di noleggio pi\u00f9 elevati<\/p>\n<h4>Domande frequenti<\/h4>\n<p><img loading=\"lazy\" decoding=\"async\" class=\"alignright\" src=\"\/wp-content\/uploads\/images\/rent_car_1329.png\" alt=\"noleggio auto barbados\" width=\"350\" height=\"350\" \/><\/p>\n<p>D: \u00c8 sicuro guidare a Barbados?<br \/>\nR: S\u00ec, purch\u00e9 si rispettino le regole del traffico locale e si presti attenzione alla guida.<\/p>\n<p>D: Ho bisogno di una patente di guida internazionale?<br \/>\nR: S\u00ec, a meno che il vostro Paese di origine non abbia un accordo con le Barbados che consenta di utilizzare la vostra patente locale.<\/p>\n<p>D: Ci sono spese nascoste quando si noleggia da <organization>societ\u00e0 di noleggio auto?<br \/>\nR: No, tutte le tariffe vengono comunicate al momento della prenotazione. Tuttavia, \u00e8 bene essere consapevoli di eventuali addebiti per danni o coperture assicurative aggiuntive.<\/p>\n<p>In conclusione, noleggiare un'auto a Barbados \u00e8 un modo eccellente per esplorare questo paradiso tropicale e vivere un'esperienza davvero indimenticabile. Con <organization>di rental-car.company, potrete godere della comodit\u00e0 e della libert\u00e0 di scoprire Barbados alle vostre condizioni. Quindi cosa state aspettando? Prenotate subito la vostra auto a noleggio e preparatevi a scoprire tutto ci\u00f2 che Barbados ha da offrire!<\/p>\n<\/div>","protected":false},"excerpt":{"rendered":"<p>Exploring the Island with Car Rental Barbados Barbados is a stunning Caribbean island known for its beautiful beaches, vibrant culture, and warm hospitality. While there are many ways to explore this tropical paradise, renting a car is undoubtedly the best option. With car rental Barbados, you can have the freedom to discover every corner of [&hellip;]<\/p>\n","protected":false},"author":1,"featured_media":3604,"parent":0,"menu_order":0,"comment_status":"closed","ping_status":"closed","template":"","meta":{"rs_blank_template":"","rs_page_bg_color":"","slide_template_v7":"","footnotes":""},"categories":[1],"tags":[],"class_list":["post-3602","page","type-page","status-publish","has-post-thumbnail","hentry","category-blog"],"_links":{"self":[{"href":"https:\/\/rental-car.company\/it\/wp-json\/wp\/v2\/pages\/3602","targetHints":{"allow":["GET"]}}],"collection":[{"href":"https:\/\/rental-car.company\/it\/wp-json\/wp\/v2\/pages"}],"about":[{"href":"https:\/\/rental-car.company\/it\/wp-json\/wp\/v2\/types\/page"}],"author":[{"embeddable":true,"href":"https:\/\/rental-car.company\/it\/wp-json\/wp\/v2\/users\/1"}],"replies":[{"embeddable":true,"href":"https:\/\/rental-car.company\/it\/wp-json\/wp\/v2\/comments?post=3602"}],"version-history":[{"count":0,"href":"https:\/\/rental-car.company\/it\/wp-json\/wp\/v2\/pages\/3602\/revisions"}],"wp:featuredmedia":[{"embeddable":true,"href":"https:\/\/rental-car.company\/it\/wp-json\/wp\/v2\/media\/3604"}],"wp:attachment":[{"href":"https:\/\/rental-car.company\/it\/wp-json\/wp\/v2\/media?parent=3602"}],"wp:term":[{"taxonomy":"category","embeddable":true,"href":"https:\/\/rental-car.company\/it\/wp-json\/wp\/v2\/categories?post=3602"},{"taxonomy":"post_tag","embeddable":true,"href":"https:\/\/rental-car.company\/it\/wp-json\/wp\/v2\/tags?post=3602"}],"curies":[{"name":"wp","href":"https:\/\/api.w.org\/{rel}","templated":true}]}}