{"id":3662,"date":"2024-08-01T19:05:34","date_gmt":"2024-08-01T19:05:34","guid":{"rendered":"https:\/\/rental-car.company\/?page_id=3662"},"modified":"2024-08-01T19:05:34","modified_gmt":"2024-08-01T19:05:34","slug":"impresa-eastpointe","status":"publish","type":"page","link":"https:\/\/rental-car.company\/it\/impresa-eastpointe\/","title":{"rendered":"Enterprise Eastpointe - La vostra azienda di autonoleggio di riferimento"},"content":{"rendered":"<div class=\"wpb-content-wrapper\"><h2>Perch\u00e9 scegliere Enterprise Eastpointe?<\/h2>\n<p>Quando si tratta di noleggiare un'auto, le opzioni disponibili sono molte. Tuttavia, per chi \u00e8 alla ricerca di una societ\u00e0 di autonoleggio affidabile e degna di fiducia, Enterprise Eastpointe \u00e8 la scelta migliore. Come parte della famiglia Enterprise Rent-A-Car, questa filiale offre un servizio clienti di prim'ordine e un'ampia selezione di veicoli a prezzi competitivi.<\/p>\n<div class=\"vc_row wpb_row vc_row-fluid\"><div class=\"wpb_column vc_column_container vc_col-sm-12\"><div class=\"vc_column-inner\"><div class=\"wpb_wrapper\">\n\t<div class=\"wpb_text_column wpb_content_element\" >\n\t\t<div class=\"wpb_wrapper\">\n\t\t\t<p><script id=\"dchwidget\" src=\"https:\/\/www.discovercars.com\/wg.js\" async=\"\" data-dev-env=\"com\" data-location=\"\" data-lang=\"en\" data-utm-source=\"malina\" data-utm-medium=\"widget\" data-aff-code=\"a_aid\" data-autocomplete=\"on\" data-style-submit-bg-color=\"00A200\" data-style-submit-font-color=\"white\" data-style-form-bg-color=\"FAD130\" data-style-form-font-color=\"333\" data-style-submit-text=\"Search now\"><\/script><\/p>\n\n\t\t<\/div>\n\t<\/div>\n<\/div><\/div><\/div><\/div>\n<p>&nbsp;<\/p>\n<h2>Scoprire Enterprise Eastpointe<\/h2>\n<p><img loading=\"lazy\" decoding=\"async\" class=\"alignleft\" src=\"\/wp-content\/uploads\/images\/rent_car_1008.png\" alt=\"impresa eastpointe\" width=\"350\" height=\"350\" \/><\/p>\n<p>Situata nell'affascinante citt\u00e0 di Eastpointe, nel Michigan, questa filiale Enterprise \u00e8 comodamente situata vicino alle principali autostrade e alle attrazioni locali. Che abbiate bisogno di un'auto a noleggio per motivi di lavoro o di piacere, Enterprise Eastpointe vi copre con la sua ampia flotta di veicoli.<\/p>\n<h3>Affitti<\/h3>\n<p>Presso Enterprise Eastpointe potete scegliere tra una variet\u00e0 di auto che vanno dalle berline compatte agli spaziosi SUV. Offre anche veicoli speciali come camion e furgoni per chi ha bisogno di spazio di carico extra o si sta trasferendo in una nuova localit\u00e0. Grazie alla sua flotta ben tenuta e aggiornata, potete essere certi che il vostro noleggio sar\u00e0 sicuro e affidabile.<\/p>\n<h3>Servizi convenienti<\/h3>\n<p>Oltre ai noleggi standard, Enterprise Eastpointe offre anche servizi convenienti come le opzioni di ritiro e riconsegna nell'area locale. Questo facilita i clienti che non hanno accesso ai mezzi di trasporto o che devono restituire il veicolo noleggiato fuori orario. L'azienda fornisce anche assistenza stradale 24 ore su 24, 7 giorni su 7, in caso di problemi imprevisti durante il periodo di noleggio.<\/p>\n<h3>Programma fedelt\u00e0<\/h3>\n<p>Per i noleggiatori abituali, Enterprise offre un esclusivo programma di fidelizzazione chiamato \"Enterprise Plus\". I membri possono accumulare punti per ottenere noleggi gratuiti e ricevere altri vantaggi come processi di check-in\/check-out pi\u00f9 rapidi e upgrade gratuiti.<\/p>\n<h4>Pro e contro<\/h4>\n<p>Pro:<br \/>\n- Ampia scelta di veicoli<br \/>\n- Comode opzioni di ritiro e consegna<br \/>\n- Assistenza stradale 24\/7<br \/>\n- Programma fedelt\u00e0 per chi noleggia spesso<\/p>\n<p>Contro:<br \/>\n- Luoghi limitati rispetto ad altre compagnie di autonoleggio<\/p>\n<h4>FAQ<\/h4>\n<p><img loading=\"lazy\" decoding=\"async\" class=\"alignright\" src=\"\/wp-content\/uploads\/images\/rent_car_904.png\" alt=\"impresa eastpointe\" width=\"350\" height=\"350\" \/><\/p>\n<ul>\n<li>D: Quanti anni devo avere per noleggiare un'auto da Enterprise Eastpointe?<\/li>\n<p>R: L'et\u00e0 minima richiesta \u00e8 di 21 anni, ma i conducenti di et\u00e0 inferiore ai 25 anni possono essere soggetti a una sovrattassa per giovani conducenti.<\/p>\n<li>D: Posso aggiungere un ulteriore conducente al mio noleggio?<\/li>\n<p>R: S\u00ec, \u00e8 possibile aggiungere altri conducenti pagando una piccola somma, a condizione che soddisfino gli stessi requisiti di et\u00e0 e di patente.<\/p>\n<li>D: Cosa succede se ho un incidente con la mia auto a noleggio?<\/li>\n<p>R: Se avete acquistato la copertura assicurativa opzionale, Enterprise si occuper\u00e0 della procedura di risarcimento per voi. In caso contrario, la vostra assicurazione personale potrebbe coprire i danni.<\/p>\n<\/ul>\n<h2>Noleggiate con fiducia presso Enterprise Eastpointe<\/h2>\n<p>Grazie alla sua posizione comoda, alle diverse opzioni di veicoli e all'eccezionale servizio clienti, non c'\u00e8 da stupirsi che Enterprise Eastpointe sia la scelta migliore per molti quando si tratta di noleggiare un'auto. Quindi, che siate in citt\u00e0 per affari o per piacere, assicuratevi di scegliere Enterprise Eastpointe come societ\u00e0 di autonoleggio di riferimento. Prenotate oggi stesso la vostra prenotazione e sperimentate il miglior servizio che solo Enterprise pu\u00f2 offrire.<\/p>\n<\/div>","protected":false},"excerpt":{"rendered":"<p>Why Choose Enterprise Eastpointe? When it comes to renting a car, there are many options available. However, for those looking for a reliable and trustworthy rental car company, Enterprise Eastpointe is the clear choice. As part of the Enterprise Rent-A-Car family, this branch offers top-notch customer service and a wide selection of vehicles at competitive [&hellip;]<\/p>\n","protected":false},"author":1,"featured_media":3664,"parent":0,"menu_order":0,"comment_status":"closed","ping_status":"closed","template":"","meta":{"rs_blank_template":"","rs_page_bg_color":"","slide_template_v7":"","footnotes":""},"categories":[1],"tags":[],"class_list":["post-3662","page","type-page","status-publish","has-post-thumbnail","hentry","category-blog"],"_links":{"self":[{"href":"https:\/\/rental-car.company\/it\/wp-json\/wp\/v2\/pages\/3662","targetHints":{"allow":["GET"]}}],"collection":[{"href":"https:\/\/rental-car.company\/it\/wp-json\/wp\/v2\/pages"}],"about":[{"href":"https:\/\/rental-car.company\/it\/wp-json\/wp\/v2\/types\/page"}],"author":[{"embeddable":true,"href":"https:\/\/rental-car.company\/it\/wp-json\/wp\/v2\/users\/1"}],"replies":[{"embeddable":true,"href":"https:\/\/rental-car.company\/it\/wp-json\/wp\/v2\/comments?post=3662"}],"version-history":[{"count":0,"href":"https:\/\/rental-car.company\/it\/wp-json\/wp\/v2\/pages\/3662\/revisions"}],"wp:featuredmedia":[{"embeddable":true,"href":"https:\/\/rental-car.company\/it\/wp-json\/wp\/v2\/media\/3664"}],"wp:attachment":[{"href":"https:\/\/rental-car.company\/it\/wp-json\/wp\/v2\/media?parent=3662"}],"wp:term":[{"taxonomy":"category","embeddable":true,"href":"https:\/\/rental-car.company\/it\/wp-json\/wp\/v2\/categories?post=3662"},{"taxonomy":"post_tag","embeddable":true,"href":"https:\/\/rental-car.company\/it\/wp-json\/wp\/v2\/tags?post=3662"}],"curies":[{"name":"wp","href":"https:\/\/api.w.org\/{rel}","templated":true}]}}