{"id":3804,"date":"2024-08-02T23:06:04","date_gmt":"2024-08-02T23:06:04","guid":{"rendered":"https:\/\/rental-car.company\/?page_id=3804"},"modified":"2024-08-02T23:06:04","modified_gmt":"2024-08-02T23:06:04","slug":"impresa-port-st-lucie","status":"publish","type":"page","link":"https:\/\/rental-car.company\/it\/impresa-port-st-lucie\/","title":{"rendered":"Enterprise Port St Lucie - La vostra guida al noleggio di un'auto in Florida"},"content":{"rendered":"<div class=\"wpb-content-wrapper\"><h2>Noleggio auto con Enterprise Port St Lucie<\/h2>\n<p>Se state programmando un viaggio nel soleggiato stato della Florida, in particolare nella citt\u00e0 di Port St Lucie, il noleggio di un'auto tramite Enterprise \u00e8 un'opzione eccellente per le vostre esigenze di trasporto. Con oltre 70 anni di esperienza nel settore dell'autonoleggio, Enterprise \u00e8 diventata una delle aziende pi\u00f9 fidate e affidabili per tutte le vostre esigenze di noleggio auto.<\/p>\n<div class=\"vc_row wpb_row vc_row-fluid\"><div class=\"wpb_column vc_column_container vc_col-sm-12\"><div class=\"vc_column-inner\"><div class=\"wpb_wrapper\">\n\t<div class=\"wpb_text_column wpb_content_element\" >\n\t\t<div class=\"wpb_wrapper\">\n\t\t\t<p><script id=\"dchwidget\" src=\"https:\/\/www.discovercars.com\/wg.js\" async=\"\" data-dev-env=\"com\" data-location=\"\" data-lang=\"en\" data-utm-source=\"malina\" data-utm-medium=\"widget\" data-aff-code=\"a_aid\" data-autocomplete=\"on\" data-style-submit-bg-color=\"00A200\" data-style-submit-font-color=\"white\" data-style-form-bg-color=\"FAD130\" data-style-form-font-color=\"333\" data-style-submit-text=\"Search now\"><\/script><\/p>\n\n\t\t<\/div>\n\t<\/div>\n<\/div><\/div><\/div><\/div>\n<p>&nbsp;<\/p>\n<h2>Scoprire Enterprise Port St Lucie<\/h2>\n<p><img loading=\"lazy\" decoding=\"async\" class=\"alignleft\" src=\"\/wp-content\/uploads\/images\/rent_car_1151.png\" alt=\"impresa port st lucie\" width=\"350\" height=\"350\" \/><\/p>\n<p>Situata sulla costa orientale della Florida, Port St Lucie \u00e8 nota per le sue bellissime spiagge, i campi da golf e le attivit\u00e0 all'aperto. Con cos\u00ec tante cose da vedere e da fare in questa vivace citt\u00e0, avere un'auto a noleggio da Enterprise vi dar\u00e0 la libert\u00e0 di esplorare al vostro ritmo.<\/p>\n<p>Enterprise offre una variet\u00e0 di auto tra cui scegliere, tra cui auto compatte, berline, SUV e persino veicoli di lusso. La loro flotta viene regolarmente mantenuta e aggiornata, per cui potete aspettarvi veicoli puliti e affidabili ogni volta che noleggiate con loro. Inoltre, grazie alle numerose sedi presenti a Port St Lucie e nelle aree circostanti, come Fort Pierce e Jensen Beach, il ritiro e la riconsegna dell'auto a noleggio sono comodi indipendentemente dal luogo in cui vi trovate.<\/p>\n<h3>Vantaggi del noleggio con Enterprise a Port St Lucie<\/h3>\n<p>- Prezzi competitivi: Enterprise offre tariffe competitive che si adattano a diversi budget.<br \/>\n- Ampia gamma di veicoli: Che abbiate bisogno di un'auto economica o di un veicolo di lusso, Enterprise ha opzioni per tutti.<br \/>\n- Sedi convenienti: Con diverse sedi in tutta la citt\u00e0 e nelle aree circostanti, il ritiro o la riconsegna dell'auto a noleggio sono facili da gestire.<br \/>\n- Eccellente servizio clienti: Conosciuta per il suo eccezionale servizio clienti, Enterprise si assicura che tutti i suoi clienti abbiano un'esperienza piacevole.<br \/>\n- Polizze flessibili: Se i vostri piani cambiano all'ultimo minuto o se si verificano circostanze impreviste durante il viaggio, Enterprise offre polizze flessibili per soddisfare le vostre esigenze.<\/p>\n<h3>Cose da considerare prima di noleggiare con Enterprise a Port St Lucie<\/h3>\n<p>- Limiti di et\u00e0: L'et\u00e0 minima per noleggiare un'auto con Enterprise \u00e8 di 21 anni. Tuttavia, i conducenti di et\u00e0 inferiore ai 25 anni possono essere soggetti a costi aggiuntivi.<br \/>\n- Costi aggiuntivi: Tenete presente che potrebbero esserci delle spese aggiuntive, ad esempio per l'aggiunta di un altro conducente o per la restituzione tardiva dell'auto.<br \/>\n- Opzioni assicurative: Sebbene Enterprise offra opzioni assicurative, \u00e8 sempre una buona idea verificare con il proprio assicuratore prima di acquistare qualsiasi copertura aggiuntiva.<\/p>\n<h4>I vantaggi del noleggio con Enterprise a Port St Lucie<\/h4>\n<p>- Tariffe convenienti<br \/>\n- Ampia scelta di veicoli<br \/>\n- Luoghi convenienti<br \/>\n- Servizio clienti eccellente<br \/>\n- Politiche flessibili<\/p>\n<h4>Contro del noleggio con Enterprise a Port St Lucie<\/h4>\n<p>- Limiti di et\u00e0 e potenziali costi aggiuntivi per i giovani conducenti<br \/>\n- Possibili costi aggiuntivi per i supplementi o le restituzioni tardive<\/p>\n<h4>Domande frequenti sul noleggio con Enterprise a Port St Lucie<\/h4>\n<p><img loading=\"lazy\" decoding=\"async\" class=\"alignright\" src=\"\/wp-content\/uploads\/images\/rent_car_1473.png\" alt=\"impresa port st lucie\" width=\"350\" height=\"350\" \/><\/p>\n<p><strong>D: Posso restituire l'auto a noleggio in un luogo diverso?<\/strong><br \/>\nR: S\u00ec, \u00e8 possibile restituire l'auto a noleggio in qualsiasi luogo all'interno della stessa citt\u00e0. Tuttavia, se dovete restituire l'auto in una citt\u00e0 o in uno stato diverso, potrebbero esserci delle spese aggiuntive.<\/p>\n<p><strong>D: C'\u00e8 una tassa di cancellazione se devo cancellare la mia prenotazione?<\/strong><br \/>\nR: No, non ci sono costi di cancellazione se la cancellazione avviene entro i termini indicati nella conferma della prenotazione.<\/p>\n<p><strong>D: Di quali documenti ho bisogno per ritirare l'auto a noleggio?<\/strong><br \/>\nR: \u00c8 necessario avere una patente di guida valida e una carta di credito a nome del conducente principale. Alcune localit\u00e0 potrebbero richiedere anche una prova di assicurazione e\/o un permesso di guida internazionale per i non residenti negli Stati Uniti.<\/p>\n<p>In conclusione, noleggiare un'auto con Enterprise a Port St Lucie \u00e8 un'opzione eccellente per chi cerca un mezzo di trasporto affidabile e conveniente. Grazie all'ampia scelta di veicoli, alle comode sedi e all'eccezionale servizio clienti, Enterprise rende facile l'esplorazione di questa splendida citt\u00e0 e delle aree circostanti. Quindi perch\u00e9 aspettare? Prenotate oggi stesso la vostra auto a noleggio con Enterprise tramite rental-car.company e preparatevi a esplorare tutto ci\u00f2 che Port St Lucie ha da offrire!<\/p>\n<\/div>","protected":false},"excerpt":{"rendered":"<p>Renting a Car with Enterprise Port St Lucie If you&#8217;re planning a trip to the sunny state of Florida, specifically to the city of Port St Lucie, then renting a car through Enterprise is an excellent option for your transportation needs. With over 70 years of experience in the rental car industry, Enterprise has become [&hellip;]<\/p>\n","protected":false},"author":1,"featured_media":3806,"parent":0,"menu_order":0,"comment_status":"closed","ping_status":"closed","template":"","meta":{"rs_blank_template":"","rs_page_bg_color":"","slide_template_v7":"","footnotes":""},"categories":[1],"tags":[],"class_list":["post-3804","page","type-page","status-publish","has-post-thumbnail","hentry","category-blog"],"_links":{"self":[{"href":"https:\/\/rental-car.company\/it\/wp-json\/wp\/v2\/pages\/3804","targetHints":{"allow":["GET"]}}],"collection":[{"href":"https:\/\/rental-car.company\/it\/wp-json\/wp\/v2\/pages"}],"about":[{"href":"https:\/\/rental-car.company\/it\/wp-json\/wp\/v2\/types\/page"}],"author":[{"embeddable":true,"href":"https:\/\/rental-car.company\/it\/wp-json\/wp\/v2\/users\/1"}],"replies":[{"embeddable":true,"href":"https:\/\/rental-car.company\/it\/wp-json\/wp\/v2\/comments?post=3804"}],"version-history":[{"count":0,"href":"https:\/\/rental-car.company\/it\/wp-json\/wp\/v2\/pages\/3804\/revisions"}],"wp:featuredmedia":[{"embeddable":true,"href":"https:\/\/rental-car.company\/it\/wp-json\/wp\/v2\/media\/3806"}],"wp:attachment":[{"href":"https:\/\/rental-car.company\/it\/wp-json\/wp\/v2\/media?parent=3804"}],"wp:term":[{"taxonomy":"category","embeddable":true,"href":"https:\/\/rental-car.company\/it\/wp-json\/wp\/v2\/categories?post=3804"},{"taxonomy":"post_tag","embeddable":true,"href":"https:\/\/rental-car.company\/it\/wp-json\/wp\/v2\/tags?post=3804"}],"curies":[{"name":"wp","href":"https:\/\/api.w.org\/{rel}","templated":true}]}}